{"id":1103,"date":"2021-04-14T14:43:47","date_gmt":"2021-04-14T14:43:47","guid":{"rendered":"https:\/\/viajarcomtempo.eu\/?page_id=1103"},"modified":"2021-05-09T15:26:48","modified_gmt":"2021-05-09T15:26:48","slug":"chaves-3-3-2-2-2","status":"publish","type":"page","link":"https:\/\/viajarcomtempo.eu\/?page_id=1103","title":{"rendered":"Viseu"},"content":{"rendered":"\n<script>\/\/ <![CDATA[\nfunction goBack() { window.history.back() }\n\/\/ ]]><\/script>\n<button onclick=\"goBack()\"><strong>Voltar \u00e0 p\u00e1gina anterior<\/strong><\/button>\n<br><br>\n\n\n\n<p class=\"wp-block-paragraph\">O concelho de <strong>Viseu<\/strong> tem uma hist\u00f3ria repleta de acontecimentos, sendo uma das cidades mais antigas de Portugal. Por aqui passaram Celtas, Romanos, Mu\u00e7ulmanos e por fim os Crist\u00e3os.<\/p>\n\n\n\n<p class=\"wp-block-paragraph\"><strong>Viseu<\/strong> \u00e9 uma cidade-museu com igrejas que marcam a paisagem urbana, casas hist\u00f3ricas, museus ou o seu belo centro hist\u00f3rico. <\/p>\n\n\n\n<div class=\"wp-block-group\"><div class=\"wp-block-group__inner-container is-layout-flow wp-block-group-is-layout-flow\">\n<div class=\"wp-block-columns is-layout-flex wp-container-core-columns-is-layout-8f761849 wp-block-columns-is-layout-flex\">\n<div class=\"wp-block-column is-layout-flow wp-block-column-is-layout-flow\" style=\"flex-basis:100%\">\n<div class=\"wp-block-group\"><div class=\"wp-block-group__inner-container is-layout-flow wp-block-group-is-layout-flow\">\n<div class=\"wp-block-columns is-layout-flex wp-container-core-columns-is-layout-8f761849 wp-block-columns-is-layout-flex\">\n<div class=\"wp-block-column is-layout-flow wp-block-column-is-layout-flow\" style=\"flex-basis:100%\">\n<figure class=\"wp-block-table is-style-regular\"><table class=\"has-subtle-pale-blue-background-color has-background\"><tbody><tr><td><strong>Site da CM de <\/strong>Viseu<\/td><td><a href=\"https:\/\/www.cm-viseu.pt\/\" target=\"_blank\" rel=\"noreferrer noopener\">https:\/\/www.cm-viseu.pt\/<\/a><\/td><\/tr><tr><td><strong>Posto de Turismo<\/strong><\/td><td>Adro da S\u00e9, 3500-195 Viseu <br><strong>Telefone &#8211;&nbsp;<\/strong>232 420 950 <strong>E<\/strong>&#8211;<strong>Mail <\/strong>&#8211; &nbsp;<a href=\"mailto:info.daolafoes@turismodocentro.pt\" target=\"_blank\" rel=\"noreferrer noopener\">info.daolafoes@turismodocentro.pt<\/a><\/td><\/tr><tr><td><strong>Naturais de  <\/strong>Viseu<\/td><td>Viseenses<\/td><\/tr><tr><td><strong>Artesanato<\/strong><\/td><td>Cestos,&nbsp;mantas de farrapos, bordados tradicionais e tapetes, colchas de l\u00e3, rendas de bilros, bordados de Tibaldinho, flores de papel, cestaria de verga de castanho, fabrico de coro\u00e7as, palho\u00e7as ou palheiras de junco, cestaria de palha e silva, barros negros e vermelhos, tanoaria, latoaria e artefactos em estanho e ferro forjado.<br><\/td><\/tr><tr><td><strong>Festas e Romarias<\/strong><\/td><td><strong>Feira de S\u00e3o Mateus<\/strong>&#8211; <strong> <\/strong>(Agosto e Setembro)<br><\/td><\/tr><\/tbody><\/table><\/figure>\n<\/div>\n<\/div>\n<\/div><\/div>\n\n\n\n<p class=\"has-medium-font-size wp-block-paragraph\">Para mais informa\u00e7\u00e3o ver Ficheiro PDF do <a href=\"https:\/\/viajarcomtempo.eu\/wp-content\/uploads\/2021\/05\/Viseu.pdf\" target=\"_blank\" rel=\"noreferrer noopener\">Concelho de Viseu<\/a><\/p>\n<\/div>\n<\/div>\n<\/div><\/div>\n\n\n\n<script>\/\/ <![CDATA[\nfunction goBack() { window.history.back() }\n\/\/ ]]><\/script>\n<button onclick=\"goBack()\"><strong>Voltar \u00e0 p\u00e1gina anterior<\/strong><\/button>\n<br><br>\n","protected":false},"excerpt":{"rendered":"<p>Voltar \u00e0 p\u00e1gina anterior O concelho de Viseu tem uma hist\u00f3ria repleta de acontecimentos, sendo uma das cidades mais antigas de Portugal. Por aqui passaram Celtas, Romanos, Mu\u00e7ulmanos e por fim os Crist\u00e3os. Viseu \u00e9 uma cidade-museu com igrejas que marcam a paisagem urbana, casas hist\u00f3ricas, museus ou o seu belo centro hist\u00f3rico. Site da [&hellip;]<\/p>\n","protected":false},"author":1,"featured_media":0,"parent":0,"menu_order":0,"comment_status":"closed","ping_status":"closed","template":"","meta":{"_crdt_document":"","footnotes":""},"class_list":["post-1103","page","type-page","status-publish","hentry","eq-blocks"],"yoast_head":"<!-- This site is optimized with the Yoast SEO plugin v27.3 - https:\/\/yoast.com\/product\/yoast-seo-wordpress\/ -->\n<title>Viseu - Viajar Com Tempo<\/title>\n<meta name=\"robots\" content=\"index, follow, max-snippet:-1, max-image-preview:large, max-video-preview:-1\" \/>\n<link rel=\"canonical\" href=\"https:\/\/viajarcomtempo.eu\/?page_id=1103\" \/>\n<meta property=\"og:locale\" content=\"pt_PT\" \/>\n<meta property=\"og:type\" content=\"article\" \/>\n<meta property=\"og:title\" content=\"Viseu - Viajar Com Tempo\" \/>\n<meta property=\"og:description\" content=\"Voltar \u00e0 p\u00e1gina anterior O concelho de Viseu tem uma hist\u00f3ria repleta de acontecimentos, sendo uma das cidades mais antigas de Portugal. Por aqui passaram Celtas, Romanos, Mu\u00e7ulmanos e por fim os Crist\u00e3os. Viseu \u00e9 uma cidade-museu com igrejas que marcam a paisagem urbana, casas hist\u00f3ricas, museus ou o seu belo centro hist\u00f3rico. Site da [&hellip;]\" \/>\n<meta property=\"og:url\" content=\"https:\/\/viajarcomtempo.eu\/?page_id=1103\" \/>\n<meta property=\"og:site_name\" content=\"Viajar Com Tempo\" \/>\n<meta property=\"article:modified_time\" content=\"2021-05-09T15:26:48+00:00\" \/>\n<meta name=\"twitter:card\" content=\"summary_large_image\" \/>\n<meta name=\"twitter:label1\" content=\"Tempo estimado de leitura\" \/>\n\t<meta name=\"twitter:data1\" content=\"1 minuto\" \/>\n<script type=\"application\/ld+json\" class=\"yoast-schema-graph\">{\"@context\":\"https:\\\/\\\/schema.org\",\"@graph\":[{\"@type\":\"WebPage\",\"@id\":\"https:\\\/\\\/viajarcomtempo.eu\\\/?page_id=1103\",\"url\":\"https:\\\/\\\/viajarcomtempo.eu\\\/?page_id=1103\",\"name\":\"Viseu - Viajar Com Tempo\",\"isPartOf\":{\"@id\":\"https:\\\/\\\/viajarcomtempo.eu\\\/#website\"},\"datePublished\":\"2021-04-14T14:43:47+00:00\",\"dateModified\":\"2021-05-09T15:26:48+00:00\",\"breadcrumb\":{\"@id\":\"https:\\\/\\\/viajarcomtempo.eu\\\/?page_id=1103#breadcrumb\"},\"inLanguage\":\"pt-PT\",\"potentialAction\":[{\"@type\":\"ReadAction\",\"target\":[\"https:\\\/\\\/viajarcomtempo.eu\\\/?page_id=1103\"]}]},{\"@type\":\"BreadcrumbList\",\"@id\":\"https:\\\/\\\/viajarcomtempo.eu\\\/?page_id=1103#breadcrumb\",\"itemListElement\":[{\"@type\":\"ListItem\",\"position\":1,\"name\":\"In\u00edcio\",\"item\":\"https:\\\/\\\/viajarcomtempo.eu\\\/\"},{\"@type\":\"ListItem\",\"position\":2,\"name\":\"Viseu\"}]},{\"@type\":\"WebSite\",\"@id\":\"https:\\\/\\\/viajarcomtempo.eu\\\/#website\",\"url\":\"https:\\\/\\\/viajarcomtempo.eu\\\/\",\"name\":\"Viajar Com Tempo\",\"description\":\"Roteiros para viajar sem pressa\",\"publisher\":{\"@id\":\"https:\\\/\\\/viajarcomtempo.eu\\\/#\\\/schema\\\/person\\\/2f6c8045b5e07d397d92d8e5cf7aee98\"},\"potentialAction\":[{\"@type\":\"SearchAction\",\"target\":{\"@type\":\"EntryPoint\",\"urlTemplate\":\"https:\\\/\\\/viajarcomtempo.eu\\\/?s={search_term_string}\"},\"query-input\":{\"@type\":\"PropertyValueSpecification\",\"valueRequired\":true,\"valueName\":\"search_term_string\"}}],\"inLanguage\":\"pt-PT\"},{\"@type\":[\"Person\",\"Organization\"],\"@id\":\"https:\\\/\\\/viajarcomtempo.eu\\\/#\\\/schema\\\/person\\\/2f6c8045b5e07d397d92d8e5cf7aee98\",\"name\":\"Jos\u00e9 Salvador\",\"logo\":{\"@id\":\"https:\\\/\\\/viajarcomtempo.eu\\\/#\\\/schema\\\/person\\\/image\\\/\"},\"sameAs\":[\"http:\\\/\\\/viajarcomtempo.eu\"]}]}<\/script>\n<!-- \/ Yoast SEO plugin. -->","yoast_head_json":{"title":"Viseu - Viajar Com Tempo","robots":{"index":"index","follow":"follow","max-snippet":"max-snippet:-1","max-image-preview":"max-image-preview:large","max-video-preview":"max-video-preview:-1"},"canonical":"https:\/\/viajarcomtempo.eu\/?page_id=1103","og_locale":"pt_PT","og_type":"article","og_title":"Viseu - Viajar Com Tempo","og_description":"Voltar \u00e0 p\u00e1gina anterior O concelho de Viseu tem uma hist\u00f3ria repleta de acontecimentos, sendo uma das cidades mais antigas de Portugal. Por aqui passaram Celtas, Romanos, Mu\u00e7ulmanos e por fim os Crist\u00e3os. Viseu \u00e9 uma cidade-museu com igrejas que marcam a paisagem urbana, casas hist\u00f3ricas, museus ou o seu belo centro hist\u00f3rico. Site da [&hellip;]","og_url":"https:\/\/viajarcomtempo.eu\/?page_id=1103","og_site_name":"Viajar Com Tempo","article_modified_time":"2021-05-09T15:26:48+00:00","twitter_card":"summary_large_image","twitter_misc":{"Tempo estimado de leitura":"1 minuto"},"schema":{"@context":"https:\/\/schema.org","@graph":[{"@type":"WebPage","@id":"https:\/\/viajarcomtempo.eu\/?page_id=1103","url":"https:\/\/viajarcomtempo.eu\/?page_id=1103","name":"Viseu - Viajar Com Tempo","isPartOf":{"@id":"https:\/\/viajarcomtempo.eu\/#website"},"datePublished":"2021-04-14T14:43:47+00:00","dateModified":"2021-05-09T15:26:48+00:00","breadcrumb":{"@id":"https:\/\/viajarcomtempo.eu\/?page_id=1103#breadcrumb"},"inLanguage":"pt-PT","potentialAction":[{"@type":"ReadAction","target":["https:\/\/viajarcomtempo.eu\/?page_id=1103"]}]},{"@type":"BreadcrumbList","@id":"https:\/\/viajarcomtempo.eu\/?page_id=1103#breadcrumb","itemListElement":[{"@type":"ListItem","position":1,"name":"In\u00edcio","item":"https:\/\/viajarcomtempo.eu\/"},{"@type":"ListItem","position":2,"name":"Viseu"}]},{"@type":"WebSite","@id":"https:\/\/viajarcomtempo.eu\/#website","url":"https:\/\/viajarcomtempo.eu\/","name":"Viajar Com Tempo","description":"Roteiros para viajar sem pressa","publisher":{"@id":"https:\/\/viajarcomtempo.eu\/#\/schema\/person\/2f6c8045b5e07d397d92d8e5cf7aee98"},"potentialAction":[{"@type":"SearchAction","target":{"@type":"EntryPoint","urlTemplate":"https:\/\/viajarcomtempo.eu\/?s={search_term_string}"},"query-input":{"@type":"PropertyValueSpecification","valueRequired":true,"valueName":"search_term_string"}}],"inLanguage":"pt-PT"},{"@type":["Person","Organization"],"@id":"https:\/\/viajarcomtempo.eu\/#\/schema\/person\/2f6c8045b5e07d397d92d8e5cf7aee98","name":"Jos\u00e9 Salvador","logo":{"@id":"https:\/\/viajarcomtempo.eu\/#\/schema\/person\/image\/"},"sameAs":["http:\/\/viajarcomtempo.eu"]}]}},"_links":{"self":[{"href":"https:\/\/viajarcomtempo.eu\/index.php?rest_route=\/wp\/v2\/pages\/1103","targetHints":{"allow":["GET"]}}],"collection":[{"href":"https:\/\/viajarcomtempo.eu\/index.php?rest_route=\/wp\/v2\/pages"}],"about":[{"href":"https:\/\/viajarcomtempo.eu\/index.php?rest_route=\/wp\/v2\/types\/page"}],"author":[{"embeddable":true,"href":"https:\/\/viajarcomtempo.eu\/index.php?rest_route=\/wp\/v2\/users\/1"}],"replies":[{"embeddable":true,"href":"https:\/\/viajarcomtempo.eu\/index.php?rest_route=%2Fwp%2Fv2%2Fcomments&post=1103"}],"version-history":[{"count":6,"href":"https:\/\/viajarcomtempo.eu\/index.php?rest_route=\/wp\/v2\/pages\/1103\/revisions"}],"predecessor-version":[{"id":1135,"href":"https:\/\/viajarcomtempo.eu\/index.php?rest_route=\/wp\/v2\/pages\/1103\/revisions\/1135"}],"wp:attachment":[{"href":"https:\/\/viajarcomtempo.eu\/index.php?rest_route=%2Fwp%2Fv2%2Fmedia&parent=1103"}],"curies":[{"name":"wp","href":"https:\/\/api.w.org\/{rel}","templated":true}]}}