{"id":1153,"date":"2021-05-26T14:34:46","date_gmt":"2021-05-26T14:34:46","guid":{"rendered":"https:\/\/viajarcomtempo.eu\/?page_id=1153"},"modified":"2021-06-12T15:29:50","modified_gmt":"2021-06-12T15:29:50","slug":"chaves-3-5-2","status":"publish","type":"page","link":"https:\/\/viajarcomtempo.eu\/?page_id=1153","title":{"rendered":"G\u00f3is"},"content":{"rendered":"\n<script>\/\/ <![CDATA[\nfunction goBack() { window.history.back() }\n\/\/ ]]><\/script>\n<button onclick=\"goBack()\"><strong>Voltar \u00e0 p\u00e1gina anterior<\/strong><\/button>\n<br><br>\n\n\n\n<p class=\"wp-block-paragraph\">A atual povoa\u00e7\u00e3o da Vila de G\u00f3is dever\u00e1 remontar ao per\u00edodo da Reconquista. Um dos documentos mais antigos que se refere a G\u00f3is data de 1114 &#8211; a carta da doa\u00e7\u00e3o de G\u00f3is feita por D. Teresa e D. Afonso Henriques ao rico-homem Ani\u00e3o Vestaris (Trastares ou Estrada) pelos servi\u00e7os prestados. Em 20 de Maio de 1516 foi-lhe dado o foral por D. Manuel. Posto de Turismo de G\u00f3is.<\/p>\n\n\n\n<div class=\"wp-block-group\"><div class=\"wp-block-group__inner-container is-layout-flow wp-block-group-is-layout-flow\">\n<div class=\"wp-block-columns is-layout-flex wp-container-core-columns-is-layout-8f761849 wp-block-columns-is-layout-flex\">\n<div class=\"wp-block-column is-layout-flow wp-block-column-is-layout-flow\" style=\"flex-basis:100%\">\n<div class=\"wp-block-group\"><div class=\"wp-block-group__inner-container is-layout-flow wp-block-group-is-layout-flow\">\n<div class=\"wp-block-columns is-layout-flex wp-container-core-columns-is-layout-8f761849 wp-block-columns-is-layout-flex\">\n<div class=\"wp-block-column is-layout-flow wp-block-column-is-layout-flow\" style=\"flex-basis:100%\">\n<figure class=\"wp-block-table is-style-regular\"><table class=\"has-background\" style=\"background-color:#e7f5fe\"><tbody><tr><td><strong>Site da CM <\/strong>de G\u00f3is<\/td><td><a href=\"http:\/\/www.cm-gois.pt\" target=\"_blank\" rel=\"noreferrer noopener\">http:\/\/www.cm-gois.pt<\/a><\/td><\/tr><tr><td><strong>Posto de Turismo<\/strong><\/td><td><strong>Pra\u00e7a da Rep\u00fablica 3330-310 G\u00f3is<\/strong><br><strong>Telefone &#8211;&nbsp;<\/strong>235 770 113 <strong>Mail <\/strong>&#8211; turismo@cm-gois.pt<\/td><\/tr><tr><td><strong>Naturais de G\u00f3is<\/strong><\/td><td><strong>Goiense<\/strong><\/td><\/tr><tr><td><strong>Artesanato<\/strong><\/td><td>Miniaturas de alfaias agr\u00edcolas, objetos em estanho, miniaturas de xisto ou de corti\u00e7os com potes de mel no interior, ou ainda trabalhos contempor\u00e2neos em l\u00e3, bordados e rendas, assim como mantas de retalhos<br><\/td><\/tr><tr><td><strong>Festas e Romarias<\/strong><\/td><td><strong>S. Sebasti\u00e3o \u2013 Bodo <\/strong>23 de janeiro<br><strong>Santo Ant\u00f3nio <\/strong>13 de junho<br><strong>Arraial de S. Jo\u00e3o <\/strong>24 de Junho<br><strong>G\u00f3is Oroso Arte:&nbsp;<\/strong>2\u00ba fim de semana de julho<br><strong>Festas do Concelho e Comemora\u00e7\u00e3o do Feriado Municipal:<\/strong>&nbsp;13 de agosto<br><strong>Concentra\u00e7\u00e3o Internacional de Motos <\/strong>: 3\u00aa semana de agosto<br><strong>Feira dos Santos, da Castanha e do Mel<\/strong> &#8211; 1 de novembro<\/td><\/tr><\/tbody><\/table><\/figure>\n<\/div>\n<\/div>\n<\/div><\/div>\n\n\n\n<p class=\"has-medium-font-size wp-block-paragraph\">Para mais informa\u00e7\u00e3o ver Ficheiro PDF do <a href=\"https:\/\/viajarcomtempo.eu\/wp-content\/uploads\/2021\/06\/Gois.pdf\" target=\"_blank\" rel=\"noreferrer noopener\">Concelho de G\u00f3is<\/a><\/p>\n<\/div>\n<\/div>\n<\/div><\/div>\n\n\n\n<script>\/\/ <![CDATA[\nfunction goBack() { window.history.back() }\n\/\/ ]]><\/script>\n<button onclick=\"goBack()\"><strong>Voltar \u00e0 p\u00e1gina anterior<\/strong><\/button>\n<br><br>\n","protected":false},"excerpt":{"rendered":"<p>Voltar \u00e0 p\u00e1gina anterior A atual povoa\u00e7\u00e3o da Vila de G\u00f3is dever\u00e1 remontar ao per\u00edodo da Reconquista. Um dos documentos mais antigos que se refere a G\u00f3is data de 1114 &#8211; a carta da doa\u00e7\u00e3o de G\u00f3is feita por D. Teresa e D. Afonso Henriques ao rico-homem Ani\u00e3o Vestaris (Trastares ou Estrada) pelos servi\u00e7os prestados. [&hellip;]<\/p>\n","protected":false},"author":1,"featured_media":0,"parent":0,"menu_order":0,"comment_status":"closed","ping_status":"closed","template":"","meta":{"_crdt_document":"","footnotes":""},"class_list":["post-1153","page","type-page","status-publish","hentry","eq-blocks"],"yoast_head":"<!-- This site is optimized with the Yoast SEO plugin v27.3 - https:\/\/yoast.com\/product\/yoast-seo-wordpress\/ -->\n<title>G\u00f3is - Viajar Com Tempo<\/title>\n<meta name=\"robots\" content=\"index, follow, max-snippet:-1, max-image-preview:large, max-video-preview:-1\" \/>\n<link rel=\"canonical\" href=\"https:\/\/viajarcomtempo.eu\/?page_id=1153\" \/>\n<meta property=\"og:locale\" content=\"pt_PT\" \/>\n<meta property=\"og:type\" content=\"article\" \/>\n<meta property=\"og:title\" content=\"G\u00f3is - Viajar Com Tempo\" \/>\n<meta property=\"og:description\" content=\"Voltar \u00e0 p\u00e1gina anterior A atual povoa\u00e7\u00e3o da Vila de G\u00f3is dever\u00e1 remontar ao per\u00edodo da Reconquista. Um dos documentos mais antigos que se refere a G\u00f3is data de 1114 &#8211; a carta da doa\u00e7\u00e3o de G\u00f3is feita por D. Teresa e D. Afonso Henriques ao rico-homem Ani\u00e3o Vestaris (Trastares ou Estrada) pelos servi\u00e7os prestados. [&hellip;]\" \/>\n<meta property=\"og:url\" content=\"https:\/\/viajarcomtempo.eu\/?page_id=1153\" \/>\n<meta property=\"og:site_name\" content=\"Viajar Com Tempo\" \/>\n<meta property=\"article:modified_time\" content=\"2021-06-12T15:29:50+00:00\" \/>\n<meta name=\"twitter:card\" content=\"summary_large_image\" \/>\n<meta name=\"twitter:label1\" content=\"Tempo estimado de leitura\" \/>\n\t<meta name=\"twitter:data1\" content=\"1 minuto\" \/>\n<script type=\"application\/ld+json\" class=\"yoast-schema-graph\">{\"@context\":\"https:\\\/\\\/schema.org\",\"@graph\":[{\"@type\":\"WebPage\",\"@id\":\"https:\\\/\\\/viajarcomtempo.eu\\\/?page_id=1153\",\"url\":\"https:\\\/\\\/viajarcomtempo.eu\\\/?page_id=1153\",\"name\":\"G\u00f3is - Viajar Com Tempo\",\"isPartOf\":{\"@id\":\"https:\\\/\\\/viajarcomtempo.eu\\\/#website\"},\"datePublished\":\"2021-05-26T14:34:46+00:00\",\"dateModified\":\"2021-06-12T15:29:50+00:00\",\"breadcrumb\":{\"@id\":\"https:\\\/\\\/viajarcomtempo.eu\\\/?page_id=1153#breadcrumb\"},\"inLanguage\":\"pt-PT\",\"potentialAction\":[{\"@type\":\"ReadAction\",\"target\":[\"https:\\\/\\\/viajarcomtempo.eu\\\/?page_id=1153\"]}]},{\"@type\":\"BreadcrumbList\",\"@id\":\"https:\\\/\\\/viajarcomtempo.eu\\\/?page_id=1153#breadcrumb\",\"itemListElement\":[{\"@type\":\"ListItem\",\"position\":1,\"name\":\"In\u00edcio\",\"item\":\"https:\\\/\\\/viajarcomtempo.eu\\\/\"},{\"@type\":\"ListItem\",\"position\":2,\"name\":\"G\u00f3is\"}]},{\"@type\":\"WebSite\",\"@id\":\"https:\\\/\\\/viajarcomtempo.eu\\\/#website\",\"url\":\"https:\\\/\\\/viajarcomtempo.eu\\\/\",\"name\":\"Viajar Com Tempo\",\"description\":\"Roteiros para viajar sem pressa\",\"publisher\":{\"@id\":\"https:\\\/\\\/viajarcomtempo.eu\\\/#\\\/schema\\\/person\\\/2f6c8045b5e07d397d92d8e5cf7aee98\"},\"potentialAction\":[{\"@type\":\"SearchAction\",\"target\":{\"@type\":\"EntryPoint\",\"urlTemplate\":\"https:\\\/\\\/viajarcomtempo.eu\\\/?s={search_term_string}\"},\"query-input\":{\"@type\":\"PropertyValueSpecification\",\"valueRequired\":true,\"valueName\":\"search_term_string\"}}],\"inLanguage\":\"pt-PT\"},{\"@type\":[\"Person\",\"Organization\"],\"@id\":\"https:\\\/\\\/viajarcomtempo.eu\\\/#\\\/schema\\\/person\\\/2f6c8045b5e07d397d92d8e5cf7aee98\",\"name\":\"Jos\u00e9 Salvador\",\"logo\":{\"@id\":\"https:\\\/\\\/viajarcomtempo.eu\\\/#\\\/schema\\\/person\\\/image\\\/\"},\"sameAs\":[\"http:\\\/\\\/viajarcomtempo.eu\"]}]}<\/script>\n<!-- \/ Yoast SEO plugin. -->","yoast_head_json":{"title":"G\u00f3is - Viajar Com Tempo","robots":{"index":"index","follow":"follow","max-snippet":"max-snippet:-1","max-image-preview":"max-image-preview:large","max-video-preview":"max-video-preview:-1"},"canonical":"https:\/\/viajarcomtempo.eu\/?page_id=1153","og_locale":"pt_PT","og_type":"article","og_title":"G\u00f3is - Viajar Com Tempo","og_description":"Voltar \u00e0 p\u00e1gina anterior A atual povoa\u00e7\u00e3o da Vila de G\u00f3is dever\u00e1 remontar ao per\u00edodo da Reconquista. Um dos documentos mais antigos que se refere a G\u00f3is data de 1114 &#8211; a carta da doa\u00e7\u00e3o de G\u00f3is feita por D. Teresa e D. Afonso Henriques ao rico-homem Ani\u00e3o Vestaris (Trastares ou Estrada) pelos servi\u00e7os prestados. [&hellip;]","og_url":"https:\/\/viajarcomtempo.eu\/?page_id=1153","og_site_name":"Viajar Com Tempo","article_modified_time":"2021-06-12T15:29:50+00:00","twitter_card":"summary_large_image","twitter_misc":{"Tempo estimado de leitura":"1 minuto"},"schema":{"@context":"https:\/\/schema.org","@graph":[{"@type":"WebPage","@id":"https:\/\/viajarcomtempo.eu\/?page_id=1153","url":"https:\/\/viajarcomtempo.eu\/?page_id=1153","name":"G\u00f3is - Viajar Com Tempo","isPartOf":{"@id":"https:\/\/viajarcomtempo.eu\/#website"},"datePublished":"2021-05-26T14:34:46+00:00","dateModified":"2021-06-12T15:29:50+00:00","breadcrumb":{"@id":"https:\/\/viajarcomtempo.eu\/?page_id=1153#breadcrumb"},"inLanguage":"pt-PT","potentialAction":[{"@type":"ReadAction","target":["https:\/\/viajarcomtempo.eu\/?page_id=1153"]}]},{"@type":"BreadcrumbList","@id":"https:\/\/viajarcomtempo.eu\/?page_id=1153#breadcrumb","itemListElement":[{"@type":"ListItem","position":1,"name":"In\u00edcio","item":"https:\/\/viajarcomtempo.eu\/"},{"@type":"ListItem","position":2,"name":"G\u00f3is"}]},{"@type":"WebSite","@id":"https:\/\/viajarcomtempo.eu\/#website","url":"https:\/\/viajarcomtempo.eu\/","name":"Viajar Com Tempo","description":"Roteiros para viajar sem pressa","publisher":{"@id":"https:\/\/viajarcomtempo.eu\/#\/schema\/person\/2f6c8045b5e07d397d92d8e5cf7aee98"},"potentialAction":[{"@type":"SearchAction","target":{"@type":"EntryPoint","urlTemplate":"https:\/\/viajarcomtempo.eu\/?s={search_term_string}"},"query-input":{"@type":"PropertyValueSpecification","valueRequired":true,"valueName":"search_term_string"}}],"inLanguage":"pt-PT"},{"@type":["Person","Organization"],"@id":"https:\/\/viajarcomtempo.eu\/#\/schema\/person\/2f6c8045b5e07d397d92d8e5cf7aee98","name":"Jos\u00e9 Salvador","logo":{"@id":"https:\/\/viajarcomtempo.eu\/#\/schema\/person\/image\/"},"sameAs":["http:\/\/viajarcomtempo.eu"]}]}},"_links":{"self":[{"href":"https:\/\/viajarcomtempo.eu\/index.php?rest_route=\/wp\/v2\/pages\/1153","targetHints":{"allow":["GET"]}}],"collection":[{"href":"https:\/\/viajarcomtempo.eu\/index.php?rest_route=\/wp\/v2\/pages"}],"about":[{"href":"https:\/\/viajarcomtempo.eu\/index.php?rest_route=\/wp\/v2\/types\/page"}],"author":[{"embeddable":true,"href":"https:\/\/viajarcomtempo.eu\/index.php?rest_route=\/wp\/v2\/users\/1"}],"replies":[{"embeddable":true,"href":"https:\/\/viajarcomtempo.eu\/index.php?rest_route=%2Fwp%2Fv2%2Fcomments&post=1153"}],"version-history":[{"count":5,"href":"https:\/\/viajarcomtempo.eu\/index.php?rest_route=\/wp\/v2\/pages\/1153\/revisions"}],"predecessor-version":[{"id":1259,"href":"https:\/\/viajarcomtempo.eu\/index.php?rest_route=\/wp\/v2\/pages\/1153\/revisions\/1259"}],"wp:attachment":[{"href":"https:\/\/viajarcomtempo.eu\/index.php?rest_route=%2Fwp%2Fv2%2Fmedia&parent=1153"}],"curies":[{"name":"wp","href":"https:\/\/api.w.org\/{rel}","templated":true}]}}