{"id":1167,"date":"2021-06-10T18:13:42","date_gmt":"2021-06-10T18:13:42","guid":{"rendered":"https:\/\/viajarcomtempo.eu\/?page_id=1167"},"modified":"2021-06-12T15:02:30","modified_gmt":"2021-06-12T15:02:30","slug":"chaves-3-3-2-4","status":"publish","type":"page","link":"https:\/\/viajarcomtempo.eu\/?page_id=1167","title":{"rendered":"Lous\u00e3"},"content":{"rendered":"\n<script>\/\/ <![CDATA[\nfunction goBack() { window.history.back() }\n\/\/ ]]><\/script>\n<button onclick=\"goBack()\"><strong>Voltar \u00e0 p\u00e1gina anterior<\/strong><\/button>\n<br><br>\n\n\n\n<p class=\"wp-block-paragraph\">Neste Concelho a oferta \u00e9 diversificada com destaque para as Aldeias do Xisto, as Praias Fluviais com Bandeira Azul, o Castelo da Lous\u00e3, o Centro Hist\u00f3rico, as Casas Brasonadas, os Museus Municipais e a gastronomia.<\/p>\n\n\n\n<div class=\"wp-block-group\"><div class=\"wp-block-group__inner-container is-layout-flow wp-block-group-is-layout-flow\">\n<div class=\"wp-block-columns is-layout-flex wp-container-core-columns-is-layout-8f761849 wp-block-columns-is-layout-flex\">\n<div class=\"wp-block-column is-layout-flow wp-block-column-is-layout-flow\" style=\"flex-basis:100%\">\n<div class=\"wp-block-group\"><div class=\"wp-block-group__inner-container is-layout-flow wp-block-group-is-layout-flow\">\n<div class=\"wp-block-columns is-layout-flex wp-container-core-columns-is-layout-8f761849 wp-block-columns-is-layout-flex\">\n<div class=\"wp-block-column is-layout-flow wp-block-column-is-layout-flow\" style=\"flex-basis:100%\">\n<figure class=\"wp-block-table is-style-regular\"><table class=\"has-background\" style=\"background-color:#e7f5fe\"><tbody><tr><td><strong>Site da CM da Lous\u00e3<\/strong><\/td><td><a href=\"https:\/\/cm-lousa.pt\/\" target=\"_blank\" rel=\"noreferrer noopener\">https:\/\/www\/cm-lousa.pt<\/a><\/td><\/tr><tr><td><strong>Posto de Turismo<\/strong><\/td><td>Museu Etnogr\u00e1fico Dr. Louz\u00e3 Henriques Rua Jo\u00e3o Luso, 3200 -246 Lous\u00e3<br><strong>Telefone &#8211;&nbsp;<\/strong>239 990 040 <strong>Mail <\/strong>&#8211; posto.turismo@cmlousa.pt geral@turismocentro.pt<\/td><\/tr><tr><td><strong>Naturais da Lous\u00e3<\/strong><\/td><td>Lousanense<\/td><\/tr><tr><td><strong>Artesanato<\/strong><\/td><td>Cestaria, trabalhos em xisto, cer\u00e2mica, bordados, bijuteria, trabalhos em papel e trabalhos em madeira.<\/td><\/tr><tr><td><strong>Festas e Romarias<\/strong><\/td><td><strong>feira da Castanha e do Mel, no primeiro ou segundo fim de semana de Novembro, sempre antecedendo o S. Martinho.<\/strong><br><strong>Feira do Artesanato<\/strong> <br><strong>Feira Anual de S. Jo\u00e3o. de 18 a 24 de Junho<\/strong><\/td><\/tr><\/tbody><\/table><\/figure>\n<\/div>\n<\/div>\n<\/div><\/div>\n\n\n\n<p class=\"has-medium-font-size wp-block-paragraph\">Para mais informa\u00e7\u00e3o ver Ficheiro PDF do <a href=\"https:\/\/viajarcomtempo.eu\/wp-content\/uploads\/2021\/06\/Lousa.pdf\" target=\"_blank\" rel=\"noreferrer noopener\">Concelho de Lous\u00e3<\/a><\/p>\n<\/div>\n<\/div>\n<\/div><\/div>\n\n\n\n<script>\/\/ <![CDATA[\nfunction goBack() { window.history.back() }\n\/\/ ]]><\/script>\n<button onclick=\"goBack()\"><strong>Voltar \u00e0 p\u00e1gina anterior<\/strong><\/button>\n<br><br>\n","protected":false},"excerpt":{"rendered":"<p>Voltar \u00e0 p\u00e1gina anterior Neste Concelho a oferta \u00e9 diversificada com destaque para as Aldeias do Xisto, as Praias Fluviais com Bandeira Azul, o Castelo da Lous\u00e3, o Centro Hist\u00f3rico, as Casas Brasonadas, os Museus Municipais e a gastronomia. Site da CM da Lous\u00e3 https:\/\/www\/cm-lousa.pt Posto de Turismo Museu Etnogr\u00e1fico Dr. Louz\u00e3 Henriques Rua Jo\u00e3o [&hellip;]<\/p>\n","protected":false},"author":1,"featured_media":0,"parent":0,"menu_order":0,"comment_status":"closed","ping_status":"closed","template":"","meta":{"_crdt_document":"","footnotes":""},"class_list":["post-1167","page","type-page","status-publish","hentry","eq-blocks"],"yoast_head":"<!-- This site is optimized with the Yoast SEO plugin v27.3 - https:\/\/yoast.com\/product\/yoast-seo-wordpress\/ -->\n<title>Lous\u00e3 - Viajar Com Tempo<\/title>\n<meta name=\"robots\" content=\"index, follow, max-snippet:-1, max-image-preview:large, max-video-preview:-1\" \/>\n<link rel=\"canonical\" href=\"https:\/\/viajarcomtempo.eu\/?page_id=1167\" \/>\n<meta property=\"og:locale\" content=\"pt_PT\" \/>\n<meta property=\"og:type\" content=\"article\" \/>\n<meta property=\"og:title\" content=\"Lous\u00e3 - Viajar Com Tempo\" \/>\n<meta property=\"og:description\" content=\"Voltar \u00e0 p\u00e1gina anterior Neste Concelho a oferta \u00e9 diversificada com destaque para as Aldeias do Xisto, as Praias Fluviais com Bandeira Azul, o Castelo da Lous\u00e3, o Centro Hist\u00f3rico, as Casas Brasonadas, os Museus Municipais e a gastronomia. Site da CM da Lous\u00e3 https:\/\/www\/cm-lousa.pt Posto de Turismo Museu Etnogr\u00e1fico Dr. Louz\u00e3 Henriques Rua Jo\u00e3o [&hellip;]\" \/>\n<meta property=\"og:url\" content=\"https:\/\/viajarcomtempo.eu\/?page_id=1167\" \/>\n<meta property=\"og:site_name\" content=\"Viajar Com Tempo\" \/>\n<meta property=\"article:modified_time\" content=\"2021-06-12T15:02:30+00:00\" \/>\n<meta name=\"twitter:card\" content=\"summary_large_image\" \/>\n<meta name=\"twitter:label1\" content=\"Tempo estimado de leitura\" \/>\n\t<meta name=\"twitter:data1\" content=\"1 minuto\" \/>\n<script type=\"application\/ld+json\" class=\"yoast-schema-graph\">{\"@context\":\"https:\\\/\\\/schema.org\",\"@graph\":[{\"@type\":\"WebPage\",\"@id\":\"https:\\\/\\\/viajarcomtempo.eu\\\/?page_id=1167\",\"url\":\"https:\\\/\\\/viajarcomtempo.eu\\\/?page_id=1167\",\"name\":\"Lous\u00e3 - Viajar Com Tempo\",\"isPartOf\":{\"@id\":\"https:\\\/\\\/viajarcomtempo.eu\\\/#website\"},\"datePublished\":\"2021-06-10T18:13:42+00:00\",\"dateModified\":\"2021-06-12T15:02:30+00:00\",\"breadcrumb\":{\"@id\":\"https:\\\/\\\/viajarcomtempo.eu\\\/?page_id=1167#breadcrumb\"},\"inLanguage\":\"pt-PT\",\"potentialAction\":[{\"@type\":\"ReadAction\",\"target\":[\"https:\\\/\\\/viajarcomtempo.eu\\\/?page_id=1167\"]}]},{\"@type\":\"BreadcrumbList\",\"@id\":\"https:\\\/\\\/viajarcomtempo.eu\\\/?page_id=1167#breadcrumb\",\"itemListElement\":[{\"@type\":\"ListItem\",\"position\":1,\"name\":\"In\u00edcio\",\"item\":\"https:\\\/\\\/viajarcomtempo.eu\\\/\"},{\"@type\":\"ListItem\",\"position\":2,\"name\":\"Lous\u00e3\"}]},{\"@type\":\"WebSite\",\"@id\":\"https:\\\/\\\/viajarcomtempo.eu\\\/#website\",\"url\":\"https:\\\/\\\/viajarcomtempo.eu\\\/\",\"name\":\"Viajar Com Tempo\",\"description\":\"Roteiros para viajar sem pressa\",\"publisher\":{\"@id\":\"https:\\\/\\\/viajarcomtempo.eu\\\/#\\\/schema\\\/person\\\/2f6c8045b5e07d397d92d8e5cf7aee98\"},\"potentialAction\":[{\"@type\":\"SearchAction\",\"target\":{\"@type\":\"EntryPoint\",\"urlTemplate\":\"https:\\\/\\\/viajarcomtempo.eu\\\/?s={search_term_string}\"},\"query-input\":{\"@type\":\"PropertyValueSpecification\",\"valueRequired\":true,\"valueName\":\"search_term_string\"}}],\"inLanguage\":\"pt-PT\"},{\"@type\":[\"Person\",\"Organization\"],\"@id\":\"https:\\\/\\\/viajarcomtempo.eu\\\/#\\\/schema\\\/person\\\/2f6c8045b5e07d397d92d8e5cf7aee98\",\"name\":\"Jos\u00e9 Salvador\",\"logo\":{\"@id\":\"https:\\\/\\\/viajarcomtempo.eu\\\/#\\\/schema\\\/person\\\/image\\\/\"},\"sameAs\":[\"http:\\\/\\\/viajarcomtempo.eu\"]}]}<\/script>\n<!-- \/ Yoast SEO plugin. -->","yoast_head_json":{"title":"Lous\u00e3 - Viajar Com Tempo","robots":{"index":"index","follow":"follow","max-snippet":"max-snippet:-1","max-image-preview":"max-image-preview:large","max-video-preview":"max-video-preview:-1"},"canonical":"https:\/\/viajarcomtempo.eu\/?page_id=1167","og_locale":"pt_PT","og_type":"article","og_title":"Lous\u00e3 - Viajar Com Tempo","og_description":"Voltar \u00e0 p\u00e1gina anterior Neste Concelho a oferta \u00e9 diversificada com destaque para as Aldeias do Xisto, as Praias Fluviais com Bandeira Azul, o Castelo da Lous\u00e3, o Centro Hist\u00f3rico, as Casas Brasonadas, os Museus Municipais e a gastronomia. Site da CM da Lous\u00e3 https:\/\/www\/cm-lousa.pt Posto de Turismo Museu Etnogr\u00e1fico Dr. Louz\u00e3 Henriques Rua Jo\u00e3o [&hellip;]","og_url":"https:\/\/viajarcomtempo.eu\/?page_id=1167","og_site_name":"Viajar Com Tempo","article_modified_time":"2021-06-12T15:02:30+00:00","twitter_card":"summary_large_image","twitter_misc":{"Tempo estimado de leitura":"1 minuto"},"schema":{"@context":"https:\/\/schema.org","@graph":[{"@type":"WebPage","@id":"https:\/\/viajarcomtempo.eu\/?page_id=1167","url":"https:\/\/viajarcomtempo.eu\/?page_id=1167","name":"Lous\u00e3 - Viajar Com Tempo","isPartOf":{"@id":"https:\/\/viajarcomtempo.eu\/#website"},"datePublished":"2021-06-10T18:13:42+00:00","dateModified":"2021-06-12T15:02:30+00:00","breadcrumb":{"@id":"https:\/\/viajarcomtempo.eu\/?page_id=1167#breadcrumb"},"inLanguage":"pt-PT","potentialAction":[{"@type":"ReadAction","target":["https:\/\/viajarcomtempo.eu\/?page_id=1167"]}]},{"@type":"BreadcrumbList","@id":"https:\/\/viajarcomtempo.eu\/?page_id=1167#breadcrumb","itemListElement":[{"@type":"ListItem","position":1,"name":"In\u00edcio","item":"https:\/\/viajarcomtempo.eu\/"},{"@type":"ListItem","position":2,"name":"Lous\u00e3"}]},{"@type":"WebSite","@id":"https:\/\/viajarcomtempo.eu\/#website","url":"https:\/\/viajarcomtempo.eu\/","name":"Viajar Com Tempo","description":"Roteiros para viajar sem pressa","publisher":{"@id":"https:\/\/viajarcomtempo.eu\/#\/schema\/person\/2f6c8045b5e07d397d92d8e5cf7aee98"},"potentialAction":[{"@type":"SearchAction","target":{"@type":"EntryPoint","urlTemplate":"https:\/\/viajarcomtempo.eu\/?s={search_term_string}"},"query-input":{"@type":"PropertyValueSpecification","valueRequired":true,"valueName":"search_term_string"}}],"inLanguage":"pt-PT"},{"@type":["Person","Organization"],"@id":"https:\/\/viajarcomtempo.eu\/#\/schema\/person\/2f6c8045b5e07d397d92d8e5cf7aee98","name":"Jos\u00e9 Salvador","logo":{"@id":"https:\/\/viajarcomtempo.eu\/#\/schema\/person\/image\/"},"sameAs":["http:\/\/viajarcomtempo.eu"]}]}},"_links":{"self":[{"href":"https:\/\/viajarcomtempo.eu\/index.php?rest_route=\/wp\/v2\/pages\/1167","targetHints":{"allow":["GET"]}}],"collection":[{"href":"https:\/\/viajarcomtempo.eu\/index.php?rest_route=\/wp\/v2\/pages"}],"about":[{"href":"https:\/\/viajarcomtempo.eu\/index.php?rest_route=\/wp\/v2\/types\/page"}],"author":[{"embeddable":true,"href":"https:\/\/viajarcomtempo.eu\/index.php?rest_route=\/wp\/v2\/users\/1"}],"replies":[{"embeddable":true,"href":"https:\/\/viajarcomtempo.eu\/index.php?rest_route=%2Fwp%2Fv2%2Fcomments&post=1167"}],"version-history":[{"count":3,"href":"https:\/\/viajarcomtempo.eu\/index.php?rest_route=\/wp\/v2\/pages\/1167\/revisions"}],"predecessor-version":[{"id":1257,"href":"https:\/\/viajarcomtempo.eu\/index.php?rest_route=\/wp\/v2\/pages\/1167\/revisions\/1257"}],"wp:attachment":[{"href":"https:\/\/viajarcomtempo.eu\/index.php?rest_route=%2Fwp%2Fv2%2Fmedia&parent=1167"}],"curies":[{"name":"wp","href":"https:\/\/api.w.org\/{rel}","templated":true}]}}