{"id":1191,"date":"2021-06-10T22:09:37","date_gmt":"2021-06-10T22:09:37","guid":{"rendered":"https:\/\/viajarcomtempo.eu\/?page_id=1191"},"modified":"2021-06-12T18:43:16","modified_gmt":"2021-06-12T18:43:16","slug":"chaves-3-5-2-2-2","status":"publish","type":"page","link":"https:\/\/viajarcomtempo.eu\/?page_id=1191","title":{"rendered":"Vila de Rei"},"content":{"rendered":"\n<script>\/\/ <![CDATA[\nfunction goBack() { window.history.back() }\n\/\/ ]]><\/script>\n<button onclick=\"goBack()\"><strong>Voltar \u00e0 p\u00e1gina anterior<\/strong><\/button>\n<br><br>\n\n\n\n<div class=\"wp-block-columns is-layout-flex wp-container-core-columns-is-layout-8f761849 wp-block-columns-is-layout-flex\">\n<div class=\"wp-block-column is-layout-flow wp-block-column-is-layout-flow\" style=\"flex-basis:66.66%\">\n<p class=\"wp-block-paragraph\"> O munic\u00edpio de Vila de Rei est\u00e1 subdividido nas freguesias de Vila de Rei, Fundada e S\u00e3o Jo\u00e3o do Peso. O munic\u00edpio \u00e9 limitado a norte pelo grande munic\u00edpio da Sert\u00e3, a leste por Ma\u00e7\u00e3o, a sul pelo Sardoal e por Abrantes e a Oeste por Ferreira do Z\u00eazere. <\/p>\n\n\n\n<p class=\"wp-block-paragraph\"> Foi-lhe outorgado foral a 19 de setembro de 1285, por D. Dinis, e em 1513 recebeu novo foral por D. Manuel. <\/p>\n<\/div>\n\n\n\n<div class=\"wp-block-column is-layout-flow wp-block-column-is-layout-flow\" style=\"flex-basis:33.33%\">\n<figure class=\"wp-block-image size-large is-resized\"><img loading=\"lazy\" decoding=\"async\" src=\"https:\/\/viajarcomtempo.eu\/wp-content\/uploads\/2021\/06\/VilaRei_MarcoGeodesico_0884.jpg\" alt=\"\" class=\"wp-image-1307\" width=\"192\" height=\"289\" srcset=\"https:\/\/viajarcomtempo.eu\/wp-content\/uploads\/2021\/06\/VilaRei_MarcoGeodesico_0884.jpg 666w, https:\/\/viajarcomtempo.eu\/wp-content\/uploads\/2021\/06\/VilaRei_MarcoGeodesico_0884-200x300.jpg 200w\" sizes=\"auto, (max-width: 192px) 100vw, 192px\" \/><figcaption><strong>Marco Geod\u00e9sico em Vila de Rei<\/strong> &#8211; Foto Viajantes Com Tempo 2010<\/figcaption><\/figure>\n<\/div>\n<\/div>\n\n\n\n<div class=\"wp-block-group\"><div class=\"wp-block-group__inner-container is-layout-flow wp-block-group-is-layout-flow\">\n<div class=\"wp-block-columns is-layout-flex wp-container-core-columns-is-layout-8f761849 wp-block-columns-is-layout-flex\">\n<div class=\"wp-block-column is-layout-flow wp-block-column-is-layout-flow\" style=\"flex-basis:100%\">\n<div class=\"wp-block-group\"><div class=\"wp-block-group__inner-container is-layout-flow wp-block-group-is-layout-flow\">\n<div class=\"wp-block-columns is-layout-flex wp-container-core-columns-is-layout-8f761849 wp-block-columns-is-layout-flex\">\n<div class=\"wp-block-column is-layout-flow wp-block-column-is-layout-flow\" style=\"flex-basis:100%\">\n<figure class=\"wp-block-table is-style-regular\"><table class=\"has-background\" style=\"background-color:#e7f5fe\"><tbody><tr><td><strong>S<\/strong>ite da CM  de Vila de Rei <\/td><td><a href=\"http:\/\/www.cm-vilade rei.pt\">http:\/\/www.cm-<\/a><a href=\"http:\/\/www.cm-viladerei.pt\">viladerei.pt<\/a><\/td><\/tr><tr><td><strong>Posto de Turismo<\/strong><\/td><td>Biblioteca Municipal Jos\u00e9 Cardoso Pires 6110\u2013174 Vila de Rei<br><strong>Telefone &#8211;<\/strong> 274 890 000 <strong>Mail <\/strong>&#8211; <\/td><\/tr><tr><td><strong>Naturais  de Vila de Rei <\/strong><\/td><td><strong>Vila-Regenses<\/strong>.<\/td><\/tr><tr><td><strong>Artesanato<\/strong><\/td><td>Pe\u00e7as&nbsp;de tecelagem, de ferraria, de cestaria de vime e cal\u00e7ado.<br><\/td><\/tr><tr><td><strong>Festas e Romarias<\/strong><\/td><td>Festa de S. Martinho,<br>Festa de Santa Margarida, no quarto domingo de agosto;<br>Festa da Associa\u00e7\u00e3o, em julho; <br>Festa de S. Jo\u00e3o, no terceiro domingo de agosto;<br> e a festa do Cora\u00e7\u00e3o de Jesus, em junho.<\/td><\/tr><\/tbody><\/table><\/figure>\n<\/div>\n<\/div>\n<\/div><\/div>\n\n\n\n<p class=\"has-medium-font-size wp-block-paragraph\">Para mais informa\u00e7\u00e3o ver Ficheiro PDF do <a href=\"https:\/\/viajarcomtempo.eu\/wp-content\/uploads\/2021\/06\/VilaRei.pdf\" target=\"_blank\" rel=\"noreferrer noopener\">Concelho de Vila de Rei<\/a><\/p>\n<\/div>\n<\/div>\n<\/div><\/div>\n\n\n\n<script>\/\/ <![CDATA[\nfunction goBack() { window.history.back() }\n\/\/ ]]><\/script>\n<button onclick=\"goBack()\"><strong>Voltar \u00e0 p\u00e1gina anterior<\/strong><\/button>\n<br><br>\n","protected":false},"excerpt":{"rendered":"<p>Voltar \u00e0 p\u00e1gina anterior O munic\u00edpio de Vila de Rei est\u00e1 subdividido nas freguesias de Vila de Rei, Fundada e S\u00e3o Jo\u00e3o do Peso. O munic\u00edpio \u00e9 limitado a norte pelo grande munic\u00edpio da Sert\u00e3, a leste por Ma\u00e7\u00e3o, a sul pelo Sardoal e por Abrantes e a Oeste por Ferreira do Z\u00eazere. Foi-lhe outorgado [&hellip;]<\/p>\n","protected":false},"author":1,"featured_media":0,"parent":0,"menu_order":0,"comment_status":"closed","ping_status":"closed","template":"","meta":{"_crdt_document":"","footnotes":""},"class_list":["post-1191","page","type-page","status-publish","hentry","eq-blocks"],"yoast_head":"<!-- This site is optimized with the Yoast SEO plugin v27.3 - https:\/\/yoast.com\/product\/yoast-seo-wordpress\/ -->\n<title>Vila de Rei - Viajar Com Tempo<\/title>\n<meta name=\"robots\" content=\"index, follow, max-snippet:-1, max-image-preview:large, max-video-preview:-1\" \/>\n<link rel=\"canonical\" href=\"https:\/\/viajarcomtempo.eu\/?page_id=1191\" \/>\n<meta property=\"og:locale\" content=\"pt_PT\" \/>\n<meta property=\"og:type\" content=\"article\" \/>\n<meta property=\"og:title\" content=\"Vila de Rei - Viajar Com Tempo\" \/>\n<meta property=\"og:description\" content=\"Voltar \u00e0 p\u00e1gina anterior O munic\u00edpio de Vila de Rei est\u00e1 subdividido nas freguesias de Vila de Rei, Fundada e S\u00e3o Jo\u00e3o do Peso. O munic\u00edpio \u00e9 limitado a norte pelo grande munic\u00edpio da Sert\u00e3, a leste por Ma\u00e7\u00e3o, a sul pelo Sardoal e por Abrantes e a Oeste por Ferreira do Z\u00eazere. Foi-lhe outorgado [&hellip;]\" \/>\n<meta property=\"og:url\" content=\"https:\/\/viajarcomtempo.eu\/?page_id=1191\" \/>\n<meta property=\"og:site_name\" content=\"Viajar Com Tempo\" \/>\n<meta property=\"article:modified_time\" content=\"2021-06-12T18:43:16+00:00\" \/>\n<meta property=\"og:image\" content=\"https:\/\/viajarcomtempo.eu\/wp-content\/uploads\/2021\/06\/VilaRei_MarcoGeodesico_0884.jpg\" \/>\n<meta name=\"twitter:card\" content=\"summary_large_image\" \/>\n<meta name=\"twitter:label1\" content=\"Tempo estimado de leitura\" \/>\n\t<meta name=\"twitter:data1\" content=\"2 minutos\" \/>\n<script type=\"application\/ld+json\" class=\"yoast-schema-graph\">{\"@context\":\"https:\\\/\\\/schema.org\",\"@graph\":[{\"@type\":\"WebPage\",\"@id\":\"https:\\\/\\\/viajarcomtempo.eu\\\/?page_id=1191\",\"url\":\"https:\\\/\\\/viajarcomtempo.eu\\\/?page_id=1191\",\"name\":\"Vila de Rei - Viajar Com Tempo\",\"isPartOf\":{\"@id\":\"https:\\\/\\\/viajarcomtempo.eu\\\/#website\"},\"primaryImageOfPage\":{\"@id\":\"https:\\\/\\\/viajarcomtempo.eu\\\/?page_id=1191#primaryimage\"},\"image\":{\"@id\":\"https:\\\/\\\/viajarcomtempo.eu\\\/?page_id=1191#primaryimage\"},\"thumbnailUrl\":\"https:\\\/\\\/viajarcomtempo.eu\\\/wp-content\\\/uploads\\\/2021\\\/06\\\/VilaRei_MarcoGeodesico_0884.jpg\",\"datePublished\":\"2021-06-10T22:09:37+00:00\",\"dateModified\":\"2021-06-12T18:43:16+00:00\",\"breadcrumb\":{\"@id\":\"https:\\\/\\\/viajarcomtempo.eu\\\/?page_id=1191#breadcrumb\"},\"inLanguage\":\"pt-PT\",\"potentialAction\":[{\"@type\":\"ReadAction\",\"target\":[\"https:\\\/\\\/viajarcomtempo.eu\\\/?page_id=1191\"]}]},{\"@type\":\"ImageObject\",\"inLanguage\":\"pt-PT\",\"@id\":\"https:\\\/\\\/viajarcomtempo.eu\\\/?page_id=1191#primaryimage\",\"url\":\"https:\\\/\\\/viajarcomtempo.eu\\\/wp-content\\\/uploads\\\/2021\\\/06\\\/VilaRei_MarcoGeodesico_0884.jpg\",\"contentUrl\":\"https:\\\/\\\/viajarcomtempo.eu\\\/wp-content\\\/uploads\\\/2021\\\/06\\\/VilaRei_MarcoGeodesico_0884.jpg\",\"width\":666,\"height\":1000},{\"@type\":\"BreadcrumbList\",\"@id\":\"https:\\\/\\\/viajarcomtempo.eu\\\/?page_id=1191#breadcrumb\",\"itemListElement\":[{\"@type\":\"ListItem\",\"position\":1,\"name\":\"In\u00edcio\",\"item\":\"https:\\\/\\\/viajarcomtempo.eu\\\/\"},{\"@type\":\"ListItem\",\"position\":2,\"name\":\"Vila de Rei\"}]},{\"@type\":\"WebSite\",\"@id\":\"https:\\\/\\\/viajarcomtempo.eu\\\/#website\",\"url\":\"https:\\\/\\\/viajarcomtempo.eu\\\/\",\"name\":\"Viajar Com Tempo\",\"description\":\"Roteiros para viajar sem pressa\",\"publisher\":{\"@id\":\"https:\\\/\\\/viajarcomtempo.eu\\\/#\\\/schema\\\/person\\\/2f6c8045b5e07d397d92d8e5cf7aee98\"},\"potentialAction\":[{\"@type\":\"SearchAction\",\"target\":{\"@type\":\"EntryPoint\",\"urlTemplate\":\"https:\\\/\\\/viajarcomtempo.eu\\\/?s={search_term_string}\"},\"query-input\":{\"@type\":\"PropertyValueSpecification\",\"valueRequired\":true,\"valueName\":\"search_term_string\"}}],\"inLanguage\":\"pt-PT\"},{\"@type\":[\"Person\",\"Organization\"],\"@id\":\"https:\\\/\\\/viajarcomtempo.eu\\\/#\\\/schema\\\/person\\\/2f6c8045b5e07d397d92d8e5cf7aee98\",\"name\":\"Jos\u00e9 Salvador\",\"logo\":{\"@id\":\"https:\\\/\\\/viajarcomtempo.eu\\\/#\\\/schema\\\/person\\\/image\\\/\"},\"sameAs\":[\"http:\\\/\\\/viajarcomtempo.eu\"]}]}<\/script>\n<!-- \/ Yoast SEO plugin. -->","yoast_head_json":{"title":"Vila de Rei - Viajar Com Tempo","robots":{"index":"index","follow":"follow","max-snippet":"max-snippet:-1","max-image-preview":"max-image-preview:large","max-video-preview":"max-video-preview:-1"},"canonical":"https:\/\/viajarcomtempo.eu\/?page_id=1191","og_locale":"pt_PT","og_type":"article","og_title":"Vila de Rei - Viajar Com Tempo","og_description":"Voltar \u00e0 p\u00e1gina anterior O munic\u00edpio de Vila de Rei est\u00e1 subdividido nas freguesias de Vila de Rei, Fundada e S\u00e3o Jo\u00e3o do Peso. O munic\u00edpio \u00e9 limitado a norte pelo grande munic\u00edpio da Sert\u00e3, a leste por Ma\u00e7\u00e3o, a sul pelo Sardoal e por Abrantes e a Oeste por Ferreira do Z\u00eazere. Foi-lhe outorgado [&hellip;]","og_url":"https:\/\/viajarcomtempo.eu\/?page_id=1191","og_site_name":"Viajar Com Tempo","article_modified_time":"2021-06-12T18:43:16+00:00","og_image":[{"url":"https:\/\/viajarcomtempo.eu\/wp-content\/uploads\/2021\/06\/VilaRei_MarcoGeodesico_0884.jpg","type":"","width":"","height":""}],"twitter_card":"summary_large_image","twitter_misc":{"Tempo estimado de leitura":"2 minutos"},"schema":{"@context":"https:\/\/schema.org","@graph":[{"@type":"WebPage","@id":"https:\/\/viajarcomtempo.eu\/?page_id=1191","url":"https:\/\/viajarcomtempo.eu\/?page_id=1191","name":"Vila de Rei - Viajar Com Tempo","isPartOf":{"@id":"https:\/\/viajarcomtempo.eu\/#website"},"primaryImageOfPage":{"@id":"https:\/\/viajarcomtempo.eu\/?page_id=1191#primaryimage"},"image":{"@id":"https:\/\/viajarcomtempo.eu\/?page_id=1191#primaryimage"},"thumbnailUrl":"https:\/\/viajarcomtempo.eu\/wp-content\/uploads\/2021\/06\/VilaRei_MarcoGeodesico_0884.jpg","datePublished":"2021-06-10T22:09:37+00:00","dateModified":"2021-06-12T18:43:16+00:00","breadcrumb":{"@id":"https:\/\/viajarcomtempo.eu\/?page_id=1191#breadcrumb"},"inLanguage":"pt-PT","potentialAction":[{"@type":"ReadAction","target":["https:\/\/viajarcomtempo.eu\/?page_id=1191"]}]},{"@type":"ImageObject","inLanguage":"pt-PT","@id":"https:\/\/viajarcomtempo.eu\/?page_id=1191#primaryimage","url":"https:\/\/viajarcomtempo.eu\/wp-content\/uploads\/2021\/06\/VilaRei_MarcoGeodesico_0884.jpg","contentUrl":"https:\/\/viajarcomtempo.eu\/wp-content\/uploads\/2021\/06\/VilaRei_MarcoGeodesico_0884.jpg","width":666,"height":1000},{"@type":"BreadcrumbList","@id":"https:\/\/viajarcomtempo.eu\/?page_id=1191#breadcrumb","itemListElement":[{"@type":"ListItem","position":1,"name":"In\u00edcio","item":"https:\/\/viajarcomtempo.eu\/"},{"@type":"ListItem","position":2,"name":"Vila de Rei"}]},{"@type":"WebSite","@id":"https:\/\/viajarcomtempo.eu\/#website","url":"https:\/\/viajarcomtempo.eu\/","name":"Viajar Com Tempo","description":"Roteiros para viajar sem pressa","publisher":{"@id":"https:\/\/viajarcomtempo.eu\/#\/schema\/person\/2f6c8045b5e07d397d92d8e5cf7aee98"},"potentialAction":[{"@type":"SearchAction","target":{"@type":"EntryPoint","urlTemplate":"https:\/\/viajarcomtempo.eu\/?s={search_term_string}"},"query-input":{"@type":"PropertyValueSpecification","valueRequired":true,"valueName":"search_term_string"}}],"inLanguage":"pt-PT"},{"@type":["Person","Organization"],"@id":"https:\/\/viajarcomtempo.eu\/#\/schema\/person\/2f6c8045b5e07d397d92d8e5cf7aee98","name":"Jos\u00e9 Salvador","logo":{"@id":"https:\/\/viajarcomtempo.eu\/#\/schema\/person\/image\/"},"sameAs":["http:\/\/viajarcomtempo.eu"]}]}},"_links":{"self":[{"href":"https:\/\/viajarcomtempo.eu\/index.php?rest_route=\/wp\/v2\/pages\/1191","targetHints":{"allow":["GET"]}}],"collection":[{"href":"https:\/\/viajarcomtempo.eu\/index.php?rest_route=\/wp\/v2\/pages"}],"about":[{"href":"https:\/\/viajarcomtempo.eu\/index.php?rest_route=\/wp\/v2\/types\/page"}],"author":[{"embeddable":true,"href":"https:\/\/viajarcomtempo.eu\/index.php?rest_route=\/wp\/v2\/users\/1"}],"replies":[{"embeddable":true,"href":"https:\/\/viajarcomtempo.eu\/index.php?rest_route=%2Fwp%2Fv2%2Fcomments&post=1191"}],"version-history":[{"count":8,"href":"https:\/\/viajarcomtempo.eu\/index.php?rest_route=\/wp\/v2\/pages\/1191\/revisions"}],"predecessor-version":[{"id":1313,"href":"https:\/\/viajarcomtempo.eu\/index.php?rest_route=\/wp\/v2\/pages\/1191\/revisions\/1313"}],"wp:attachment":[{"href":"https:\/\/viajarcomtempo.eu\/index.php?rest_route=%2Fwp%2Fv2%2Fmedia&parent=1191"}],"curies":[{"name":"wp","href":"https:\/\/api.w.org\/{rel}","templated":true}]}}