{"id":12,"date":"2021-02-17T14:04:02","date_gmt":"2021-02-17T14:04:02","guid":{"rendered":"http:\/\/viajarcomtempo.eu\/?page_id=12"},"modified":"2021-02-25T22:22:09","modified_gmt":"2021-02-25T22:22:09","slug":"siglas","status":"publish","type":"page","link":"https:\/\/viajarcomtempo.eu\/?page_id=12","title":{"rendered":"Siglas"},"content":{"rendered":"\n\n<script>\/\/ <![CDATA[\nfunction goBack() { window.history.back() }\n\/\/ ]]><\/script>\n<button onclick=\"goBack()\"><strong>Voltar \u00e0 p\u00e1gina anterior<\/strong><\/button>\n<br><br>\n\n\n\n\n<p class=\"wp-block-paragraph\">A todo o momento somos invadidos por <strong>siglas <\/strong>cujo significado n\u00e3o \u00e9 evidente e \u00e9 diferente de atividade para atividade. \u00c9 normal que nas \u00e1reas relacionadas com turismo e viagens a situa\u00e7\u00e3o seja id\u00eantica. O objetivo desta p\u00e1gina \u00e9 minimizar esta situa\u00e7\u00e3o listando algumas dessas sigas e apresentando o respetivo significado.<\/p>\n\n\n\n<table id=\"tablepress-2\" class=\"tablepress tablepress-id-2\">\n<thead>\n<tr class=\"row-1\">\n\t<th class=\"column-1\">Sigla <\/th><th class=\"column-2\">Contexto<\/th><th class=\"column-3\">Significado<\/th>\n<\/tr>\n<\/thead>\n<tbody class=\"row-striping row-hover\">\n<tr class=\"row-2\">\n\t<td class=\"column-1\">APA<\/td><td class=\"column-2\">Hotelaria<\/td><td class=\"column-3\">Alojamento e Pequeno -almo\u00e7o<\/td>\n<\/tr>\n<tr class=\"row-3\">\n\t<td class=\"column-1\">SA<\/td><td class=\"column-2\">Hotelaria<\/td><td class=\"column-3\">S\u00f3 Alojamento<\/td>\n<\/tr>\n<tr class=\"row-4\">\n\t<td class=\"column-1\">MP<\/td><td class=\"column-2\">Hotelaria<\/td><td class=\"column-3\">Meia pens\u00e3o, isto \u00e9, pequeno-almo\u00e7o e geralmente jantar.<\/td>\n<\/tr>\n<tr class=\"row-5\">\n\t<td class=\"column-1\">PC<\/td><td class=\"column-2\">Hotelaria<\/td><td class=\"column-3\">Pens\u00e3o completa, isto \u00e9, pequeno-almo\u00e7o, almo\u00e7o e jantar.<\/td>\n<\/tr>\n<tr class=\"row-6\">\n\t<td class=\"column-1\">TI<\/td><td class=\"column-2\">Hotelaria<\/td><td class=\"column-3\">Tudo inclu\u00eddo, isto \u00e9, os servi\u00e7os de PC mais os especificados em cada caso.<\/td>\n<\/tr>\n<tr class=\"row-7\">\n\t<td class=\"column-1\">SP<\/td><td class=\"column-2\">Hotelaria<\/td><td class=\"column-3\">Segundo programa (a consultar com o pr\u00f3prio hotel).<\/td>\n<\/tr>\n<tr class=\"row-8\">\n\t<td class=\"column-1\">HM<\/td><td class=\"column-2\">Hotelaria<\/td><td class=\"column-3\">Primeiro dia s\u00f3 alojamento, segundo dia meia pens\u00e3o e terceiro dia pequeno-almo\u00e7o (esta combina\u00e7\u00e3o costuma ser aplicada em pacotes de neve ou escapadinhas de fim-de-semana: sexta a domingo).<\/td>\n<\/tr>\n<\/tbody>\n<\/table>\n<!-- #tablepress-2 from cache -->\n\n\n\n<script>\/\/ <![CDATA[\nfunction goBack() { window.history.back() }\n\/\/ ]]><\/script>\n<button onclick=\"goBack()\"><strong>Voltar \u00e0 p\u00e1gina anterior<\/strong><\/button>\n<br><br>\n","protected":false},"excerpt":{"rendered":"<p>Voltar \u00e0 p\u00e1gina anterior A todo o momento somos invadidos por siglas cujo significado n\u00e3o \u00e9 evidente e \u00e9 diferente de atividade para atividade. \u00c9 normal que nas \u00e1reas relacionadas com turismo e viagens a situa\u00e7\u00e3o seja id\u00eantica. O objetivo desta p\u00e1gina \u00e9 minimizar esta situa\u00e7\u00e3o listando algumas dessas sigas e apresentando o respetivo significado. [&hellip;]<\/p>\n","protected":false},"author":1,"featured_media":0,"parent":0,"menu_order":0,"comment_status":"closed","ping_status":"closed","template":"fullwidth.php","meta":{"_crdt_document":"","footnotes":""},"class_list":["post-12","page","type-page","status-publish","hentry","eq-blocks"],"yoast_head":"<!-- This site is optimized with the Yoast SEO plugin v27.3 - https:\/\/yoast.com\/product\/yoast-seo-wordpress\/ -->\n<title>Siglas - Viajar Com Tempo<\/title>\n<meta name=\"robots\" content=\"index, follow, max-snippet:-1, max-image-preview:large, max-video-preview:-1\" \/>\n<link rel=\"canonical\" href=\"https:\/\/viajarcomtempo.eu\/?page_id=12\" \/>\n<meta property=\"og:locale\" content=\"pt_PT\" \/>\n<meta property=\"og:type\" content=\"article\" \/>\n<meta property=\"og:title\" content=\"Siglas - Viajar Com Tempo\" \/>\n<meta property=\"og:description\" content=\"Voltar \u00e0 p\u00e1gina anterior A todo o momento somos invadidos por siglas cujo significado n\u00e3o \u00e9 evidente e \u00e9 diferente de atividade para atividade. \u00c9 normal que nas \u00e1reas relacionadas com turismo e viagens a situa\u00e7\u00e3o seja id\u00eantica. O objetivo desta p\u00e1gina \u00e9 minimizar esta situa\u00e7\u00e3o listando algumas dessas sigas e apresentando o respetivo significado. [&hellip;]\" \/>\n<meta property=\"og:url\" content=\"https:\/\/viajarcomtempo.eu\/?page_id=12\" \/>\n<meta property=\"og:site_name\" content=\"Viajar Com Tempo\" \/>\n<meta property=\"article:modified_time\" content=\"2021-02-25T22:22:09+00:00\" \/>\n<meta name=\"twitter:card\" content=\"summary_large_image\" \/>\n<script type=\"application\/ld+json\" class=\"yoast-schema-graph\">{\"@context\":\"https:\\\/\\\/schema.org\",\"@graph\":[{\"@type\":\"WebPage\",\"@id\":\"https:\\\/\\\/viajarcomtempo.eu\\\/?page_id=12\",\"url\":\"https:\\\/\\\/viajarcomtempo.eu\\\/?page_id=12\",\"name\":\"Siglas - Viajar Com Tempo\",\"isPartOf\":{\"@id\":\"https:\\\/\\\/viajarcomtempo.eu\\\/#website\"},\"datePublished\":\"2021-02-17T14:04:02+00:00\",\"dateModified\":\"2021-02-25T22:22:09+00:00\",\"breadcrumb\":{\"@id\":\"https:\\\/\\\/viajarcomtempo.eu\\\/?page_id=12#breadcrumb\"},\"inLanguage\":\"pt-PT\",\"potentialAction\":[{\"@type\":\"ReadAction\",\"target\":[\"https:\\\/\\\/viajarcomtempo.eu\\\/?page_id=12\"]}]},{\"@type\":\"BreadcrumbList\",\"@id\":\"https:\\\/\\\/viajarcomtempo.eu\\\/?page_id=12#breadcrumb\",\"itemListElement\":[{\"@type\":\"ListItem\",\"position\":1,\"name\":\"In\u00edcio\",\"item\":\"https:\\\/\\\/viajarcomtempo.eu\\\/\"},{\"@type\":\"ListItem\",\"position\":2,\"name\":\"Siglas\"}]},{\"@type\":\"WebSite\",\"@id\":\"https:\\\/\\\/viajarcomtempo.eu\\\/#website\",\"url\":\"https:\\\/\\\/viajarcomtempo.eu\\\/\",\"name\":\"Viajar Com Tempo\",\"description\":\"Roteiros para viajar sem pressa\",\"publisher\":{\"@id\":\"https:\\\/\\\/viajarcomtempo.eu\\\/#\\\/schema\\\/person\\\/2f6c8045b5e07d397d92d8e5cf7aee98\"},\"potentialAction\":[{\"@type\":\"SearchAction\",\"target\":{\"@type\":\"EntryPoint\",\"urlTemplate\":\"https:\\\/\\\/viajarcomtempo.eu\\\/?s={search_term_string}\"},\"query-input\":{\"@type\":\"PropertyValueSpecification\",\"valueRequired\":true,\"valueName\":\"search_term_string\"}}],\"inLanguage\":\"pt-PT\"},{\"@type\":[\"Person\",\"Organization\"],\"@id\":\"https:\\\/\\\/viajarcomtempo.eu\\\/#\\\/schema\\\/person\\\/2f6c8045b5e07d397d92d8e5cf7aee98\",\"name\":\"Jos\u00e9 Salvador\",\"logo\":{\"@id\":\"https:\\\/\\\/viajarcomtempo.eu\\\/#\\\/schema\\\/person\\\/image\\\/\"},\"sameAs\":[\"http:\\\/\\\/viajarcomtempo.eu\"]}]}<\/script>\n<!-- \/ Yoast SEO plugin. -->","yoast_head_json":{"title":"Siglas - Viajar Com Tempo","robots":{"index":"index","follow":"follow","max-snippet":"max-snippet:-1","max-image-preview":"max-image-preview:large","max-video-preview":"max-video-preview:-1"},"canonical":"https:\/\/viajarcomtempo.eu\/?page_id=12","og_locale":"pt_PT","og_type":"article","og_title":"Siglas - Viajar Com Tempo","og_description":"Voltar \u00e0 p\u00e1gina anterior A todo o momento somos invadidos por siglas cujo significado n\u00e3o \u00e9 evidente e \u00e9 diferente de atividade para atividade. \u00c9 normal que nas \u00e1reas relacionadas com turismo e viagens a situa\u00e7\u00e3o seja id\u00eantica. O objetivo desta p\u00e1gina \u00e9 minimizar esta situa\u00e7\u00e3o listando algumas dessas sigas e apresentando o respetivo significado. [&hellip;]","og_url":"https:\/\/viajarcomtempo.eu\/?page_id=12","og_site_name":"Viajar Com Tempo","article_modified_time":"2021-02-25T22:22:09+00:00","twitter_card":"summary_large_image","schema":{"@context":"https:\/\/schema.org","@graph":[{"@type":"WebPage","@id":"https:\/\/viajarcomtempo.eu\/?page_id=12","url":"https:\/\/viajarcomtempo.eu\/?page_id=12","name":"Siglas - Viajar Com Tempo","isPartOf":{"@id":"https:\/\/viajarcomtempo.eu\/#website"},"datePublished":"2021-02-17T14:04:02+00:00","dateModified":"2021-02-25T22:22:09+00:00","breadcrumb":{"@id":"https:\/\/viajarcomtempo.eu\/?page_id=12#breadcrumb"},"inLanguage":"pt-PT","potentialAction":[{"@type":"ReadAction","target":["https:\/\/viajarcomtempo.eu\/?page_id=12"]}]},{"@type":"BreadcrumbList","@id":"https:\/\/viajarcomtempo.eu\/?page_id=12#breadcrumb","itemListElement":[{"@type":"ListItem","position":1,"name":"In\u00edcio","item":"https:\/\/viajarcomtempo.eu\/"},{"@type":"ListItem","position":2,"name":"Siglas"}]},{"@type":"WebSite","@id":"https:\/\/viajarcomtempo.eu\/#website","url":"https:\/\/viajarcomtempo.eu\/","name":"Viajar Com Tempo","description":"Roteiros para viajar sem pressa","publisher":{"@id":"https:\/\/viajarcomtempo.eu\/#\/schema\/person\/2f6c8045b5e07d397d92d8e5cf7aee98"},"potentialAction":[{"@type":"SearchAction","target":{"@type":"EntryPoint","urlTemplate":"https:\/\/viajarcomtempo.eu\/?s={search_term_string}"},"query-input":{"@type":"PropertyValueSpecification","valueRequired":true,"valueName":"search_term_string"}}],"inLanguage":"pt-PT"},{"@type":["Person","Organization"],"@id":"https:\/\/viajarcomtempo.eu\/#\/schema\/person\/2f6c8045b5e07d397d92d8e5cf7aee98","name":"Jos\u00e9 Salvador","logo":{"@id":"https:\/\/viajarcomtempo.eu\/#\/schema\/person\/image\/"},"sameAs":["http:\/\/viajarcomtempo.eu"]}]}},"_links":{"self":[{"href":"https:\/\/viajarcomtempo.eu\/index.php?rest_route=\/wp\/v2\/pages\/12","targetHints":{"allow":["GET"]}}],"collection":[{"href":"https:\/\/viajarcomtempo.eu\/index.php?rest_route=\/wp\/v2\/pages"}],"about":[{"href":"https:\/\/viajarcomtempo.eu\/index.php?rest_route=\/wp\/v2\/types\/page"}],"author":[{"embeddable":true,"href":"https:\/\/viajarcomtempo.eu\/index.php?rest_route=\/wp\/v2\/users\/1"}],"replies":[{"embeddable":true,"href":"https:\/\/viajarcomtempo.eu\/index.php?rest_route=%2Fwp%2Fv2%2Fcomments&post=12"}],"version-history":[{"count":11,"href":"https:\/\/viajarcomtempo.eu\/index.php?rest_route=\/wp\/v2\/pages\/12\/revisions"}],"predecessor-version":[{"id":792,"href":"https:\/\/viajarcomtempo.eu\/index.php?rest_route=\/wp\/v2\/pages\/12\/revisions\/792"}],"wp:attachment":[{"href":"https:\/\/viajarcomtempo.eu\/index.php?rest_route=%2Fwp%2Fv2%2Fmedia&parent=12"}],"curies":[{"name":"wp","href":"https:\/\/api.w.org\/{rel}","templated":true}]}}