{"id":1342,"date":"2021-09-08T14:47:56","date_gmt":"2021-09-08T14:47:56","guid":{"rendered":"https:\/\/viajarcomtempo.eu\/?page_id=1342"},"modified":"2021-09-08T14:47:57","modified_gmt":"2021-09-08T14:47:57","slug":"chaves-3-5-2-2-4-2","status":"publish","type":"page","link":"https:\/\/viajarcomtempo.eu\/?page_id=1342","title":{"rendered":"Ponte de Sor"},"content":{"rendered":"\n<script>\/\/ <![CDATA[\nfunction goBack() { window.history.back() }\n\/\/ ]]><\/script>\n<button onclick=\"goBack()\"><strong>Voltar \u00e0 p\u00e1gina anterior<\/strong><\/button>\n<br><br>\n\n\n\n<p class=\"wp-block-paragraph\"> Ponte de Sor \u00e9 um vasto concelho, situada na extensa regi\u00e3o alentejana, bem na jun\u00e7\u00e3o com a regi\u00e3o Ribatejana, \u00e9 caracterizada pelas lez\u00edrias do Sor e grandes campos de cultivo que circundam a cidade. Ponte de Sor deve o seu nome \u00e0 primitiva ponte romana, que integrava o percurso da 3\u00aa via militar que ligava Lisboa a M\u00e9rida.<\/p>\n\n\n\n<p class=\"wp-block-paragraph\">No reinado de D. Sancho I, em 1199, a S\u00e9 de \u00c9vora concedeu o primeiro foral \u00e0 vila e em agosto de 1514, foi-lhe outorgado novo foral, por D. Manuel I. Foi elevada a cidade em 8 de julho de 1985 <\/p>\n\n\n\n<div class=\"wp-block-group\"><div class=\"wp-block-group__inner-container is-layout-flow wp-block-group-is-layout-flow\">\n<div class=\"wp-block-columns is-layout-flex wp-container-core-columns-is-layout-8f761849 wp-block-columns-is-layout-flex\">\n<div class=\"wp-block-column is-layout-flow wp-block-column-is-layout-flow\" style=\"flex-basis:100%\">\n<div class=\"wp-block-group\"><div class=\"wp-block-group__inner-container is-layout-flow wp-block-group-is-layout-flow\">\n<div class=\"wp-block-columns is-layout-flex wp-container-core-columns-is-layout-8f761849 wp-block-columns-is-layout-flex\">\n<div class=\"wp-block-column is-layout-flow wp-block-column-is-layout-flow\" style=\"flex-basis:100%\">\n<figure class=\"wp-block-table is-style-regular\"><table class=\"has-background\" style=\"background-color:#e7f5fe\"><tbody><tr><td><strong>Site da CM de Ponte de Sor<\/strong><\/td><td><a href=\"https:\/\/www.cm-pontedesor.pt\/\" target=\"_blank\" rel=\"noreferrer noopener\">https:\/\/www.cm-pontedesor.pt\/<\/a><\/td><\/tr><tr><td><strong>Posto de Turismo<\/strong><\/td><td><a href=\"mailto:turismo@cm-pontedesor.pt\" target=\"_blank\" rel=\"noreferrer noopener\">turismo@cm-pontedesor.pt<\/a><\/td><\/tr><tr><td><strong>Naturais de <strong>Ponte de Sor<\/strong><\/strong><\/td><td><strong>Ponte-Sorense<\/strong><\/td><\/tr><tr><td><strong>Artesanato<\/strong><\/td><td>Bordados, rendas, malhas, cestaria de vime e trabalhos decorativos de corti\u00e7a, de m\u00e1rmore e de madeira.<br><\/td><\/tr><tr><td><strong>Festas e Romarias<\/strong><\/td><td>Festas da cidade, na segunda semana de julho.<br>Festa de Nossa Senhora dos Prazeres, entre 13 e 15 de agosto.<br>Feira de\u00a0S\u00e3o Jos\u00e9, no dia 19 de mar\u00e7o.<br>Feira de S. Francisco, que decorre de 4 a 6 de outubro.<br>Festival Internacional de Bal\u00f5es de Ar Quente em Ponte de Sor , normalmente em Novembro<\/td><\/tr><\/tbody><\/table><\/figure>\n<\/div>\n<\/div>\n<\/div><\/div>\n\n\n\n<p class=\"has-medium-font-size wp-block-paragraph\">Para mais informa\u00e7\u00e3o ver Ficheiro PDF do <a href=\"https:\/\/viajarcomtempo.eu\/wp-content\/uploads\/2021\/09\/PonteSor.pdf\" target=\"_blank\" rel=\"noreferrer noopener\">Concelho de Ponte de Sor<\/a><\/p>\n<\/div>\n<\/div>\n<\/div><\/div>\n\n\n\n<script>\/\/ <![CDATA[\nfunction goBack() { window.history.back() }\n\/\/ ]]><\/script>\n<button onclick=\"goBack()\"><strong>Voltar \u00e0 p\u00e1gina anterior<\/strong><\/button>\n<br><br>\n","protected":false},"excerpt":{"rendered":"<p>Voltar \u00e0 p\u00e1gina anterior Ponte de Sor \u00e9 um vasto concelho, situada na extensa regi\u00e3o alentejana, bem na jun\u00e7\u00e3o com a regi\u00e3o Ribatejana, \u00e9 caracterizada pelas lez\u00edrias do Sor e grandes campos de cultivo que circundam a cidade. Ponte de Sor deve o seu nome \u00e0 primitiva ponte romana, que integrava o percurso da 3\u00aa [&hellip;]<\/p>\n","protected":false},"author":1,"featured_media":0,"parent":0,"menu_order":0,"comment_status":"closed","ping_status":"closed","template":"","meta":{"_crdt_document":"","footnotes":""},"class_list":["post-1342","page","type-page","status-publish","hentry","eq-blocks"],"yoast_head":"<!-- This site is optimized with the Yoast SEO plugin v27.3 - https:\/\/yoast.com\/product\/yoast-seo-wordpress\/ -->\n<title>Ponte de Sor - Viajar Com Tempo<\/title>\n<meta name=\"robots\" content=\"index, follow, max-snippet:-1, max-image-preview:large, max-video-preview:-1\" \/>\n<link rel=\"canonical\" href=\"https:\/\/viajarcomtempo.eu\/?page_id=1342\" \/>\n<meta property=\"og:locale\" content=\"pt_PT\" \/>\n<meta property=\"og:type\" content=\"article\" \/>\n<meta property=\"og:title\" content=\"Ponte de Sor - Viajar Com Tempo\" \/>\n<meta property=\"og:description\" content=\"Voltar \u00e0 p\u00e1gina anterior Ponte de Sor \u00e9 um vasto concelho, situada na extensa regi\u00e3o alentejana, bem na jun\u00e7\u00e3o com a regi\u00e3o Ribatejana, \u00e9 caracterizada pelas lez\u00edrias do Sor e grandes campos de cultivo que circundam a cidade. Ponte de Sor deve o seu nome \u00e0 primitiva ponte romana, que integrava o percurso da 3\u00aa [&hellip;]\" \/>\n<meta property=\"og:url\" content=\"https:\/\/viajarcomtempo.eu\/?page_id=1342\" \/>\n<meta property=\"og:site_name\" content=\"Viajar Com Tempo\" \/>\n<meta property=\"article:modified_time\" content=\"2021-09-08T14:47:57+00:00\" \/>\n<meta name=\"twitter:card\" content=\"summary_large_image\" \/>\n<meta name=\"twitter:label1\" content=\"Tempo estimado de leitura\" \/>\n\t<meta name=\"twitter:data1\" content=\"1 minuto\" \/>\n<script type=\"application\/ld+json\" class=\"yoast-schema-graph\">{\"@context\":\"https:\\\/\\\/schema.org\",\"@graph\":[{\"@type\":\"WebPage\",\"@id\":\"https:\\\/\\\/viajarcomtempo.eu\\\/?page_id=1342\",\"url\":\"https:\\\/\\\/viajarcomtempo.eu\\\/?page_id=1342\",\"name\":\"Ponte de Sor - Viajar Com Tempo\",\"isPartOf\":{\"@id\":\"https:\\\/\\\/viajarcomtempo.eu\\\/#website\"},\"datePublished\":\"2021-09-08T14:47:56+00:00\",\"dateModified\":\"2021-09-08T14:47:57+00:00\",\"breadcrumb\":{\"@id\":\"https:\\\/\\\/viajarcomtempo.eu\\\/?page_id=1342#breadcrumb\"},\"inLanguage\":\"pt-PT\",\"potentialAction\":[{\"@type\":\"ReadAction\",\"target\":[\"https:\\\/\\\/viajarcomtempo.eu\\\/?page_id=1342\"]}]},{\"@type\":\"BreadcrumbList\",\"@id\":\"https:\\\/\\\/viajarcomtempo.eu\\\/?page_id=1342#breadcrumb\",\"itemListElement\":[{\"@type\":\"ListItem\",\"position\":1,\"name\":\"In\u00edcio\",\"item\":\"https:\\\/\\\/viajarcomtempo.eu\\\/\"},{\"@type\":\"ListItem\",\"position\":2,\"name\":\"Ponte de Sor\"}]},{\"@type\":\"WebSite\",\"@id\":\"https:\\\/\\\/viajarcomtempo.eu\\\/#website\",\"url\":\"https:\\\/\\\/viajarcomtempo.eu\\\/\",\"name\":\"Viajar Com Tempo\",\"description\":\"Roteiros para viajar sem pressa\",\"publisher\":{\"@id\":\"https:\\\/\\\/viajarcomtempo.eu\\\/#\\\/schema\\\/person\\\/2f6c8045b5e07d397d92d8e5cf7aee98\"},\"potentialAction\":[{\"@type\":\"SearchAction\",\"target\":{\"@type\":\"EntryPoint\",\"urlTemplate\":\"https:\\\/\\\/viajarcomtempo.eu\\\/?s={search_term_string}\"},\"query-input\":{\"@type\":\"PropertyValueSpecification\",\"valueRequired\":true,\"valueName\":\"search_term_string\"}}],\"inLanguage\":\"pt-PT\"},{\"@type\":[\"Person\",\"Organization\"],\"@id\":\"https:\\\/\\\/viajarcomtempo.eu\\\/#\\\/schema\\\/person\\\/2f6c8045b5e07d397d92d8e5cf7aee98\",\"name\":\"Jos\u00e9 Salvador\",\"logo\":{\"@id\":\"https:\\\/\\\/viajarcomtempo.eu\\\/#\\\/schema\\\/person\\\/image\\\/\"},\"sameAs\":[\"http:\\\/\\\/viajarcomtempo.eu\"]}]}<\/script>\n<!-- \/ Yoast SEO plugin. -->","yoast_head_json":{"title":"Ponte de Sor - Viajar Com Tempo","robots":{"index":"index","follow":"follow","max-snippet":"max-snippet:-1","max-image-preview":"max-image-preview:large","max-video-preview":"max-video-preview:-1"},"canonical":"https:\/\/viajarcomtempo.eu\/?page_id=1342","og_locale":"pt_PT","og_type":"article","og_title":"Ponte de Sor - Viajar Com Tempo","og_description":"Voltar \u00e0 p\u00e1gina anterior Ponte de Sor \u00e9 um vasto concelho, situada na extensa regi\u00e3o alentejana, bem na jun\u00e7\u00e3o com a regi\u00e3o Ribatejana, \u00e9 caracterizada pelas lez\u00edrias do Sor e grandes campos de cultivo que circundam a cidade. Ponte de Sor deve o seu nome \u00e0 primitiva ponte romana, que integrava o percurso da 3\u00aa [&hellip;]","og_url":"https:\/\/viajarcomtempo.eu\/?page_id=1342","og_site_name":"Viajar Com Tempo","article_modified_time":"2021-09-08T14:47:57+00:00","twitter_card":"summary_large_image","twitter_misc":{"Tempo estimado de leitura":"1 minuto"},"schema":{"@context":"https:\/\/schema.org","@graph":[{"@type":"WebPage","@id":"https:\/\/viajarcomtempo.eu\/?page_id=1342","url":"https:\/\/viajarcomtempo.eu\/?page_id=1342","name":"Ponte de Sor - Viajar Com Tempo","isPartOf":{"@id":"https:\/\/viajarcomtempo.eu\/#website"},"datePublished":"2021-09-08T14:47:56+00:00","dateModified":"2021-09-08T14:47:57+00:00","breadcrumb":{"@id":"https:\/\/viajarcomtempo.eu\/?page_id=1342#breadcrumb"},"inLanguage":"pt-PT","potentialAction":[{"@type":"ReadAction","target":["https:\/\/viajarcomtempo.eu\/?page_id=1342"]}]},{"@type":"BreadcrumbList","@id":"https:\/\/viajarcomtempo.eu\/?page_id=1342#breadcrumb","itemListElement":[{"@type":"ListItem","position":1,"name":"In\u00edcio","item":"https:\/\/viajarcomtempo.eu\/"},{"@type":"ListItem","position":2,"name":"Ponte de Sor"}]},{"@type":"WebSite","@id":"https:\/\/viajarcomtempo.eu\/#website","url":"https:\/\/viajarcomtempo.eu\/","name":"Viajar Com Tempo","description":"Roteiros para viajar sem pressa","publisher":{"@id":"https:\/\/viajarcomtempo.eu\/#\/schema\/person\/2f6c8045b5e07d397d92d8e5cf7aee98"},"potentialAction":[{"@type":"SearchAction","target":{"@type":"EntryPoint","urlTemplate":"https:\/\/viajarcomtempo.eu\/?s={search_term_string}"},"query-input":{"@type":"PropertyValueSpecification","valueRequired":true,"valueName":"search_term_string"}}],"inLanguage":"pt-PT"},{"@type":["Person","Organization"],"@id":"https:\/\/viajarcomtempo.eu\/#\/schema\/person\/2f6c8045b5e07d397d92d8e5cf7aee98","name":"Jos\u00e9 Salvador","logo":{"@id":"https:\/\/viajarcomtempo.eu\/#\/schema\/person\/image\/"},"sameAs":["http:\/\/viajarcomtempo.eu"]}]}},"_links":{"self":[{"href":"https:\/\/viajarcomtempo.eu\/index.php?rest_route=\/wp\/v2\/pages\/1342","targetHints":{"allow":["GET"]}}],"collection":[{"href":"https:\/\/viajarcomtempo.eu\/index.php?rest_route=\/wp\/v2\/pages"}],"about":[{"href":"https:\/\/viajarcomtempo.eu\/index.php?rest_route=\/wp\/v2\/types\/page"}],"author":[{"embeddable":true,"href":"https:\/\/viajarcomtempo.eu\/index.php?rest_route=\/wp\/v2\/users\/1"}],"replies":[{"embeddable":true,"href":"https:\/\/viajarcomtempo.eu\/index.php?rest_route=%2Fwp%2Fv2%2Fcomments&post=1342"}],"version-history":[{"count":1,"href":"https:\/\/viajarcomtempo.eu\/index.php?rest_route=\/wp\/v2\/pages\/1342\/revisions"}],"predecessor-version":[{"id":1345,"href":"https:\/\/viajarcomtempo.eu\/index.php?rest_route=\/wp\/v2\/pages\/1342\/revisions\/1345"}],"wp:attachment":[{"href":"https:\/\/viajarcomtempo.eu\/index.php?rest_route=%2Fwp%2Fv2%2Fmedia&parent=1342"}],"curies":[{"name":"wp","href":"https:\/\/api.w.org\/{rel}","templated":true}]}}