{"id":1365,"date":"2021-09-08T15:49:16","date_gmt":"2021-09-08T15:49:16","guid":{"rendered":"https:\/\/viajarcomtempo.eu\/?page_id=1365"},"modified":"2021-09-09T22:32:36","modified_gmt":"2021-09-09T22:32:36","slug":"chaves-3-5-2-2-4-2-2-2-2","status":"publish","type":"page","link":"https:\/\/viajarcomtempo.eu\/?page_id=1365","title":{"rendered":"Coruche"},"content":{"rendered":"\n<script>\/\/ <![CDATA[\nfunction goBack() { window.history.back() }\n\/\/ ]]><\/script>\n<button onclick=\"goBack()\"><strong>Voltar \u00e0 p\u00e1gina anterior<\/strong><\/button>\n<br><br>\n\n\n\n<p class=\"wp-block-paragraph\">O concelho de Coruche \u00e9 o concelho mais extenso do distrito de Santar\u00e9m e o 10.\u00ba a n\u00edvel nacional. Existem vest\u00edgios megal\u00edticos, da \u00e9poca romana e da presen\u00e7a isl\u00e2mica.<\/p>\n\n\n\n<p class=\"wp-block-paragraph\">D. Afonso Henriques&nbsp;chega a Coruche em 1166, e outorga o primeiro&nbsp;foral&nbsp;em 26 de maio de 1182, segundo o modelo do foral de&nbsp;\u00c9vora, confirmado por&nbsp;D. Sancho I, em 1189, e por&nbsp;D. Afonso II, em 1218, mantendo-se at\u00e9&nbsp;D. Manuel, quando este, no&nbsp;s\u00e9culo XVI, procede \u00e0 reforma dos forais.<\/p>\n\n\n\n<div class=\"wp-block-group\"><div class=\"wp-block-group__inner-container is-layout-flow wp-block-group-is-layout-flow\">\n<div class=\"wp-block-columns is-layout-flex wp-container-core-columns-is-layout-8f761849 wp-block-columns-is-layout-flex\">\n<div class=\"wp-block-column is-layout-flow wp-block-column-is-layout-flow\" style=\"flex-basis:100%\">\n<div class=\"wp-block-group\"><div class=\"wp-block-group__inner-container is-layout-flow wp-block-group-is-layout-flow\">\n<div class=\"wp-block-columns is-layout-flex wp-container-core-columns-is-layout-8f761849 wp-block-columns-is-layout-flex\">\n<div class=\"wp-block-column is-layout-flow wp-block-column-is-layout-flow\" style=\"flex-basis:100%\">\n<figure class=\"wp-block-table is-style-regular\"><table class=\"has-background\" style=\"background-color:#e7f5fe\"><tbody><tr><td><strong>Site da CM de <\/strong>Coruche<\/td><td><a href=\"https:\/\/www.cm-coruche.pt\/\" target=\"_blank\" rel=\"noreferrer noopener\">https:\/\/www.cm-coruche.pt\/<\/a><\/td><\/tr><tr><td><strong>Posto de Turismo<\/strong><\/td><td><a href=\"mailto:turismo@cm-coruche.pt\">turismo@cm-coruche.pt<\/a><\/td><\/tr><tr><td><strong>Naturais de Coruche<\/strong><\/td><td><strong>Coruchenses<\/strong><\/td><\/tr><tr><td><strong>Artesanato<\/strong><\/td><td>Merecem destaque a cestaria, os trabalhos em chifre, couro, madeira e corti\u00e7a.<\/td><\/tr><tr><td><strong>Festas e Romarias<\/strong><\/td><td><strong>Festas Populares e em Honra de N\u00aa Sr\u00aa do Castelo\u00a0(Agosto<\/strong>)<br><strong>Feira de S. Miguel\u00a0(\u00faltimo fim de semana de Setembro<\/strong>)<\/td><\/tr><\/tbody><\/table><\/figure>\n<\/div>\n<\/div>\n<\/div><\/div>\n\n\n\n<p class=\"has-medium-font-size wp-block-paragraph\">Para mais informa\u00e7\u00e3o ver Ficheiro PDF do <a href=\"https:\/\/viajarcomtempo.eu\/wp-content\/uploads\/2021\/09\/Coruche.pdf\" target=\"_blank\" rel=\"noreferrer noopener\">Concelho de Coruche<\/a><\/p>\n<\/div>\n<\/div>\n<\/div><\/div>\n\n\n\n<script>\/\/ <![CDATA[\nfunction goBack() { window.history.back() }\n\/\/ ]]><\/script>\n<button onclick=\"goBack()\"><strong>Voltar \u00e0 p\u00e1gina anterior<\/strong><\/button>\n<br><br>\n","protected":false},"excerpt":{"rendered":"<p>Voltar \u00e0 p\u00e1gina anterior O concelho de Coruche \u00e9 o concelho mais extenso do distrito de Santar\u00e9m e o 10.\u00ba a n\u00edvel nacional. Existem vest\u00edgios megal\u00edticos, da \u00e9poca romana e da presen\u00e7a isl\u00e2mica. D. Afonso Henriques&nbsp;chega a Coruche em 1166, e outorga o primeiro&nbsp;foral&nbsp;em 26 de maio de 1182, segundo o modelo do foral de&nbsp;\u00c9vora, [&hellip;]<\/p>\n","protected":false},"author":1,"featured_media":0,"parent":0,"menu_order":0,"comment_status":"closed","ping_status":"closed","template":"","meta":{"_crdt_document":"","footnotes":""},"class_list":["post-1365","page","type-page","status-publish","hentry","eq-blocks"],"yoast_head":"<!-- This site is optimized with the Yoast SEO plugin v27.3 - https:\/\/yoast.com\/product\/yoast-seo-wordpress\/ -->\n<title>Coruche - Viajar Com Tempo<\/title>\n<meta name=\"robots\" content=\"index, follow, max-snippet:-1, max-image-preview:large, max-video-preview:-1\" \/>\n<link rel=\"canonical\" href=\"https:\/\/viajarcomtempo.eu\/?page_id=1365\" \/>\n<meta property=\"og:locale\" content=\"pt_PT\" \/>\n<meta property=\"og:type\" content=\"article\" \/>\n<meta property=\"og:title\" content=\"Coruche - Viajar Com Tempo\" \/>\n<meta property=\"og:description\" content=\"Voltar \u00e0 p\u00e1gina anterior O concelho de Coruche \u00e9 o concelho mais extenso do distrito de Santar\u00e9m e o 10.\u00ba a n\u00edvel nacional. Existem vest\u00edgios megal\u00edticos, da \u00e9poca romana e da presen\u00e7a isl\u00e2mica. D. Afonso Henriques&nbsp;chega a Coruche em 1166, e outorga o primeiro&nbsp;foral&nbsp;em 26 de maio de 1182, segundo o modelo do foral de&nbsp;\u00c9vora, [&hellip;]\" \/>\n<meta property=\"og:url\" content=\"https:\/\/viajarcomtempo.eu\/?page_id=1365\" \/>\n<meta property=\"og:site_name\" content=\"Viajar Com Tempo\" \/>\n<meta property=\"article:modified_time\" content=\"2021-09-09T22:32:36+00:00\" \/>\n<meta name=\"twitter:card\" content=\"summary_large_image\" \/>\n<meta name=\"twitter:label1\" content=\"Tempo estimado de leitura\" \/>\n\t<meta name=\"twitter:data1\" content=\"1 minuto\" \/>\n<script type=\"application\/ld+json\" class=\"yoast-schema-graph\">{\"@context\":\"https:\\\/\\\/schema.org\",\"@graph\":[{\"@type\":\"WebPage\",\"@id\":\"https:\\\/\\\/viajarcomtempo.eu\\\/?page_id=1365\",\"url\":\"https:\\\/\\\/viajarcomtempo.eu\\\/?page_id=1365\",\"name\":\"Coruche - Viajar Com Tempo\",\"isPartOf\":{\"@id\":\"https:\\\/\\\/viajarcomtempo.eu\\\/#website\"},\"datePublished\":\"2021-09-08T15:49:16+00:00\",\"dateModified\":\"2021-09-09T22:32:36+00:00\",\"breadcrumb\":{\"@id\":\"https:\\\/\\\/viajarcomtempo.eu\\\/?page_id=1365#breadcrumb\"},\"inLanguage\":\"pt-PT\",\"potentialAction\":[{\"@type\":\"ReadAction\",\"target\":[\"https:\\\/\\\/viajarcomtempo.eu\\\/?page_id=1365\"]}]},{\"@type\":\"BreadcrumbList\",\"@id\":\"https:\\\/\\\/viajarcomtempo.eu\\\/?page_id=1365#breadcrumb\",\"itemListElement\":[{\"@type\":\"ListItem\",\"position\":1,\"name\":\"In\u00edcio\",\"item\":\"https:\\\/\\\/viajarcomtempo.eu\\\/\"},{\"@type\":\"ListItem\",\"position\":2,\"name\":\"Coruche\"}]},{\"@type\":\"WebSite\",\"@id\":\"https:\\\/\\\/viajarcomtempo.eu\\\/#website\",\"url\":\"https:\\\/\\\/viajarcomtempo.eu\\\/\",\"name\":\"Viajar Com Tempo\",\"description\":\"Roteiros para viajar sem pressa\",\"publisher\":{\"@id\":\"https:\\\/\\\/viajarcomtempo.eu\\\/#\\\/schema\\\/person\\\/2f6c8045b5e07d397d92d8e5cf7aee98\"},\"potentialAction\":[{\"@type\":\"SearchAction\",\"target\":{\"@type\":\"EntryPoint\",\"urlTemplate\":\"https:\\\/\\\/viajarcomtempo.eu\\\/?s={search_term_string}\"},\"query-input\":{\"@type\":\"PropertyValueSpecification\",\"valueRequired\":true,\"valueName\":\"search_term_string\"}}],\"inLanguage\":\"pt-PT\"},{\"@type\":[\"Person\",\"Organization\"],\"@id\":\"https:\\\/\\\/viajarcomtempo.eu\\\/#\\\/schema\\\/person\\\/2f6c8045b5e07d397d92d8e5cf7aee98\",\"name\":\"Jos\u00e9 Salvador\",\"logo\":{\"@id\":\"https:\\\/\\\/viajarcomtempo.eu\\\/#\\\/schema\\\/person\\\/image\\\/\"},\"sameAs\":[\"http:\\\/\\\/viajarcomtempo.eu\"]}]}<\/script>\n<!-- \/ Yoast SEO plugin. -->","yoast_head_json":{"title":"Coruche - Viajar Com Tempo","robots":{"index":"index","follow":"follow","max-snippet":"max-snippet:-1","max-image-preview":"max-image-preview:large","max-video-preview":"max-video-preview:-1"},"canonical":"https:\/\/viajarcomtempo.eu\/?page_id=1365","og_locale":"pt_PT","og_type":"article","og_title":"Coruche - Viajar Com Tempo","og_description":"Voltar \u00e0 p\u00e1gina anterior O concelho de Coruche \u00e9 o concelho mais extenso do distrito de Santar\u00e9m e o 10.\u00ba a n\u00edvel nacional. Existem vest\u00edgios megal\u00edticos, da \u00e9poca romana e da presen\u00e7a isl\u00e2mica. D. Afonso Henriques&nbsp;chega a Coruche em 1166, e outorga o primeiro&nbsp;foral&nbsp;em 26 de maio de 1182, segundo o modelo do foral de&nbsp;\u00c9vora, [&hellip;]","og_url":"https:\/\/viajarcomtempo.eu\/?page_id=1365","og_site_name":"Viajar Com Tempo","article_modified_time":"2021-09-09T22:32:36+00:00","twitter_card":"summary_large_image","twitter_misc":{"Tempo estimado de leitura":"1 minuto"},"schema":{"@context":"https:\/\/schema.org","@graph":[{"@type":"WebPage","@id":"https:\/\/viajarcomtempo.eu\/?page_id=1365","url":"https:\/\/viajarcomtempo.eu\/?page_id=1365","name":"Coruche - Viajar Com Tempo","isPartOf":{"@id":"https:\/\/viajarcomtempo.eu\/#website"},"datePublished":"2021-09-08T15:49:16+00:00","dateModified":"2021-09-09T22:32:36+00:00","breadcrumb":{"@id":"https:\/\/viajarcomtempo.eu\/?page_id=1365#breadcrumb"},"inLanguage":"pt-PT","potentialAction":[{"@type":"ReadAction","target":["https:\/\/viajarcomtempo.eu\/?page_id=1365"]}]},{"@type":"BreadcrumbList","@id":"https:\/\/viajarcomtempo.eu\/?page_id=1365#breadcrumb","itemListElement":[{"@type":"ListItem","position":1,"name":"In\u00edcio","item":"https:\/\/viajarcomtempo.eu\/"},{"@type":"ListItem","position":2,"name":"Coruche"}]},{"@type":"WebSite","@id":"https:\/\/viajarcomtempo.eu\/#website","url":"https:\/\/viajarcomtempo.eu\/","name":"Viajar Com Tempo","description":"Roteiros para viajar sem pressa","publisher":{"@id":"https:\/\/viajarcomtempo.eu\/#\/schema\/person\/2f6c8045b5e07d397d92d8e5cf7aee98"},"potentialAction":[{"@type":"SearchAction","target":{"@type":"EntryPoint","urlTemplate":"https:\/\/viajarcomtempo.eu\/?s={search_term_string}"},"query-input":{"@type":"PropertyValueSpecification","valueRequired":true,"valueName":"search_term_string"}}],"inLanguage":"pt-PT"},{"@type":["Person","Organization"],"@id":"https:\/\/viajarcomtempo.eu\/#\/schema\/person\/2f6c8045b5e07d397d92d8e5cf7aee98","name":"Jos\u00e9 Salvador","logo":{"@id":"https:\/\/viajarcomtempo.eu\/#\/schema\/person\/image\/"},"sameAs":["http:\/\/viajarcomtempo.eu"]}]}},"_links":{"self":[{"href":"https:\/\/viajarcomtempo.eu\/index.php?rest_route=\/wp\/v2\/pages\/1365","targetHints":{"allow":["GET"]}}],"collection":[{"href":"https:\/\/viajarcomtempo.eu\/index.php?rest_route=\/wp\/v2\/pages"}],"about":[{"href":"https:\/\/viajarcomtempo.eu\/index.php?rest_route=\/wp\/v2\/types\/page"}],"author":[{"embeddable":true,"href":"https:\/\/viajarcomtempo.eu\/index.php?rest_route=\/wp\/v2\/users\/1"}],"replies":[{"embeddable":true,"href":"https:\/\/viajarcomtempo.eu\/index.php?rest_route=%2Fwp%2Fv2%2Fcomments&post=1365"}],"version-history":[{"count":6,"href":"https:\/\/viajarcomtempo.eu\/index.php?rest_route=\/wp\/v2\/pages\/1365\/revisions"}],"predecessor-version":[{"id":1417,"href":"https:\/\/viajarcomtempo.eu\/index.php?rest_route=\/wp\/v2\/pages\/1365\/revisions\/1417"}],"wp:attachment":[{"href":"https:\/\/viajarcomtempo.eu\/index.php?rest_route=%2Fwp%2Fv2%2Fmedia&parent=1365"}],"curies":[{"name":"wp","href":"https:\/\/api.w.org\/{rel}","templated":true}]}}