{"id":1369,"date":"2021-09-08T15:55:19","date_gmt":"2021-09-08T15:55:19","guid":{"rendered":"https:\/\/viajarcomtempo.eu\/?page_id=1369"},"modified":"2021-09-26T17:49:31","modified_gmt":"2021-09-26T17:49:31","slug":"chaves-3-5-2-2-4-2-2-2-2-2","status":"publish","type":"page","link":"https:\/\/viajarcomtempo.eu\/?page_id=1369","title":{"rendered":"Montemor-o-Novo"},"content":{"rendered":"\n<script>\/\/ <![CDATA[\nfunction goBack() { window.history.back() }\n\/\/ ]]><\/script>\n<button onclick=\"goBack()\"><strong>Voltar \u00e0 p\u00e1gina anterior<\/strong><\/button>\n<br><br>\n\n\n\n<div class=\"wp-block-columns is-layout-flex wp-container-core-columns-is-layout-8f761849 wp-block-columns-is-layout-flex\">\n<div class=\"wp-block-column is-layout-flow wp-block-column-is-layout-flow\" style=\"flex-basis:66.66%\">\n<p class=\"wp-block-paragraph\">Este \u00e9 um dos maiores concelhos, em termos de \u00e1rea, do nosso pa\u00eds, sendo um local repleto de hist\u00f3ria, alguma dela marcante para a defini\u00e7\u00e3o do nosso pa\u00eds como hoje o conhecemos. A paisagem \u00e9 marcada pelos Montados, <strong>puros ou misto, de sobreiro e azinheira, destacam-se os Montados extensos e bem<\/strong> <strong>conservados <\/strong>de Cabrela e Monfurado.<\/p>\n\n\n\n<p class=\"wp-block-paragraph\">Testemunhos de um passado pr\u00e9-hist\u00f3rico, os <strong>monumentos megal\u00edticos<\/strong> encontram-se espalhados um pouco por todo o concelho. <\/p>\n<\/div>\n\n\n\n<div class=\"wp-block-column is-layout-flow wp-block-column-is-layout-flow\" style=\"flex-basis:33.33%\">\n<figure class=\"wp-block-image size-thumbnail is-resized\"><img loading=\"lazy\" decoding=\"async\" src=\"https:\/\/viajarcomtempo.eu\/wp-content\/uploads\/2021\/09\/MontemorNovo_VistoDoCastelo-150x133.gif\" alt=\"\" class=\"wp-image-1627\" width=\"267\" height=\"237\"\/><figcaption>Vista do Castelo &#8211; Foto Viajar Com Tempo 2021<\/figcaption><\/figure>\n\n\n\n<p class=\"wp-block-paragraph\"><\/p>\n<\/div>\n<\/div>\n\n\n\n<div class=\"wp-block-group\"><div class=\"wp-block-group__inner-container is-layout-flow wp-block-group-is-layout-flow\">\n<div class=\"wp-block-columns is-layout-flex wp-container-core-columns-is-layout-8f761849 wp-block-columns-is-layout-flex\">\n<div class=\"wp-block-column is-layout-flow wp-block-column-is-layout-flow\" style=\"flex-basis:100%\">\n<div class=\"wp-block-group\"><div class=\"wp-block-group__inner-container is-layout-flow wp-block-group-is-layout-flow\">\n<div class=\"wp-block-columns is-layout-flex wp-container-core-columns-is-layout-8f761849 wp-block-columns-is-layout-flex\">\n<div class=\"wp-block-column is-layout-flow wp-block-column-is-layout-flow\" style=\"flex-basis:100%\">\n<figure class=\"wp-block-table is-style-regular\"><table class=\"has-background\" style=\"background-color:#e7f5fe\"><tbody><tr><td><strong>Site da CM de Montemor-o-Novo<\/strong><\/td><td><a href=\"https:\/\/www.cm-montemornovo.pt\/\" target=\"_blank\" rel=\"noreferrer noopener\">https:\/\/www.cm-montemornovo.pt\/<\/a><\/td><\/tr><tr><td><strong>Posto de Turismo<\/strong><\/td><td>turismo@cm-montemornovo.pt<\/td><\/tr><tr><td><strong>Naturais de Montemor-o-Novo<\/strong><\/td><td>Montemorense<\/td><\/tr><tr><td><strong>Artesanato<\/strong><\/td><td>Trabalhos de cestaria, t\u00eaxteis, corti\u00e7a e barro.<br>No artesanato merecem destaque a cestaria, os trabalhos em chifre, couro, madeira e corti\u00e7a.<\/td><\/tr><tr><td><strong>Festas e Romarias<\/strong><\/td><td>Feira da Luz \/ Expomor no primeiro fim-de-semana de setembro.<\/td><\/tr><\/tbody><\/table><\/figure>\n<\/div>\n<\/div>\n<\/div><\/div>\n\n\n\n<p class=\"has-medium-font-size wp-block-paragraph\">Para mais informa\u00e7\u00e3o ver Ficheiro PDF do <a href=\"https:\/\/viajarcomtempo.eu\/wp-content\/uploads\/2021\/09\/MontemorNovo.pdf\" target=\"_blank\" rel=\"noreferrer noopener\">Concelho de Montemor-o-Novo<\/a><\/p>\n<\/div>\n<\/div>\n<\/div><\/div>\n\n\n\n<script>\/\/ <![CDATA[\nfunction goBack() { window.history.back() }\n\/\/ ]]><\/script>\n<button onclick=\"goBack()\"><strong>Voltar \u00e0 p\u00e1gina anterior<\/strong><\/button>\n<br><br>\n","protected":false},"excerpt":{"rendered":"<p>Voltar \u00e0 p\u00e1gina anterior Este \u00e9 um dos maiores concelhos, em termos de \u00e1rea, do nosso pa\u00eds, sendo um local repleto de hist\u00f3ria, alguma dela marcante para a defini\u00e7\u00e3o do nosso pa\u00eds como hoje o conhecemos. A paisagem \u00e9 marcada pelos Montados, puros ou misto, de sobreiro e azinheira, destacam-se os Montados extensos e bem [&hellip;]<\/p>\n","protected":false},"author":1,"featured_media":0,"parent":0,"menu_order":0,"comment_status":"closed","ping_status":"closed","template":"","meta":{"_crdt_document":"","footnotes":""},"class_list":["post-1369","page","type-page","status-publish","hentry","eq-blocks"],"yoast_head":"<!-- This site is optimized with the Yoast SEO plugin v27.3 - https:\/\/yoast.com\/product\/yoast-seo-wordpress\/ -->\n<title>Montemor-o-Novo - Viajar Com Tempo<\/title>\n<meta name=\"robots\" content=\"index, follow, max-snippet:-1, max-image-preview:large, max-video-preview:-1\" \/>\n<link rel=\"canonical\" href=\"https:\/\/viajarcomtempo.eu\/?page_id=1369\" \/>\n<meta property=\"og:locale\" content=\"pt_PT\" \/>\n<meta property=\"og:type\" content=\"article\" \/>\n<meta property=\"og:title\" content=\"Montemor-o-Novo - Viajar Com Tempo\" \/>\n<meta property=\"og:description\" content=\"Voltar \u00e0 p\u00e1gina anterior Este \u00e9 um dos maiores concelhos, em termos de \u00e1rea, do nosso pa\u00eds, sendo um local repleto de hist\u00f3ria, alguma dela marcante para a defini\u00e7\u00e3o do nosso pa\u00eds como hoje o conhecemos. A paisagem \u00e9 marcada pelos Montados, puros ou misto, de sobreiro e azinheira, destacam-se os Montados extensos e bem [&hellip;]\" \/>\n<meta property=\"og:url\" content=\"https:\/\/viajarcomtempo.eu\/?page_id=1369\" \/>\n<meta property=\"og:site_name\" content=\"Viajar Com Tempo\" \/>\n<meta property=\"article:modified_time\" content=\"2021-09-26T17:49:31+00:00\" \/>\n<meta property=\"og:image\" content=\"https:\/\/viajarcomtempo.eu\/wp-content\/uploads\/2021\/09\/MontemorNovo_VistoDoCastelo-150x133.gif\" \/>\n<meta name=\"twitter:card\" content=\"summary_large_image\" \/>\n<meta name=\"twitter:label1\" content=\"Tempo estimado de leitura\" \/>\n\t<meta name=\"twitter:data1\" content=\"1 minuto\" \/>\n<script type=\"application\/ld+json\" class=\"yoast-schema-graph\">{\"@context\":\"https:\\\/\\\/schema.org\",\"@graph\":[{\"@type\":\"WebPage\",\"@id\":\"https:\\\/\\\/viajarcomtempo.eu\\\/?page_id=1369\",\"url\":\"https:\\\/\\\/viajarcomtempo.eu\\\/?page_id=1369\",\"name\":\"Montemor-o-Novo - Viajar Com Tempo\",\"isPartOf\":{\"@id\":\"https:\\\/\\\/viajarcomtempo.eu\\\/#website\"},\"primaryImageOfPage\":{\"@id\":\"https:\\\/\\\/viajarcomtempo.eu\\\/?page_id=1369#primaryimage\"},\"image\":{\"@id\":\"https:\\\/\\\/viajarcomtempo.eu\\\/?page_id=1369#primaryimage\"},\"thumbnailUrl\":\"https:\\\/\\\/viajarcomtempo.eu\\\/wp-content\\\/uploads\\\/2021\\\/09\\\/MontemorNovo_VistoDoCastelo-150x133.gif\",\"datePublished\":\"2021-09-08T15:55:19+00:00\",\"dateModified\":\"2021-09-26T17:49:31+00:00\",\"breadcrumb\":{\"@id\":\"https:\\\/\\\/viajarcomtempo.eu\\\/?page_id=1369#breadcrumb\"},\"inLanguage\":\"pt-PT\",\"potentialAction\":[{\"@type\":\"ReadAction\",\"target\":[\"https:\\\/\\\/viajarcomtempo.eu\\\/?page_id=1369\"]}]},{\"@type\":\"ImageObject\",\"inLanguage\":\"pt-PT\",\"@id\":\"https:\\\/\\\/viajarcomtempo.eu\\\/?page_id=1369#primaryimage\",\"url\":\"https:\\\/\\\/viajarcomtempo.eu\\\/wp-content\\\/uploads\\\/2021\\\/09\\\/MontemorNovo_VistoDoCastelo.gif\",\"contentUrl\":\"https:\\\/\\\/viajarcomtempo.eu\\\/wp-content\\\/uploads\\\/2021\\\/09\\\/MontemorNovo_VistoDoCastelo.gif\",\"width\":200,\"height\":133},{\"@type\":\"BreadcrumbList\",\"@id\":\"https:\\\/\\\/viajarcomtempo.eu\\\/?page_id=1369#breadcrumb\",\"itemListElement\":[{\"@type\":\"ListItem\",\"position\":1,\"name\":\"In\u00edcio\",\"item\":\"https:\\\/\\\/viajarcomtempo.eu\\\/\"},{\"@type\":\"ListItem\",\"position\":2,\"name\":\"Montemor-o-Novo\"}]},{\"@type\":\"WebSite\",\"@id\":\"https:\\\/\\\/viajarcomtempo.eu\\\/#website\",\"url\":\"https:\\\/\\\/viajarcomtempo.eu\\\/\",\"name\":\"Viajar Com Tempo\",\"description\":\"Roteiros para viajar sem pressa\",\"publisher\":{\"@id\":\"https:\\\/\\\/viajarcomtempo.eu\\\/#\\\/schema\\\/person\\\/2f6c8045b5e07d397d92d8e5cf7aee98\"},\"potentialAction\":[{\"@type\":\"SearchAction\",\"target\":{\"@type\":\"EntryPoint\",\"urlTemplate\":\"https:\\\/\\\/viajarcomtempo.eu\\\/?s={search_term_string}\"},\"query-input\":{\"@type\":\"PropertyValueSpecification\",\"valueRequired\":true,\"valueName\":\"search_term_string\"}}],\"inLanguage\":\"pt-PT\"},{\"@type\":[\"Person\",\"Organization\"],\"@id\":\"https:\\\/\\\/viajarcomtempo.eu\\\/#\\\/schema\\\/person\\\/2f6c8045b5e07d397d92d8e5cf7aee98\",\"name\":\"Jos\u00e9 Salvador\",\"logo\":{\"@id\":\"https:\\\/\\\/viajarcomtempo.eu\\\/#\\\/schema\\\/person\\\/image\\\/\"},\"sameAs\":[\"http:\\\/\\\/viajarcomtempo.eu\"]}]}<\/script>\n<!-- \/ Yoast SEO plugin. -->","yoast_head_json":{"title":"Montemor-o-Novo - Viajar Com Tempo","robots":{"index":"index","follow":"follow","max-snippet":"max-snippet:-1","max-image-preview":"max-image-preview:large","max-video-preview":"max-video-preview:-1"},"canonical":"https:\/\/viajarcomtempo.eu\/?page_id=1369","og_locale":"pt_PT","og_type":"article","og_title":"Montemor-o-Novo - Viajar Com Tempo","og_description":"Voltar \u00e0 p\u00e1gina anterior Este \u00e9 um dos maiores concelhos, em termos de \u00e1rea, do nosso pa\u00eds, sendo um local repleto de hist\u00f3ria, alguma dela marcante para a defini\u00e7\u00e3o do nosso pa\u00eds como hoje o conhecemos. A paisagem \u00e9 marcada pelos Montados, puros ou misto, de sobreiro e azinheira, destacam-se os Montados extensos e bem [&hellip;]","og_url":"https:\/\/viajarcomtempo.eu\/?page_id=1369","og_site_name":"Viajar Com Tempo","article_modified_time":"2021-09-26T17:49:31+00:00","og_image":[{"url":"https:\/\/viajarcomtempo.eu\/wp-content\/uploads\/2021\/09\/MontemorNovo_VistoDoCastelo-150x133.gif","type":"","width":"","height":""}],"twitter_card":"summary_large_image","twitter_misc":{"Tempo estimado de leitura":"1 minuto"},"schema":{"@context":"https:\/\/schema.org","@graph":[{"@type":"WebPage","@id":"https:\/\/viajarcomtempo.eu\/?page_id=1369","url":"https:\/\/viajarcomtempo.eu\/?page_id=1369","name":"Montemor-o-Novo - Viajar Com Tempo","isPartOf":{"@id":"https:\/\/viajarcomtempo.eu\/#website"},"primaryImageOfPage":{"@id":"https:\/\/viajarcomtempo.eu\/?page_id=1369#primaryimage"},"image":{"@id":"https:\/\/viajarcomtempo.eu\/?page_id=1369#primaryimage"},"thumbnailUrl":"https:\/\/viajarcomtempo.eu\/wp-content\/uploads\/2021\/09\/MontemorNovo_VistoDoCastelo-150x133.gif","datePublished":"2021-09-08T15:55:19+00:00","dateModified":"2021-09-26T17:49:31+00:00","breadcrumb":{"@id":"https:\/\/viajarcomtempo.eu\/?page_id=1369#breadcrumb"},"inLanguage":"pt-PT","potentialAction":[{"@type":"ReadAction","target":["https:\/\/viajarcomtempo.eu\/?page_id=1369"]}]},{"@type":"ImageObject","inLanguage":"pt-PT","@id":"https:\/\/viajarcomtempo.eu\/?page_id=1369#primaryimage","url":"https:\/\/viajarcomtempo.eu\/wp-content\/uploads\/2021\/09\/MontemorNovo_VistoDoCastelo.gif","contentUrl":"https:\/\/viajarcomtempo.eu\/wp-content\/uploads\/2021\/09\/MontemorNovo_VistoDoCastelo.gif","width":200,"height":133},{"@type":"BreadcrumbList","@id":"https:\/\/viajarcomtempo.eu\/?page_id=1369#breadcrumb","itemListElement":[{"@type":"ListItem","position":1,"name":"In\u00edcio","item":"https:\/\/viajarcomtempo.eu\/"},{"@type":"ListItem","position":2,"name":"Montemor-o-Novo"}]},{"@type":"WebSite","@id":"https:\/\/viajarcomtempo.eu\/#website","url":"https:\/\/viajarcomtempo.eu\/","name":"Viajar Com Tempo","description":"Roteiros para viajar sem pressa","publisher":{"@id":"https:\/\/viajarcomtempo.eu\/#\/schema\/person\/2f6c8045b5e07d397d92d8e5cf7aee98"},"potentialAction":[{"@type":"SearchAction","target":{"@type":"EntryPoint","urlTemplate":"https:\/\/viajarcomtempo.eu\/?s={search_term_string}"},"query-input":{"@type":"PropertyValueSpecification","valueRequired":true,"valueName":"search_term_string"}}],"inLanguage":"pt-PT"},{"@type":["Person","Organization"],"@id":"https:\/\/viajarcomtempo.eu\/#\/schema\/person\/2f6c8045b5e07d397d92d8e5cf7aee98","name":"Jos\u00e9 Salvador","logo":{"@id":"https:\/\/viajarcomtempo.eu\/#\/schema\/person\/image\/"},"sameAs":["http:\/\/viajarcomtempo.eu"]}]}},"_links":{"self":[{"href":"https:\/\/viajarcomtempo.eu\/index.php?rest_route=\/wp\/v2\/pages\/1369","targetHints":{"allow":["GET"]}}],"collection":[{"href":"https:\/\/viajarcomtempo.eu\/index.php?rest_route=\/wp\/v2\/pages"}],"about":[{"href":"https:\/\/viajarcomtempo.eu\/index.php?rest_route=\/wp\/v2\/types\/page"}],"author":[{"embeddable":true,"href":"https:\/\/viajarcomtempo.eu\/index.php?rest_route=\/wp\/v2\/users\/1"}],"replies":[{"embeddable":true,"href":"https:\/\/viajarcomtempo.eu\/index.php?rest_route=%2Fwp%2Fv2%2Fcomments&post=1369"}],"version-history":[{"count":16,"href":"https:\/\/viajarcomtempo.eu\/index.php?rest_route=\/wp\/v2\/pages\/1369\/revisions"}],"predecessor-version":[{"id":1637,"href":"https:\/\/viajarcomtempo.eu\/index.php?rest_route=\/wp\/v2\/pages\/1369\/revisions\/1637"}],"wp:attachment":[{"href":"https:\/\/viajarcomtempo.eu\/index.php?rest_route=%2Fwp%2Fv2%2Fmedia&parent=1369"}],"curies":[{"name":"wp","href":"https:\/\/api.w.org\/{rel}","templated":true}]}}