{"id":1448,"date":"2021-09-10T17:28:46","date_gmt":"2021-09-10T17:28:46","guid":{"rendered":"https:\/\/viajarcomtempo.eu\/?page_id=1448"},"modified":"2021-09-10T17:29:48","modified_gmt":"2021-09-10T17:29:48","slug":"chaves-3-5-2-2-4-2-2-2-2-2-2-2","status":"publish","type":"page","link":"https:\/\/viajarcomtempo.eu\/?page_id=1448","title":{"rendered":"Alc\u00e1cer do Sal"},"content":{"rendered":"\n<script>\/\/ <![CDATA[\nfunction goBack() { window.history.back() }\n\/\/ ]]><\/script>\n<button onclick=\"goBack()\"><strong>Voltar \u00e0 p\u00e1gina anterior<\/strong><\/button>\n<br><br>\n\n\n\n<p class=\"wp-block-paragraph\">Nas terras deste concelho existem vest\u00edgios anteriores \u00e0 ocupa\u00e7\u00e3o romana (anta de S. Fausto). O romano Pl\u00ednio faz-lhe refer\u00eancia no s\u00e9culo II a. C., elogiando a sua abund\u00e2ncia de trigo e vinho.<\/p>\n\n\n\n<p class=\"wp-block-paragraph\"> <\/p>\n\n\n\n<p class=\"wp-block-paragraph\">O local onde hoje existe Alc\u00e1cer do Sal, um dos mais antigos da Europa, foi fundada pelos fen\u00edcios, ainda antes do ano 1000 A.C. Mais tarde, foi invadida pelos visigodos. Em 715, foi conquistada pelos \u00c1rabes, tomou o nome de Qasr Abu Danis, capital da prov\u00edncia de Al-Kassar, e foi ocupada durante 400 anos.<\/p>\n\n\n\n<div class=\"wp-block-group\"><div class=\"wp-block-group__inner-container is-layout-flow wp-block-group-is-layout-flow\">\n<div class=\"wp-block-columns is-layout-flex wp-container-core-columns-is-layout-8f761849 wp-block-columns-is-layout-flex\">\n<div class=\"wp-block-column is-layout-flow wp-block-column-is-layout-flow\" style=\"flex-basis:100%\">\n<div class=\"wp-block-group\"><div class=\"wp-block-group__inner-container is-layout-flow wp-block-group-is-layout-flow\">\n<div class=\"wp-block-columns is-layout-flex wp-container-core-columns-is-layout-8f761849 wp-block-columns-is-layout-flex\">\n<div class=\"wp-block-column is-layout-flow wp-block-column-is-layout-flow\" style=\"flex-basis:100%\">\n<figure class=\"wp-block-table is-style-regular\"><table class=\"has-background\" style=\"background-color:#e7f5fe\"><tbody><tr><td><strong>Site da CM de <\/strong>Alc\u00e1cer do Sal<\/td><td><a href=\"https:\/\/www.cm-vianadoalentejo..pt\/\">https:\/\/www.cm-<\/a><a href=\"http:\/\/E-mail:\nddsh@cm-vianadoalentejo.p\" target=\"_blank\" rel=\"noreferrer noopener\">alcacerdosal.<\/a>pt\/<\/td><\/tr><tr><td><strong>Posto de Turismo<\/strong><\/td><td>turismo@cm-alcacerdosal.pt<\/td><\/tr><tr><td><strong>Naturais de <\/strong>Alc\u00e1cer do Sal<\/td><td>Alcacerenses ou Salacianos<\/td><\/tr><tr><td><strong>Artesanato<\/strong><\/td><td>Merecem destaque os carachos e esteiras em t\u00e1bua, as miniaturas em corti\u00e7a e em madeira, o ferro forjado, as rendas, os bordados e a cestaria.<\/td><\/tr><tr><td><strong>Festas e Romarias<\/strong><\/td><td>Festa de S. Jo\u00e3o, a 24 de junho;<br>Festa de S. Martinho a 11 de novembro;<br>Festa dos Santos Populares e feira de atividades econ\u00f3micas de quatro em quatro anos;<br>Feira Nova, no primeiro s\u00e1bado de outubro.<\/td><\/tr><\/tbody><\/table><\/figure>\n<\/div>\n<\/div>\n<\/div><\/div>\n\n\n\n<p class=\"has-medium-font-size wp-block-paragraph\">Para mais informa\u00e7\u00e3o ver Ficheiro PDF do <a href=\"https:\/\/viajarcomtempo.eu\/wp-content\/uploads\/2021\/09\/AlcacerSal.pdf\">Concelho de Alc\u00e1cer do Sal<\/a><\/p>\n<\/div>\n<\/div>\n<\/div><\/div>\n\n\n\n<script>\/\/ <![CDATA[\nfunction goBack() { window.history.back() }\n\/\/ ]]><\/script>\n<button onclick=\"goBack()\"><strong>Voltar \u00e0 p\u00e1gina anterior<\/strong><\/button>\n<br><br>\n","protected":false},"excerpt":{"rendered":"<p>Voltar \u00e0 p\u00e1gina anterior Nas terras deste concelho existem vest\u00edgios anteriores \u00e0 ocupa\u00e7\u00e3o romana (anta de S. Fausto). O romano Pl\u00ednio faz-lhe refer\u00eancia no s\u00e9culo II a. C., elogiando a sua abund\u00e2ncia de trigo e vinho. O local onde hoje existe Alc\u00e1cer do Sal, um dos mais antigos da Europa, foi fundada pelos fen\u00edcios, ainda [&hellip;]<\/p>\n","protected":false},"author":1,"featured_media":0,"parent":0,"menu_order":0,"comment_status":"closed","ping_status":"closed","template":"","meta":{"_crdt_document":"","footnotes":""},"class_list":["post-1448","page","type-page","status-publish","hentry","eq-blocks"],"yoast_head":"<!-- This site is optimized with the Yoast SEO plugin v27.3 - https:\/\/yoast.com\/product\/yoast-seo-wordpress\/ -->\n<title>Alc\u00e1cer do Sal - Viajar Com Tempo<\/title>\n<meta name=\"robots\" content=\"index, follow, max-snippet:-1, max-image-preview:large, max-video-preview:-1\" \/>\n<link rel=\"canonical\" href=\"https:\/\/viajarcomtempo.eu\/?page_id=1448\" \/>\n<meta property=\"og:locale\" content=\"pt_PT\" \/>\n<meta property=\"og:type\" content=\"article\" \/>\n<meta property=\"og:title\" content=\"Alc\u00e1cer do Sal - Viajar Com Tempo\" \/>\n<meta property=\"og:description\" content=\"Voltar \u00e0 p\u00e1gina anterior Nas terras deste concelho existem vest\u00edgios anteriores \u00e0 ocupa\u00e7\u00e3o romana (anta de S. Fausto). O romano Pl\u00ednio faz-lhe refer\u00eancia no s\u00e9culo II a. C., elogiando a sua abund\u00e2ncia de trigo e vinho. O local onde hoje existe Alc\u00e1cer do Sal, um dos mais antigos da Europa, foi fundada pelos fen\u00edcios, ainda [&hellip;]\" \/>\n<meta property=\"og:url\" content=\"https:\/\/viajarcomtempo.eu\/?page_id=1448\" \/>\n<meta property=\"og:site_name\" content=\"Viajar Com Tempo\" \/>\n<meta property=\"article:modified_time\" content=\"2021-09-10T17:29:48+00:00\" \/>\n<meta name=\"twitter:card\" content=\"summary_large_image\" \/>\n<meta name=\"twitter:label1\" content=\"Tempo estimado de leitura\" \/>\n\t<meta name=\"twitter:data1\" content=\"1 minuto\" \/>\n<script type=\"application\/ld+json\" class=\"yoast-schema-graph\">{\"@context\":\"https:\\\/\\\/schema.org\",\"@graph\":[{\"@type\":\"WebPage\",\"@id\":\"https:\\\/\\\/viajarcomtempo.eu\\\/?page_id=1448\",\"url\":\"https:\\\/\\\/viajarcomtempo.eu\\\/?page_id=1448\",\"name\":\"Alc\u00e1cer do Sal - Viajar Com Tempo\",\"isPartOf\":{\"@id\":\"https:\\\/\\\/viajarcomtempo.eu\\\/#website\"},\"datePublished\":\"2021-09-10T17:28:46+00:00\",\"dateModified\":\"2021-09-10T17:29:48+00:00\",\"breadcrumb\":{\"@id\":\"https:\\\/\\\/viajarcomtempo.eu\\\/?page_id=1448#breadcrumb\"},\"inLanguage\":\"pt-PT\",\"potentialAction\":[{\"@type\":\"ReadAction\",\"target\":[\"https:\\\/\\\/viajarcomtempo.eu\\\/?page_id=1448\"]}]},{\"@type\":\"BreadcrumbList\",\"@id\":\"https:\\\/\\\/viajarcomtempo.eu\\\/?page_id=1448#breadcrumb\",\"itemListElement\":[{\"@type\":\"ListItem\",\"position\":1,\"name\":\"In\u00edcio\",\"item\":\"https:\\\/\\\/viajarcomtempo.eu\\\/\"},{\"@type\":\"ListItem\",\"position\":2,\"name\":\"Alc\u00e1cer do Sal\"}]},{\"@type\":\"WebSite\",\"@id\":\"https:\\\/\\\/viajarcomtempo.eu\\\/#website\",\"url\":\"https:\\\/\\\/viajarcomtempo.eu\\\/\",\"name\":\"Viajar Com Tempo\",\"description\":\"Roteiros para viajar sem pressa\",\"publisher\":{\"@id\":\"https:\\\/\\\/viajarcomtempo.eu\\\/#\\\/schema\\\/person\\\/2f6c8045b5e07d397d92d8e5cf7aee98\"},\"potentialAction\":[{\"@type\":\"SearchAction\",\"target\":{\"@type\":\"EntryPoint\",\"urlTemplate\":\"https:\\\/\\\/viajarcomtempo.eu\\\/?s={search_term_string}\"},\"query-input\":{\"@type\":\"PropertyValueSpecification\",\"valueRequired\":true,\"valueName\":\"search_term_string\"}}],\"inLanguage\":\"pt-PT\"},{\"@type\":[\"Person\",\"Organization\"],\"@id\":\"https:\\\/\\\/viajarcomtempo.eu\\\/#\\\/schema\\\/person\\\/2f6c8045b5e07d397d92d8e5cf7aee98\",\"name\":\"Jos\u00e9 Salvador\",\"logo\":{\"@id\":\"https:\\\/\\\/viajarcomtempo.eu\\\/#\\\/schema\\\/person\\\/image\\\/\"},\"sameAs\":[\"http:\\\/\\\/viajarcomtempo.eu\"]}]}<\/script>\n<!-- \/ Yoast SEO plugin. -->","yoast_head_json":{"title":"Alc\u00e1cer do Sal - Viajar Com Tempo","robots":{"index":"index","follow":"follow","max-snippet":"max-snippet:-1","max-image-preview":"max-image-preview:large","max-video-preview":"max-video-preview:-1"},"canonical":"https:\/\/viajarcomtempo.eu\/?page_id=1448","og_locale":"pt_PT","og_type":"article","og_title":"Alc\u00e1cer do Sal - Viajar Com Tempo","og_description":"Voltar \u00e0 p\u00e1gina anterior Nas terras deste concelho existem vest\u00edgios anteriores \u00e0 ocupa\u00e7\u00e3o romana (anta de S. Fausto). O romano Pl\u00ednio faz-lhe refer\u00eancia no s\u00e9culo II a. C., elogiando a sua abund\u00e2ncia de trigo e vinho. O local onde hoje existe Alc\u00e1cer do Sal, um dos mais antigos da Europa, foi fundada pelos fen\u00edcios, ainda [&hellip;]","og_url":"https:\/\/viajarcomtempo.eu\/?page_id=1448","og_site_name":"Viajar Com Tempo","article_modified_time":"2021-09-10T17:29:48+00:00","twitter_card":"summary_large_image","twitter_misc":{"Tempo estimado de leitura":"1 minuto"},"schema":{"@context":"https:\/\/schema.org","@graph":[{"@type":"WebPage","@id":"https:\/\/viajarcomtempo.eu\/?page_id=1448","url":"https:\/\/viajarcomtempo.eu\/?page_id=1448","name":"Alc\u00e1cer do Sal - Viajar Com Tempo","isPartOf":{"@id":"https:\/\/viajarcomtempo.eu\/#website"},"datePublished":"2021-09-10T17:28:46+00:00","dateModified":"2021-09-10T17:29:48+00:00","breadcrumb":{"@id":"https:\/\/viajarcomtempo.eu\/?page_id=1448#breadcrumb"},"inLanguage":"pt-PT","potentialAction":[{"@type":"ReadAction","target":["https:\/\/viajarcomtempo.eu\/?page_id=1448"]}]},{"@type":"BreadcrumbList","@id":"https:\/\/viajarcomtempo.eu\/?page_id=1448#breadcrumb","itemListElement":[{"@type":"ListItem","position":1,"name":"In\u00edcio","item":"https:\/\/viajarcomtempo.eu\/"},{"@type":"ListItem","position":2,"name":"Alc\u00e1cer do Sal"}]},{"@type":"WebSite","@id":"https:\/\/viajarcomtempo.eu\/#website","url":"https:\/\/viajarcomtempo.eu\/","name":"Viajar Com Tempo","description":"Roteiros para viajar sem pressa","publisher":{"@id":"https:\/\/viajarcomtempo.eu\/#\/schema\/person\/2f6c8045b5e07d397d92d8e5cf7aee98"},"potentialAction":[{"@type":"SearchAction","target":{"@type":"EntryPoint","urlTemplate":"https:\/\/viajarcomtempo.eu\/?s={search_term_string}"},"query-input":{"@type":"PropertyValueSpecification","valueRequired":true,"valueName":"search_term_string"}}],"inLanguage":"pt-PT"},{"@type":["Person","Organization"],"@id":"https:\/\/viajarcomtempo.eu\/#\/schema\/person\/2f6c8045b5e07d397d92d8e5cf7aee98","name":"Jos\u00e9 Salvador","logo":{"@id":"https:\/\/viajarcomtempo.eu\/#\/schema\/person\/image\/"},"sameAs":["http:\/\/viajarcomtempo.eu"]}]}},"_links":{"self":[{"href":"https:\/\/viajarcomtempo.eu\/index.php?rest_route=\/wp\/v2\/pages\/1448","targetHints":{"allow":["GET"]}}],"collection":[{"href":"https:\/\/viajarcomtempo.eu\/index.php?rest_route=\/wp\/v2\/pages"}],"about":[{"href":"https:\/\/viajarcomtempo.eu\/index.php?rest_route=\/wp\/v2\/types\/page"}],"author":[{"embeddable":true,"href":"https:\/\/viajarcomtempo.eu\/index.php?rest_route=\/wp\/v2\/users\/1"}],"replies":[{"embeddable":true,"href":"https:\/\/viajarcomtempo.eu\/index.php?rest_route=%2Fwp%2Fv2%2Fcomments&post=1448"}],"version-history":[{"count":1,"href":"https:\/\/viajarcomtempo.eu\/index.php?rest_route=\/wp\/v2\/pages\/1448\/revisions"}],"predecessor-version":[{"id":1450,"href":"https:\/\/viajarcomtempo.eu\/index.php?rest_route=\/wp\/v2\/pages\/1448\/revisions\/1450"}],"wp:attachment":[{"href":"https:\/\/viajarcomtempo.eu\/index.php?rest_route=%2Fwp%2Fv2%2Fmedia&parent=1448"}],"curies":[{"name":"wp","href":"https:\/\/api.w.org\/{rel}","templated":true}]}}