{"id":1485,"date":"2021-09-12T14:21:41","date_gmt":"2021-09-12T14:21:41","guid":{"rendered":"https:\/\/viajarcomtempo.eu\/?page_id=1485"},"modified":"2021-09-12T15:27:29","modified_gmt":"2021-09-12T15:27:29","slug":"chaves-3-5-2-2-4-2-2-2-2-2-2-2-2-2-2","status":"publish","type":"page","link":"https:\/\/viajarcomtempo.eu\/?page_id=1485","title":{"rendered":"Castro Verde"},"content":{"rendered":"\n<script>\/\/ <![CDATA[\nfunction goBack() { window.history.back() }\n\/\/ ]]><\/script>\n<button onclick=\"goBack()\"><strong>Voltar \u00e0 p\u00e1gina anterior<\/strong><\/button>\n<br><br>\n\n\n\n<p class=\"wp-block-paragraph\">Na \u00e9poca dos Romanos, as popula\u00e7\u00f5es formavam um povo com caracter\u00edsticas muito pr\u00f3prias, que acabou por ser aculturado, aculturando, contudo, tamb\u00e9m os Romanos.<\/p>\n\n\n\n<p class=\"wp-block-paragraph\">Ter\u00e1 sido nestas terras, mais precisamente no outeiro de S. Pedro das Cabe\u00e7as, que ter\u00e1 culminado a batalha de Ourique, ocorrida nos Campos de Ourique, a que pertence Castro Verde.<\/p>\n\n\n\n<div class=\"wp-block-group\"><div class=\"wp-block-group__inner-container is-layout-flow wp-block-group-is-layout-flow\">\n<div class=\"wp-block-columns is-layout-flex wp-container-core-columns-is-layout-8f761849 wp-block-columns-is-layout-flex\">\n<div class=\"wp-block-column is-layout-flow wp-block-column-is-layout-flow\" style=\"flex-basis:100%\">\n<div class=\"wp-block-group\"><div class=\"wp-block-group__inner-container is-layout-flow wp-block-group-is-layout-flow\">\n<div class=\"wp-block-columns is-layout-flex wp-container-core-columns-is-layout-8f761849 wp-block-columns-is-layout-flex\">\n<div class=\"wp-block-column is-layout-flow wp-block-column-is-layout-flow\" style=\"flex-basis:100%\">\n<figure class=\"wp-block-table is-style-regular\"><table class=\"has-background\" style=\"background-color:#e7f5fe\"><tbody><tr><td><strong>Site da CM Castro Verde<\/strong><\/td><td><a href=\"https:\/\/cm-castroverde.pt\/\" target=\"_blank\" rel=\"noreferrer noopener\">cm-castroverde.pt<\/a><\/td><\/tr><tr><td><strong>Posto de Turismo<\/strong><\/td><td><a href=\"mailto:posto.turismo@cm-castroverde.pt\">posto.turismo@cm-castroverde.pt<\/a><br><\/td><\/tr><tr><td><strong>Naturais de Castro Verde<\/strong><\/td><td>Castro-verdenses.<\/td><\/tr><tr><td><strong>Artesanato<\/strong><\/td><td>Destacam-se as profiss\u00f5es de ferreiro e de abeg\u00e3o (carpinteiro de carro\u00e7as).<\/td><\/tr><tr><td><strong>Festas e Romarias<\/strong><\/td><td>festa de S. Pedro, realizada a 29 de junho; os Encontros de Castro, que decorrem no terceiro domingo de outubro; a festa dos Mastros Populares, em junho; a Feira de Castro, realizada no terceiro domingo de outubro, os mercados quinzenais e as feiras anuais, a 20 de janeiro e a 5 de maio.<br><br><\/td><\/tr><\/tbody><\/table><\/figure>\n<\/div>\n<\/div>\n<\/div><\/div>\n\n\n\n<p class=\"has-medium-font-size wp-block-paragraph\">Para mais informa\u00e7\u00e3o ver Ficheiro PDF do <a href=\"https:\/\/viajarcomtempo.eu\/wp-content\/uploads\/2021\/09\/CastroVerde.pdf\" target=\"_blank\" rel=\"noreferrer noopener\">Concelho de Castro Verde<\/a><\/p>\n<\/div>\n<\/div>\n<\/div><\/div>\n\n\n\n<script>\/\/ <![CDATA[\nfunction goBack() { window.history.back() }\n\/\/ ]]><\/script>\n<button onclick=\"goBack()\"><strong>Voltar \u00e0 p\u00e1gina anterior<\/strong><\/button>\n<br><br>\n","protected":false},"excerpt":{"rendered":"<p>Voltar \u00e0 p\u00e1gina anterior Na \u00e9poca dos Romanos, as popula\u00e7\u00f5es formavam um povo com caracter\u00edsticas muito pr\u00f3prias, que acabou por ser aculturado, aculturando, contudo, tamb\u00e9m os Romanos. Ter\u00e1 sido nestas terras, mais precisamente no outeiro de S. Pedro das Cabe\u00e7as, que ter\u00e1 culminado a batalha de Ourique, ocorrida nos Campos de Ourique, a que pertence [&hellip;]<\/p>\n","protected":false},"author":1,"featured_media":0,"parent":0,"menu_order":0,"comment_status":"closed","ping_status":"closed","template":"","meta":{"_crdt_document":"","footnotes":""},"class_list":["post-1485","page","type-page","status-publish","hentry","eq-blocks"],"yoast_head":"<!-- This site is optimized with the Yoast SEO plugin v27.3 - https:\/\/yoast.com\/product\/yoast-seo-wordpress\/ -->\n<title>Castro Verde - Viajar Com Tempo<\/title>\n<meta name=\"robots\" content=\"index, follow, max-snippet:-1, max-image-preview:large, max-video-preview:-1\" \/>\n<link rel=\"canonical\" href=\"https:\/\/viajarcomtempo.eu\/?page_id=1485\" \/>\n<meta property=\"og:locale\" content=\"pt_PT\" \/>\n<meta property=\"og:type\" content=\"article\" \/>\n<meta property=\"og:title\" content=\"Castro Verde - Viajar Com Tempo\" \/>\n<meta property=\"og:description\" content=\"Voltar \u00e0 p\u00e1gina anterior Na \u00e9poca dos Romanos, as popula\u00e7\u00f5es formavam um povo com caracter\u00edsticas muito pr\u00f3prias, que acabou por ser aculturado, aculturando, contudo, tamb\u00e9m os Romanos. Ter\u00e1 sido nestas terras, mais precisamente no outeiro de S. Pedro das Cabe\u00e7as, que ter\u00e1 culminado a batalha de Ourique, ocorrida nos Campos de Ourique, a que pertence [&hellip;]\" \/>\n<meta property=\"og:url\" content=\"https:\/\/viajarcomtempo.eu\/?page_id=1485\" \/>\n<meta property=\"og:site_name\" content=\"Viajar Com Tempo\" \/>\n<meta property=\"article:modified_time\" content=\"2021-09-12T15:27:29+00:00\" \/>\n<meta name=\"twitter:card\" content=\"summary_large_image\" \/>\n<meta name=\"twitter:label1\" content=\"Tempo estimado de leitura\" \/>\n\t<meta name=\"twitter:data1\" content=\"1 minuto\" \/>\n<script type=\"application\/ld+json\" class=\"yoast-schema-graph\">{\"@context\":\"https:\\\/\\\/schema.org\",\"@graph\":[{\"@type\":\"WebPage\",\"@id\":\"https:\\\/\\\/viajarcomtempo.eu\\\/?page_id=1485\",\"url\":\"https:\\\/\\\/viajarcomtempo.eu\\\/?page_id=1485\",\"name\":\"Castro Verde - Viajar Com Tempo\",\"isPartOf\":{\"@id\":\"https:\\\/\\\/viajarcomtempo.eu\\\/#website\"},\"datePublished\":\"2021-09-12T14:21:41+00:00\",\"dateModified\":\"2021-09-12T15:27:29+00:00\",\"breadcrumb\":{\"@id\":\"https:\\\/\\\/viajarcomtempo.eu\\\/?page_id=1485#breadcrumb\"},\"inLanguage\":\"pt-PT\",\"potentialAction\":[{\"@type\":\"ReadAction\",\"target\":[\"https:\\\/\\\/viajarcomtempo.eu\\\/?page_id=1485\"]}]},{\"@type\":\"BreadcrumbList\",\"@id\":\"https:\\\/\\\/viajarcomtempo.eu\\\/?page_id=1485#breadcrumb\",\"itemListElement\":[{\"@type\":\"ListItem\",\"position\":1,\"name\":\"In\u00edcio\",\"item\":\"https:\\\/\\\/viajarcomtempo.eu\\\/\"},{\"@type\":\"ListItem\",\"position\":2,\"name\":\"Castro Verde\"}]},{\"@type\":\"WebSite\",\"@id\":\"https:\\\/\\\/viajarcomtempo.eu\\\/#website\",\"url\":\"https:\\\/\\\/viajarcomtempo.eu\\\/\",\"name\":\"Viajar Com Tempo\",\"description\":\"Roteiros para viajar sem pressa\",\"publisher\":{\"@id\":\"https:\\\/\\\/viajarcomtempo.eu\\\/#\\\/schema\\\/person\\\/2f6c8045b5e07d397d92d8e5cf7aee98\"},\"potentialAction\":[{\"@type\":\"SearchAction\",\"target\":{\"@type\":\"EntryPoint\",\"urlTemplate\":\"https:\\\/\\\/viajarcomtempo.eu\\\/?s={search_term_string}\"},\"query-input\":{\"@type\":\"PropertyValueSpecification\",\"valueRequired\":true,\"valueName\":\"search_term_string\"}}],\"inLanguage\":\"pt-PT\"},{\"@type\":[\"Person\",\"Organization\"],\"@id\":\"https:\\\/\\\/viajarcomtempo.eu\\\/#\\\/schema\\\/person\\\/2f6c8045b5e07d397d92d8e5cf7aee98\",\"name\":\"Jos\u00e9 Salvador\",\"logo\":{\"@id\":\"https:\\\/\\\/viajarcomtempo.eu\\\/#\\\/schema\\\/person\\\/image\\\/\"},\"sameAs\":[\"http:\\\/\\\/viajarcomtempo.eu\"]}]}<\/script>\n<!-- \/ Yoast SEO plugin. -->","yoast_head_json":{"title":"Castro Verde - Viajar Com Tempo","robots":{"index":"index","follow":"follow","max-snippet":"max-snippet:-1","max-image-preview":"max-image-preview:large","max-video-preview":"max-video-preview:-1"},"canonical":"https:\/\/viajarcomtempo.eu\/?page_id=1485","og_locale":"pt_PT","og_type":"article","og_title":"Castro Verde - Viajar Com Tempo","og_description":"Voltar \u00e0 p\u00e1gina anterior Na \u00e9poca dos Romanos, as popula\u00e7\u00f5es formavam um povo com caracter\u00edsticas muito pr\u00f3prias, que acabou por ser aculturado, aculturando, contudo, tamb\u00e9m os Romanos. Ter\u00e1 sido nestas terras, mais precisamente no outeiro de S. Pedro das Cabe\u00e7as, que ter\u00e1 culminado a batalha de Ourique, ocorrida nos Campos de Ourique, a que pertence [&hellip;]","og_url":"https:\/\/viajarcomtempo.eu\/?page_id=1485","og_site_name":"Viajar Com Tempo","article_modified_time":"2021-09-12T15:27:29+00:00","twitter_card":"summary_large_image","twitter_misc":{"Tempo estimado de leitura":"1 minuto"},"schema":{"@context":"https:\/\/schema.org","@graph":[{"@type":"WebPage","@id":"https:\/\/viajarcomtempo.eu\/?page_id=1485","url":"https:\/\/viajarcomtempo.eu\/?page_id=1485","name":"Castro Verde - Viajar Com Tempo","isPartOf":{"@id":"https:\/\/viajarcomtempo.eu\/#website"},"datePublished":"2021-09-12T14:21:41+00:00","dateModified":"2021-09-12T15:27:29+00:00","breadcrumb":{"@id":"https:\/\/viajarcomtempo.eu\/?page_id=1485#breadcrumb"},"inLanguage":"pt-PT","potentialAction":[{"@type":"ReadAction","target":["https:\/\/viajarcomtempo.eu\/?page_id=1485"]}]},{"@type":"BreadcrumbList","@id":"https:\/\/viajarcomtempo.eu\/?page_id=1485#breadcrumb","itemListElement":[{"@type":"ListItem","position":1,"name":"In\u00edcio","item":"https:\/\/viajarcomtempo.eu\/"},{"@type":"ListItem","position":2,"name":"Castro Verde"}]},{"@type":"WebSite","@id":"https:\/\/viajarcomtempo.eu\/#website","url":"https:\/\/viajarcomtempo.eu\/","name":"Viajar Com Tempo","description":"Roteiros para viajar sem pressa","publisher":{"@id":"https:\/\/viajarcomtempo.eu\/#\/schema\/person\/2f6c8045b5e07d397d92d8e5cf7aee98"},"potentialAction":[{"@type":"SearchAction","target":{"@type":"EntryPoint","urlTemplate":"https:\/\/viajarcomtempo.eu\/?s={search_term_string}"},"query-input":{"@type":"PropertyValueSpecification","valueRequired":true,"valueName":"search_term_string"}}],"inLanguage":"pt-PT"},{"@type":["Person","Organization"],"@id":"https:\/\/viajarcomtempo.eu\/#\/schema\/person\/2f6c8045b5e07d397d92d8e5cf7aee98","name":"Jos\u00e9 Salvador","logo":{"@id":"https:\/\/viajarcomtempo.eu\/#\/schema\/person\/image\/"},"sameAs":["http:\/\/viajarcomtempo.eu"]}]}},"_links":{"self":[{"href":"https:\/\/viajarcomtempo.eu\/index.php?rest_route=\/wp\/v2\/pages\/1485","targetHints":{"allow":["GET"]}}],"collection":[{"href":"https:\/\/viajarcomtempo.eu\/index.php?rest_route=\/wp\/v2\/pages"}],"about":[{"href":"https:\/\/viajarcomtempo.eu\/index.php?rest_route=\/wp\/v2\/types\/page"}],"author":[{"embeddable":true,"href":"https:\/\/viajarcomtempo.eu\/index.php?rest_route=\/wp\/v2\/users\/1"}],"replies":[{"embeddable":true,"href":"https:\/\/viajarcomtempo.eu\/index.php?rest_route=%2Fwp%2Fv2%2Fcomments&post=1485"}],"version-history":[{"count":7,"href":"https:\/\/viajarcomtempo.eu\/index.php?rest_route=\/wp\/v2\/pages\/1485\/revisions"}],"predecessor-version":[{"id":1511,"href":"https:\/\/viajarcomtempo.eu\/index.php?rest_route=\/wp\/v2\/pages\/1485\/revisions\/1511"}],"wp:attachment":[{"href":"https:\/\/viajarcomtempo.eu\/index.php?rest_route=%2Fwp%2Fv2%2Fmedia&parent=1485"}],"curies":[{"name":"wp","href":"https:\/\/api.w.org\/{rel}","templated":true}]}}