{"id":1517,"date":"2021-09-12T15:41:15","date_gmt":"2021-09-12T15:41:15","guid":{"rendered":"https:\/\/viajarcomtempo.eu\/?page_id=1517"},"modified":"2021-09-12T16:50:23","modified_gmt":"2021-09-12T16:50:23","slug":"chaves-3-5-2-2-4-2-2-2-2-2-2-2-2-2-3","status":"publish","type":"page","link":"https:\/\/viajarcomtempo.eu\/?page_id=1517","title":{"rendered":"Almod\u00f4var"},"content":{"rendered":"\n<script>\/\/ <![CDATA[\nfunction goBack() { window.history.back() }\n\/\/ ]]><\/script>\n<button onclick=\"goBack()\"><strong>Voltar \u00e0 p\u00e1gina anterior<\/strong><\/button>\n<br><br>\n\n\n\n<p class=\"wp-block-paragraph\">Em Almod\u00f4var h\u00e1 vest\u00edgios de ocupa\u00e7\u00e3o desde a Pr\u00e9-hist\u00f3ria, mas mais significativa na Idade do Bronze, prolongando-se at\u00e9 \u00e0 Idade do Ferro. Neste \u00faltimo per\u00edodo, destaca-se a descoberta de um n\u00famero significativo de estelas funer\u00e1rias epigrafadas com Escrita do Sudoeste, a escrita mais antiga da Pen\u00ednsula Ib\u00e9rica (s\u00e9culo VIII a V a.C.). Estas pe\u00e7as podem ser contempladas numa visita mais aprofundada ao Museu da Escrita do Sudoeste.<\/p>\n\n\n\n<p class=\"wp-block-paragraph\">Os romanos se fixaram em Almod\u00f4var, assinalando a sua presen\u00e7a atrav\u00e9s de diversos vest\u00edgios, como os castella, ao longo da Ribeira de Oeiras, da barragem romana, da necr\u00f3pole do Monte Novo do Castelinho, da mina de Brancanes e o Povoado das Mesas do Castelinho. <\/p>\n\n\n\n<p class=\"wp-block-paragraph\">No Concelho existe um rico conjunto de casas dos s\u00e9culos X e XI, fruto do florescimento rural que a regi\u00e3o conheceu durante o per\u00edodo isl\u00e2mico.<\/p>\n\n\n\n<p class=\"wp-block-paragraph\">Em 17 de abril de 1285, o rei D. Dinis elevou a ent\u00e3o denominada P\u00f3voa de Almod\u00f4var a concelho, por carta de foral, que em 1297 \u00e9 doada \u00e0 Ordem de Santiago. Em 1512, D. Manuel confirma e amplia o foral de D. Dinis.<\/p>\n\n\n\n<div class=\"wp-block-group\"><div class=\"wp-block-group__inner-container is-layout-flow wp-block-group-is-layout-flow\">\n<div class=\"wp-block-columns is-layout-flex wp-container-core-columns-is-layout-8f761849 wp-block-columns-is-layout-flex\">\n<div class=\"wp-block-column is-layout-flow wp-block-column-is-layout-flow\" style=\"flex-basis:100%\">\n<div class=\"wp-block-group\"><div class=\"wp-block-group__inner-container is-layout-flow wp-block-group-is-layout-flow\">\n<div class=\"wp-block-columns is-layout-flex wp-container-core-columns-is-layout-8f761849 wp-block-columns-is-layout-flex\">\n<div class=\"wp-block-column is-layout-flow wp-block-column-is-layout-flow\" style=\"flex-basis:100%\">\n<figure class=\"wp-block-table is-style-regular\"><table class=\"has-background\" style=\"background-color:#e7f5fe\"><tbody><tr><td><strong>Site da CM Almod\u00f4var<\/strong><\/td><td><a href=\"https:\/\/www.cm-almodovar.pt\/\" target=\"_blank\" rel=\"noreferrer noopener\">cm-almodovar.pt<\/a><\/td><\/tr><tr><td><strong>Posto de Turismo<\/strong><\/td><td><a href=\"mailto:turismo@cm-almodovar.pt\" target=\"_blank\" rel=\"noreferrer noopener\">turismo@cm-almodovar.pt<\/a><\/td><\/tr><tr><td><strong>Naturais de Almod\u00f4var<\/strong><\/td><td>Almodovarenses.<\/td><\/tr><tr><td><strong>Artesanato<\/strong><\/td><td>Mantas de l\u00e3 e de retalhos, cadeiras em bunho, trabalhos em madeira, rendas e bordados, artigos de&nbsp;cartucheira, trabalhos em latoaria e cestaria.<\/td><\/tr><tr><td><strong>Festas e Romarias<\/strong><\/td><td>Festa de Santa Clara, a 12 de agosto;<br>Festa de anivers\u00e1rio da Casa da Cultura, no \u00faltimo fim de semana de abril;<br>Festa de Santo Amaro, a 15 de janeiro;<br>Feira muito t\u00edpica relativa \u00e0 devo\u00e7\u00e3o de Santo Amaro, a 24 de junho;<br>Festa de S. Jo\u00e3o; a 20 de abril e<br>Feira Anual a 5 de outubro.<\/td><\/tr><\/tbody><\/table><\/figure>\n<\/div>\n<\/div>\n<\/div><\/div>\n\n\n\n<p class=\"has-medium-font-size wp-block-paragraph\">Para mais informa\u00e7\u00e3o ver Ficheiro PDF do <a href=\"https:\/\/viajarcomtempo.eu\/wp-content\/uploads\/2021\/09\/Almodover.pdf\" target=\"_blank\" rel=\"noreferrer noopener\">Concelho de Almod\u00f4var<\/a><\/p>\n<\/div>\n<\/div>\n<\/div><\/div>\n\n\n\n<script>\/\/ <![CDATA[\nfunction goBack() { window.history.back() }\n\/\/ ]]><\/script>\n<button onclick=\"goBack()\"><strong>Voltar \u00e0 p\u00e1gina anterior<\/strong><\/button>\n<br><br>\n","protected":false},"excerpt":{"rendered":"<p>Voltar \u00e0 p\u00e1gina anterior Em Almod\u00f4var h\u00e1 vest\u00edgios de ocupa\u00e7\u00e3o desde a Pr\u00e9-hist\u00f3ria, mas mais significativa na Idade do Bronze, prolongando-se at\u00e9 \u00e0 Idade do Ferro. Neste \u00faltimo per\u00edodo, destaca-se a descoberta de um n\u00famero significativo de estelas funer\u00e1rias epigrafadas com Escrita do Sudoeste, a escrita mais antiga da Pen\u00ednsula Ib\u00e9rica (s\u00e9culo VIII a V [&hellip;]<\/p>\n","protected":false},"author":1,"featured_media":0,"parent":0,"menu_order":0,"comment_status":"closed","ping_status":"closed","template":"","meta":{"_crdt_document":"","footnotes":""},"class_list":["post-1517","page","type-page","status-publish","hentry","eq-blocks"],"yoast_head":"<!-- This site is optimized with the Yoast SEO plugin v27.3 - https:\/\/yoast.com\/product\/yoast-seo-wordpress\/ -->\n<title>Almod\u00f4var - Viajar Com Tempo<\/title>\n<meta name=\"robots\" content=\"index, follow, max-snippet:-1, max-image-preview:large, max-video-preview:-1\" \/>\n<link rel=\"canonical\" href=\"https:\/\/viajarcomtempo.eu\/?page_id=1517\" \/>\n<meta property=\"og:locale\" content=\"pt_PT\" \/>\n<meta property=\"og:type\" content=\"article\" \/>\n<meta property=\"og:title\" content=\"Almod\u00f4var - Viajar Com Tempo\" \/>\n<meta property=\"og:description\" content=\"Voltar \u00e0 p\u00e1gina anterior Em Almod\u00f4var h\u00e1 vest\u00edgios de ocupa\u00e7\u00e3o desde a Pr\u00e9-hist\u00f3ria, mas mais significativa na Idade do Bronze, prolongando-se at\u00e9 \u00e0 Idade do Ferro. Neste \u00faltimo per\u00edodo, destaca-se a descoberta de um n\u00famero significativo de estelas funer\u00e1rias epigrafadas com Escrita do Sudoeste, a escrita mais antiga da Pen\u00ednsula Ib\u00e9rica (s\u00e9culo VIII a V [&hellip;]\" \/>\n<meta property=\"og:url\" content=\"https:\/\/viajarcomtempo.eu\/?page_id=1517\" \/>\n<meta property=\"og:site_name\" content=\"Viajar Com Tempo\" \/>\n<meta property=\"article:modified_time\" content=\"2021-09-12T16:50:23+00:00\" \/>\n<meta name=\"twitter:card\" content=\"summary_large_image\" \/>\n<meta name=\"twitter:label1\" content=\"Tempo estimado de leitura\" \/>\n\t<meta name=\"twitter:data1\" content=\"2 minutos\" \/>\n<script type=\"application\/ld+json\" class=\"yoast-schema-graph\">{\"@context\":\"https:\\\/\\\/schema.org\",\"@graph\":[{\"@type\":\"WebPage\",\"@id\":\"https:\\\/\\\/viajarcomtempo.eu\\\/?page_id=1517\",\"url\":\"https:\\\/\\\/viajarcomtempo.eu\\\/?page_id=1517\",\"name\":\"Almod\u00f4var - Viajar Com Tempo\",\"isPartOf\":{\"@id\":\"https:\\\/\\\/viajarcomtempo.eu\\\/#website\"},\"datePublished\":\"2021-09-12T15:41:15+00:00\",\"dateModified\":\"2021-09-12T16:50:23+00:00\",\"breadcrumb\":{\"@id\":\"https:\\\/\\\/viajarcomtempo.eu\\\/?page_id=1517#breadcrumb\"},\"inLanguage\":\"pt-PT\",\"potentialAction\":[{\"@type\":\"ReadAction\",\"target\":[\"https:\\\/\\\/viajarcomtempo.eu\\\/?page_id=1517\"]}]},{\"@type\":\"BreadcrumbList\",\"@id\":\"https:\\\/\\\/viajarcomtempo.eu\\\/?page_id=1517#breadcrumb\",\"itemListElement\":[{\"@type\":\"ListItem\",\"position\":1,\"name\":\"In\u00edcio\",\"item\":\"https:\\\/\\\/viajarcomtempo.eu\\\/\"},{\"@type\":\"ListItem\",\"position\":2,\"name\":\"Almod\u00f4var\"}]},{\"@type\":\"WebSite\",\"@id\":\"https:\\\/\\\/viajarcomtempo.eu\\\/#website\",\"url\":\"https:\\\/\\\/viajarcomtempo.eu\\\/\",\"name\":\"Viajar Com Tempo\",\"description\":\"Roteiros para viajar sem pressa\",\"publisher\":{\"@id\":\"https:\\\/\\\/viajarcomtempo.eu\\\/#\\\/schema\\\/person\\\/2f6c8045b5e07d397d92d8e5cf7aee98\"},\"potentialAction\":[{\"@type\":\"SearchAction\",\"target\":{\"@type\":\"EntryPoint\",\"urlTemplate\":\"https:\\\/\\\/viajarcomtempo.eu\\\/?s={search_term_string}\"},\"query-input\":{\"@type\":\"PropertyValueSpecification\",\"valueRequired\":true,\"valueName\":\"search_term_string\"}}],\"inLanguage\":\"pt-PT\"},{\"@type\":[\"Person\",\"Organization\"],\"@id\":\"https:\\\/\\\/viajarcomtempo.eu\\\/#\\\/schema\\\/person\\\/2f6c8045b5e07d397d92d8e5cf7aee98\",\"name\":\"Jos\u00e9 Salvador\",\"logo\":{\"@id\":\"https:\\\/\\\/viajarcomtempo.eu\\\/#\\\/schema\\\/person\\\/image\\\/\"},\"sameAs\":[\"http:\\\/\\\/viajarcomtempo.eu\"]}]}<\/script>\n<!-- \/ Yoast SEO plugin. -->","yoast_head_json":{"title":"Almod\u00f4var - Viajar Com Tempo","robots":{"index":"index","follow":"follow","max-snippet":"max-snippet:-1","max-image-preview":"max-image-preview:large","max-video-preview":"max-video-preview:-1"},"canonical":"https:\/\/viajarcomtempo.eu\/?page_id=1517","og_locale":"pt_PT","og_type":"article","og_title":"Almod\u00f4var - Viajar Com Tempo","og_description":"Voltar \u00e0 p\u00e1gina anterior Em Almod\u00f4var h\u00e1 vest\u00edgios de ocupa\u00e7\u00e3o desde a Pr\u00e9-hist\u00f3ria, mas mais significativa na Idade do Bronze, prolongando-se at\u00e9 \u00e0 Idade do Ferro. Neste \u00faltimo per\u00edodo, destaca-se a descoberta de um n\u00famero significativo de estelas funer\u00e1rias epigrafadas com Escrita do Sudoeste, a escrita mais antiga da Pen\u00ednsula Ib\u00e9rica (s\u00e9culo VIII a V [&hellip;]","og_url":"https:\/\/viajarcomtempo.eu\/?page_id=1517","og_site_name":"Viajar Com Tempo","article_modified_time":"2021-09-12T16:50:23+00:00","twitter_card":"summary_large_image","twitter_misc":{"Tempo estimado de leitura":"2 minutos"},"schema":{"@context":"https:\/\/schema.org","@graph":[{"@type":"WebPage","@id":"https:\/\/viajarcomtempo.eu\/?page_id=1517","url":"https:\/\/viajarcomtempo.eu\/?page_id=1517","name":"Almod\u00f4var - Viajar Com Tempo","isPartOf":{"@id":"https:\/\/viajarcomtempo.eu\/#website"},"datePublished":"2021-09-12T15:41:15+00:00","dateModified":"2021-09-12T16:50:23+00:00","breadcrumb":{"@id":"https:\/\/viajarcomtempo.eu\/?page_id=1517#breadcrumb"},"inLanguage":"pt-PT","potentialAction":[{"@type":"ReadAction","target":["https:\/\/viajarcomtempo.eu\/?page_id=1517"]}]},{"@type":"BreadcrumbList","@id":"https:\/\/viajarcomtempo.eu\/?page_id=1517#breadcrumb","itemListElement":[{"@type":"ListItem","position":1,"name":"In\u00edcio","item":"https:\/\/viajarcomtempo.eu\/"},{"@type":"ListItem","position":2,"name":"Almod\u00f4var"}]},{"@type":"WebSite","@id":"https:\/\/viajarcomtempo.eu\/#website","url":"https:\/\/viajarcomtempo.eu\/","name":"Viajar Com Tempo","description":"Roteiros para viajar sem pressa","publisher":{"@id":"https:\/\/viajarcomtempo.eu\/#\/schema\/person\/2f6c8045b5e07d397d92d8e5cf7aee98"},"potentialAction":[{"@type":"SearchAction","target":{"@type":"EntryPoint","urlTemplate":"https:\/\/viajarcomtempo.eu\/?s={search_term_string}"},"query-input":{"@type":"PropertyValueSpecification","valueRequired":true,"valueName":"search_term_string"}}],"inLanguage":"pt-PT"},{"@type":["Person","Organization"],"@id":"https:\/\/viajarcomtempo.eu\/#\/schema\/person\/2f6c8045b5e07d397d92d8e5cf7aee98","name":"Jos\u00e9 Salvador","logo":{"@id":"https:\/\/viajarcomtempo.eu\/#\/schema\/person\/image\/"},"sameAs":["http:\/\/viajarcomtempo.eu"]}]}},"_links":{"self":[{"href":"https:\/\/viajarcomtempo.eu\/index.php?rest_route=\/wp\/v2\/pages\/1517","targetHints":{"allow":["GET"]}}],"collection":[{"href":"https:\/\/viajarcomtempo.eu\/index.php?rest_route=\/wp\/v2\/pages"}],"about":[{"href":"https:\/\/viajarcomtempo.eu\/index.php?rest_route=\/wp\/v2\/types\/page"}],"author":[{"embeddable":true,"href":"https:\/\/viajarcomtempo.eu\/index.php?rest_route=\/wp\/v2\/users\/1"}],"replies":[{"embeddable":true,"href":"https:\/\/viajarcomtempo.eu\/index.php?rest_route=%2Fwp%2Fv2%2Fcomments&post=1517"}],"version-history":[{"count":5,"href":"https:\/\/viajarcomtempo.eu\/index.php?rest_route=\/wp\/v2\/pages\/1517\/revisions"}],"predecessor-version":[{"id":1532,"href":"https:\/\/viajarcomtempo.eu\/index.php?rest_route=\/wp\/v2\/pages\/1517\/revisions\/1532"}],"wp:attachment":[{"href":"https:\/\/viajarcomtempo.eu\/index.php?rest_route=%2Fwp%2Fv2%2Fmedia&parent=1517"}],"curies":[{"name":"wp","href":"https:\/\/api.w.org\/{rel}","templated":true}]}}