{"id":1520,"date":"2021-09-12T15:44:55","date_gmt":"2021-09-12T15:44:55","guid":{"rendered":"https:\/\/viajarcomtempo.eu\/?page_id=1520"},"modified":"2021-09-12T18:32:48","modified_gmt":"2021-09-12T18:32:48","slug":"chaves-3-5-2-2-4-2-2-2-2-2-2-2-2-2-3-2","status":"publish","type":"page","link":"https:\/\/viajarcomtempo.eu\/?page_id=1520","title":{"rendered":"Loul\u00e9"},"content":{"rendered":"\n<script>\/\/ <![CDATA[\nfunction goBack() { window.history.back() }\n\/\/ ]]><\/script>\n<button onclick=\"goBack()\"><strong>Voltar \u00e0 p\u00e1gina anterior<\/strong><\/button>\n<br><br>\n\n\n\n<p class=\"wp-block-paragraph\">A origem de Loul\u00e9 remonta ao Paleol\u00edtico Antigo e Neol\u00edtico, como comprovam achados arqueol\u00f3gicos. A passagem de Fen\u00edcios e Cartagineses foi registada pela funda\u00e7\u00e3o de feitorias na orla mar\u00edtima do concelho e pelo desenvolvimento das atividades piscat\u00f3ria, metal\u00fargica e com\u00e9rcio.<\/p>\n\n\n\n<p class=\"wp-block-paragraph\">A partir dos meados do s\u00e9culo II a.C., os Romanos d\u00e3o novo impulso \u00e0s atividades econ\u00f3micas desenvolvendo a ind\u00fastria conserveira, a agricultura e a explora\u00e7\u00e3o mineira do cobre e do ferro. <\/p>\n\n\n\n<p class=\"wp-block-paragraph\">Com a conquista dos Mu\u00e7ulmanos, no s\u00e9culo VIII, nasce a localidade, que vir\u00e1 a gerar a cidade hist\u00f3rica Al-&#8216;Ulya&#8217; (Loul\u00e9).<\/p>\n\n\n\n<p class=\"wp-block-paragraph\">Em 1249, D. Afonso III, com a ajuda de D. Paio Peres Correia, cavaleiro e mestre da Ordem de Sant&#8217;Iago, conquistou o Castelo de Loul\u00e9 aos Mouros e, em 1266, concedeu-lhe o primeiro foral.<\/p>\n\n\n\n<div class=\"wp-block-group\"><div class=\"wp-block-group__inner-container is-layout-flow wp-block-group-is-layout-flow\">\n<div class=\"wp-block-columns is-layout-flex wp-container-core-columns-is-layout-8f761849 wp-block-columns-is-layout-flex\">\n<div class=\"wp-block-column is-layout-flow wp-block-column-is-layout-flow\" style=\"flex-basis:100%\">\n<div class=\"wp-block-group\"><div class=\"wp-block-group__inner-container is-layout-flow wp-block-group-is-layout-flow\">\n<div class=\"wp-block-columns is-layout-flex wp-container-core-columns-is-layout-8f761849 wp-block-columns-is-layout-flex\">\n<div class=\"wp-block-column is-layout-flow wp-block-column-is-layout-flow\" style=\"flex-basis:100%\">\n<figure class=\"wp-block-table is-style-regular\"><table class=\"has-background\" style=\"background-color:#e7f5fe\"><tbody><tr><td><strong>Site da CM Loul\u00e9<\/strong><\/td><td><a href=\"https:\/\/www.cm-loule.pt\/\" target=\"_blank\" rel=\"noreferrer noopener\">cm-loule.pt<\/a><\/td><\/tr><tr><td><strong>Posto de Turismo<\/strong><\/td><td><a href=\"mailto:urismo.loule@turismodoalgarve.pt\" target=\"_blank\" rel=\"noreferrer noopener\">turismo.loule@turismodoalgarve.pt<\/a><\/td><\/tr><tr><td><strong>Naturais de Loul\u00e9<\/strong><\/td><td>Louletanos.<\/td><\/tr><tr><td><strong>Artesanato<\/strong><\/td><td>Trabalhos em cer\u00e2mica, olaria, cestaria, rendas e bordados, artigos em cabedal, latoaria e artigos em cobre, corti\u00e7a e lou\u00e7a de barro de Almancil.<\/td><\/tr><tr><td><strong>Festas e Romarias<\/strong><\/td><td><strong>Batalha das Flores<\/strong>, no carnaval;<br><strong>Festival MED<\/strong> &#8211; Festival com objetivo de divulgar a m\u00fasica e a cultura dos pa\u00edses da Bacia do Mediterr\u00e2neo.<br><strong>Noite Branca<\/strong> &#8211; Junta a m\u00fasica, a anima\u00e7\u00e3o de rua, e o com\u00e9rcio aberto, no \u00faltimo s\u00e1bado de Agosto.<br><strong>Festa M\u00e3e Soberana<\/strong> &#8211; No domingo de Pascoa, ocorre a chamada <strong>festa pequena<\/strong>, onde a imagem da Nossa Senhora \u00e9 levada do seu santu\u00e1rio at\u00e9 \u00e0 Igreja de S\u00e3o Francisco. Ap\u00f3s 15 dias, realiza-se a chamada<strong> Festa Grande<\/strong>, onde a imagem ir\u00e1 estar no espa\u00e7o no monumento do Eng. Duarte Pacheco durante a missa, e posteriormente levada numa grande prociss\u00e3o, ao som das bandas, de volta ao santu\u00e1rio e <br><strong>Festival de Folclore do Algarve<\/strong> (setembro).<\/td><\/tr><\/tbody><\/table><\/figure>\n<\/div>\n<\/div>\n<\/div><\/div>\n\n\n\n<p class=\"has-medium-font-size wp-block-paragraph\">Para mais informa\u00e7\u00e3o ver Ficheiro PDF do <a href=\"https:\/\/viajarcomtempo.eu\/wp-content\/uploads\/2021\/09\/Loule.pdf\" target=\"_blank\" rel=\"noreferrer noopener\">Concelho de Loul\u00e9<\/a><\/p>\n<\/div>\n<\/div>\n<\/div><\/div>\n\n\n\n<script>\/\/ <![CDATA[\nfunction goBack() { window.history.back() }\n\/\/ ]]><\/script>\n<button onclick=\"goBack()\"><strong>Voltar \u00e0 p\u00e1gina anterior<\/strong><\/button>\n<br><br>\n","protected":false},"excerpt":{"rendered":"<p>Voltar \u00e0 p\u00e1gina anterior A origem de Loul\u00e9 remonta ao Paleol\u00edtico Antigo e Neol\u00edtico, como comprovam achados arqueol\u00f3gicos. A passagem de Fen\u00edcios e Cartagineses foi registada pela funda\u00e7\u00e3o de feitorias na orla mar\u00edtima do concelho e pelo desenvolvimento das atividades piscat\u00f3ria, metal\u00fargica e com\u00e9rcio. A partir dos meados do s\u00e9culo II a.C., os Romanos d\u00e3o [&hellip;]<\/p>\n","protected":false},"author":1,"featured_media":0,"parent":0,"menu_order":0,"comment_status":"closed","ping_status":"closed","template":"","meta":{"_crdt_document":"","footnotes":""},"class_list":["post-1520","page","type-page","status-publish","hentry","eq-blocks"],"yoast_head":"<!-- This site is optimized with the Yoast SEO plugin v27.3 - https:\/\/yoast.com\/product\/yoast-seo-wordpress\/ -->\n<title>Loul\u00e9 - Viajar Com Tempo<\/title>\n<meta name=\"robots\" content=\"index, follow, max-snippet:-1, max-image-preview:large, max-video-preview:-1\" \/>\n<link rel=\"canonical\" href=\"https:\/\/viajarcomtempo.eu\/?page_id=1520\" \/>\n<meta property=\"og:locale\" content=\"pt_PT\" \/>\n<meta property=\"og:type\" content=\"article\" \/>\n<meta property=\"og:title\" content=\"Loul\u00e9 - Viajar Com Tempo\" \/>\n<meta property=\"og:description\" content=\"Voltar \u00e0 p\u00e1gina anterior A origem de Loul\u00e9 remonta ao Paleol\u00edtico Antigo e Neol\u00edtico, como comprovam achados arqueol\u00f3gicos. A passagem de Fen\u00edcios e Cartagineses foi registada pela funda\u00e7\u00e3o de feitorias na orla mar\u00edtima do concelho e pelo desenvolvimento das atividades piscat\u00f3ria, metal\u00fargica e com\u00e9rcio. A partir dos meados do s\u00e9culo II a.C., os Romanos d\u00e3o [&hellip;]\" \/>\n<meta property=\"og:url\" content=\"https:\/\/viajarcomtempo.eu\/?page_id=1520\" \/>\n<meta property=\"og:site_name\" content=\"Viajar Com Tempo\" \/>\n<meta property=\"article:modified_time\" content=\"2021-09-12T18:32:48+00:00\" \/>\n<meta name=\"twitter:card\" content=\"summary_large_image\" \/>\n<meta name=\"twitter:label1\" content=\"Tempo estimado de leitura\" \/>\n\t<meta name=\"twitter:data1\" content=\"2 minutos\" \/>\n<script type=\"application\/ld+json\" class=\"yoast-schema-graph\">{\"@context\":\"https:\\\/\\\/schema.org\",\"@graph\":[{\"@type\":\"WebPage\",\"@id\":\"https:\\\/\\\/viajarcomtempo.eu\\\/?page_id=1520\",\"url\":\"https:\\\/\\\/viajarcomtempo.eu\\\/?page_id=1520\",\"name\":\"Loul\u00e9 - Viajar Com Tempo\",\"isPartOf\":{\"@id\":\"https:\\\/\\\/viajarcomtempo.eu\\\/#website\"},\"datePublished\":\"2021-09-12T15:44:55+00:00\",\"dateModified\":\"2021-09-12T18:32:48+00:00\",\"breadcrumb\":{\"@id\":\"https:\\\/\\\/viajarcomtempo.eu\\\/?page_id=1520#breadcrumb\"},\"inLanguage\":\"pt-PT\",\"potentialAction\":[{\"@type\":\"ReadAction\",\"target\":[\"https:\\\/\\\/viajarcomtempo.eu\\\/?page_id=1520\"]}]},{\"@type\":\"BreadcrumbList\",\"@id\":\"https:\\\/\\\/viajarcomtempo.eu\\\/?page_id=1520#breadcrumb\",\"itemListElement\":[{\"@type\":\"ListItem\",\"position\":1,\"name\":\"In\u00edcio\",\"item\":\"https:\\\/\\\/viajarcomtempo.eu\\\/\"},{\"@type\":\"ListItem\",\"position\":2,\"name\":\"Loul\u00e9\"}]},{\"@type\":\"WebSite\",\"@id\":\"https:\\\/\\\/viajarcomtempo.eu\\\/#website\",\"url\":\"https:\\\/\\\/viajarcomtempo.eu\\\/\",\"name\":\"Viajar Com Tempo\",\"description\":\"Roteiros para viajar sem pressa\",\"publisher\":{\"@id\":\"https:\\\/\\\/viajarcomtempo.eu\\\/#\\\/schema\\\/person\\\/2f6c8045b5e07d397d92d8e5cf7aee98\"},\"potentialAction\":[{\"@type\":\"SearchAction\",\"target\":{\"@type\":\"EntryPoint\",\"urlTemplate\":\"https:\\\/\\\/viajarcomtempo.eu\\\/?s={search_term_string}\"},\"query-input\":{\"@type\":\"PropertyValueSpecification\",\"valueRequired\":true,\"valueName\":\"search_term_string\"}}],\"inLanguage\":\"pt-PT\"},{\"@type\":[\"Person\",\"Organization\"],\"@id\":\"https:\\\/\\\/viajarcomtempo.eu\\\/#\\\/schema\\\/person\\\/2f6c8045b5e07d397d92d8e5cf7aee98\",\"name\":\"Jos\u00e9 Salvador\",\"logo\":{\"@id\":\"https:\\\/\\\/viajarcomtempo.eu\\\/#\\\/schema\\\/person\\\/image\\\/\"},\"sameAs\":[\"http:\\\/\\\/viajarcomtempo.eu\"]}]}<\/script>\n<!-- \/ Yoast SEO plugin. -->","yoast_head_json":{"title":"Loul\u00e9 - Viajar Com Tempo","robots":{"index":"index","follow":"follow","max-snippet":"max-snippet:-1","max-image-preview":"max-image-preview:large","max-video-preview":"max-video-preview:-1"},"canonical":"https:\/\/viajarcomtempo.eu\/?page_id=1520","og_locale":"pt_PT","og_type":"article","og_title":"Loul\u00e9 - Viajar Com Tempo","og_description":"Voltar \u00e0 p\u00e1gina anterior A origem de Loul\u00e9 remonta ao Paleol\u00edtico Antigo e Neol\u00edtico, como comprovam achados arqueol\u00f3gicos. A passagem de Fen\u00edcios e Cartagineses foi registada pela funda\u00e7\u00e3o de feitorias na orla mar\u00edtima do concelho e pelo desenvolvimento das atividades piscat\u00f3ria, metal\u00fargica e com\u00e9rcio. A partir dos meados do s\u00e9culo II a.C., os Romanos d\u00e3o [&hellip;]","og_url":"https:\/\/viajarcomtempo.eu\/?page_id=1520","og_site_name":"Viajar Com Tempo","article_modified_time":"2021-09-12T18:32:48+00:00","twitter_card":"summary_large_image","twitter_misc":{"Tempo estimado de leitura":"2 minutos"},"schema":{"@context":"https:\/\/schema.org","@graph":[{"@type":"WebPage","@id":"https:\/\/viajarcomtempo.eu\/?page_id=1520","url":"https:\/\/viajarcomtempo.eu\/?page_id=1520","name":"Loul\u00e9 - Viajar Com Tempo","isPartOf":{"@id":"https:\/\/viajarcomtempo.eu\/#website"},"datePublished":"2021-09-12T15:44:55+00:00","dateModified":"2021-09-12T18:32:48+00:00","breadcrumb":{"@id":"https:\/\/viajarcomtempo.eu\/?page_id=1520#breadcrumb"},"inLanguage":"pt-PT","potentialAction":[{"@type":"ReadAction","target":["https:\/\/viajarcomtempo.eu\/?page_id=1520"]}]},{"@type":"BreadcrumbList","@id":"https:\/\/viajarcomtempo.eu\/?page_id=1520#breadcrumb","itemListElement":[{"@type":"ListItem","position":1,"name":"In\u00edcio","item":"https:\/\/viajarcomtempo.eu\/"},{"@type":"ListItem","position":2,"name":"Loul\u00e9"}]},{"@type":"WebSite","@id":"https:\/\/viajarcomtempo.eu\/#website","url":"https:\/\/viajarcomtempo.eu\/","name":"Viajar Com Tempo","description":"Roteiros para viajar sem pressa","publisher":{"@id":"https:\/\/viajarcomtempo.eu\/#\/schema\/person\/2f6c8045b5e07d397d92d8e5cf7aee98"},"potentialAction":[{"@type":"SearchAction","target":{"@type":"EntryPoint","urlTemplate":"https:\/\/viajarcomtempo.eu\/?s={search_term_string}"},"query-input":{"@type":"PropertyValueSpecification","valueRequired":true,"valueName":"search_term_string"}}],"inLanguage":"pt-PT"},{"@type":["Person","Organization"],"@id":"https:\/\/viajarcomtempo.eu\/#\/schema\/person\/2f6c8045b5e07d397d92d8e5cf7aee98","name":"Jos\u00e9 Salvador","logo":{"@id":"https:\/\/viajarcomtempo.eu\/#\/schema\/person\/image\/"},"sameAs":["http:\/\/viajarcomtempo.eu"]}]}},"_links":{"self":[{"href":"https:\/\/viajarcomtempo.eu\/index.php?rest_route=\/wp\/v2\/pages\/1520","targetHints":{"allow":["GET"]}}],"collection":[{"href":"https:\/\/viajarcomtempo.eu\/index.php?rest_route=\/wp\/v2\/pages"}],"about":[{"href":"https:\/\/viajarcomtempo.eu\/index.php?rest_route=\/wp\/v2\/types\/page"}],"author":[{"embeddable":true,"href":"https:\/\/viajarcomtempo.eu\/index.php?rest_route=\/wp\/v2\/users\/1"}],"replies":[{"embeddable":true,"href":"https:\/\/viajarcomtempo.eu\/index.php?rest_route=%2Fwp%2Fv2%2Fcomments&post=1520"}],"version-history":[{"count":3,"href":"https:\/\/viajarcomtempo.eu\/index.php?rest_route=\/wp\/v2\/pages\/1520\/revisions"}],"predecessor-version":[{"id":1564,"href":"https:\/\/viajarcomtempo.eu\/index.php?rest_route=\/wp\/v2\/pages\/1520\/revisions\/1564"}],"wp:attachment":[{"href":"https:\/\/viajarcomtempo.eu\/index.php?rest_route=%2Fwp%2Fv2%2Fmedia&parent=1520"}],"curies":[{"name":"wp","href":"https:\/\/api.w.org\/{rel}","templated":true}]}}