{"id":1522,"date":"2021-09-12T15:47:40","date_gmt":"2021-09-12T15:47:40","guid":{"rendered":"https:\/\/viajarcomtempo.eu\/?page_id=1522"},"modified":"2021-09-12T18:30:53","modified_gmt":"2021-09-12T18:30:53","slug":"chaves-3-5-2-2-4-2-2-2-2-2-2-2-2-2-3-2-2","status":"publish","type":"page","link":"https:\/\/viajarcomtempo.eu\/?page_id=1522","title":{"rendered":"S\u00e3o Br\u00e1s de Alportel"},"content":{"rendered":"\n<script>\/\/ <![CDATA[\nfunction goBack() { window.history.back() }\n\/\/ ]]><\/script>\n<button onclick=\"goBack()\"><strong>Voltar \u00e0 p\u00e1gina anterior<\/strong><\/button>\n<br><br>\n\n\n\n<p class=\"wp-block-paragraph\">Em pleno cora\u00e7\u00e3o do Sotavento Algarvio, S\u00e3o Br\u00e1s de Alportel \u00e9 uma porta que se abre \u00e0 Serra e uma janela sobre o mar.<\/p>\n\n\n\n<p class=\"wp-block-paragraph\">S\u00e3o Br\u00e1s de Alportel foi elevada a sede de freguesia em meados do s\u00e9culo XVI e a sede do concelho no dia 1 de junho de 1914.<\/p>\n\n\n\n<div class=\"wp-block-group\"><div class=\"wp-block-group__inner-container is-layout-flow wp-block-group-is-layout-flow\">\n<div class=\"wp-block-columns is-layout-flex wp-container-core-columns-is-layout-8f761849 wp-block-columns-is-layout-flex\">\n<div class=\"wp-block-column is-layout-flow wp-block-column-is-layout-flow\" style=\"flex-basis:100%\">\n<div class=\"wp-block-group\"><div class=\"wp-block-group__inner-container is-layout-flow wp-block-group-is-layout-flow\">\n<div class=\"wp-block-columns is-layout-flex wp-container-core-columns-is-layout-8f761849 wp-block-columns-is-layout-flex\">\n<div class=\"wp-block-column is-layout-flow wp-block-column-is-layout-flow\" style=\"flex-basis:100%\">\n<figure class=\"wp-block-table is-style-regular\"><table class=\"has-background\" style=\"background-color:#e7f5fe\"><tbody><tr><td><strong>Site da CM S\u00e3o Br\u00e1s de Alportel<\/strong><\/td><td><a href=\"https:\/\/www.cm-sbras.pt\/pt\/default.aspx\" target=\"_blank\" rel=\"noreferrer noopener\">cm-sbras.pt<\/a><\/td><\/tr><tr><td><strong>Posto de Turismo<\/strong><\/td><td><a href=\"mailto:turismo@mun-aljustrel.pt\" target=\"_blank\" rel=\"noreferrer noopener\">turismo.saobras@turismodoalgarve.pt<\/a><\/td><\/tr><tr><td><strong>Naturais de S\u00e3o Br\u00e1s de Alportel<\/strong><\/td><td>S\u00e3o-brasenses.<\/td><\/tr><tr><td><strong>Artesanato<\/strong><\/td><td>Trabalhos de olaria, de cestaria, trabalhos em tecelagem, corti\u00e7a, ladrilhos e telhas.<\/td><\/tr><tr><td><strong>Festas e Romarias<\/strong><\/td><td>Festa da&nbsp;P\u00e1scoa;<br>Festa de Santo Ant\u00f3nio (12 de junho);<br>Festa de Alportel (julho);<br>Festa de Nossa Senhora das Dores (15 de setembro);<br>Feira Anual (2 de fevereiro);<br>Feira da Serra (finais de julho);<br>Feira do Concelho (primeira quinzena de setembro).<\/td><\/tr><\/tbody><\/table><\/figure>\n<\/div>\n<\/div>\n<\/div><\/div>\n\n\n\n<p class=\"has-medium-font-size wp-block-paragraph\">Para mais informa\u00e7\u00e3o ver Ficheiro PDF do <a href=\"https:\/\/viajarcomtempo.eu\/wp-content\/uploads\/2021\/09\/SaoBrasAlportel.pdf\" target=\"_blank\" rel=\"noreferrer noopener\">Concelho de S\u00e3o Br\u00e1s de Alportel<\/a><\/p>\n<\/div>\n<\/div>\n<\/div><\/div>\n\n\n\n<script>\/\/ <![CDATA[\nfunction goBack() { window.history.back() }\n\/\/ ]]><\/script>\n<button onclick=\"goBack()\"><strong>Voltar \u00e0 p\u00e1gina anterior<\/strong><\/button>\n<br><br>\n","protected":false},"excerpt":{"rendered":"<p>Voltar \u00e0 p\u00e1gina anterior Em pleno cora\u00e7\u00e3o do Sotavento Algarvio, S\u00e3o Br\u00e1s de Alportel \u00e9 uma porta que se abre \u00e0 Serra e uma janela sobre o mar. S\u00e3o Br\u00e1s de Alportel foi elevada a sede de freguesia em meados do s\u00e9culo XVI e a sede do concelho no dia 1 de junho de 1914. [&hellip;]<\/p>\n","protected":false},"author":1,"featured_media":0,"parent":0,"menu_order":0,"comment_status":"closed","ping_status":"closed","template":"","meta":{"_crdt_document":"","footnotes":""},"class_list":["post-1522","page","type-page","status-publish","hentry","eq-blocks"],"yoast_head":"<!-- This site is optimized with the Yoast SEO plugin v27.3 - https:\/\/yoast.com\/product\/yoast-seo-wordpress\/ -->\n<title>S\u00e3o Br\u00e1s de Alportel - Viajar Com Tempo<\/title>\n<meta name=\"robots\" content=\"index, follow, max-snippet:-1, max-image-preview:large, max-video-preview:-1\" \/>\n<link rel=\"canonical\" href=\"https:\/\/viajarcomtempo.eu\/?page_id=1522\" \/>\n<meta property=\"og:locale\" content=\"pt_PT\" \/>\n<meta property=\"og:type\" content=\"article\" \/>\n<meta property=\"og:title\" content=\"S\u00e3o Br\u00e1s de Alportel - Viajar Com Tempo\" \/>\n<meta property=\"og:description\" content=\"Voltar \u00e0 p\u00e1gina anterior Em pleno cora\u00e7\u00e3o do Sotavento Algarvio, S\u00e3o Br\u00e1s de Alportel \u00e9 uma porta que se abre \u00e0 Serra e uma janela sobre o mar. S\u00e3o Br\u00e1s de Alportel foi elevada a sede de freguesia em meados do s\u00e9culo XVI e a sede do concelho no dia 1 de junho de 1914. [&hellip;]\" \/>\n<meta property=\"og:url\" content=\"https:\/\/viajarcomtempo.eu\/?page_id=1522\" \/>\n<meta property=\"og:site_name\" content=\"Viajar Com Tempo\" \/>\n<meta property=\"article:modified_time\" content=\"2021-09-12T18:30:53+00:00\" \/>\n<meta name=\"twitter:card\" content=\"summary_large_image\" \/>\n<meta name=\"twitter:label1\" content=\"Tempo estimado de leitura\" \/>\n\t<meta name=\"twitter:data1\" content=\"1 minuto\" \/>\n<script type=\"application\/ld+json\" class=\"yoast-schema-graph\">{\"@context\":\"https:\\\/\\\/schema.org\",\"@graph\":[{\"@type\":\"WebPage\",\"@id\":\"https:\\\/\\\/viajarcomtempo.eu\\\/?page_id=1522\",\"url\":\"https:\\\/\\\/viajarcomtempo.eu\\\/?page_id=1522\",\"name\":\"S\u00e3o Br\u00e1s de Alportel - Viajar Com Tempo\",\"isPartOf\":{\"@id\":\"https:\\\/\\\/viajarcomtempo.eu\\\/#website\"},\"datePublished\":\"2021-09-12T15:47:40+00:00\",\"dateModified\":\"2021-09-12T18:30:53+00:00\",\"breadcrumb\":{\"@id\":\"https:\\\/\\\/viajarcomtempo.eu\\\/?page_id=1522#breadcrumb\"},\"inLanguage\":\"pt-PT\",\"potentialAction\":[{\"@type\":\"ReadAction\",\"target\":[\"https:\\\/\\\/viajarcomtempo.eu\\\/?page_id=1522\"]}]},{\"@type\":\"BreadcrumbList\",\"@id\":\"https:\\\/\\\/viajarcomtempo.eu\\\/?page_id=1522#breadcrumb\",\"itemListElement\":[{\"@type\":\"ListItem\",\"position\":1,\"name\":\"In\u00edcio\",\"item\":\"https:\\\/\\\/viajarcomtempo.eu\\\/\"},{\"@type\":\"ListItem\",\"position\":2,\"name\":\"S\u00e3o Br\u00e1s de Alportel\"}]},{\"@type\":\"WebSite\",\"@id\":\"https:\\\/\\\/viajarcomtempo.eu\\\/#website\",\"url\":\"https:\\\/\\\/viajarcomtempo.eu\\\/\",\"name\":\"Viajar Com Tempo\",\"description\":\"Roteiros para viajar sem pressa\",\"publisher\":{\"@id\":\"https:\\\/\\\/viajarcomtempo.eu\\\/#\\\/schema\\\/person\\\/2f6c8045b5e07d397d92d8e5cf7aee98\"},\"potentialAction\":[{\"@type\":\"SearchAction\",\"target\":{\"@type\":\"EntryPoint\",\"urlTemplate\":\"https:\\\/\\\/viajarcomtempo.eu\\\/?s={search_term_string}\"},\"query-input\":{\"@type\":\"PropertyValueSpecification\",\"valueRequired\":true,\"valueName\":\"search_term_string\"}}],\"inLanguage\":\"pt-PT\"},{\"@type\":[\"Person\",\"Organization\"],\"@id\":\"https:\\\/\\\/viajarcomtempo.eu\\\/#\\\/schema\\\/person\\\/2f6c8045b5e07d397d92d8e5cf7aee98\",\"name\":\"Jos\u00e9 Salvador\",\"logo\":{\"@id\":\"https:\\\/\\\/viajarcomtempo.eu\\\/#\\\/schema\\\/person\\\/image\\\/\"},\"sameAs\":[\"http:\\\/\\\/viajarcomtempo.eu\"]}]}<\/script>\n<!-- \/ Yoast SEO plugin. -->","yoast_head_json":{"title":"S\u00e3o Br\u00e1s de Alportel - Viajar Com Tempo","robots":{"index":"index","follow":"follow","max-snippet":"max-snippet:-1","max-image-preview":"max-image-preview:large","max-video-preview":"max-video-preview:-1"},"canonical":"https:\/\/viajarcomtempo.eu\/?page_id=1522","og_locale":"pt_PT","og_type":"article","og_title":"S\u00e3o Br\u00e1s de Alportel - Viajar Com Tempo","og_description":"Voltar \u00e0 p\u00e1gina anterior Em pleno cora\u00e7\u00e3o do Sotavento Algarvio, S\u00e3o Br\u00e1s de Alportel \u00e9 uma porta que se abre \u00e0 Serra e uma janela sobre o mar. S\u00e3o Br\u00e1s de Alportel foi elevada a sede de freguesia em meados do s\u00e9culo XVI e a sede do concelho no dia 1 de junho de 1914. [&hellip;]","og_url":"https:\/\/viajarcomtempo.eu\/?page_id=1522","og_site_name":"Viajar Com Tempo","article_modified_time":"2021-09-12T18:30:53+00:00","twitter_card":"summary_large_image","twitter_misc":{"Tempo estimado de leitura":"1 minuto"},"schema":{"@context":"https:\/\/schema.org","@graph":[{"@type":"WebPage","@id":"https:\/\/viajarcomtempo.eu\/?page_id=1522","url":"https:\/\/viajarcomtempo.eu\/?page_id=1522","name":"S\u00e3o Br\u00e1s de Alportel - Viajar Com Tempo","isPartOf":{"@id":"https:\/\/viajarcomtempo.eu\/#website"},"datePublished":"2021-09-12T15:47:40+00:00","dateModified":"2021-09-12T18:30:53+00:00","breadcrumb":{"@id":"https:\/\/viajarcomtempo.eu\/?page_id=1522#breadcrumb"},"inLanguage":"pt-PT","potentialAction":[{"@type":"ReadAction","target":["https:\/\/viajarcomtempo.eu\/?page_id=1522"]}]},{"@type":"BreadcrumbList","@id":"https:\/\/viajarcomtempo.eu\/?page_id=1522#breadcrumb","itemListElement":[{"@type":"ListItem","position":1,"name":"In\u00edcio","item":"https:\/\/viajarcomtempo.eu\/"},{"@type":"ListItem","position":2,"name":"S\u00e3o Br\u00e1s de Alportel"}]},{"@type":"WebSite","@id":"https:\/\/viajarcomtempo.eu\/#website","url":"https:\/\/viajarcomtempo.eu\/","name":"Viajar Com Tempo","description":"Roteiros para viajar sem pressa","publisher":{"@id":"https:\/\/viajarcomtempo.eu\/#\/schema\/person\/2f6c8045b5e07d397d92d8e5cf7aee98"},"potentialAction":[{"@type":"SearchAction","target":{"@type":"EntryPoint","urlTemplate":"https:\/\/viajarcomtempo.eu\/?s={search_term_string}"},"query-input":{"@type":"PropertyValueSpecification","valueRequired":true,"valueName":"search_term_string"}}],"inLanguage":"pt-PT"},{"@type":["Person","Organization"],"@id":"https:\/\/viajarcomtempo.eu\/#\/schema\/person\/2f6c8045b5e07d397d92d8e5cf7aee98","name":"Jos\u00e9 Salvador","logo":{"@id":"https:\/\/viajarcomtempo.eu\/#\/schema\/person\/image\/"},"sameAs":["http:\/\/viajarcomtempo.eu"]}]}},"_links":{"self":[{"href":"https:\/\/viajarcomtempo.eu\/index.php?rest_route=\/wp\/v2\/pages\/1522","targetHints":{"allow":["GET"]}}],"collection":[{"href":"https:\/\/viajarcomtempo.eu\/index.php?rest_route=\/wp\/v2\/pages"}],"about":[{"href":"https:\/\/viajarcomtempo.eu\/index.php?rest_route=\/wp\/v2\/types\/page"}],"author":[{"embeddable":true,"href":"https:\/\/viajarcomtempo.eu\/index.php?rest_route=\/wp\/v2\/users\/1"}],"replies":[{"embeddable":true,"href":"https:\/\/viajarcomtempo.eu\/index.php?rest_route=%2Fwp%2Fv2%2Fcomments&post=1522"}],"version-history":[{"count":7,"href":"https:\/\/viajarcomtempo.eu\/index.php?rest_route=\/wp\/v2\/pages\/1522\/revisions"}],"predecessor-version":[{"id":1563,"href":"https:\/\/viajarcomtempo.eu\/index.php?rest_route=\/wp\/v2\/pages\/1522\/revisions\/1563"}],"wp:attachment":[{"href":"https:\/\/viajarcomtempo.eu\/index.php?rest_route=%2Fwp%2Fv2%2Fmedia&parent=1522"}],"curies":[{"name":"wp","href":"https:\/\/api.w.org\/{rel}","templated":true}]}}