{"id":1524,"date":"2021-09-12T15:48:59","date_gmt":"2021-09-12T15:48:59","guid":{"rendered":"https:\/\/viajarcomtempo.eu\/?page_id=1524"},"modified":"2021-09-12T18:27:39","modified_gmt":"2021-09-12T18:27:39","slug":"chaves-3-5-2-2-4-2-2-2-2-2-2-2-2-2-3-2-2-2","status":"publish","type":"page","link":"https:\/\/viajarcomtempo.eu\/?page_id=1524","title":{"rendered":"Faro"},"content":{"rendered":"\n<script>\/\/ <![CDATA[\nfunction goBack() { window.history.back() }\n\/\/ ]]><\/script>\n<button onclick=\"goBack()\"><strong>Voltar \u00e0 p\u00e1gina anterior<\/strong><\/button>\n<br><br>\n\n\n\n<p class=\"wp-block-paragraph\">Os primeiros vest\u00edgios remontam ao s\u00e9culo VIII a.C., ao per\u00edodo da coloniza\u00e7\u00e3o fen\u00edcia do Mediterr\u00e2neo Ocidental. O seu nome de ent\u00e3o era Oss\u00f3noba e era um dos mais importantes centros urbanos da regi\u00e3o sul de Portugal e entreposto comercial, integrado num amplo sistema comercial, com base na troca de produtos agr\u00edcolas, peixe e min\u00e9rios.<\/p>\n\n\n\n<p class=\"wp-block-paragraph\">Entre os s\u00e9culos III a.C. e VIII d.C., a cidade esteve sob dom\u00ednio Romano (Ru\u00ednas romanas de Milreu), Bizantino (torres bizantinas da cidade) e Visigodo.<\/p>\n\n\n\n<p class=\"wp-block-paragraph\">Faro foi conquistada pelos mouros no ano de 713 d.C, os quais ergueram ali uma fortifica\u00e7\u00e3o (refor\u00e7ada por uma nova muralha. Durante a ocupa\u00e7\u00e3o \u00e1rabe, o nome Oss\u00f3noba prevaleceu, desaparecendo apenas no s\u00e9culo IX, para dar lugar a Santa Maria do Ocidente era ent\u00e3o capital de um ef\u00e9mero principado independente.<\/p>\n\n\n\n<p class=\"wp-block-paragraph\">Depois da tomada da cidade por D. Afonso III, em 1249, a cidade passou a designarse por Santa Maria de Faaron ou Santa Maria de Faaram. Nos s\u00e9culos seguintes, Faro tornou-se uma cidade pr\u00f3spera devido \u00e0 sua posi\u00e7\u00e3o geogr\u00e1fica.<\/p>\n\n\n\n<p class=\"wp-block-paragraph\">O Rei D. Manuel I promove, em 1499, uma profunda altera\u00e7\u00e3o urban\u00edstica c- fora das alca\u00e7arias e junto ao litoral. Em 1540, D. Jo\u00e3o III eleva Faro a cidade<\/p>\n\n\n\n<div class=\"wp-block-group\"><div class=\"wp-block-group__inner-container is-layout-flow wp-block-group-is-layout-flow\">\n<div class=\"wp-block-columns is-layout-flex wp-container-core-columns-is-layout-8f761849 wp-block-columns-is-layout-flex\">\n<div class=\"wp-block-column is-layout-flow wp-block-column-is-layout-flow\" style=\"flex-basis:100%\">\n<div class=\"wp-block-group\"><div class=\"wp-block-group__inner-container is-layout-flow wp-block-group-is-layout-flow\">\n<div class=\"wp-block-columns is-layout-flex wp-container-core-columns-is-layout-8f761849 wp-block-columns-is-layout-flex\">\n<div class=\"wp-block-column is-layout-flow wp-block-column-is-layout-flow\" style=\"flex-basis:100%\">\n<figure class=\"wp-block-table is-style-regular\"><table class=\"has-background\" style=\"background-color:#e7f5fe\"><tbody><tr><td><strong>Site da CM Faro<\/strong><\/td><td><a href=\"https:\/\/www.cm-faro.pt\/\" target=\"_blank\" rel=\"noreferrer noopener\">cm-faro.pt<\/a><\/td><\/tr><tr><td><strong>Posto de Turismo<\/strong><\/td><td><a href=\"mailto:turismo.faro@turismodoalgarve.pt\" target=\"_blank\" rel=\"noreferrer noopener\">turismo.faro@turismodoalgarve.pt<\/a><\/td><\/tr><tr><td><strong>Naturais de Faro<\/strong><\/td><td><strong>Farenses<\/strong>.<\/td><\/tr><tr><td><strong>Artesanato<\/strong><\/td><td>Fabrico de cestos, lou\u00e7as, trabalhos em palma, esparto, palhinha, verga, cana e vime, tecelagem, rendas e bordados, trabalhos em pedra, olaria, cer\u00e2mica, trabalhos em couro, cobre, corti\u00e7a, madeira e fabrico de utens\u00edlios para a pesca.<\/td><\/tr><tr><td><strong>Festas e Romarias<\/strong><\/td><td><strong>Prociss\u00e3o do Enterro<\/strong> (Sexta-Feira Santa);<br><strong>Feira de Nossa Senhora do Carmo<\/strong> (julho);<br><strong>Concentra\u00e7\u00e3o de Motos de Faro<\/strong>  (julho);<br><strong>FOLKFARO <\/strong>&#8211; Folclore Internacional da Cidade de Faro, meados de agosto;<br><strong>Alameda Beer Fest<\/strong>, no inicio de Julho;<br><strong>Festa da Ria Formosa<\/strong>, no final do m\u00eas de Julho;<br><strong>Festival F<\/strong>, no inicio de Setembro.<br><strong>Feira de Santa Iria<\/strong> (outubro).<\/td><\/tr><\/tbody><\/table><\/figure>\n<\/div>\n<\/div>\n<\/div><\/div>\n\n\n\n<p class=\"has-medium-font-size wp-block-paragraph\">Para mais informa\u00e7\u00e3o ver Ficheiro PDF do <a href=\"https:\/\/viajarcomtempo.eu\/wp-content\/uploads\/2021\/09\/Faro.pdf\" target=\"_blank\" rel=\"noreferrer noopener\">Concelho de Faro<\/a><\/p>\n<\/div>\n<\/div>\n<\/div><\/div>\n\n\n\n<script>\/\/ <![CDATA[\nfunction goBack() { window.history.back() }\n\/\/ ]]><\/script>\n<button onclick=\"goBack()\"><strong>Voltar \u00e0 p\u00e1gina anterior<\/strong><\/button>\n<br><br>\n","protected":false},"excerpt":{"rendered":"<p>Voltar \u00e0 p\u00e1gina anterior Os primeiros vest\u00edgios remontam ao s\u00e9culo VIII a.C., ao per\u00edodo da coloniza\u00e7\u00e3o fen\u00edcia do Mediterr\u00e2neo Ocidental. O seu nome de ent\u00e3o era Oss\u00f3noba e era um dos mais importantes centros urbanos da regi\u00e3o sul de Portugal e entreposto comercial, integrado num amplo sistema comercial, com base na troca de produtos agr\u00edcolas, [&hellip;]<\/p>\n","protected":false},"author":1,"featured_media":0,"parent":0,"menu_order":0,"comment_status":"closed","ping_status":"closed","template":"","meta":{"_crdt_document":"","footnotes":""},"class_list":["post-1524","page","type-page","status-publish","hentry","eq-blocks"],"yoast_head":"<!-- This site is optimized with the Yoast SEO plugin v27.3 - https:\/\/yoast.com\/product\/yoast-seo-wordpress\/ -->\n<title>Faro - Viajar Com Tempo<\/title>\n<meta name=\"robots\" content=\"index, follow, max-snippet:-1, max-image-preview:large, max-video-preview:-1\" \/>\n<link rel=\"canonical\" href=\"https:\/\/viajarcomtempo.eu\/?page_id=1524\" \/>\n<meta property=\"og:locale\" content=\"pt_PT\" \/>\n<meta property=\"og:type\" content=\"article\" \/>\n<meta property=\"og:title\" content=\"Faro - Viajar Com Tempo\" \/>\n<meta property=\"og:description\" content=\"Voltar \u00e0 p\u00e1gina anterior Os primeiros vest\u00edgios remontam ao s\u00e9culo VIII a.C., ao per\u00edodo da coloniza\u00e7\u00e3o fen\u00edcia do Mediterr\u00e2neo Ocidental. O seu nome de ent\u00e3o era Oss\u00f3noba e era um dos mais importantes centros urbanos da regi\u00e3o sul de Portugal e entreposto comercial, integrado num amplo sistema comercial, com base na troca de produtos agr\u00edcolas, [&hellip;]\" \/>\n<meta property=\"og:url\" content=\"https:\/\/viajarcomtempo.eu\/?page_id=1524\" \/>\n<meta property=\"og:site_name\" content=\"Viajar Com Tempo\" \/>\n<meta property=\"article:modified_time\" content=\"2021-09-12T18:27:39+00:00\" \/>\n<meta name=\"twitter:card\" content=\"summary_large_image\" \/>\n<meta name=\"twitter:label1\" content=\"Tempo estimado de leitura\" \/>\n\t<meta name=\"twitter:data1\" content=\"2 minutos\" \/>\n<script type=\"application\/ld+json\" class=\"yoast-schema-graph\">{\"@context\":\"https:\\\/\\\/schema.org\",\"@graph\":[{\"@type\":\"WebPage\",\"@id\":\"https:\\\/\\\/viajarcomtempo.eu\\\/?page_id=1524\",\"url\":\"https:\\\/\\\/viajarcomtempo.eu\\\/?page_id=1524\",\"name\":\"Faro - Viajar Com Tempo\",\"isPartOf\":{\"@id\":\"https:\\\/\\\/viajarcomtempo.eu\\\/#website\"},\"datePublished\":\"2021-09-12T15:48:59+00:00\",\"dateModified\":\"2021-09-12T18:27:39+00:00\",\"breadcrumb\":{\"@id\":\"https:\\\/\\\/viajarcomtempo.eu\\\/?page_id=1524#breadcrumb\"},\"inLanguage\":\"pt-PT\",\"potentialAction\":[{\"@type\":\"ReadAction\",\"target\":[\"https:\\\/\\\/viajarcomtempo.eu\\\/?page_id=1524\"]}]},{\"@type\":\"BreadcrumbList\",\"@id\":\"https:\\\/\\\/viajarcomtempo.eu\\\/?page_id=1524#breadcrumb\",\"itemListElement\":[{\"@type\":\"ListItem\",\"position\":1,\"name\":\"In\u00edcio\",\"item\":\"https:\\\/\\\/viajarcomtempo.eu\\\/\"},{\"@type\":\"ListItem\",\"position\":2,\"name\":\"Faro\"}]},{\"@type\":\"WebSite\",\"@id\":\"https:\\\/\\\/viajarcomtempo.eu\\\/#website\",\"url\":\"https:\\\/\\\/viajarcomtempo.eu\\\/\",\"name\":\"Viajar Com Tempo\",\"description\":\"Roteiros para viajar sem pressa\",\"publisher\":{\"@id\":\"https:\\\/\\\/viajarcomtempo.eu\\\/#\\\/schema\\\/person\\\/2f6c8045b5e07d397d92d8e5cf7aee98\"},\"potentialAction\":[{\"@type\":\"SearchAction\",\"target\":{\"@type\":\"EntryPoint\",\"urlTemplate\":\"https:\\\/\\\/viajarcomtempo.eu\\\/?s={search_term_string}\"},\"query-input\":{\"@type\":\"PropertyValueSpecification\",\"valueRequired\":true,\"valueName\":\"search_term_string\"}}],\"inLanguage\":\"pt-PT\"},{\"@type\":[\"Person\",\"Organization\"],\"@id\":\"https:\\\/\\\/viajarcomtempo.eu\\\/#\\\/schema\\\/person\\\/2f6c8045b5e07d397d92d8e5cf7aee98\",\"name\":\"Jos\u00e9 Salvador\",\"logo\":{\"@id\":\"https:\\\/\\\/viajarcomtempo.eu\\\/#\\\/schema\\\/person\\\/image\\\/\"},\"sameAs\":[\"http:\\\/\\\/viajarcomtempo.eu\"]}]}<\/script>\n<!-- \/ Yoast SEO plugin. -->","yoast_head_json":{"title":"Faro - Viajar Com Tempo","robots":{"index":"index","follow":"follow","max-snippet":"max-snippet:-1","max-image-preview":"max-image-preview:large","max-video-preview":"max-video-preview:-1"},"canonical":"https:\/\/viajarcomtempo.eu\/?page_id=1524","og_locale":"pt_PT","og_type":"article","og_title":"Faro - Viajar Com Tempo","og_description":"Voltar \u00e0 p\u00e1gina anterior Os primeiros vest\u00edgios remontam ao s\u00e9culo VIII a.C., ao per\u00edodo da coloniza\u00e7\u00e3o fen\u00edcia do Mediterr\u00e2neo Ocidental. O seu nome de ent\u00e3o era Oss\u00f3noba e era um dos mais importantes centros urbanos da regi\u00e3o sul de Portugal e entreposto comercial, integrado num amplo sistema comercial, com base na troca de produtos agr\u00edcolas, [&hellip;]","og_url":"https:\/\/viajarcomtempo.eu\/?page_id=1524","og_site_name":"Viajar Com Tempo","article_modified_time":"2021-09-12T18:27:39+00:00","twitter_card":"summary_large_image","twitter_misc":{"Tempo estimado de leitura":"2 minutos"},"schema":{"@context":"https:\/\/schema.org","@graph":[{"@type":"WebPage","@id":"https:\/\/viajarcomtempo.eu\/?page_id=1524","url":"https:\/\/viajarcomtempo.eu\/?page_id=1524","name":"Faro - Viajar Com Tempo","isPartOf":{"@id":"https:\/\/viajarcomtempo.eu\/#website"},"datePublished":"2021-09-12T15:48:59+00:00","dateModified":"2021-09-12T18:27:39+00:00","breadcrumb":{"@id":"https:\/\/viajarcomtempo.eu\/?page_id=1524#breadcrumb"},"inLanguage":"pt-PT","potentialAction":[{"@type":"ReadAction","target":["https:\/\/viajarcomtempo.eu\/?page_id=1524"]}]},{"@type":"BreadcrumbList","@id":"https:\/\/viajarcomtempo.eu\/?page_id=1524#breadcrumb","itemListElement":[{"@type":"ListItem","position":1,"name":"In\u00edcio","item":"https:\/\/viajarcomtempo.eu\/"},{"@type":"ListItem","position":2,"name":"Faro"}]},{"@type":"WebSite","@id":"https:\/\/viajarcomtempo.eu\/#website","url":"https:\/\/viajarcomtempo.eu\/","name":"Viajar Com Tempo","description":"Roteiros para viajar sem pressa","publisher":{"@id":"https:\/\/viajarcomtempo.eu\/#\/schema\/person\/2f6c8045b5e07d397d92d8e5cf7aee98"},"potentialAction":[{"@type":"SearchAction","target":{"@type":"EntryPoint","urlTemplate":"https:\/\/viajarcomtempo.eu\/?s={search_term_string}"},"query-input":{"@type":"PropertyValueSpecification","valueRequired":true,"valueName":"search_term_string"}}],"inLanguage":"pt-PT"},{"@type":["Person","Organization"],"@id":"https:\/\/viajarcomtempo.eu\/#\/schema\/person\/2f6c8045b5e07d397d92d8e5cf7aee98","name":"Jos\u00e9 Salvador","logo":{"@id":"https:\/\/viajarcomtempo.eu\/#\/schema\/person\/image\/"},"sameAs":["http:\/\/viajarcomtempo.eu"]}]}},"_links":{"self":[{"href":"https:\/\/viajarcomtempo.eu\/index.php?rest_route=\/wp\/v2\/pages\/1524","targetHints":{"allow":["GET"]}}],"collection":[{"href":"https:\/\/viajarcomtempo.eu\/index.php?rest_route=\/wp\/v2\/pages"}],"about":[{"href":"https:\/\/viajarcomtempo.eu\/index.php?rest_route=\/wp\/v2\/types\/page"}],"author":[{"embeddable":true,"href":"https:\/\/viajarcomtempo.eu\/index.php?rest_route=\/wp\/v2\/users\/1"}],"replies":[{"embeddable":true,"href":"https:\/\/viajarcomtempo.eu\/index.php?rest_route=%2Fwp%2Fv2%2Fcomments&post=1524"}],"version-history":[{"count":6,"href":"https:\/\/viajarcomtempo.eu\/index.php?rest_route=\/wp\/v2\/pages\/1524\/revisions"}],"predecessor-version":[{"id":1562,"href":"https:\/\/viajarcomtempo.eu\/index.php?rest_route=\/wp\/v2\/pages\/1524\/revisions\/1562"}],"wp:attachment":[{"href":"https:\/\/viajarcomtempo.eu\/index.php?rest_route=%2Fwp%2Fv2%2Fmedia&parent=1524"}],"curies":[{"name":"wp","href":"https:\/\/api.w.org\/{rel}","templated":true}]}}