{"id":1671,"date":"2022-03-01T19:37:55","date_gmt":"2022-03-01T19:37:55","guid":{"rendered":"https:\/\/viajarcomtempo.eu\/?page_id=1671"},"modified":"2022-05-15T16:15:26","modified_gmt":"2022-05-15T16:15:26","slug":"chaves-3-5-2-2-4-2-2-2-2-2-2-2-2-2-3-2-2-2-2-2","status":"publish","type":"page","link":"https:\/\/viajarcomtempo.eu\/?page_id=1671","title":{"rendered":"Vila Franca de Xira"},"content":{"rendered":"\n<script>\/\/ <![CDATA[\nfunction goBack() { window.history.back() }\n\/\/ ]]><\/script>\n<button onclick=\"goBack()\"><strong>Voltar \u00e0 p\u00e1gina anterior<\/strong><\/button>\n<br><br>\n\n\n\n<p class=\"wp-block-paragraph\">As ru\u00ednas do Monte dos Castelinhos, revelam a exist\u00eancia de um importante aglomerado populacional que poder\u00e1 ser a cidade perdida de <strong>Lerabriga<\/strong>, uma das mais importantes urbes romanas do vale do Tejo.<\/p>\n\n\n\n<p class=\"wp-block-paragraph\">A outorga de foral a Vila Franca e a Cira, em 1212, distinguindo explicitamente no texto os dois lugares, evidencia a exist\u00eancia de uma primitiva herdade de Cira, situada mais no interior, e uma Vila Franca nas margens do rio, onde o tr\u00e1fego de pessoas e produtos se fazia mais facilmente.<\/p>\n\n\n\n<p class=\"wp-block-paragraph\">A designa\u00e7\u00e3o de Vila Franca de Xira ser\u00e1 comum na documenta\u00e7\u00e3o a partir do s\u00e9culo XIV.<\/p>\n\n\n\n<div class=\"wp-block-group\"><div class=\"wp-block-group__inner-container is-layout-flow wp-block-group-is-layout-flow\">\n<div class=\"wp-block-columns is-layout-flex wp-container-core-columns-is-layout-8f761849 wp-block-columns-is-layout-flex\">\n<div class=\"wp-block-column is-layout-flow wp-block-column-is-layout-flow\" style=\"flex-basis:100%\">\n<div class=\"wp-block-group\"><div class=\"wp-block-group__inner-container is-layout-flow wp-block-group-is-layout-flow\">\n<div class=\"wp-block-columns is-layout-flex wp-container-core-columns-is-layout-8f761849 wp-block-columns-is-layout-flex\">\n<div class=\"wp-block-column is-layout-flow wp-block-column-is-layout-flow\" style=\"flex-basis:100%\">\n<figure class=\"wp-block-table is-style-regular\"><table class=\"has-background\" style=\"background-color:#e7f5fe\"><tbody><tr><td><strong>Site da CM Vila Franca de Xira<\/strong><\/td><td><a href=\"http:\/\/cm-vfxira.pt\" target=\"_blank\" rel=\"noreferrer noopener\">cm-vfxira.pt<\/a><\/td><\/tr><tr><td><strong>Posto de Turismo<\/strong><\/td><td>R. Alves Redol 5, 2600-097, R. Alves Redol 5, 2600-097 Vila Franca de Xira<br><strong>Telefone<\/strong>: 263 285 605<br><strong>E-Mail<\/strong>:<a href=\"mailto:turismo@cm-vfxira.pt\" target=\"_blank\" rel=\"noreferrer noopener\">turismo@cm-vfxira.pt<\/a><\/td><\/tr><tr><td><strong>Naturais de Faro<\/strong><\/td><td>V<strong>ila-franquense<\/strong>.<\/td><\/tr><tr><td><strong>Artesanato<\/strong><\/td><td>Salienta-se o artesanato em corno de touro, as rendas e os bordados, a cer\u00e2mica, a pintura (azulejos e loi\u00e7a, principalmente) e objetos ligados \u00e0 pesca.<\/td><\/tr><tr><td><strong>Festas e Romarias<\/strong><\/td><td><strong>Festas do Colete Encarnado<\/strong> &#8211; no primeiro fim-de-semana de Julho;<br><strong>Feira de Outubro, hoje chamada de Feira de Artesanato<\/strong>, na primeira semana de Outubro<strong>.<\/strong><\/td><\/tr><\/tbody><\/table><\/figure>\n<\/div>\n<\/div>\n<\/div><\/div>\n\n\n\n<p class=\"has-medium-font-size wp-block-paragraph\">Para mais informa\u00e7\u00e3o ver Ficheiro PDF do <a href=\"https:\/\/viajarcomtempo.eu\/wp-content\/uploads\/2022\/03\/VilaFrancaXira.pdf\" target=\"_blank\" rel=\"noreferrer noopener\">Concelho de Vila Franca de Xira<\/a><\/p>\n<\/div>\n<\/div>\n<\/div><\/div>\n\n\n\n<script>\/\/ <![CDATA[\nfunction goBack() { window.history.back() }\n\/\/ ]]><\/script>\n<button onclick=\"goBack()\"><strong>Voltar \u00e0 p\u00e1gina anterior<\/strong><\/button>\n<br><br>\n","protected":false},"excerpt":{"rendered":"<p>Voltar \u00e0 p\u00e1gina anterior As ru\u00ednas do Monte dos Castelinhos, revelam a exist\u00eancia de um importante aglomerado populacional que poder\u00e1 ser a cidade perdida de Lerabriga, uma das mais importantes urbes romanas do vale do Tejo. A outorga de foral a Vila Franca e a Cira, em 1212, distinguindo explicitamente no texto os dois lugares, [&hellip;]<\/p>\n","protected":false},"author":1,"featured_media":0,"parent":0,"menu_order":0,"comment_status":"closed","ping_status":"closed","template":"","meta":{"_crdt_document":"","footnotes":""},"class_list":["post-1671","page","type-page","status-publish","hentry","eq-blocks"],"yoast_head":"<!-- This site is optimized with the Yoast SEO plugin v27.3 - https:\/\/yoast.com\/product\/yoast-seo-wordpress\/ -->\n<title>Vila Franca de Xira - Viajar Com Tempo<\/title>\n<meta name=\"robots\" content=\"index, follow, max-snippet:-1, max-image-preview:large, max-video-preview:-1\" \/>\n<link rel=\"canonical\" href=\"https:\/\/viajarcomtempo.eu\/?page_id=1671\" \/>\n<meta property=\"og:locale\" content=\"pt_PT\" \/>\n<meta property=\"og:type\" content=\"article\" \/>\n<meta property=\"og:title\" content=\"Vila Franca de Xira - Viajar Com Tempo\" \/>\n<meta property=\"og:description\" content=\"Voltar \u00e0 p\u00e1gina anterior As ru\u00ednas do Monte dos Castelinhos, revelam a exist\u00eancia de um importante aglomerado populacional que poder\u00e1 ser a cidade perdida de Lerabriga, uma das mais importantes urbes romanas do vale do Tejo. A outorga de foral a Vila Franca e a Cira, em 1212, distinguindo explicitamente no texto os dois lugares, [&hellip;]\" \/>\n<meta property=\"og:url\" content=\"https:\/\/viajarcomtempo.eu\/?page_id=1671\" \/>\n<meta property=\"og:site_name\" content=\"Viajar Com Tempo\" \/>\n<meta property=\"article:modified_time\" content=\"2022-05-15T16:15:26+00:00\" \/>\n<meta name=\"twitter:card\" content=\"summary_large_image\" \/>\n<meta name=\"twitter:label1\" content=\"Tempo estimado de leitura\" \/>\n\t<meta name=\"twitter:data1\" content=\"2 minutos\" \/>\n<script type=\"application\/ld+json\" class=\"yoast-schema-graph\">{\"@context\":\"https:\\\/\\\/schema.org\",\"@graph\":[{\"@type\":\"WebPage\",\"@id\":\"https:\\\/\\\/viajarcomtempo.eu\\\/?page_id=1671\",\"url\":\"https:\\\/\\\/viajarcomtempo.eu\\\/?page_id=1671\",\"name\":\"Vila Franca de Xira - Viajar Com Tempo\",\"isPartOf\":{\"@id\":\"https:\\\/\\\/viajarcomtempo.eu\\\/#website\"},\"datePublished\":\"2022-03-01T19:37:55+00:00\",\"dateModified\":\"2022-05-15T16:15:26+00:00\",\"breadcrumb\":{\"@id\":\"https:\\\/\\\/viajarcomtempo.eu\\\/?page_id=1671#breadcrumb\"},\"inLanguage\":\"pt-PT\",\"potentialAction\":[{\"@type\":\"ReadAction\",\"target\":[\"https:\\\/\\\/viajarcomtempo.eu\\\/?page_id=1671\"]}]},{\"@type\":\"BreadcrumbList\",\"@id\":\"https:\\\/\\\/viajarcomtempo.eu\\\/?page_id=1671#breadcrumb\",\"itemListElement\":[{\"@type\":\"ListItem\",\"position\":1,\"name\":\"In\u00edcio\",\"item\":\"https:\\\/\\\/viajarcomtempo.eu\\\/\"},{\"@type\":\"ListItem\",\"position\":2,\"name\":\"Vila Franca de Xira\"}]},{\"@type\":\"WebSite\",\"@id\":\"https:\\\/\\\/viajarcomtempo.eu\\\/#website\",\"url\":\"https:\\\/\\\/viajarcomtempo.eu\\\/\",\"name\":\"Viajar Com Tempo\",\"description\":\"Roteiros para viajar sem pressa\",\"publisher\":{\"@id\":\"https:\\\/\\\/viajarcomtempo.eu\\\/#\\\/schema\\\/person\\\/2f6c8045b5e07d397d92d8e5cf7aee98\"},\"potentialAction\":[{\"@type\":\"SearchAction\",\"target\":{\"@type\":\"EntryPoint\",\"urlTemplate\":\"https:\\\/\\\/viajarcomtempo.eu\\\/?s={search_term_string}\"},\"query-input\":{\"@type\":\"PropertyValueSpecification\",\"valueRequired\":true,\"valueName\":\"search_term_string\"}}],\"inLanguage\":\"pt-PT\"},{\"@type\":[\"Person\",\"Organization\"],\"@id\":\"https:\\\/\\\/viajarcomtempo.eu\\\/#\\\/schema\\\/person\\\/2f6c8045b5e07d397d92d8e5cf7aee98\",\"name\":\"Jos\u00e9 Salvador\",\"logo\":{\"@id\":\"https:\\\/\\\/viajarcomtempo.eu\\\/#\\\/schema\\\/person\\\/image\\\/\"},\"sameAs\":[\"http:\\\/\\\/viajarcomtempo.eu\"]}]}<\/script>\n<!-- \/ Yoast SEO plugin. -->","yoast_head_json":{"title":"Vila Franca de Xira - Viajar Com Tempo","robots":{"index":"index","follow":"follow","max-snippet":"max-snippet:-1","max-image-preview":"max-image-preview:large","max-video-preview":"max-video-preview:-1"},"canonical":"https:\/\/viajarcomtempo.eu\/?page_id=1671","og_locale":"pt_PT","og_type":"article","og_title":"Vila Franca de Xira - Viajar Com Tempo","og_description":"Voltar \u00e0 p\u00e1gina anterior As ru\u00ednas do Monte dos Castelinhos, revelam a exist\u00eancia de um importante aglomerado populacional que poder\u00e1 ser a cidade perdida de Lerabriga, uma das mais importantes urbes romanas do vale do Tejo. A outorga de foral a Vila Franca e a Cira, em 1212, distinguindo explicitamente no texto os dois lugares, [&hellip;]","og_url":"https:\/\/viajarcomtempo.eu\/?page_id=1671","og_site_name":"Viajar Com Tempo","article_modified_time":"2022-05-15T16:15:26+00:00","twitter_card":"summary_large_image","twitter_misc":{"Tempo estimado de leitura":"2 minutos"},"schema":{"@context":"https:\/\/schema.org","@graph":[{"@type":"WebPage","@id":"https:\/\/viajarcomtempo.eu\/?page_id=1671","url":"https:\/\/viajarcomtempo.eu\/?page_id=1671","name":"Vila Franca de Xira - Viajar Com Tempo","isPartOf":{"@id":"https:\/\/viajarcomtempo.eu\/#website"},"datePublished":"2022-03-01T19:37:55+00:00","dateModified":"2022-05-15T16:15:26+00:00","breadcrumb":{"@id":"https:\/\/viajarcomtempo.eu\/?page_id=1671#breadcrumb"},"inLanguage":"pt-PT","potentialAction":[{"@type":"ReadAction","target":["https:\/\/viajarcomtempo.eu\/?page_id=1671"]}]},{"@type":"BreadcrumbList","@id":"https:\/\/viajarcomtempo.eu\/?page_id=1671#breadcrumb","itemListElement":[{"@type":"ListItem","position":1,"name":"In\u00edcio","item":"https:\/\/viajarcomtempo.eu\/"},{"@type":"ListItem","position":2,"name":"Vila Franca de Xira"}]},{"@type":"WebSite","@id":"https:\/\/viajarcomtempo.eu\/#website","url":"https:\/\/viajarcomtempo.eu\/","name":"Viajar Com Tempo","description":"Roteiros para viajar sem pressa","publisher":{"@id":"https:\/\/viajarcomtempo.eu\/#\/schema\/person\/2f6c8045b5e07d397d92d8e5cf7aee98"},"potentialAction":[{"@type":"SearchAction","target":{"@type":"EntryPoint","urlTemplate":"https:\/\/viajarcomtempo.eu\/?s={search_term_string}"},"query-input":{"@type":"PropertyValueSpecification","valueRequired":true,"valueName":"search_term_string"}}],"inLanguage":"pt-PT"},{"@type":["Person","Organization"],"@id":"https:\/\/viajarcomtempo.eu\/#\/schema\/person\/2f6c8045b5e07d397d92d8e5cf7aee98","name":"Jos\u00e9 Salvador","logo":{"@id":"https:\/\/viajarcomtempo.eu\/#\/schema\/person\/image\/"},"sameAs":["http:\/\/viajarcomtempo.eu"]}]}},"_links":{"self":[{"href":"https:\/\/viajarcomtempo.eu\/index.php?rest_route=\/wp\/v2\/pages\/1671","targetHints":{"allow":["GET"]}}],"collection":[{"href":"https:\/\/viajarcomtempo.eu\/index.php?rest_route=\/wp\/v2\/pages"}],"about":[{"href":"https:\/\/viajarcomtempo.eu\/index.php?rest_route=\/wp\/v2\/types\/page"}],"author":[{"embeddable":true,"href":"https:\/\/viajarcomtempo.eu\/index.php?rest_route=\/wp\/v2\/users\/1"}],"replies":[{"embeddable":true,"href":"https:\/\/viajarcomtempo.eu\/index.php?rest_route=%2Fwp%2Fv2%2Fcomments&post=1671"}],"version-history":[{"count":5,"href":"https:\/\/viajarcomtempo.eu\/index.php?rest_route=\/wp\/v2\/pages\/1671\/revisions"}],"predecessor-version":[{"id":2041,"href":"https:\/\/viajarcomtempo.eu\/index.php?rest_route=\/wp\/v2\/pages\/1671\/revisions\/2041"}],"wp:attachment":[{"href":"https:\/\/viajarcomtempo.eu\/index.php?rest_route=%2Fwp%2Fv2%2Fmedia&parent=1671"}],"curies":[{"name":"wp","href":"https:\/\/api.w.org\/{rel}","templated":true}]}}