{"id":1681,"date":"2022-03-02T19:00:51","date_gmt":"2022-03-02T19:00:51","guid":{"rendered":"https:\/\/viajarcomtempo.eu\/?page_id=1681"},"modified":"2022-04-02T17:54:32","modified_gmt":"2022-04-02T17:54:32","slug":"chaves-3-5-2-2-4-2-2-2-2-2-2-2-2-2-3-2-2-2-2-2-2","status":"publish","type":"page","link":"https:\/\/viajarcomtempo.eu\/?page_id=1681","title":{"rendered":"Alenquer"},"content":{"rendered":"\n<script>\/\/ <![CDATA[\nfunction goBack() { window.history.back() }\n\/\/ ]]><\/script>\n<button onclick=\"goBack()\"><strong>Voltar \u00e0 p\u00e1gina anterior<\/strong><\/button>\n<br><br>\n\n\n\n<p class=\"wp-block-paragraph\">A primitiva ocupa\u00e7\u00e3o humana da regi\u00e3o remonta \u00e0&nbsp;pr\u00e9-hist\u00f3ria, conforme os testemunhos&nbsp;arqueol\u00f3gicos&nbsp;que atestam ter sido sucessivamente visitada e ocupada, por Gregos,&nbsp;Fen\u00edcios,&nbsp;Cartagineses,&nbsp;Romanos,&nbsp;Alanos,&nbsp;Godos&nbsp;e&nbsp;Mu\u00e7ulmanos.<\/p>\n\n\n\n<p class=\"wp-block-paragraph\">O Castro ou povoado de encosta, o primitivo n\u00facleo habitacional de Alenquer, ter\u00e1 sido mais tarde romanizado (s\u00e9culos II a.C. a III d.C.), pois foram descobertas moedas dos imperadores Trajano, Adriano e Antonino Pio e v\u00e1rios outros vest\u00edgios (necr\u00f3pole, ara de m\u00e1rmore, lucerna com \u201cbico\u201d quebrado, um  rel\u00f3gio de sol em m\u00e1rmore, e um fragmento de coluna com inscri\u00e7\u00e3o latina). <\/p>\n\n\n\n<p class=\"wp-block-paragraph\">Em 1837, ap\u00f3s a extin\u00e7\u00e3o dos forais, a lei de 12 de junho criou o concelho de Alenquer.<\/p>\n\n\n\n<div class=\"wp-block-group\"><div class=\"wp-block-group__inner-container is-layout-flow wp-block-group-is-layout-flow\">\n<div class=\"wp-block-columns is-layout-flex wp-container-core-columns-is-layout-8f761849 wp-block-columns-is-layout-flex\">\n<div class=\"wp-block-column is-layout-flow wp-block-column-is-layout-flow\" style=\"flex-basis:100%\">\n<div class=\"wp-block-group\"><div class=\"wp-block-group__inner-container is-layout-flow wp-block-group-is-layout-flow\">\n<div class=\"wp-block-columns is-layout-flex wp-container-core-columns-is-layout-8f761849 wp-block-columns-is-layout-flex\">\n<div class=\"wp-block-column is-layout-flow wp-block-column-is-layout-flow\" style=\"flex-basis:100%\">\n<figure class=\"wp-block-table is-style-regular\"><table class=\"has-background\" style=\"background-color:#e7f5fe\"><tbody><tr><td><strong>Site da CM Alenquer<\/strong><\/td><td><a href=\"https:\/\/cm-alenquer.pt\/pt\/Default.aspx\" target=\"_blank\" rel=\"noreferrer noopener\">CM-Alenquer.pt<\/a><br>No site da CM de Alenquer est\u00e1 dispon\u00edvel o <a href=\"http:\/\/www.viveralenquer.pt\/pdf\/Mapa_Alenquer.pdf\" target=\"_blank\" rel=\"noreferrer noopener\">Mapa tur\u00edstico<\/a> para consulta.<\/td><\/tr><tr><td><strong>Posto de Turismo<\/strong><\/td><td><a href=\"turismo@cm-alenquer.pt\" target=\"_blank\" rel=\"noreferrer noopener\">turismo@cm_alenquer.pt<\/a><br><strong>Telefone: 263 711 433<\/strong><\/td><\/tr><tr><td><strong>Naturais de Alenquer<\/strong><\/td><td><strong>Alenquerenses<\/strong>.<\/td><\/tr><tr><td><strong>Artesanato<\/strong><\/td><td>Salientam-se as <strong>loi\u00e7as de barro<\/strong>, os <strong>m\u00e1rmores para decora\u00e7\u00e3o<\/strong>, a <strong>cestaria<\/strong> e a <strong>cantaria<\/strong>.<\/td><\/tr><tr><td><strong>Festas e Romarias<\/strong><\/td><td><strong>Romaria de Santa Quit\u00e9ria de Meca<\/strong>, no primeiro domingo depois de 22 de maio.<br><strong>Festas do Imp\u00e9rio do Divino Esp\u00edrito Santo &#8211; <\/strong>foram institu\u00eddas em Alenquer pela Rainha Santa Isabel e pelo rei D. Dinis, em 1321.<br><strong>Alenquer, Pres\u00e9pio de Portugal<\/strong> &#8211; Concurso de Pres\u00e9pios e Vila M\u00e1gica<\/td><\/tr><\/tbody><\/table><\/figure>\n<\/div>\n<\/div>\n<\/div><\/div>\n\n\n\n<p class=\"has-medium-font-size wp-block-paragraph\">Para mais informa\u00e7\u00e3o ver Ficheiro PDF do <a href=\"https:\/\/viajarcomtempo.eu\/wp-content\/uploads\/2022\/03\/Alenquer.pdf\" target=\"_blank\" rel=\"noreferrer noopener\">Concelho de Alenquer<\/a><\/p>\n<\/div>\n<\/div>\n<\/div><\/div>\n\n\n\n<script>\/\/ <![CDATA[\nfunction goBack() { window.history.back() }\n\/\/ ]]><\/script>\n<button onclick=\"goBack()\"><strong>Voltar \u00e0 p\u00e1gina anterior<\/strong><\/button>\n<br><br>\n","protected":false},"excerpt":{"rendered":"<p>Voltar \u00e0 p\u00e1gina anterior A primitiva ocupa\u00e7\u00e3o humana da regi\u00e3o remonta \u00e0&nbsp;pr\u00e9-hist\u00f3ria, conforme os testemunhos&nbsp;arqueol\u00f3gicos&nbsp;que atestam ter sido sucessivamente visitada e ocupada, por Gregos,&nbsp;Fen\u00edcios,&nbsp;Cartagineses,&nbsp;Romanos,&nbsp;Alanos,&nbsp;Godos&nbsp;e&nbsp;Mu\u00e7ulmanos. O Castro ou povoado de encosta, o primitivo n\u00facleo habitacional de Alenquer, ter\u00e1 sido mais tarde romanizado (s\u00e9culos II a.C. a III d.C.), pois foram descobertas moedas dos imperadores Trajano, Adriano [&hellip;]<\/p>\n","protected":false},"author":1,"featured_media":0,"parent":0,"menu_order":0,"comment_status":"closed","ping_status":"closed","template":"","meta":{"_crdt_document":"","footnotes":""},"class_list":["post-1681","page","type-page","status-publish","hentry","eq-blocks"],"yoast_head":"<!-- This site is optimized with the Yoast SEO plugin v27.3 - https:\/\/yoast.com\/product\/yoast-seo-wordpress\/ -->\n<title>Alenquer - Viajar Com Tempo<\/title>\n<meta name=\"robots\" content=\"index, follow, max-snippet:-1, max-image-preview:large, max-video-preview:-1\" \/>\n<link rel=\"canonical\" href=\"https:\/\/viajarcomtempo.eu\/?page_id=1681\" \/>\n<meta property=\"og:locale\" content=\"pt_PT\" \/>\n<meta property=\"og:type\" content=\"article\" \/>\n<meta property=\"og:title\" content=\"Alenquer - Viajar Com Tempo\" \/>\n<meta property=\"og:description\" content=\"Voltar \u00e0 p\u00e1gina anterior A primitiva ocupa\u00e7\u00e3o humana da regi\u00e3o remonta \u00e0&nbsp;pr\u00e9-hist\u00f3ria, conforme os testemunhos&nbsp;arqueol\u00f3gicos&nbsp;que atestam ter sido sucessivamente visitada e ocupada, por Gregos,&nbsp;Fen\u00edcios,&nbsp;Cartagineses,&nbsp;Romanos,&nbsp;Alanos,&nbsp;Godos&nbsp;e&nbsp;Mu\u00e7ulmanos. O Castro ou povoado de encosta, o primitivo n\u00facleo habitacional de Alenquer, ter\u00e1 sido mais tarde romanizado (s\u00e9culos II a.C. a III d.C.), pois foram descobertas moedas dos imperadores Trajano, Adriano [&hellip;]\" \/>\n<meta property=\"og:url\" content=\"https:\/\/viajarcomtempo.eu\/?page_id=1681\" \/>\n<meta property=\"og:site_name\" content=\"Viajar Com Tempo\" \/>\n<meta property=\"article:modified_time\" content=\"2022-04-02T17:54:32+00:00\" \/>\n<meta name=\"twitter:card\" content=\"summary_large_image\" \/>\n<meta name=\"twitter:label1\" content=\"Tempo estimado de leitura\" \/>\n\t<meta name=\"twitter:data1\" content=\"2 minutos\" \/>\n<script type=\"application\/ld+json\" class=\"yoast-schema-graph\">{\"@context\":\"https:\\\/\\\/schema.org\",\"@graph\":[{\"@type\":\"WebPage\",\"@id\":\"https:\\\/\\\/viajarcomtempo.eu\\\/?page_id=1681\",\"url\":\"https:\\\/\\\/viajarcomtempo.eu\\\/?page_id=1681\",\"name\":\"Alenquer - Viajar Com Tempo\",\"isPartOf\":{\"@id\":\"https:\\\/\\\/viajarcomtempo.eu\\\/#website\"},\"datePublished\":\"2022-03-02T19:00:51+00:00\",\"dateModified\":\"2022-04-02T17:54:32+00:00\",\"breadcrumb\":{\"@id\":\"https:\\\/\\\/viajarcomtempo.eu\\\/?page_id=1681#breadcrumb\"},\"inLanguage\":\"pt-PT\",\"potentialAction\":[{\"@type\":\"ReadAction\",\"target\":[\"https:\\\/\\\/viajarcomtempo.eu\\\/?page_id=1681\"]}]},{\"@type\":\"BreadcrumbList\",\"@id\":\"https:\\\/\\\/viajarcomtempo.eu\\\/?page_id=1681#breadcrumb\",\"itemListElement\":[{\"@type\":\"ListItem\",\"position\":1,\"name\":\"In\u00edcio\",\"item\":\"https:\\\/\\\/viajarcomtempo.eu\\\/\"},{\"@type\":\"ListItem\",\"position\":2,\"name\":\"Alenquer\"}]},{\"@type\":\"WebSite\",\"@id\":\"https:\\\/\\\/viajarcomtempo.eu\\\/#website\",\"url\":\"https:\\\/\\\/viajarcomtempo.eu\\\/\",\"name\":\"Viajar Com Tempo\",\"description\":\"Roteiros para viajar sem pressa\",\"publisher\":{\"@id\":\"https:\\\/\\\/viajarcomtempo.eu\\\/#\\\/schema\\\/person\\\/2f6c8045b5e07d397d92d8e5cf7aee98\"},\"potentialAction\":[{\"@type\":\"SearchAction\",\"target\":{\"@type\":\"EntryPoint\",\"urlTemplate\":\"https:\\\/\\\/viajarcomtempo.eu\\\/?s={search_term_string}\"},\"query-input\":{\"@type\":\"PropertyValueSpecification\",\"valueRequired\":true,\"valueName\":\"search_term_string\"}}],\"inLanguage\":\"pt-PT\"},{\"@type\":[\"Person\",\"Organization\"],\"@id\":\"https:\\\/\\\/viajarcomtempo.eu\\\/#\\\/schema\\\/person\\\/2f6c8045b5e07d397d92d8e5cf7aee98\",\"name\":\"Jos\u00e9 Salvador\",\"logo\":{\"@id\":\"https:\\\/\\\/viajarcomtempo.eu\\\/#\\\/schema\\\/person\\\/image\\\/\"},\"sameAs\":[\"http:\\\/\\\/viajarcomtempo.eu\"]}]}<\/script>\n<!-- \/ Yoast SEO plugin. -->","yoast_head_json":{"title":"Alenquer - Viajar Com Tempo","robots":{"index":"index","follow":"follow","max-snippet":"max-snippet:-1","max-image-preview":"max-image-preview:large","max-video-preview":"max-video-preview:-1"},"canonical":"https:\/\/viajarcomtempo.eu\/?page_id=1681","og_locale":"pt_PT","og_type":"article","og_title":"Alenquer - Viajar Com Tempo","og_description":"Voltar \u00e0 p\u00e1gina anterior A primitiva ocupa\u00e7\u00e3o humana da regi\u00e3o remonta \u00e0&nbsp;pr\u00e9-hist\u00f3ria, conforme os testemunhos&nbsp;arqueol\u00f3gicos&nbsp;que atestam ter sido sucessivamente visitada e ocupada, por Gregos,&nbsp;Fen\u00edcios,&nbsp;Cartagineses,&nbsp;Romanos,&nbsp;Alanos,&nbsp;Godos&nbsp;e&nbsp;Mu\u00e7ulmanos. O Castro ou povoado de encosta, o primitivo n\u00facleo habitacional de Alenquer, ter\u00e1 sido mais tarde romanizado (s\u00e9culos II a.C. a III d.C.), pois foram descobertas moedas dos imperadores Trajano, Adriano [&hellip;]","og_url":"https:\/\/viajarcomtempo.eu\/?page_id=1681","og_site_name":"Viajar Com Tempo","article_modified_time":"2022-04-02T17:54:32+00:00","twitter_card":"summary_large_image","twitter_misc":{"Tempo estimado de leitura":"2 minutos"},"schema":{"@context":"https:\/\/schema.org","@graph":[{"@type":"WebPage","@id":"https:\/\/viajarcomtempo.eu\/?page_id=1681","url":"https:\/\/viajarcomtempo.eu\/?page_id=1681","name":"Alenquer - Viajar Com Tempo","isPartOf":{"@id":"https:\/\/viajarcomtempo.eu\/#website"},"datePublished":"2022-03-02T19:00:51+00:00","dateModified":"2022-04-02T17:54:32+00:00","breadcrumb":{"@id":"https:\/\/viajarcomtempo.eu\/?page_id=1681#breadcrumb"},"inLanguage":"pt-PT","potentialAction":[{"@type":"ReadAction","target":["https:\/\/viajarcomtempo.eu\/?page_id=1681"]}]},{"@type":"BreadcrumbList","@id":"https:\/\/viajarcomtempo.eu\/?page_id=1681#breadcrumb","itemListElement":[{"@type":"ListItem","position":1,"name":"In\u00edcio","item":"https:\/\/viajarcomtempo.eu\/"},{"@type":"ListItem","position":2,"name":"Alenquer"}]},{"@type":"WebSite","@id":"https:\/\/viajarcomtempo.eu\/#website","url":"https:\/\/viajarcomtempo.eu\/","name":"Viajar Com Tempo","description":"Roteiros para viajar sem pressa","publisher":{"@id":"https:\/\/viajarcomtempo.eu\/#\/schema\/person\/2f6c8045b5e07d397d92d8e5cf7aee98"},"potentialAction":[{"@type":"SearchAction","target":{"@type":"EntryPoint","urlTemplate":"https:\/\/viajarcomtempo.eu\/?s={search_term_string}"},"query-input":{"@type":"PropertyValueSpecification","valueRequired":true,"valueName":"search_term_string"}}],"inLanguage":"pt-PT"},{"@type":["Person","Organization"],"@id":"https:\/\/viajarcomtempo.eu\/#\/schema\/person\/2f6c8045b5e07d397d92d8e5cf7aee98","name":"Jos\u00e9 Salvador","logo":{"@id":"https:\/\/viajarcomtempo.eu\/#\/schema\/person\/image\/"},"sameAs":["http:\/\/viajarcomtempo.eu"]}]}},"_links":{"self":[{"href":"https:\/\/viajarcomtempo.eu\/index.php?rest_route=\/wp\/v2\/pages\/1681","targetHints":{"allow":["GET"]}}],"collection":[{"href":"https:\/\/viajarcomtempo.eu\/index.php?rest_route=\/wp\/v2\/pages"}],"about":[{"href":"https:\/\/viajarcomtempo.eu\/index.php?rest_route=\/wp\/v2\/types\/page"}],"author":[{"embeddable":true,"href":"https:\/\/viajarcomtempo.eu\/index.php?rest_route=\/wp\/v2\/users\/1"}],"replies":[{"embeddable":true,"href":"https:\/\/viajarcomtempo.eu\/index.php?rest_route=%2Fwp%2Fv2%2Fcomments&post=1681"}],"version-history":[{"count":8,"href":"https:\/\/viajarcomtempo.eu\/index.php?rest_route=\/wp\/v2\/pages\/1681\/revisions"}],"predecessor-version":[{"id":1869,"href":"https:\/\/viajarcomtempo.eu\/index.php?rest_route=\/wp\/v2\/pages\/1681\/revisions\/1869"}],"wp:attachment":[{"href":"https:\/\/viajarcomtempo.eu\/index.php?rest_route=%2Fwp%2Fv2%2Fmedia&parent=1681"}],"curies":[{"name":"wp","href":"https:\/\/api.w.org\/{rel}","templated":true}]}}