{"id":1720,"date":"2022-03-07T18:15:50","date_gmt":"2022-03-07T18:15:50","guid":{"rendered":"https:\/\/viajarcomtempo.eu\/?page_id=1720"},"modified":"2022-05-15T16:19:59","modified_gmt":"2022-05-15T16:19:59","slug":"chaves-3-5-2-2-4-2-2-2-2-2-2-2-2-2-3-2-2-2-2-2-2-2-2-2-2","status":"publish","type":"page","link":"https:\/\/viajarcomtempo.eu\/?page_id=1720","title":{"rendered":"Porto de M\u00f3s"},"content":{"rendered":"\n<script>\/\/ <![CDATA[\nfunction goBack() { window.history.back() }\n\/\/ ]]><\/script>\n<button onclick=\"goBack()\"><strong>Voltar \u00e0 p\u00e1gina anterior<\/strong><\/button>\n<br><br>\n\n\n\n<p class=\"wp-block-paragraph\">As presen\u00e7as materiais da romaniza\u00e7\u00e3o s\u00e3o vis\u00edveis nos panos de muralha do castelo medieval, com destaque para duas cantarias com inscri\u00e7\u00f5es latinas, nos pesos de tear, nas pedras de espremer o mel, nas moedas e nas lan\u00e7as de ferro do Imp\u00e9rio Romano.<br>D. Afonso Henriques conquista esta pra\u00e7a-forte aos Mouros no decurso de 1148, nomeando seu alcaide D. Fuas Roupinho. O castelo voltou \u00e0s m\u00e3os dos \u00c1rabes, mas o mesmo D. Fuas Roupinho, ap\u00f3s  estrat\u00e9gica fuga, retoma-o em definitivo.<\/p>\n\n\n\n<p class=\"wp-block-paragraph\">O nome e a hist\u00f3ria de Porto de M\u00f3s (Portus de Molis), nasceu h\u00e1 mais de 2.000 anos ao tempo em que o rio Lena era naveg\u00e1vel e as jangadas romanas aqui embarcavam as pedras de m\u00f3s e, mais tarde, o ferro das minas de Alqueid\u00e3o da Serra.<\/p>\n\n\n\n<div class=\"wp-block-group\"><div class=\"wp-block-group__inner-container is-layout-flow wp-block-group-is-layout-flow\">\n<div class=\"wp-block-columns is-layout-flex wp-container-core-columns-is-layout-8f761849 wp-block-columns-is-layout-flex\">\n<div class=\"wp-block-column is-layout-flow wp-block-column-is-layout-flow\" style=\"flex-basis:100%\">\n<div class=\"wp-block-group\"><div class=\"wp-block-group__inner-container is-layout-flow wp-block-group-is-layout-flow\">\n<div class=\"wp-block-columns is-layout-flex wp-container-core-columns-is-layout-8f761849 wp-block-columns-is-layout-flex\">\n<div class=\"wp-block-column is-layout-flow wp-block-column-is-layout-flow\" style=\"flex-basis:100%\">\n<figure class=\"wp-block-table is-style-regular\"><table class=\"has-background\" style=\"background-color:#e7f5fe\"><tbody><tr><td><strong>Site da CM Porto de M\u00f3s<\/strong><\/td><td><a href=\"https:\/\/www.municipio-portodemos.pt\/\" target=\"_blank\" rel=\"noreferrer noopener\">municipio-portomos.pt<\/a><\/td><\/tr><tr><td><strong>Posto de Turismo<\/strong><\/td><td><strong>Mail<\/strong>: <a href=\"mailto:turismo@municipio-portodemos.pt\" target=\"_blank\" rel=\"noreferrer noopener\">turismo@municipio-portodemos.pt<\/a><br><strong>Telefone<\/strong>: 244 491 323<\/td><\/tr><tr><td><strong>Naturais de Porto de M\u00f3s<\/strong><\/td><td><strong>Porto-Mosenses.<\/strong><\/td><\/tr><tr><td><strong>Artesanato<\/strong><\/td><td>Salienta-se a <strong>azulejaria<\/strong>, a <strong>cer\u00e2mica figurativa<\/strong>, a <strong>cestaria<\/strong>, os <strong>trabalhos em corti\u00e7a<\/strong>, <strong>pele<\/strong>, <strong>macram\u00e9<\/strong>, <strong>corda<\/strong>, <strong>flores <\/strong>e em <strong>pedra cal\u00e7ada<\/strong>, a <strong>tecelagem em tear manual<\/strong>, a <strong>olaria<\/strong> e as <strong>pirogravuras<\/strong>.<\/td><\/tr><tr><td><strong>Festas e Romarias<\/strong><\/td><td><strong>Festas do Concelho\/S. Pedro<\/strong>, no final de junho;<br><strong>Festas de N. Sra. da Piedade <\/strong>entre julho e meados de agosto;<br><strong>Festas<\/strong> de <strong>S. Miguel, <\/strong>a 4 de setembro;<br><strong>N. Sra. da Luz em julho\/agosto, do<\/strong><\/td><\/tr><\/tbody><\/table><\/figure>\n<\/div>\n<\/div>\n<\/div><\/div>\n\n\n\n<p class=\"has-medium-font-size wp-block-paragraph\">Para mais informa\u00e7\u00e3o ver Ficheiro PDF do <a href=\"https:\/\/viajarcomtempo.eu\/wp-content\/uploads\/2022\/03\/PortoMos.pdf\" target=\"_blank\" rel=\"noreferrer noopener\">Concelho de Porto de M\u00f3s<\/a><\/p>\n<\/div>\n<\/div>\n<\/div><\/div>\n\n\n\n<script>\/\/ <![CDATA[\nfunction goBack() { window.history.back() }\n\/\/ ]]><\/script>\n<button onclick=\"goBack()\"><strong>Voltar \u00e0 p\u00e1gina anterior<\/strong><\/button>\n<br><br>\n","protected":false},"excerpt":{"rendered":"<p>Voltar \u00e0 p\u00e1gina anterior As presen\u00e7as materiais da romaniza\u00e7\u00e3o s\u00e3o vis\u00edveis nos panos de muralha do castelo medieval, com destaque para duas cantarias com inscri\u00e7\u00f5es latinas, nos pesos de tear, nas pedras de espremer o mel, nas moedas e nas lan\u00e7as de ferro do Imp\u00e9rio Romano.D. Afonso Henriques conquista esta pra\u00e7a-forte aos Mouros no decurso [&hellip;]<\/p>\n","protected":false},"author":1,"featured_media":0,"parent":0,"menu_order":0,"comment_status":"closed","ping_status":"closed","template":"","meta":{"_crdt_document":"","footnotes":""},"class_list":["post-1720","page","type-page","status-publish","hentry","eq-blocks"],"yoast_head":"<!-- This site is optimized with the Yoast SEO plugin v27.3 - https:\/\/yoast.com\/product\/yoast-seo-wordpress\/ -->\n<title>Porto de M\u00f3s - Viajar Com Tempo<\/title>\n<meta name=\"robots\" content=\"index, follow, max-snippet:-1, max-image-preview:large, max-video-preview:-1\" \/>\n<link rel=\"canonical\" href=\"https:\/\/viajarcomtempo.eu\/?page_id=1720\" \/>\n<meta property=\"og:locale\" content=\"pt_PT\" \/>\n<meta property=\"og:type\" content=\"article\" \/>\n<meta property=\"og:title\" content=\"Porto de M\u00f3s - Viajar Com Tempo\" \/>\n<meta property=\"og:description\" content=\"Voltar \u00e0 p\u00e1gina anterior As presen\u00e7as materiais da romaniza\u00e7\u00e3o s\u00e3o vis\u00edveis nos panos de muralha do castelo medieval, com destaque para duas cantarias com inscri\u00e7\u00f5es latinas, nos pesos de tear, nas pedras de espremer o mel, nas moedas e nas lan\u00e7as de ferro do Imp\u00e9rio Romano.D. Afonso Henriques conquista esta pra\u00e7a-forte aos Mouros no decurso [&hellip;]\" \/>\n<meta property=\"og:url\" content=\"https:\/\/viajarcomtempo.eu\/?page_id=1720\" \/>\n<meta property=\"og:site_name\" content=\"Viajar Com Tempo\" \/>\n<meta property=\"article:modified_time\" content=\"2022-05-15T16:19:59+00:00\" \/>\n<meta name=\"twitter:card\" content=\"summary_large_image\" \/>\n<meta name=\"twitter:label1\" content=\"Tempo estimado de leitura\" \/>\n\t<meta name=\"twitter:data1\" content=\"2 minutos\" \/>\n<script type=\"application\/ld+json\" class=\"yoast-schema-graph\">{\"@context\":\"https:\\\/\\\/schema.org\",\"@graph\":[{\"@type\":\"WebPage\",\"@id\":\"https:\\\/\\\/viajarcomtempo.eu\\\/?page_id=1720\",\"url\":\"https:\\\/\\\/viajarcomtempo.eu\\\/?page_id=1720\",\"name\":\"Porto de M\u00f3s - Viajar Com Tempo\",\"isPartOf\":{\"@id\":\"https:\\\/\\\/viajarcomtempo.eu\\\/#website\"},\"datePublished\":\"2022-03-07T18:15:50+00:00\",\"dateModified\":\"2022-05-15T16:19:59+00:00\",\"breadcrumb\":{\"@id\":\"https:\\\/\\\/viajarcomtempo.eu\\\/?page_id=1720#breadcrumb\"},\"inLanguage\":\"pt-PT\",\"potentialAction\":[{\"@type\":\"ReadAction\",\"target\":[\"https:\\\/\\\/viajarcomtempo.eu\\\/?page_id=1720\"]}]},{\"@type\":\"BreadcrumbList\",\"@id\":\"https:\\\/\\\/viajarcomtempo.eu\\\/?page_id=1720#breadcrumb\",\"itemListElement\":[{\"@type\":\"ListItem\",\"position\":1,\"name\":\"In\u00edcio\",\"item\":\"https:\\\/\\\/viajarcomtempo.eu\\\/\"},{\"@type\":\"ListItem\",\"position\":2,\"name\":\"Porto de M\u00f3s\"}]},{\"@type\":\"WebSite\",\"@id\":\"https:\\\/\\\/viajarcomtempo.eu\\\/#website\",\"url\":\"https:\\\/\\\/viajarcomtempo.eu\\\/\",\"name\":\"Viajar Com Tempo\",\"description\":\"Roteiros para viajar sem pressa\",\"publisher\":{\"@id\":\"https:\\\/\\\/viajarcomtempo.eu\\\/#\\\/schema\\\/person\\\/2f6c8045b5e07d397d92d8e5cf7aee98\"},\"potentialAction\":[{\"@type\":\"SearchAction\",\"target\":{\"@type\":\"EntryPoint\",\"urlTemplate\":\"https:\\\/\\\/viajarcomtempo.eu\\\/?s={search_term_string}\"},\"query-input\":{\"@type\":\"PropertyValueSpecification\",\"valueRequired\":true,\"valueName\":\"search_term_string\"}}],\"inLanguage\":\"pt-PT\"},{\"@type\":[\"Person\",\"Organization\"],\"@id\":\"https:\\\/\\\/viajarcomtempo.eu\\\/#\\\/schema\\\/person\\\/2f6c8045b5e07d397d92d8e5cf7aee98\",\"name\":\"Jos\u00e9 Salvador\",\"logo\":{\"@id\":\"https:\\\/\\\/viajarcomtempo.eu\\\/#\\\/schema\\\/person\\\/image\\\/\"},\"sameAs\":[\"http:\\\/\\\/viajarcomtempo.eu\"]}]}<\/script>\n<!-- \/ Yoast SEO plugin. -->","yoast_head_json":{"title":"Porto de M\u00f3s - Viajar Com Tempo","robots":{"index":"index","follow":"follow","max-snippet":"max-snippet:-1","max-image-preview":"max-image-preview:large","max-video-preview":"max-video-preview:-1"},"canonical":"https:\/\/viajarcomtempo.eu\/?page_id=1720","og_locale":"pt_PT","og_type":"article","og_title":"Porto de M\u00f3s - Viajar Com Tempo","og_description":"Voltar \u00e0 p\u00e1gina anterior As presen\u00e7as materiais da romaniza\u00e7\u00e3o s\u00e3o vis\u00edveis nos panos de muralha do castelo medieval, com destaque para duas cantarias com inscri\u00e7\u00f5es latinas, nos pesos de tear, nas pedras de espremer o mel, nas moedas e nas lan\u00e7as de ferro do Imp\u00e9rio Romano.D. Afonso Henriques conquista esta pra\u00e7a-forte aos Mouros no decurso [&hellip;]","og_url":"https:\/\/viajarcomtempo.eu\/?page_id=1720","og_site_name":"Viajar Com Tempo","article_modified_time":"2022-05-15T16:19:59+00:00","twitter_card":"summary_large_image","twitter_misc":{"Tempo estimado de leitura":"2 minutos"},"schema":{"@context":"https:\/\/schema.org","@graph":[{"@type":"WebPage","@id":"https:\/\/viajarcomtempo.eu\/?page_id=1720","url":"https:\/\/viajarcomtempo.eu\/?page_id=1720","name":"Porto de M\u00f3s - Viajar Com Tempo","isPartOf":{"@id":"https:\/\/viajarcomtempo.eu\/#website"},"datePublished":"2022-03-07T18:15:50+00:00","dateModified":"2022-05-15T16:19:59+00:00","breadcrumb":{"@id":"https:\/\/viajarcomtempo.eu\/?page_id=1720#breadcrumb"},"inLanguage":"pt-PT","potentialAction":[{"@type":"ReadAction","target":["https:\/\/viajarcomtempo.eu\/?page_id=1720"]}]},{"@type":"BreadcrumbList","@id":"https:\/\/viajarcomtempo.eu\/?page_id=1720#breadcrumb","itemListElement":[{"@type":"ListItem","position":1,"name":"In\u00edcio","item":"https:\/\/viajarcomtempo.eu\/"},{"@type":"ListItem","position":2,"name":"Porto de M\u00f3s"}]},{"@type":"WebSite","@id":"https:\/\/viajarcomtempo.eu\/#website","url":"https:\/\/viajarcomtempo.eu\/","name":"Viajar Com Tempo","description":"Roteiros para viajar sem pressa","publisher":{"@id":"https:\/\/viajarcomtempo.eu\/#\/schema\/person\/2f6c8045b5e07d397d92d8e5cf7aee98"},"potentialAction":[{"@type":"SearchAction","target":{"@type":"EntryPoint","urlTemplate":"https:\/\/viajarcomtempo.eu\/?s={search_term_string}"},"query-input":{"@type":"PropertyValueSpecification","valueRequired":true,"valueName":"search_term_string"}}],"inLanguage":"pt-PT"},{"@type":["Person","Organization"],"@id":"https:\/\/viajarcomtempo.eu\/#\/schema\/person\/2f6c8045b5e07d397d92d8e5cf7aee98","name":"Jos\u00e9 Salvador","logo":{"@id":"https:\/\/viajarcomtempo.eu\/#\/schema\/person\/image\/"},"sameAs":["http:\/\/viajarcomtempo.eu"]}]}},"_links":{"self":[{"href":"https:\/\/viajarcomtempo.eu\/index.php?rest_route=\/wp\/v2\/pages\/1720","targetHints":{"allow":["GET"]}}],"collection":[{"href":"https:\/\/viajarcomtempo.eu\/index.php?rest_route=\/wp\/v2\/pages"}],"about":[{"href":"https:\/\/viajarcomtempo.eu\/index.php?rest_route=\/wp\/v2\/types\/page"}],"author":[{"embeddable":true,"href":"https:\/\/viajarcomtempo.eu\/index.php?rest_route=\/wp\/v2\/users\/1"}],"replies":[{"embeddable":true,"href":"https:\/\/viajarcomtempo.eu\/index.php?rest_route=%2Fwp%2Fv2%2Fcomments&post=1720"}],"version-history":[{"count":6,"href":"https:\/\/viajarcomtempo.eu\/index.php?rest_route=\/wp\/v2\/pages\/1720\/revisions"}],"predecessor-version":[{"id":2044,"href":"https:\/\/viajarcomtempo.eu\/index.php?rest_route=\/wp\/v2\/pages\/1720\/revisions\/2044"}],"wp:attachment":[{"href":"https:\/\/viajarcomtempo.eu\/index.php?rest_route=%2Fwp%2Fv2%2Fmedia&parent=1720"}],"curies":[{"name":"wp","href":"https:\/\/api.w.org\/{rel}","templated":true}]}}