{"id":1745,"date":"2022-03-19T18:16:00","date_gmt":"2022-03-19T18:16:00","guid":{"rendered":"https:\/\/viajarcomtempo.eu\/?page_id=1745"},"modified":"2022-05-15T14:03:28","modified_gmt":"2022-05-15T14:03:28","slug":"chaves-3-5-2-2-4-2-2-2-2-2-2-2-2-2-3-2-2-2-2-2-2-2-2-2-2-2-2","status":"publish","type":"page","link":"https:\/\/viajarcomtempo.eu\/?page_id=1745","title":{"rendered":"Leiria"},"content":{"rendered":"\n<script>\/\/ <![CDATA[\nfunction goBack() { window.history.back() }\n\/\/ ]]><\/script>\n<button onclick=\"goBack()\"><strong>Voltar \u00e0 p\u00e1gina anterior<\/strong><\/button>\n<br><br>\n\n\n\n<p class=\"wp-block-paragraph\">Os primeiros habitantes, foram os t\u00fardulos, um povo ind\u00edgena celtibero, que estabeleceram uma povoa\u00e7\u00e3o a cerca de 7 km de Leiria. Foi habitada pelos suevos em 414 DC. e incorporada por Leovigildo no reino dos visigodos em 585 DC.<\/p>\n\n\n\n<p class=\"wp-block-paragraph\">Foi posteriormente ocupada pelos romanos, per\u00edodo em que floresceu sob o nome de Collippo. As pedras da antiga cidade romana foram usadas na Idade M\u00e9dia para construir parte de Leiria, destacando-se o castelo onde ainda se podem ver pedras com inscri\u00e7\u00f5es romanas.<\/p>\n\n\n\n<p class=\"wp-block-paragraph\"><br>D. Afonso Henriques conquistou Leiria aos Mouros, em 1134, e mandou reconstruir o castelo e as muralhas. Recebeu foral do mesmo rei, sob o nome de <strong>Leirena<\/strong>, em 1142, e de D. Sancho I, em 1195.<\/p>\n\n\n\n<div class=\"wp-block-group\"><div class=\"wp-block-group__inner-container is-layout-flow wp-block-group-is-layout-flow\">\n<div class=\"wp-block-columns is-layout-flex wp-container-core-columns-is-layout-8f761849 wp-block-columns-is-layout-flex\">\n<div class=\"wp-block-column is-layout-flow wp-block-column-is-layout-flow\" style=\"flex-basis:100%\">\n<div class=\"wp-block-group\"><div class=\"wp-block-group__inner-container is-layout-flow wp-block-group-is-layout-flow\">\n<div class=\"wp-block-columns is-layout-flex wp-container-core-columns-is-layout-8f761849 wp-block-columns-is-layout-flex\">\n<div class=\"wp-block-column is-layout-flow wp-block-column-is-layout-flow\" style=\"flex-basis:100%\">\n<figure class=\"wp-block-table is-style-regular\"><table class=\"has-background\" style=\"background-color:#e7f5fe\"><tbody><tr><td><strong>Site da CM de Leiria<\/strong><\/td><td><strong><a href=\"http:\/\/cm-leiria.pt\">cm-le<\/a><a href=\"http:\/\/cm-leiria.pt\" target=\"_blank\" rel=\"noreferrer noopener\">iria.pt<\/a><\/strong><\/td><\/tr><tr><td><strong>Posto de Turismo<\/strong><\/td><td>Jardim Lu\u00eds de Cam\u00f5es 2400-172 Leiria<br><strong>Telefone <\/strong>&#8211; 244 848 77 <br><strong>E-mail &#8211;<\/strong> <strong><a href=\"mailto:geral@turismodocentro.pt\" target=\"_blank\" rel=\"noreferrer noopener\">geral@turismodocentro.pt<\/a><\/strong><\/td><\/tr><tr><td><strong>Naturais de Leiria<\/strong><\/td><td><strong>leirienses<\/strong> ou <strong>coliponenses<\/strong>.<\/td><\/tr><tr><td><strong>Artesanato<\/strong><\/td><td>Salienta-se a <strong>Lou\u00e7a de Bajouca<\/strong> e as <strong>Rodilhas (Sogras) de Leiria<\/strong>.<\/td><\/tr><tr><td><strong>Festas e Romarias<\/strong><\/td><td><strong>Feira anual<\/strong> &#8211;  Dura\u00e7\u00e3o aproximada de 20 dias, realizada no m\u00eas de maio <br><strong>Festival G\u00f3tico ENTREMURALHAS<\/strong> &#8211; Organizado pela FADE IN, no Ver\u00e3o;<br><strong>Festa Nossa Senhora da Encarna\u00e7\u00e3<\/strong>o &#8211; nos dias 14 e 15 de agosto;<br><strong>Festival Regional de Gastronomia e Artesanato<\/strong> &#8211; na primeira semana de setembro;<br><strong>Mercado de antiguidades<\/strong>, mensal.<\/td><\/tr><\/tbody><\/table><\/figure>\n<\/div>\n<\/div>\n<\/div><\/div>\n\n\n\n<p class=\"has-medium-font-size wp-block-paragraph\">Para mais informa\u00e7\u00e3o ver Ficheiro PDF do <a href=\"https:\/\/viajarcomtempo.eu\/wp-content\/uploads\/2022\/03\/Leiria.pdf\" target=\"_blank\" rel=\"noreferrer noopener\">Concelho de Leiria<\/a><\/p>\n<\/div>\n<\/div>\n<\/div><\/div>\n\n\n\n<script>\/\/ <![CDATA[\nfunction goBack() { window.history.back() }\n\/\/ ]]><\/script>\n<button onclick=\"goBack()\"><strong>Voltar \u00e0 p\u00e1gina anterior<\/strong><\/button>\n<br><br>\n","protected":false},"excerpt":{"rendered":"<p>Voltar \u00e0 p\u00e1gina anterior Os primeiros habitantes, foram os t\u00fardulos, um povo ind\u00edgena celtibero, que estabeleceram uma povoa\u00e7\u00e3o a cerca de 7 km de Leiria. Foi habitada pelos suevos em 414 DC. e incorporada por Leovigildo no reino dos visigodos em 585 DC. Foi posteriormente ocupada pelos romanos, per\u00edodo em que floresceu sob o nome [&hellip;]<\/p>\n","protected":false},"author":1,"featured_media":0,"parent":0,"menu_order":0,"comment_status":"closed","ping_status":"closed","template":"","meta":{"_crdt_document":"","footnotes":""},"class_list":["post-1745","page","type-page","status-publish","hentry","eq-blocks"],"yoast_head":"<!-- This site is optimized with the Yoast SEO plugin v27.3 - https:\/\/yoast.com\/product\/yoast-seo-wordpress\/ -->\n<title>Leiria - Viajar Com Tempo<\/title>\n<meta name=\"robots\" content=\"index, follow, max-snippet:-1, max-image-preview:large, max-video-preview:-1\" \/>\n<link rel=\"canonical\" href=\"https:\/\/viajarcomtempo.eu\/?page_id=1745\" \/>\n<meta property=\"og:locale\" content=\"pt_PT\" \/>\n<meta property=\"og:type\" content=\"article\" \/>\n<meta property=\"og:title\" content=\"Leiria - Viajar Com Tempo\" \/>\n<meta property=\"og:description\" content=\"Voltar \u00e0 p\u00e1gina anterior Os primeiros habitantes, foram os t\u00fardulos, um povo ind\u00edgena celtibero, que estabeleceram uma povoa\u00e7\u00e3o a cerca de 7 km de Leiria. Foi habitada pelos suevos em 414 DC. e incorporada por Leovigildo no reino dos visigodos em 585 DC. Foi posteriormente ocupada pelos romanos, per\u00edodo em que floresceu sob o nome [&hellip;]\" \/>\n<meta property=\"og:url\" content=\"https:\/\/viajarcomtempo.eu\/?page_id=1745\" \/>\n<meta property=\"og:site_name\" content=\"Viajar Com Tempo\" \/>\n<meta property=\"article:modified_time\" content=\"2022-05-15T14:03:28+00:00\" \/>\n<meta name=\"twitter:card\" content=\"summary_large_image\" \/>\n<meta name=\"twitter:label1\" content=\"Tempo estimado de leitura\" \/>\n\t<meta name=\"twitter:data1\" content=\"2 minutos\" \/>\n<script type=\"application\/ld+json\" class=\"yoast-schema-graph\">{\"@context\":\"https:\\\/\\\/schema.org\",\"@graph\":[{\"@type\":\"WebPage\",\"@id\":\"https:\\\/\\\/viajarcomtempo.eu\\\/?page_id=1745\",\"url\":\"https:\\\/\\\/viajarcomtempo.eu\\\/?page_id=1745\",\"name\":\"Leiria - Viajar Com Tempo\",\"isPartOf\":{\"@id\":\"https:\\\/\\\/viajarcomtempo.eu\\\/#website\"},\"datePublished\":\"2022-03-19T18:16:00+00:00\",\"dateModified\":\"2022-05-15T14:03:28+00:00\",\"breadcrumb\":{\"@id\":\"https:\\\/\\\/viajarcomtempo.eu\\\/?page_id=1745#breadcrumb\"},\"inLanguage\":\"pt-PT\",\"potentialAction\":[{\"@type\":\"ReadAction\",\"target\":[\"https:\\\/\\\/viajarcomtempo.eu\\\/?page_id=1745\"]}]},{\"@type\":\"BreadcrumbList\",\"@id\":\"https:\\\/\\\/viajarcomtempo.eu\\\/?page_id=1745#breadcrumb\",\"itemListElement\":[{\"@type\":\"ListItem\",\"position\":1,\"name\":\"In\u00edcio\",\"item\":\"https:\\\/\\\/viajarcomtempo.eu\\\/\"},{\"@type\":\"ListItem\",\"position\":2,\"name\":\"Leiria\"}]},{\"@type\":\"WebSite\",\"@id\":\"https:\\\/\\\/viajarcomtempo.eu\\\/#website\",\"url\":\"https:\\\/\\\/viajarcomtempo.eu\\\/\",\"name\":\"Viajar Com Tempo\",\"description\":\"Roteiros para viajar sem pressa\",\"publisher\":{\"@id\":\"https:\\\/\\\/viajarcomtempo.eu\\\/#\\\/schema\\\/person\\\/2f6c8045b5e07d397d92d8e5cf7aee98\"},\"potentialAction\":[{\"@type\":\"SearchAction\",\"target\":{\"@type\":\"EntryPoint\",\"urlTemplate\":\"https:\\\/\\\/viajarcomtempo.eu\\\/?s={search_term_string}\"},\"query-input\":{\"@type\":\"PropertyValueSpecification\",\"valueRequired\":true,\"valueName\":\"search_term_string\"}}],\"inLanguage\":\"pt-PT\"},{\"@type\":[\"Person\",\"Organization\"],\"@id\":\"https:\\\/\\\/viajarcomtempo.eu\\\/#\\\/schema\\\/person\\\/2f6c8045b5e07d397d92d8e5cf7aee98\",\"name\":\"Jos\u00e9 Salvador\",\"logo\":{\"@id\":\"https:\\\/\\\/viajarcomtempo.eu\\\/#\\\/schema\\\/person\\\/image\\\/\"},\"sameAs\":[\"http:\\\/\\\/viajarcomtempo.eu\"]}]}<\/script>\n<!-- \/ Yoast SEO plugin. -->","yoast_head_json":{"title":"Leiria - Viajar Com Tempo","robots":{"index":"index","follow":"follow","max-snippet":"max-snippet:-1","max-image-preview":"max-image-preview:large","max-video-preview":"max-video-preview:-1"},"canonical":"https:\/\/viajarcomtempo.eu\/?page_id=1745","og_locale":"pt_PT","og_type":"article","og_title":"Leiria - Viajar Com Tempo","og_description":"Voltar \u00e0 p\u00e1gina anterior Os primeiros habitantes, foram os t\u00fardulos, um povo ind\u00edgena celtibero, que estabeleceram uma povoa\u00e7\u00e3o a cerca de 7 km de Leiria. Foi habitada pelos suevos em 414 DC. e incorporada por Leovigildo no reino dos visigodos em 585 DC. Foi posteriormente ocupada pelos romanos, per\u00edodo em que floresceu sob o nome [&hellip;]","og_url":"https:\/\/viajarcomtempo.eu\/?page_id=1745","og_site_name":"Viajar Com Tempo","article_modified_time":"2022-05-15T14:03:28+00:00","twitter_card":"summary_large_image","twitter_misc":{"Tempo estimado de leitura":"2 minutos"},"schema":{"@context":"https:\/\/schema.org","@graph":[{"@type":"WebPage","@id":"https:\/\/viajarcomtempo.eu\/?page_id=1745","url":"https:\/\/viajarcomtempo.eu\/?page_id=1745","name":"Leiria - Viajar Com Tempo","isPartOf":{"@id":"https:\/\/viajarcomtempo.eu\/#website"},"datePublished":"2022-03-19T18:16:00+00:00","dateModified":"2022-05-15T14:03:28+00:00","breadcrumb":{"@id":"https:\/\/viajarcomtempo.eu\/?page_id=1745#breadcrumb"},"inLanguage":"pt-PT","potentialAction":[{"@type":"ReadAction","target":["https:\/\/viajarcomtempo.eu\/?page_id=1745"]}]},{"@type":"BreadcrumbList","@id":"https:\/\/viajarcomtempo.eu\/?page_id=1745#breadcrumb","itemListElement":[{"@type":"ListItem","position":1,"name":"In\u00edcio","item":"https:\/\/viajarcomtempo.eu\/"},{"@type":"ListItem","position":2,"name":"Leiria"}]},{"@type":"WebSite","@id":"https:\/\/viajarcomtempo.eu\/#website","url":"https:\/\/viajarcomtempo.eu\/","name":"Viajar Com Tempo","description":"Roteiros para viajar sem pressa","publisher":{"@id":"https:\/\/viajarcomtempo.eu\/#\/schema\/person\/2f6c8045b5e07d397d92d8e5cf7aee98"},"potentialAction":[{"@type":"SearchAction","target":{"@type":"EntryPoint","urlTemplate":"https:\/\/viajarcomtempo.eu\/?s={search_term_string}"},"query-input":{"@type":"PropertyValueSpecification","valueRequired":true,"valueName":"search_term_string"}}],"inLanguage":"pt-PT"},{"@type":["Person","Organization"],"@id":"https:\/\/viajarcomtempo.eu\/#\/schema\/person\/2f6c8045b5e07d397d92d8e5cf7aee98","name":"Jos\u00e9 Salvador","logo":{"@id":"https:\/\/viajarcomtempo.eu\/#\/schema\/person\/image\/"},"sameAs":["http:\/\/viajarcomtempo.eu"]}]}},"_links":{"self":[{"href":"https:\/\/viajarcomtempo.eu\/index.php?rest_route=\/wp\/v2\/pages\/1745","targetHints":{"allow":["GET"]}}],"collection":[{"href":"https:\/\/viajarcomtempo.eu\/index.php?rest_route=\/wp\/v2\/pages"}],"about":[{"href":"https:\/\/viajarcomtempo.eu\/index.php?rest_route=\/wp\/v2\/types\/page"}],"author":[{"embeddable":true,"href":"https:\/\/viajarcomtempo.eu\/index.php?rest_route=\/wp\/v2\/users\/1"}],"replies":[{"embeddable":true,"href":"https:\/\/viajarcomtempo.eu\/index.php?rest_route=%2Fwp%2Fv2%2Fcomments&post=1745"}],"version-history":[{"count":7,"href":"https:\/\/viajarcomtempo.eu\/index.php?rest_route=\/wp\/v2\/pages\/1745\/revisions"}],"predecessor-version":[{"id":2038,"href":"https:\/\/viajarcomtempo.eu\/index.php?rest_route=\/wp\/v2\/pages\/1745\/revisions\/2038"}],"wp:attachment":[{"href":"https:\/\/viajarcomtempo.eu\/index.php?rest_route=%2Fwp%2Fv2%2Fmedia&parent=1745"}],"curies":[{"name":"wp","href":"https:\/\/api.w.org\/{rel}","templated":true}]}}