{"id":1771,"date":"2022-03-21T19:44:47","date_gmt":"2022-03-21T19:44:47","guid":{"rendered":"https:\/\/viajarcomtempo.eu\/?page_id=1771"},"modified":"2022-05-03T18:25:56","modified_gmt":"2022-05-03T18:25:56","slug":"chaves-3-5-2-2-4-2-2-2-2-2-2-2-2-2-3-2-2-2-2-2-2-2-2-2-2-2-2-2-2","status":"publish","type":"page","link":"https:\/\/viajarcomtempo.eu\/?page_id=1771","title":{"rendered":"Soure"},"content":{"rendered":"\n<script>\/\/ <![CDATA[\nfunction goBack() { window.history.back() }\n\/\/ ]]><\/script>\n<button onclick=\"goBack()\"><strong>Voltar \u00e0 p\u00e1gina anterior<\/strong><\/button>\n<br><br>\n\n\n\n<p class=\"wp-block-paragraph\">As ru\u00ednas do castelo testemunham s\u00e9culos de luta contra os mouros. Em 1111, D. Teresa e o Conde D. Henrique concederam foral para o seu repovoamento. Em mar\u00e7o de 1128, o castelo \u00e9 doado aos Templ\u00e1rios por D. Afonso Henriques. Pertenceu desde 1319 \u00e0 Ordem de Cristo e D. Manuel I concedeu-lhe novo foral em 1513.<\/p>\n\n\n\n<p class=\"wp-block-paragraph\">Na Idade M\u00e9dia, mais concretamente no per\u00edodo da reconquista Crist\u00e3, Soure assume um papel de import\u00e2ncia estrat\u00e9gica vital. O seu castelo \u00e9, at\u00e9 \u00e0 conquista de Lisboa, uma pra\u00e7a fortificada, inclu\u00edda na cintura de edifica\u00e7\u00f5es militares da defesa de Coimbra definitivamente conquistada em 1064, (juntamente com os castelos de Montemor-o-Velho, Penela, Santa Olaia, Germanelo, Miranda do Corvo e Lous\u00e3).<\/p>\n\n\n\n<div class=\"wp-block-group\"><div class=\"wp-block-group__inner-container is-layout-flow wp-block-group-is-layout-flow\">\n<div class=\"wp-block-columns is-layout-flex wp-container-core-columns-is-layout-8f761849 wp-block-columns-is-layout-flex\">\n<div class=\"wp-block-column is-layout-flow wp-block-column-is-layout-flow\" style=\"flex-basis:100%\">\n<div class=\"wp-block-group\"><div class=\"wp-block-group__inner-container is-layout-flow wp-block-group-is-layout-flow\">\n<div class=\"wp-block-columns is-layout-flex wp-container-core-columns-is-layout-8f761849 wp-block-columns-is-layout-flex\">\n<div class=\"wp-block-column is-layout-flow wp-block-column-is-layout-flow\" style=\"flex-basis:100%\">\n<figure class=\"wp-block-table is-style-regular\"><table class=\"has-background\" style=\"background-color:#e7f5fe\"><tbody><tr><td><strong>Site da CM de Soure<\/strong><\/td><td><a href=\"https:\/\/cm-soure.pt\/\" target=\"_blank\" rel=\"noreferrer noopener\">cm-Soure.pt<\/a><\/td><\/tr><tr><td><strong>Posto de Turismo<\/strong><\/td><td>Adro do Castelo 3130-214 Soure<br>Telefone: 239 509 190<br>E-mail: <a href=\"mailto:turismo@cm-soure.pt\" target=\"_blank\" rel=\"noreferrer noopener\">turismo@cm-soure.pt<\/a> e <a href=\"mailto:geral@turismodocentro.pt\" target=\"_blank\" rel=\"noreferrer noopener\">geral@turismodocentro.pt<\/a><\/td><\/tr><tr><td><strong>Naturais de Soure<\/strong><\/td><td><strong>Sourenses<\/strong>.<\/td><\/tr><tr><td><\/td><td><\/td><\/tr><tr><td><strong>Festas e Romarias<\/strong><\/td><td><strong>Semana do Livro e da Cultura<\/strong> &#8211; Em Maio;<br><strong>Festa<\/strong> <strong>anual em honra de S. Mateus<\/strong> &#8211; Em setembro;<br><strong>Festival Anual de Gastronomia<\/strong> &#8211; Com especialidades de cada freguesia.<\/td><\/tr><\/tbody><\/table><\/figure>\n<\/div>\n<\/div>\n<\/div><\/div>\n\n\n\n<p class=\"has-medium-font-size wp-block-paragraph\">Para mais informa\u00e7\u00e3o ver Ficheiro PDF do <a href=\"https:\/\/viajarcomtempo.eu\/wp-content\/uploads\/2022\/03\/Soure.pdf\" target=\"_blank\" rel=\"noreferrer noopener\">Concelho de Soure<\/a><\/p>\n<\/div>\n<\/div>\n<\/div><\/div>\n\n\n\n<script>\/\/ <![CDATA[\nfunction goBack() { window.history.back() }\n\/\/ ]]><\/script>\n<button onclick=\"goBack()\"><strong>Voltar \u00e0 p\u00e1gina anterior<\/strong><\/button>\n<br><br>\n","protected":false},"excerpt":{"rendered":"<p>Voltar \u00e0 p\u00e1gina anterior As ru\u00ednas do castelo testemunham s\u00e9culos de luta contra os mouros. Em 1111, D. Teresa e o Conde D. Henrique concederam foral para o seu repovoamento. Em mar\u00e7o de 1128, o castelo \u00e9 doado aos Templ\u00e1rios por D. Afonso Henriques. Pertenceu desde 1319 \u00e0 Ordem de Cristo e D. Manuel I [&hellip;]<\/p>\n","protected":false},"author":1,"featured_media":0,"parent":0,"menu_order":0,"comment_status":"closed","ping_status":"closed","template":"","meta":{"_crdt_document":"","footnotes":""},"class_list":["post-1771","page","type-page","status-publish","hentry","eq-blocks"],"yoast_head":"<!-- This site is optimized with the Yoast SEO plugin v27.3 - https:\/\/yoast.com\/product\/yoast-seo-wordpress\/ -->\n<title>Soure - Viajar Com Tempo<\/title>\n<meta name=\"robots\" content=\"index, follow, max-snippet:-1, max-image-preview:large, max-video-preview:-1\" \/>\n<link rel=\"canonical\" href=\"https:\/\/viajarcomtempo.eu\/?page_id=1771\" \/>\n<meta property=\"og:locale\" content=\"pt_PT\" \/>\n<meta property=\"og:type\" content=\"article\" \/>\n<meta property=\"og:title\" content=\"Soure - Viajar Com Tempo\" \/>\n<meta property=\"og:description\" content=\"Voltar \u00e0 p\u00e1gina anterior As ru\u00ednas do castelo testemunham s\u00e9culos de luta contra os mouros. Em 1111, D. Teresa e o Conde D. Henrique concederam foral para o seu repovoamento. Em mar\u00e7o de 1128, o castelo \u00e9 doado aos Templ\u00e1rios por D. Afonso Henriques. Pertenceu desde 1319 \u00e0 Ordem de Cristo e D. Manuel I [&hellip;]\" \/>\n<meta property=\"og:url\" content=\"https:\/\/viajarcomtempo.eu\/?page_id=1771\" \/>\n<meta property=\"og:site_name\" content=\"Viajar Com Tempo\" \/>\n<meta property=\"article:modified_time\" content=\"2022-05-03T18:25:56+00:00\" \/>\n<meta name=\"twitter:card\" content=\"summary_large_image\" \/>\n<meta name=\"twitter:label1\" content=\"Tempo estimado de leitura\" \/>\n\t<meta name=\"twitter:data1\" content=\"2 minutos\" \/>\n<script type=\"application\/ld+json\" class=\"yoast-schema-graph\">{\"@context\":\"https:\\\/\\\/schema.org\",\"@graph\":[{\"@type\":\"WebPage\",\"@id\":\"https:\\\/\\\/viajarcomtempo.eu\\\/?page_id=1771\",\"url\":\"https:\\\/\\\/viajarcomtempo.eu\\\/?page_id=1771\",\"name\":\"Soure - Viajar Com Tempo\",\"isPartOf\":{\"@id\":\"https:\\\/\\\/viajarcomtempo.eu\\\/#website\"},\"datePublished\":\"2022-03-21T19:44:47+00:00\",\"dateModified\":\"2022-05-03T18:25:56+00:00\",\"breadcrumb\":{\"@id\":\"https:\\\/\\\/viajarcomtempo.eu\\\/?page_id=1771#breadcrumb\"},\"inLanguage\":\"pt-PT\",\"potentialAction\":[{\"@type\":\"ReadAction\",\"target\":[\"https:\\\/\\\/viajarcomtempo.eu\\\/?page_id=1771\"]}]},{\"@type\":\"BreadcrumbList\",\"@id\":\"https:\\\/\\\/viajarcomtempo.eu\\\/?page_id=1771#breadcrumb\",\"itemListElement\":[{\"@type\":\"ListItem\",\"position\":1,\"name\":\"In\u00edcio\",\"item\":\"https:\\\/\\\/viajarcomtempo.eu\\\/\"},{\"@type\":\"ListItem\",\"position\":2,\"name\":\"Soure\"}]},{\"@type\":\"WebSite\",\"@id\":\"https:\\\/\\\/viajarcomtempo.eu\\\/#website\",\"url\":\"https:\\\/\\\/viajarcomtempo.eu\\\/\",\"name\":\"Viajar Com Tempo\",\"description\":\"Roteiros para viajar sem pressa\",\"publisher\":{\"@id\":\"https:\\\/\\\/viajarcomtempo.eu\\\/#\\\/schema\\\/person\\\/2f6c8045b5e07d397d92d8e5cf7aee98\"},\"potentialAction\":[{\"@type\":\"SearchAction\",\"target\":{\"@type\":\"EntryPoint\",\"urlTemplate\":\"https:\\\/\\\/viajarcomtempo.eu\\\/?s={search_term_string}\"},\"query-input\":{\"@type\":\"PropertyValueSpecification\",\"valueRequired\":true,\"valueName\":\"search_term_string\"}}],\"inLanguage\":\"pt-PT\"},{\"@type\":[\"Person\",\"Organization\"],\"@id\":\"https:\\\/\\\/viajarcomtempo.eu\\\/#\\\/schema\\\/person\\\/2f6c8045b5e07d397d92d8e5cf7aee98\",\"name\":\"Jos\u00e9 Salvador\",\"logo\":{\"@id\":\"https:\\\/\\\/viajarcomtempo.eu\\\/#\\\/schema\\\/person\\\/image\\\/\"},\"sameAs\":[\"http:\\\/\\\/viajarcomtempo.eu\"]}]}<\/script>\n<!-- \/ Yoast SEO plugin. -->","yoast_head_json":{"title":"Soure - Viajar Com Tempo","robots":{"index":"index","follow":"follow","max-snippet":"max-snippet:-1","max-image-preview":"max-image-preview:large","max-video-preview":"max-video-preview:-1"},"canonical":"https:\/\/viajarcomtempo.eu\/?page_id=1771","og_locale":"pt_PT","og_type":"article","og_title":"Soure - Viajar Com Tempo","og_description":"Voltar \u00e0 p\u00e1gina anterior As ru\u00ednas do castelo testemunham s\u00e9culos de luta contra os mouros. Em 1111, D. Teresa e o Conde D. Henrique concederam foral para o seu repovoamento. Em mar\u00e7o de 1128, o castelo \u00e9 doado aos Templ\u00e1rios por D. Afonso Henriques. Pertenceu desde 1319 \u00e0 Ordem de Cristo e D. Manuel I [&hellip;]","og_url":"https:\/\/viajarcomtempo.eu\/?page_id=1771","og_site_name":"Viajar Com Tempo","article_modified_time":"2022-05-03T18:25:56+00:00","twitter_card":"summary_large_image","twitter_misc":{"Tempo estimado de leitura":"2 minutos"},"schema":{"@context":"https:\/\/schema.org","@graph":[{"@type":"WebPage","@id":"https:\/\/viajarcomtempo.eu\/?page_id=1771","url":"https:\/\/viajarcomtempo.eu\/?page_id=1771","name":"Soure - Viajar Com Tempo","isPartOf":{"@id":"https:\/\/viajarcomtempo.eu\/#website"},"datePublished":"2022-03-21T19:44:47+00:00","dateModified":"2022-05-03T18:25:56+00:00","breadcrumb":{"@id":"https:\/\/viajarcomtempo.eu\/?page_id=1771#breadcrumb"},"inLanguage":"pt-PT","potentialAction":[{"@type":"ReadAction","target":["https:\/\/viajarcomtempo.eu\/?page_id=1771"]}]},{"@type":"BreadcrumbList","@id":"https:\/\/viajarcomtempo.eu\/?page_id=1771#breadcrumb","itemListElement":[{"@type":"ListItem","position":1,"name":"In\u00edcio","item":"https:\/\/viajarcomtempo.eu\/"},{"@type":"ListItem","position":2,"name":"Soure"}]},{"@type":"WebSite","@id":"https:\/\/viajarcomtempo.eu\/#website","url":"https:\/\/viajarcomtempo.eu\/","name":"Viajar Com Tempo","description":"Roteiros para viajar sem pressa","publisher":{"@id":"https:\/\/viajarcomtempo.eu\/#\/schema\/person\/2f6c8045b5e07d397d92d8e5cf7aee98"},"potentialAction":[{"@type":"SearchAction","target":{"@type":"EntryPoint","urlTemplate":"https:\/\/viajarcomtempo.eu\/?s={search_term_string}"},"query-input":{"@type":"PropertyValueSpecification","valueRequired":true,"valueName":"search_term_string"}}],"inLanguage":"pt-PT"},{"@type":["Person","Organization"],"@id":"https:\/\/viajarcomtempo.eu\/#\/schema\/person\/2f6c8045b5e07d397d92d8e5cf7aee98","name":"Jos\u00e9 Salvador","logo":{"@id":"https:\/\/viajarcomtempo.eu\/#\/schema\/person\/image\/"},"sameAs":["http:\/\/viajarcomtempo.eu"]}]}},"_links":{"self":[{"href":"https:\/\/viajarcomtempo.eu\/index.php?rest_route=\/wp\/v2\/pages\/1771","targetHints":{"allow":["GET"]}}],"collection":[{"href":"https:\/\/viajarcomtempo.eu\/index.php?rest_route=\/wp\/v2\/pages"}],"about":[{"href":"https:\/\/viajarcomtempo.eu\/index.php?rest_route=\/wp\/v2\/types\/page"}],"author":[{"embeddable":true,"href":"https:\/\/viajarcomtempo.eu\/index.php?rest_route=\/wp\/v2\/users\/1"}],"replies":[{"embeddable":true,"href":"https:\/\/viajarcomtempo.eu\/index.php?rest_route=%2Fwp%2Fv2%2Fcomments&post=1771"}],"version-history":[{"count":2,"href":"https:\/\/viajarcomtempo.eu\/index.php?rest_route=\/wp\/v2\/pages\/1771\/revisions"}],"predecessor-version":[{"id":1920,"href":"https:\/\/viajarcomtempo.eu\/index.php?rest_route=\/wp\/v2\/pages\/1771\/revisions\/1920"}],"wp:attachment":[{"href":"https:\/\/viajarcomtempo.eu\/index.php?rest_route=%2Fwp%2Fv2%2Fmedia&parent=1771"}],"curies":[{"name":"wp","href":"https:\/\/api.w.org\/{rel}","templated":true}]}}