{"id":1776,"date":"2022-03-24T18:40:37","date_gmt":"2022-03-24T18:40:37","guid":{"rendered":"https:\/\/viajarcomtempo.eu\/?page_id=1776"},"modified":"2022-05-04T18:44:07","modified_gmt":"2022-05-04T18:44:07","slug":"chaves-3-5-2-2-4-2-2-2-2-2-2-2-2-2-3-2-2-2-2-2-2-2-2-2-2-2-2-2-2-2","status":"publish","type":"page","link":"https:\/\/viajarcomtempo.eu\/?page_id=1776","title":{"rendered":"Condeixa"},"content":{"rendered":"\n<script>\/\/ <![CDATA[\nfunction goBack() { window.history.back() }\n\/\/ ]]><\/script>\n<button onclick=\"goBack()\"><strong>Voltar \u00e0 p\u00e1gina anterior<\/strong><\/button>\n<br><br>\n\n\n\n<p class=\"wp-block-paragraph\">No local de Con\u00edmbriga existem vest\u00edgios que indiciam a sua povoa\u00e7\u00e3o desde o Neol\u00edtico, com testemunhos diversos a partir do Calcol\u00edtico. Depois da ocupa\u00e7\u00e3o por parte dos Celtas, foi ocupado pelos romanos em 138 a.C. at\u00e9 ao fim do Imp\u00e9rio Romano.<\/p>\n\n\n\n<p class=\"wp-block-paragraph\">Apenas em 1219 surge o primeiro documento que enuncia Condeixa, um pequeno s\u00edtio com uma \u00e1rea aproximada de 800 metros quadrados. \u00c9 prov\u00e1vel que as terras de Condeixa fizessem parte dos territ\u00f3rios doados por D. Afonso Henriques ao Mosteiro de Santa Cruz de Coimbra.<\/p>\n\n\n\n<div class=\"wp-block-group\"><div class=\"wp-block-group__inner-container is-layout-flow wp-block-group-is-layout-flow\">\n<div class=\"wp-block-columns is-layout-flex wp-container-core-columns-is-layout-8f761849 wp-block-columns-is-layout-flex\">\n<div class=\"wp-block-column is-layout-flow wp-block-column-is-layout-flow\" style=\"flex-basis:100%\">\n<div class=\"wp-block-group\"><div class=\"wp-block-group__inner-container is-layout-flow wp-block-group-is-layout-flow\">\n<div class=\"wp-block-columns is-layout-flex wp-container-core-columns-is-layout-8f761849 wp-block-columns-is-layout-flex\">\n<div class=\"wp-block-column is-layout-flow wp-block-column-is-layout-flow\" style=\"flex-basis:100%\">\n<figure class=\"wp-block-table is-style-regular\"><table class=\"has-background\" style=\"background-color:#e7f5fe\"><tbody><tr><td><strong>Site da CM de Condeixa<\/strong><\/td><td><a href=\"https:\/\/www.cm-condeixa.pt\/\" target=\"_blank\" rel=\"noreferrer noopener\">cm-condeixa.pt<\/a><\/td><\/tr><tr><td><strong>Posto de Turismo<\/strong><\/td><td>Casa dos Arcos<br>Rua de Condeixinha n\u00ba39\/41<br>3150-132 Condeixa-a-Nova<br>Telefone: 239 948 304<br>E-Mail: <a href=\"mailto:turismo@cm-condeixa.pt\" target=\"_blank\" rel=\"noreferrer noopener\">turismo@cm-condeixa.pt<\/a><\/td><\/tr><tr><td><strong>Naturais de <strong>Condeixa<\/strong><\/strong><\/td><td><strong>Condeixenses<\/strong>.<\/td><\/tr><tr><td><strong>Artesanato<\/strong><\/td><td>Existem v\u00e1rias f\u00e1bricas onde se produz a famosa <strong>lou\u00e7a de&nbsp;Con\u00edmbriga<\/strong>, pintada \u00e0 m\u00e3o e com motivos do s\u00e9culo XVIII.<\/td><\/tr><tr><td><strong>Festas e Romarias<\/strong><\/td><td><strong>Semana do Cabrit<\/strong>o, em maio;<br>O feriado municipal \u00e9 a 24 de julho, data da realiza\u00e7\u00e3o da <strong>festa em honra da padroeira Sta. Cristina<\/strong>.<br><\/td><\/tr><\/tbody><\/table><\/figure>\n<\/div>\n<\/div>\n<\/div><\/div>\n\n\n\n<p class=\"has-medium-font-size wp-block-paragraph\">Para mais informa\u00e7\u00e3o ver Ficheiro PDF do <a href=\"https:\/\/viajarcomtempo.eu\/wp-content\/uploads\/2022\/03\/Condeixa.pdf\" target=\"_blank\" rel=\"noreferrer noopener\"><strong>Concelho de<\/strong> <strong>Condeixa<\/strong><\/a><\/p>\n<\/div>\n<\/div>\n<\/div><\/div>\n\n\n\n<script>\/\/ <![CDATA[\nfunction goBack() { window.history.back() }\n\/\/ ]]><\/script>\n<button onclick=\"goBack()\"><strong>Voltar \u00e0 p\u00e1gina anterior<\/strong><\/button>\n<br><br>\n","protected":false},"excerpt":{"rendered":"<p>Voltar \u00e0 p\u00e1gina anterior No local de Con\u00edmbriga existem vest\u00edgios que indiciam a sua povoa\u00e7\u00e3o desde o Neol\u00edtico, com testemunhos diversos a partir do Calcol\u00edtico. Depois da ocupa\u00e7\u00e3o por parte dos Celtas, foi ocupado pelos romanos em 138 a.C. at\u00e9 ao fim do Imp\u00e9rio Romano. Apenas em 1219 surge o primeiro documento que enuncia Condeixa, [&hellip;]<\/p>\n","protected":false},"author":1,"featured_media":0,"parent":0,"menu_order":0,"comment_status":"closed","ping_status":"closed","template":"","meta":{"_crdt_document":"","footnotes":""},"class_list":["post-1776","page","type-page","status-publish","hentry","eq-blocks"],"yoast_head":"<!-- This site is optimized with the Yoast SEO plugin v27.3 - https:\/\/yoast.com\/product\/yoast-seo-wordpress\/ -->\n<title>Condeixa - Viajar Com Tempo<\/title>\n<meta name=\"robots\" content=\"index, follow, max-snippet:-1, max-image-preview:large, max-video-preview:-1\" \/>\n<link rel=\"canonical\" href=\"https:\/\/viajarcomtempo.eu\/?page_id=1776\" \/>\n<meta property=\"og:locale\" content=\"pt_PT\" \/>\n<meta property=\"og:type\" content=\"article\" \/>\n<meta property=\"og:title\" content=\"Condeixa - Viajar Com Tempo\" \/>\n<meta property=\"og:description\" content=\"Voltar \u00e0 p\u00e1gina anterior No local de Con\u00edmbriga existem vest\u00edgios que indiciam a sua povoa\u00e7\u00e3o desde o Neol\u00edtico, com testemunhos diversos a partir do Calcol\u00edtico. Depois da ocupa\u00e7\u00e3o por parte dos Celtas, foi ocupado pelos romanos em 138 a.C. at\u00e9 ao fim do Imp\u00e9rio Romano. Apenas em 1219 surge o primeiro documento que enuncia Condeixa, [&hellip;]\" \/>\n<meta property=\"og:url\" content=\"https:\/\/viajarcomtempo.eu\/?page_id=1776\" \/>\n<meta property=\"og:site_name\" content=\"Viajar Com Tempo\" \/>\n<meta property=\"article:modified_time\" content=\"2022-05-04T18:44:07+00:00\" \/>\n<meta name=\"twitter:card\" content=\"summary_large_image\" \/>\n<meta name=\"twitter:label1\" content=\"Tempo estimado de leitura\" \/>\n\t<meta name=\"twitter:data1\" content=\"1 minuto\" \/>\n<script type=\"application\/ld+json\" class=\"yoast-schema-graph\">{\"@context\":\"https:\\\/\\\/schema.org\",\"@graph\":[{\"@type\":\"WebPage\",\"@id\":\"https:\\\/\\\/viajarcomtempo.eu\\\/?page_id=1776\",\"url\":\"https:\\\/\\\/viajarcomtempo.eu\\\/?page_id=1776\",\"name\":\"Condeixa - Viajar Com Tempo\",\"isPartOf\":{\"@id\":\"https:\\\/\\\/viajarcomtempo.eu\\\/#website\"},\"datePublished\":\"2022-03-24T18:40:37+00:00\",\"dateModified\":\"2022-05-04T18:44:07+00:00\",\"breadcrumb\":{\"@id\":\"https:\\\/\\\/viajarcomtempo.eu\\\/?page_id=1776#breadcrumb\"},\"inLanguage\":\"pt-PT\",\"potentialAction\":[{\"@type\":\"ReadAction\",\"target\":[\"https:\\\/\\\/viajarcomtempo.eu\\\/?page_id=1776\"]}]},{\"@type\":\"BreadcrumbList\",\"@id\":\"https:\\\/\\\/viajarcomtempo.eu\\\/?page_id=1776#breadcrumb\",\"itemListElement\":[{\"@type\":\"ListItem\",\"position\":1,\"name\":\"In\u00edcio\",\"item\":\"https:\\\/\\\/viajarcomtempo.eu\\\/\"},{\"@type\":\"ListItem\",\"position\":2,\"name\":\"Condeixa\"}]},{\"@type\":\"WebSite\",\"@id\":\"https:\\\/\\\/viajarcomtempo.eu\\\/#website\",\"url\":\"https:\\\/\\\/viajarcomtempo.eu\\\/\",\"name\":\"Viajar Com Tempo\",\"description\":\"Roteiros para viajar sem pressa\",\"publisher\":{\"@id\":\"https:\\\/\\\/viajarcomtempo.eu\\\/#\\\/schema\\\/person\\\/2f6c8045b5e07d397d92d8e5cf7aee98\"},\"potentialAction\":[{\"@type\":\"SearchAction\",\"target\":{\"@type\":\"EntryPoint\",\"urlTemplate\":\"https:\\\/\\\/viajarcomtempo.eu\\\/?s={search_term_string}\"},\"query-input\":{\"@type\":\"PropertyValueSpecification\",\"valueRequired\":true,\"valueName\":\"search_term_string\"}}],\"inLanguage\":\"pt-PT\"},{\"@type\":[\"Person\",\"Organization\"],\"@id\":\"https:\\\/\\\/viajarcomtempo.eu\\\/#\\\/schema\\\/person\\\/2f6c8045b5e07d397d92d8e5cf7aee98\",\"name\":\"Jos\u00e9 Salvador\",\"logo\":{\"@id\":\"https:\\\/\\\/viajarcomtempo.eu\\\/#\\\/schema\\\/person\\\/image\\\/\"},\"sameAs\":[\"http:\\\/\\\/viajarcomtempo.eu\"]}]}<\/script>\n<!-- \/ Yoast SEO plugin. -->","yoast_head_json":{"title":"Condeixa - Viajar Com Tempo","robots":{"index":"index","follow":"follow","max-snippet":"max-snippet:-1","max-image-preview":"max-image-preview:large","max-video-preview":"max-video-preview:-1"},"canonical":"https:\/\/viajarcomtempo.eu\/?page_id=1776","og_locale":"pt_PT","og_type":"article","og_title":"Condeixa - Viajar Com Tempo","og_description":"Voltar \u00e0 p\u00e1gina anterior No local de Con\u00edmbriga existem vest\u00edgios que indiciam a sua povoa\u00e7\u00e3o desde o Neol\u00edtico, com testemunhos diversos a partir do Calcol\u00edtico. Depois da ocupa\u00e7\u00e3o por parte dos Celtas, foi ocupado pelos romanos em 138 a.C. at\u00e9 ao fim do Imp\u00e9rio Romano. Apenas em 1219 surge o primeiro documento que enuncia Condeixa, [&hellip;]","og_url":"https:\/\/viajarcomtempo.eu\/?page_id=1776","og_site_name":"Viajar Com Tempo","article_modified_time":"2022-05-04T18:44:07+00:00","twitter_card":"summary_large_image","twitter_misc":{"Tempo estimado de leitura":"1 minuto"},"schema":{"@context":"https:\/\/schema.org","@graph":[{"@type":"WebPage","@id":"https:\/\/viajarcomtempo.eu\/?page_id=1776","url":"https:\/\/viajarcomtempo.eu\/?page_id=1776","name":"Condeixa - Viajar Com Tempo","isPartOf":{"@id":"https:\/\/viajarcomtempo.eu\/#website"},"datePublished":"2022-03-24T18:40:37+00:00","dateModified":"2022-05-04T18:44:07+00:00","breadcrumb":{"@id":"https:\/\/viajarcomtempo.eu\/?page_id=1776#breadcrumb"},"inLanguage":"pt-PT","potentialAction":[{"@type":"ReadAction","target":["https:\/\/viajarcomtempo.eu\/?page_id=1776"]}]},{"@type":"BreadcrumbList","@id":"https:\/\/viajarcomtempo.eu\/?page_id=1776#breadcrumb","itemListElement":[{"@type":"ListItem","position":1,"name":"In\u00edcio","item":"https:\/\/viajarcomtempo.eu\/"},{"@type":"ListItem","position":2,"name":"Condeixa"}]},{"@type":"WebSite","@id":"https:\/\/viajarcomtempo.eu\/#website","url":"https:\/\/viajarcomtempo.eu\/","name":"Viajar Com Tempo","description":"Roteiros para viajar sem pressa","publisher":{"@id":"https:\/\/viajarcomtempo.eu\/#\/schema\/person\/2f6c8045b5e07d397d92d8e5cf7aee98"},"potentialAction":[{"@type":"SearchAction","target":{"@type":"EntryPoint","urlTemplate":"https:\/\/viajarcomtempo.eu\/?s={search_term_string}"},"query-input":{"@type":"PropertyValueSpecification","valueRequired":true,"valueName":"search_term_string"}}],"inLanguage":"pt-PT"},{"@type":["Person","Organization"],"@id":"https:\/\/viajarcomtempo.eu\/#\/schema\/person\/2f6c8045b5e07d397d92d8e5cf7aee98","name":"Jos\u00e9 Salvador","logo":{"@id":"https:\/\/viajarcomtempo.eu\/#\/schema\/person\/image\/"},"sameAs":["http:\/\/viajarcomtempo.eu"]}]}},"_links":{"self":[{"href":"https:\/\/viajarcomtempo.eu\/index.php?rest_route=\/wp\/v2\/pages\/1776","targetHints":{"allow":["GET"]}}],"collection":[{"href":"https:\/\/viajarcomtempo.eu\/index.php?rest_route=\/wp\/v2\/pages"}],"about":[{"href":"https:\/\/viajarcomtempo.eu\/index.php?rest_route=\/wp\/v2\/types\/page"}],"author":[{"embeddable":true,"href":"https:\/\/viajarcomtempo.eu\/index.php?rest_route=\/wp\/v2\/users\/1"}],"replies":[{"embeddable":true,"href":"https:\/\/viajarcomtempo.eu\/index.php?rest_route=%2Fwp%2Fv2%2Fcomments&post=1776"}],"version-history":[{"count":4,"href":"https:\/\/viajarcomtempo.eu\/index.php?rest_route=\/wp\/v2\/pages\/1776\/revisions"}],"predecessor-version":[{"id":1938,"href":"https:\/\/viajarcomtempo.eu\/index.php?rest_route=\/wp\/v2\/pages\/1776\/revisions\/1938"}],"wp:attachment":[{"href":"https:\/\/viajarcomtempo.eu\/index.php?rest_route=%2Fwp%2Fv2%2Fmedia&parent=1776"}],"curies":[{"name":"wp","href":"https:\/\/api.w.org\/{rel}","templated":true}]}}