{"id":1779,"date":"2022-03-24T18:44:30","date_gmt":"2022-03-24T18:44:30","guid":{"rendered":"https:\/\/viajarcomtempo.eu\/?page_id=1779"},"modified":"2022-05-14T15:48:45","modified_gmt":"2022-05-14T15:48:45","slug":"chaves-3-5-2-2-4-2-2-2-2-2-2-2-2-2-3-2-2-2-2-2-2-2-2-2-2-2-2-2-2-2-2","status":"publish","type":"page","link":"https:\/\/viajarcomtempo.eu\/?page_id=1779","title":{"rendered":"Coimbra"},"content":{"rendered":"\n<script>\/\/ <![CDATA[\nfunction goBack() { window.history.back() }\n\/\/ ]]><\/script>\n<button onclick=\"goBack()\"><strong>Voltar \u00e0 p\u00e1gina anterior<\/strong><\/button>\n<br><br>\n\n\n\n<p class=\"wp-block-paragraph\">No per\u00edodo romano chamava-se <strong>Aeminium<\/strong>, tornando-se numa cidade importante no centro do territ\u00f3rio lusitano, sendo o vest\u00edgio mais not\u00f3rio deste per\u00edodo o criptop\u00f3rtico.<\/p>\n\n\n\n<p class=\"wp-block-paragraph\">O conde D. Henrique, que lhe concedeu novo foral em 1111, e a rainha D. Teresa estabeleceram a\u00ed a sua resid\u00eancia e foi l\u00e1 que nasceu o primeiro rei de Portugal, D. Afonso Henriques, que viria a fazer de  Coimbra a capital do condado, substituindo Guimar\u00e3es em 1129.<\/p>\n\n\n\n<p class=\"wp-block-paragraph\">Desde meados do s\u00e9culo XVI que a hist\u00f3ria da cidade passa a girar em torno \u00e0 hist\u00f3ria da Universidade de Coimbra,  uma das mais antigas da Europa e das maiores de Portugal, fundada em 1290 como Estudo Geral Portugu\u00eas por D. Dinis em Lisboa que depois v\u00e1rias instala\u00e7\u00f5es nas duas cidades, se fixou  definitivamente na cidade do Mondego em 1537.<\/p>\n\n\n\n<div class=\"wp-block-group\"><div class=\"wp-block-group__inner-container is-layout-flow wp-block-group-is-layout-flow\">\n<div class=\"wp-block-columns is-layout-flex wp-container-core-columns-is-layout-8f761849 wp-block-columns-is-layout-flex\">\n<div class=\"wp-block-column is-layout-flow wp-block-column-is-layout-flow\" style=\"flex-basis:100%\">\n<div class=\"wp-block-group\"><div class=\"wp-block-group__inner-container is-layout-flow wp-block-group-is-layout-flow\">\n<div class=\"wp-block-columns is-layout-flex wp-container-core-columns-is-layout-8f761849 wp-block-columns-is-layout-flex\">\n<div class=\"wp-block-column is-layout-flow wp-block-column-is-layout-flow\" style=\"flex-basis:100%\">\n<figure class=\"wp-block-table is-style-regular\"><table class=\"has-background\" style=\"background-color:#e7f5fe\"><tbody><tr><td><strong>Site da CM de Coimbra<\/strong><\/td><td><a href=\"https:\/\/www.cm-coimbra.pt\/\" target=\"_blank\" rel=\"noreferrer noopener\">cm-coimbra.pt<\/a><\/td><\/tr><tr><td><strong>Posto de Turismo<\/strong><\/td><td>Pra\u00e7a Rep\u00fablica, 3000-343 Coimbra<br>Telefone: 239 857 186<\/td><\/tr><tr><td><strong>Natural de <strong>Coimbra<\/strong><\/strong><\/td><td><strong>Coimbr\u00e3o<\/strong>, <strong>Conimbricense<\/strong> ou <strong>Conimbrigense<\/strong>.<\/td><\/tr><tr><td><strong>Artesanato<\/strong><\/td><td>No artesanato, os produtos mais t\u00edpicos s\u00e3o as colchas de trapos, os bordados, a latoaria, os barros pretos, as pe\u00e7as de cer\u00e2mica, a cestaria de vime, a canastraria, os palitos art\u00edsticos, as seiras e os capachos.<\/td><\/tr><tr><td><strong>Festas e Romarias<\/strong><\/td><td><strong>Feira de Velharias<\/strong>, no quarto s\u00e1bado de cada m\u00eas; <br><strong>Feira dos L\u00e1zaros<\/strong>, em mar\u00e7o, no Largo D. Dinis; <br><strong>Feira do&nbsp;Esp\u00edrito<\/strong> Santo, em maio;<br><strong>Feira<\/strong> <strong>Medieval<\/strong>, em meados de junho, no Largo da S\u00e9 Velha;<br><strong>Queima das Fitas<\/strong>,&nbsp;em Maio os finalistas celebram a conclus\u00e3o do curso.<\/td><\/tr><\/tbody><\/table><\/figure>\n<\/div>\n<\/div>\n<\/div><\/div>\n\n\n\n<p class=\"has-medium-font-size wp-block-paragraph\">Para mais informa\u00e7\u00e3o ver Ficheiro PDF do <a href=\"https:\/\/viajarcomtempo.eu\/wp-content\/uploads\/2022\/03\/Coimbra.pdf\" target=\"_blank\" rel=\"noreferrer noopener\"><strong>Concelho de<\/strong> <strong>Coimbra<\/strong><\/a><\/p>\n<\/div>\n<\/div>\n<\/div><\/div>\n\n\n\n<script>\/\/ <![CDATA[\nfunction goBack() { window.history.back() }\n\/\/ ]]><\/script>\n<button onclick=\"goBack()\"><strong>Voltar \u00e0 p\u00e1gina anterior<\/strong><\/button>\n<br><br>\n","protected":false},"excerpt":{"rendered":"<p>Voltar \u00e0 p\u00e1gina anterior No per\u00edodo romano chamava-se Aeminium, tornando-se numa cidade importante no centro do territ\u00f3rio lusitano, sendo o vest\u00edgio mais not\u00f3rio deste per\u00edodo o criptop\u00f3rtico. O conde D. Henrique, que lhe concedeu novo foral em 1111, e a rainha D. Teresa estabeleceram a\u00ed a sua resid\u00eancia e foi l\u00e1 que nasceu o primeiro [&hellip;]<\/p>\n","protected":false},"author":1,"featured_media":0,"parent":0,"menu_order":0,"comment_status":"closed","ping_status":"closed","template":"","meta":{"_crdt_document":"","footnotes":""},"class_list":["post-1779","page","type-page","status-publish","hentry","eq-blocks"],"yoast_head":"<!-- This site is optimized with the Yoast SEO plugin v27.3 - https:\/\/yoast.com\/product\/yoast-seo-wordpress\/ -->\n<title>Coimbra - Viajar Com Tempo<\/title>\n<meta name=\"robots\" content=\"index, follow, max-snippet:-1, max-image-preview:large, max-video-preview:-1\" \/>\n<link rel=\"canonical\" href=\"https:\/\/viajarcomtempo.eu\/?page_id=1779\" \/>\n<meta property=\"og:locale\" content=\"pt_PT\" \/>\n<meta property=\"og:type\" content=\"article\" \/>\n<meta property=\"og:title\" content=\"Coimbra - Viajar Com Tempo\" \/>\n<meta property=\"og:description\" content=\"Voltar \u00e0 p\u00e1gina anterior No per\u00edodo romano chamava-se Aeminium, tornando-se numa cidade importante no centro do territ\u00f3rio lusitano, sendo o vest\u00edgio mais not\u00f3rio deste per\u00edodo o criptop\u00f3rtico. O conde D. Henrique, que lhe concedeu novo foral em 1111, e a rainha D. Teresa estabeleceram a\u00ed a sua resid\u00eancia e foi l\u00e1 que nasceu o primeiro [&hellip;]\" \/>\n<meta property=\"og:url\" content=\"https:\/\/viajarcomtempo.eu\/?page_id=1779\" \/>\n<meta property=\"og:site_name\" content=\"Viajar Com Tempo\" \/>\n<meta property=\"article:modified_time\" content=\"2022-05-14T15:48:45+00:00\" \/>\n<meta name=\"twitter:card\" content=\"summary_large_image\" \/>\n<meta name=\"twitter:label1\" content=\"Tempo estimado de leitura\" \/>\n\t<meta name=\"twitter:data1\" content=\"2 minutos\" \/>\n<script type=\"application\/ld+json\" class=\"yoast-schema-graph\">{\"@context\":\"https:\\\/\\\/schema.org\",\"@graph\":[{\"@type\":\"WebPage\",\"@id\":\"https:\\\/\\\/viajarcomtempo.eu\\\/?page_id=1779\",\"url\":\"https:\\\/\\\/viajarcomtempo.eu\\\/?page_id=1779\",\"name\":\"Coimbra - Viajar Com Tempo\",\"isPartOf\":{\"@id\":\"https:\\\/\\\/viajarcomtempo.eu\\\/#website\"},\"datePublished\":\"2022-03-24T18:44:30+00:00\",\"dateModified\":\"2022-05-14T15:48:45+00:00\",\"breadcrumb\":{\"@id\":\"https:\\\/\\\/viajarcomtempo.eu\\\/?page_id=1779#breadcrumb\"},\"inLanguage\":\"pt-PT\",\"potentialAction\":[{\"@type\":\"ReadAction\",\"target\":[\"https:\\\/\\\/viajarcomtempo.eu\\\/?page_id=1779\"]}]},{\"@type\":\"BreadcrumbList\",\"@id\":\"https:\\\/\\\/viajarcomtempo.eu\\\/?page_id=1779#breadcrumb\",\"itemListElement\":[{\"@type\":\"ListItem\",\"position\":1,\"name\":\"In\u00edcio\",\"item\":\"https:\\\/\\\/viajarcomtempo.eu\\\/\"},{\"@type\":\"ListItem\",\"position\":2,\"name\":\"Coimbra\"}]},{\"@type\":\"WebSite\",\"@id\":\"https:\\\/\\\/viajarcomtempo.eu\\\/#website\",\"url\":\"https:\\\/\\\/viajarcomtempo.eu\\\/\",\"name\":\"Viajar Com Tempo\",\"description\":\"Roteiros para viajar sem pressa\",\"publisher\":{\"@id\":\"https:\\\/\\\/viajarcomtempo.eu\\\/#\\\/schema\\\/person\\\/2f6c8045b5e07d397d92d8e5cf7aee98\"},\"potentialAction\":[{\"@type\":\"SearchAction\",\"target\":{\"@type\":\"EntryPoint\",\"urlTemplate\":\"https:\\\/\\\/viajarcomtempo.eu\\\/?s={search_term_string}\"},\"query-input\":{\"@type\":\"PropertyValueSpecification\",\"valueRequired\":true,\"valueName\":\"search_term_string\"}}],\"inLanguage\":\"pt-PT\"},{\"@type\":[\"Person\",\"Organization\"],\"@id\":\"https:\\\/\\\/viajarcomtempo.eu\\\/#\\\/schema\\\/person\\\/2f6c8045b5e07d397d92d8e5cf7aee98\",\"name\":\"Jos\u00e9 Salvador\",\"logo\":{\"@id\":\"https:\\\/\\\/viajarcomtempo.eu\\\/#\\\/schema\\\/person\\\/image\\\/\"},\"sameAs\":[\"http:\\\/\\\/viajarcomtempo.eu\"]}]}<\/script>\n<!-- \/ Yoast SEO plugin. -->","yoast_head_json":{"title":"Coimbra - Viajar Com Tempo","robots":{"index":"index","follow":"follow","max-snippet":"max-snippet:-1","max-image-preview":"max-image-preview:large","max-video-preview":"max-video-preview:-1"},"canonical":"https:\/\/viajarcomtempo.eu\/?page_id=1779","og_locale":"pt_PT","og_type":"article","og_title":"Coimbra - Viajar Com Tempo","og_description":"Voltar \u00e0 p\u00e1gina anterior No per\u00edodo romano chamava-se Aeminium, tornando-se numa cidade importante no centro do territ\u00f3rio lusitano, sendo o vest\u00edgio mais not\u00f3rio deste per\u00edodo o criptop\u00f3rtico. O conde D. Henrique, que lhe concedeu novo foral em 1111, e a rainha D. Teresa estabeleceram a\u00ed a sua resid\u00eancia e foi l\u00e1 que nasceu o primeiro [&hellip;]","og_url":"https:\/\/viajarcomtempo.eu\/?page_id=1779","og_site_name":"Viajar Com Tempo","article_modified_time":"2022-05-14T15:48:45+00:00","twitter_card":"summary_large_image","twitter_misc":{"Tempo estimado de leitura":"2 minutos"},"schema":{"@context":"https:\/\/schema.org","@graph":[{"@type":"WebPage","@id":"https:\/\/viajarcomtempo.eu\/?page_id=1779","url":"https:\/\/viajarcomtempo.eu\/?page_id=1779","name":"Coimbra - Viajar Com Tempo","isPartOf":{"@id":"https:\/\/viajarcomtempo.eu\/#website"},"datePublished":"2022-03-24T18:44:30+00:00","dateModified":"2022-05-14T15:48:45+00:00","breadcrumb":{"@id":"https:\/\/viajarcomtempo.eu\/?page_id=1779#breadcrumb"},"inLanguage":"pt-PT","potentialAction":[{"@type":"ReadAction","target":["https:\/\/viajarcomtempo.eu\/?page_id=1779"]}]},{"@type":"BreadcrumbList","@id":"https:\/\/viajarcomtempo.eu\/?page_id=1779#breadcrumb","itemListElement":[{"@type":"ListItem","position":1,"name":"In\u00edcio","item":"https:\/\/viajarcomtempo.eu\/"},{"@type":"ListItem","position":2,"name":"Coimbra"}]},{"@type":"WebSite","@id":"https:\/\/viajarcomtempo.eu\/#website","url":"https:\/\/viajarcomtempo.eu\/","name":"Viajar Com Tempo","description":"Roteiros para viajar sem pressa","publisher":{"@id":"https:\/\/viajarcomtempo.eu\/#\/schema\/person\/2f6c8045b5e07d397d92d8e5cf7aee98"},"potentialAction":[{"@type":"SearchAction","target":{"@type":"EntryPoint","urlTemplate":"https:\/\/viajarcomtempo.eu\/?s={search_term_string}"},"query-input":{"@type":"PropertyValueSpecification","valueRequired":true,"valueName":"search_term_string"}}],"inLanguage":"pt-PT"},{"@type":["Person","Organization"],"@id":"https:\/\/viajarcomtempo.eu\/#\/schema\/person\/2f6c8045b5e07d397d92d8e5cf7aee98","name":"Jos\u00e9 Salvador","logo":{"@id":"https:\/\/viajarcomtempo.eu\/#\/schema\/person\/image\/"},"sameAs":["http:\/\/viajarcomtempo.eu"]}]}},"_links":{"self":[{"href":"https:\/\/viajarcomtempo.eu\/index.php?rest_route=\/wp\/v2\/pages\/1779","targetHints":{"allow":["GET"]}}],"collection":[{"href":"https:\/\/viajarcomtempo.eu\/index.php?rest_route=\/wp\/v2\/pages"}],"about":[{"href":"https:\/\/viajarcomtempo.eu\/index.php?rest_route=\/wp\/v2\/types\/page"}],"author":[{"embeddable":true,"href":"https:\/\/viajarcomtempo.eu\/index.php?rest_route=\/wp\/v2\/users\/1"}],"replies":[{"embeddable":true,"href":"https:\/\/viajarcomtempo.eu\/index.php?rest_route=%2Fwp%2Fv2%2Fcomments&post=1779"}],"version-history":[{"count":4,"href":"https:\/\/viajarcomtempo.eu\/index.php?rest_route=\/wp\/v2\/pages\/1779\/revisions"}],"predecessor-version":[{"id":1991,"href":"https:\/\/viajarcomtempo.eu\/index.php?rest_route=\/wp\/v2\/pages\/1779\/revisions\/1991"}],"wp:attachment":[{"href":"https:\/\/viajarcomtempo.eu\/index.php?rest_route=%2Fwp%2Fv2%2Fmedia&parent=1779"}],"curies":[{"name":"wp","href":"https:\/\/api.w.org\/{rel}","templated":true}]}}