{"id":1790,"date":"2022-03-25T17:52:14","date_gmt":"2022-03-25T17:52:14","guid":{"rendered":"https:\/\/viajarcomtempo.eu\/?page_id=1790"},"modified":"2022-05-14T16:15:33","modified_gmt":"2022-05-14T16:15:33","slug":"chaves-3-5-2-2-4-2-2-2-2-2-2-2-2-2-3-2-2-2-2-2-2-2-2-2-2-2-2-2-2-2-2-2","status":"publish","type":"page","link":"https:\/\/viajarcomtempo.eu\/?page_id=1790","title":{"rendered":"Mealhada"},"content":{"rendered":"\n<script>\/\/ <![CDATA[\nfunction goBack() { window.history.back() }\n\/\/ ]]><\/script>\n<button onclick=\"goBack()\"><strong>Voltar \u00e0 p\u00e1gina anterior<\/strong><\/button>\n<br><br>\n\n\n\n<p class=\"wp-block-paragraph\">Da presen\u00e7a romana no concelho destacamos o achamento de um marco mili\u00e1rio (que remonta ao ano de 39 d.C.) e a esta\u00e7\u00e3o arqueol\u00f3gica da Cidade das Areias situada na Vimieira (Casal Comba) que j\u00e1 \u00e9 referenciada desde o s\u00e9culo I por Estrab\u00e3o e conhecida nos nossos dias desde 1959.<\/p>\n\n\n\n<p class=\"wp-block-paragraph\">As terras do concelho inseriam-se nas da Vacari\u00e7a, prestigiadas na Idade M\u00e9dia devido a um Mosteiro do s\u00e9culo X, referenciado num documento de 1002. No s\u00e9culo XIX, com as grandes reformas liberais foi  criado o atual concelho da Mealhada no reinado de D. Maria II.<\/p>\n\n\n\n<div class=\"wp-block-group\"><div class=\"wp-block-group__inner-container is-layout-flow wp-block-group-is-layout-flow\">\n<div class=\"wp-block-columns is-layout-flex wp-container-core-columns-is-layout-8f761849 wp-block-columns-is-layout-flex\">\n<div class=\"wp-block-column is-layout-flow wp-block-column-is-layout-flow\" style=\"flex-basis:100%\">\n<div class=\"wp-block-group\"><div class=\"wp-block-group__inner-container is-layout-flow wp-block-group-is-layout-flow\">\n<div class=\"wp-block-columns is-layout-flex wp-container-core-columns-is-layout-8f761849 wp-block-columns-is-layout-flex\">\n<div class=\"wp-block-column is-layout-flow wp-block-column-is-layout-flow\" style=\"flex-basis:100%\">\n<figure class=\"wp-block-table is-style-regular\"><table class=\"has-background\" style=\"background-color:#e7f5fe\"><tbody><tr><td><strong>Site da CM da Mealhada<\/strong><\/td><td><a href=\"https:\/\/www.cm-mealhada.pt\/\" target=\"_blank\" rel=\"noreferrer noopener\">cm-mealhada.pt<\/a><\/td><\/tr><tr><td><strong>Posto de Turismo<\/strong><\/td><td>Av. Fonte Nova, 3050-333 Mealhada<br><strong>Telefone<\/strong>: 231 281 372<br><strong>E-mail<\/strong>: maravilhasmealhada@gmail<\/td><\/tr><tr><td><strong>Naturais da Mealhada<\/strong><\/td><td><strong>Mealhadenses<\/strong>.<\/td><\/tr><tr><td><strong>Artesanato<\/strong><\/td><td>Salienta-se  o empalhamento de garraf\u00f5es e os trabalhos de olaria. <\/td><\/tr><tr><td><strong>Festas e Romarias<\/strong><\/td><td><strong>Desfile no\u00a0Carnava<\/strong>l; <br><strong>Romaria de\u00a0Santa Ana<\/strong>, realizada no m\u00eas de agosto.<\/td><\/tr><\/tbody><\/table><\/figure>\n<\/div>\n<\/div>\n<\/div><\/div>\n\n\n\n<p class=\"has-medium-font-size wp-block-paragraph\">Para mais informa\u00e7\u00e3o ver Ficheiro PDF do<a href=\"https:\/\/viajarcomtempo.eu\/wp-content\/uploads\/2022\/03\/Mealhada.pdf\" target=\"_blank\" rel=\"noreferrer noopener\"> <strong>Concelho da Mealhada<\/strong><\/a><\/p>\n<\/div>\n<\/div>\n<\/div><\/div>\n\n\n\n<script>\/\/ <![CDATA[\nfunction goBack() { window.history.back() }\n\/\/ ]]><\/script>\n<button onclick=\"goBack()\"><strong>Voltar \u00e0 p\u00e1gina anterior<\/strong><\/button>\n<br><br>\n","protected":false},"excerpt":{"rendered":"<p>Voltar \u00e0 p\u00e1gina anterior Da presen\u00e7a romana no concelho destacamos o achamento de um marco mili\u00e1rio (que remonta ao ano de 39 d.C.) e a esta\u00e7\u00e3o arqueol\u00f3gica da Cidade das Areias situada na Vimieira (Casal Comba) que j\u00e1 \u00e9 referenciada desde o s\u00e9culo I por Estrab\u00e3o e conhecida nos nossos dias desde 1959. As terras [&hellip;]<\/p>\n","protected":false},"author":1,"featured_media":0,"parent":0,"menu_order":0,"comment_status":"closed","ping_status":"closed","template":"","meta":{"_crdt_document":"","footnotes":""},"class_list":["post-1790","page","type-page","status-publish","hentry","eq-blocks"],"yoast_head":"<!-- This site is optimized with the Yoast SEO plugin v27.3 - https:\/\/yoast.com\/product\/yoast-seo-wordpress\/ -->\n<title>Mealhada - Viajar Com Tempo<\/title>\n<meta name=\"robots\" content=\"index, follow, max-snippet:-1, max-image-preview:large, max-video-preview:-1\" \/>\n<link rel=\"canonical\" href=\"https:\/\/viajarcomtempo.eu\/?page_id=1790\" \/>\n<meta property=\"og:locale\" content=\"pt_PT\" \/>\n<meta property=\"og:type\" content=\"article\" \/>\n<meta property=\"og:title\" content=\"Mealhada - Viajar Com Tempo\" \/>\n<meta property=\"og:description\" content=\"Voltar \u00e0 p\u00e1gina anterior Da presen\u00e7a romana no concelho destacamos o achamento de um marco mili\u00e1rio (que remonta ao ano de 39 d.C.) e a esta\u00e7\u00e3o arqueol\u00f3gica da Cidade das Areias situada na Vimieira (Casal Comba) que j\u00e1 \u00e9 referenciada desde o s\u00e9culo I por Estrab\u00e3o e conhecida nos nossos dias desde 1959. As terras [&hellip;]\" \/>\n<meta property=\"og:url\" content=\"https:\/\/viajarcomtempo.eu\/?page_id=1790\" \/>\n<meta property=\"og:site_name\" content=\"Viajar Com Tempo\" \/>\n<meta property=\"article:modified_time\" content=\"2022-05-14T16:15:33+00:00\" \/>\n<meta name=\"twitter:card\" content=\"summary_large_image\" \/>\n<meta name=\"twitter:label1\" content=\"Tempo estimado de leitura\" \/>\n\t<meta name=\"twitter:data1\" content=\"1 minuto\" \/>\n<script type=\"application\/ld+json\" class=\"yoast-schema-graph\">{\"@context\":\"https:\\\/\\\/schema.org\",\"@graph\":[{\"@type\":\"WebPage\",\"@id\":\"https:\\\/\\\/viajarcomtempo.eu\\\/?page_id=1790\",\"url\":\"https:\\\/\\\/viajarcomtempo.eu\\\/?page_id=1790\",\"name\":\"Mealhada - Viajar Com Tempo\",\"isPartOf\":{\"@id\":\"https:\\\/\\\/viajarcomtempo.eu\\\/#website\"},\"datePublished\":\"2022-03-25T17:52:14+00:00\",\"dateModified\":\"2022-05-14T16:15:33+00:00\",\"breadcrumb\":{\"@id\":\"https:\\\/\\\/viajarcomtempo.eu\\\/?page_id=1790#breadcrumb\"},\"inLanguage\":\"pt-PT\",\"potentialAction\":[{\"@type\":\"ReadAction\",\"target\":[\"https:\\\/\\\/viajarcomtempo.eu\\\/?page_id=1790\"]}]},{\"@type\":\"BreadcrumbList\",\"@id\":\"https:\\\/\\\/viajarcomtempo.eu\\\/?page_id=1790#breadcrumb\",\"itemListElement\":[{\"@type\":\"ListItem\",\"position\":1,\"name\":\"In\u00edcio\",\"item\":\"https:\\\/\\\/viajarcomtempo.eu\\\/\"},{\"@type\":\"ListItem\",\"position\":2,\"name\":\"Mealhada\"}]},{\"@type\":\"WebSite\",\"@id\":\"https:\\\/\\\/viajarcomtempo.eu\\\/#website\",\"url\":\"https:\\\/\\\/viajarcomtempo.eu\\\/\",\"name\":\"Viajar Com Tempo\",\"description\":\"Roteiros para viajar sem pressa\",\"publisher\":{\"@id\":\"https:\\\/\\\/viajarcomtempo.eu\\\/#\\\/schema\\\/person\\\/2f6c8045b5e07d397d92d8e5cf7aee98\"},\"potentialAction\":[{\"@type\":\"SearchAction\",\"target\":{\"@type\":\"EntryPoint\",\"urlTemplate\":\"https:\\\/\\\/viajarcomtempo.eu\\\/?s={search_term_string}\"},\"query-input\":{\"@type\":\"PropertyValueSpecification\",\"valueRequired\":true,\"valueName\":\"search_term_string\"}}],\"inLanguage\":\"pt-PT\"},{\"@type\":[\"Person\",\"Organization\"],\"@id\":\"https:\\\/\\\/viajarcomtempo.eu\\\/#\\\/schema\\\/person\\\/2f6c8045b5e07d397d92d8e5cf7aee98\",\"name\":\"Jos\u00e9 Salvador\",\"logo\":{\"@id\":\"https:\\\/\\\/viajarcomtempo.eu\\\/#\\\/schema\\\/person\\\/image\\\/\"},\"sameAs\":[\"http:\\\/\\\/viajarcomtempo.eu\"]}]}<\/script>\n<!-- \/ Yoast SEO plugin. -->","yoast_head_json":{"title":"Mealhada - Viajar Com Tempo","robots":{"index":"index","follow":"follow","max-snippet":"max-snippet:-1","max-image-preview":"max-image-preview:large","max-video-preview":"max-video-preview:-1"},"canonical":"https:\/\/viajarcomtempo.eu\/?page_id=1790","og_locale":"pt_PT","og_type":"article","og_title":"Mealhada - Viajar Com Tempo","og_description":"Voltar \u00e0 p\u00e1gina anterior Da presen\u00e7a romana no concelho destacamos o achamento de um marco mili\u00e1rio (que remonta ao ano de 39 d.C.) e a esta\u00e7\u00e3o arqueol\u00f3gica da Cidade das Areias situada na Vimieira (Casal Comba) que j\u00e1 \u00e9 referenciada desde o s\u00e9culo I por Estrab\u00e3o e conhecida nos nossos dias desde 1959. As terras [&hellip;]","og_url":"https:\/\/viajarcomtempo.eu\/?page_id=1790","og_site_name":"Viajar Com Tempo","article_modified_time":"2022-05-14T16:15:33+00:00","twitter_card":"summary_large_image","twitter_misc":{"Tempo estimado de leitura":"1 minuto"},"schema":{"@context":"https:\/\/schema.org","@graph":[{"@type":"WebPage","@id":"https:\/\/viajarcomtempo.eu\/?page_id=1790","url":"https:\/\/viajarcomtempo.eu\/?page_id=1790","name":"Mealhada - Viajar Com Tempo","isPartOf":{"@id":"https:\/\/viajarcomtempo.eu\/#website"},"datePublished":"2022-03-25T17:52:14+00:00","dateModified":"2022-05-14T16:15:33+00:00","breadcrumb":{"@id":"https:\/\/viajarcomtempo.eu\/?page_id=1790#breadcrumb"},"inLanguage":"pt-PT","potentialAction":[{"@type":"ReadAction","target":["https:\/\/viajarcomtempo.eu\/?page_id=1790"]}]},{"@type":"BreadcrumbList","@id":"https:\/\/viajarcomtempo.eu\/?page_id=1790#breadcrumb","itemListElement":[{"@type":"ListItem","position":1,"name":"In\u00edcio","item":"https:\/\/viajarcomtempo.eu\/"},{"@type":"ListItem","position":2,"name":"Mealhada"}]},{"@type":"WebSite","@id":"https:\/\/viajarcomtempo.eu\/#website","url":"https:\/\/viajarcomtempo.eu\/","name":"Viajar Com Tempo","description":"Roteiros para viajar sem pressa","publisher":{"@id":"https:\/\/viajarcomtempo.eu\/#\/schema\/person\/2f6c8045b5e07d397d92d8e5cf7aee98"},"potentialAction":[{"@type":"SearchAction","target":{"@type":"EntryPoint","urlTemplate":"https:\/\/viajarcomtempo.eu\/?s={search_term_string}"},"query-input":{"@type":"PropertyValueSpecification","valueRequired":true,"valueName":"search_term_string"}}],"inLanguage":"pt-PT"},{"@type":["Person","Organization"],"@id":"https:\/\/viajarcomtempo.eu\/#\/schema\/person\/2f6c8045b5e07d397d92d8e5cf7aee98","name":"Jos\u00e9 Salvador","logo":{"@id":"https:\/\/viajarcomtempo.eu\/#\/schema\/person\/image\/"},"sameAs":["http:\/\/viajarcomtempo.eu"]}]}},"_links":{"self":[{"href":"https:\/\/viajarcomtempo.eu\/index.php?rest_route=\/wp\/v2\/pages\/1790","targetHints":{"allow":["GET"]}}],"collection":[{"href":"https:\/\/viajarcomtempo.eu\/index.php?rest_route=\/wp\/v2\/pages"}],"about":[{"href":"https:\/\/viajarcomtempo.eu\/index.php?rest_route=\/wp\/v2\/types\/page"}],"author":[{"embeddable":true,"href":"https:\/\/viajarcomtempo.eu\/index.php?rest_route=\/wp\/v2\/users\/1"}],"replies":[{"embeddable":true,"href":"https:\/\/viajarcomtempo.eu\/index.php?rest_route=%2Fwp%2Fv2%2Fcomments&post=1790"}],"version-history":[{"count":3,"href":"https:\/\/viajarcomtempo.eu\/index.php?rest_route=\/wp\/v2\/pages\/1790\/revisions"}],"predecessor-version":[{"id":1995,"href":"https:\/\/viajarcomtempo.eu\/index.php?rest_route=\/wp\/v2\/pages\/1790\/revisions\/1995"}],"wp:attachment":[{"href":"https:\/\/viajarcomtempo.eu\/index.php?rest_route=%2Fwp%2Fv2%2Fmedia&parent=1790"}],"curies":[{"name":"wp","href":"https:\/\/api.w.org\/{rel}","templated":true}]}}