{"id":1798,"date":"2022-03-25T18:01:02","date_gmt":"2022-03-25T18:01:02","guid":{"rendered":"https:\/\/viajarcomtempo.eu\/?page_id=1798"},"modified":"2022-05-15T10:45:22","modified_gmt":"2022-05-15T10:45:22","slug":"chaves-3-5-2-2-4-2-2-2-2-2-2-2-2-2-3-2-2-2-2-2-2-2-2-2-2-2-2-2-2-2-2-2-2-3","status":"publish","type":"page","link":"https:\/\/viajarcomtempo.eu\/?page_id=1798","title":{"rendered":"Albergaria"},"content":{"rendered":"\n<script>\/\/ <![CDATA[\nfunction goBack() { window.history.back() }\n\/\/ ]]><\/script>\n<button onclick=\"goBack()\"><strong>Voltar \u00e0 p\u00e1gina anterior<\/strong><\/button>\n<br><br>\n\n\n\n<p class=\"wp-block-paragraph\">Em 1117, D. Teresa, rainha de Portugal e m\u00e3e de D. Afonso Henriques, doou ao fidalgo Gon\u00e7alo Eriz vastas terras. Como contrapartida, o fidalgo comprometeu-se a manter aberta uma Albergaria para acolher os viajantes pobres.<\/p>\n\n\n\n<p class=\"wp-block-paragraph\">No in\u00edcio do reinado de D. Maria II, Albergaria-a-Velha foi a elevada \u00e0 categoria de Vila e criado o seu concelho, retirando-a do concelho de Aveiro. Para esse fim, foi anexado o concelho de Angeja a freguesia de S\u00e3o Jo\u00e3o de Loure e parte da freguesia de Valmaior.<\/p>\n\n\n\n<p class=\"wp-block-paragraph\">Em 6 de abril de 2011, por delibera\u00e7\u00e3o do plen\u00e1rio da Assembleia da Rep\u00fablica foi elevada \u00e0 categoria de cidade.<\/p>\n\n\n\n<div class=\"wp-block-group\"><div class=\"wp-block-group__inner-container is-layout-flow wp-block-group-is-layout-flow\">\n<div class=\"wp-block-columns is-layout-flex wp-container-core-columns-is-layout-8f761849 wp-block-columns-is-layout-flex\">\n<div class=\"wp-block-column is-layout-flow wp-block-column-is-layout-flow\" style=\"flex-basis:100%\">\n<div class=\"wp-block-group\"><div class=\"wp-block-group__inner-container is-layout-flow wp-block-group-is-layout-flow\">\n<div class=\"wp-block-columns is-layout-flex wp-container-core-columns-is-layout-8f761849 wp-block-columns-is-layout-flex\">\n<div class=\"wp-block-column is-layout-flow wp-block-column-is-layout-flow\" style=\"flex-basis:100%\">\n<figure class=\"wp-block-table is-style-regular\"><table class=\"has-background\" style=\"background-color:#e7f5fe\"><tbody><tr><td><strong>Site da CM de Albergaria<\/strong><\/td><td><a href=\"https:\/\/www.cm-albergaria.pt\/\" target=\"_blank\" rel=\"noreferrer noopener\">cm-albergaria.pt<\/a><\/td><\/tr><tr><td><strong>Posto de Turismo<\/strong><\/td><td>Alameda 5 de Outubro 3850-005 Albergaria-a-Velha<br><strong>Telefone<\/strong>: 234 529 300<br><strong>E-mail<\/strong>: <a href=\"mailto:geral@cm-albergaria.pt\" target=\"_blank\" rel=\"noreferrer noopener\">geral@cm-albergaria.pt<\/a><\/td><\/tr><tr><td><strong>Naturais de Albergaria<\/strong><\/td><td><strong>Albergarienses<\/strong>.<\/td><\/tr><tr><td><strong>Artesanato<\/strong><\/td><td>Salientam-se os trabalhos de <strong>linho<\/strong>, a <strong>cestaria <\/strong>e os <strong>bordados<\/strong>.<\/td><\/tr><tr><td><strong>Festas e Romarias<\/strong><\/td><td><strong>Festa no monte da Sra. do Socorro<\/strong> que ocorre todos os anos no terceiro domingo de agosto;<br><strong>Festa de Sta. Ana<\/strong>, no terceiro domingo de agosto;<br><strong>Festa da Sra. da Mem\u00f3ria<\/strong>, no dia 15 de agosto;<br><strong>Festa de Sto. Ant\u00f3nio<\/strong>, no dia 13 de agosto;<br><strong>Festa da N. Sra. da Alegria<\/strong>, no domingo seguinte \u00e0\u00a0P\u00e1scoa;<br><strong>Festa de S. Vicente<\/strong>, no primeiro fim de semana de agosto;<br><strong>Festa de &#8220;Pica B\u00f3i<\/strong>&#8220;, no \u00faltimo domingo de maio.<\/td><\/tr><\/tbody><\/table><\/figure>\n<\/div>\n<\/div>\n<\/div><\/div>\n\n\n\n<p class=\"has-medium-font-size wp-block-paragraph\">Para mais informa\u00e7\u00e3o ver Ficheiro PDF do <strong><a href=\"https:\/\/viajarcomtempo.eu\/wp-content\/uploads\/2022\/03\/Albergaria.pdf\" target=\"_blank\" rel=\"noreferrer noopener\">Concelho de Albergaria<\/a><\/strong><\/p>\n<\/div>\n<\/div>\n<\/div><\/div>\n\n\n\n<script>\/\/ <![CDATA[\nfunction goBack() { window.history.back() }\n\/\/ ]]><\/script>\n<button onclick=\"goBack()\"><strong>Voltar \u00e0 p\u00e1gina anterior<\/strong><\/button>\n<br><br>\n","protected":false},"excerpt":{"rendered":"<p>Voltar \u00e0 p\u00e1gina anterior Em 1117, D. Teresa, rainha de Portugal e m\u00e3e de D. Afonso Henriques, doou ao fidalgo Gon\u00e7alo Eriz vastas terras. Como contrapartida, o fidalgo comprometeu-se a manter aberta uma Albergaria para acolher os viajantes pobres. No in\u00edcio do reinado de D. Maria II, Albergaria-a-Velha foi a elevada \u00e0 categoria de Vila [&hellip;]<\/p>\n","protected":false},"author":1,"featured_media":0,"parent":0,"menu_order":0,"comment_status":"closed","ping_status":"closed","template":"","meta":{"_crdt_document":"","footnotes":""},"class_list":["post-1798","page","type-page","status-publish","hentry","eq-blocks"],"yoast_head":"<!-- This site is optimized with the Yoast SEO plugin v27.3 - https:\/\/yoast.com\/product\/yoast-seo-wordpress\/ -->\n<title>Albergaria - Viajar Com Tempo<\/title>\n<meta name=\"robots\" content=\"index, follow, max-snippet:-1, max-image-preview:large, max-video-preview:-1\" \/>\n<link rel=\"canonical\" href=\"https:\/\/viajarcomtempo.eu\/?page_id=1798\" \/>\n<meta property=\"og:locale\" content=\"pt_PT\" \/>\n<meta property=\"og:type\" content=\"article\" \/>\n<meta property=\"og:title\" content=\"Albergaria - Viajar Com Tempo\" \/>\n<meta property=\"og:description\" content=\"Voltar \u00e0 p\u00e1gina anterior Em 1117, D. Teresa, rainha de Portugal e m\u00e3e de D. Afonso Henriques, doou ao fidalgo Gon\u00e7alo Eriz vastas terras. Como contrapartida, o fidalgo comprometeu-se a manter aberta uma Albergaria para acolher os viajantes pobres. No in\u00edcio do reinado de D. Maria II, Albergaria-a-Velha foi a elevada \u00e0 categoria de Vila [&hellip;]\" \/>\n<meta property=\"og:url\" content=\"https:\/\/viajarcomtempo.eu\/?page_id=1798\" \/>\n<meta property=\"og:site_name\" content=\"Viajar Com Tempo\" \/>\n<meta property=\"article:modified_time\" content=\"2022-05-15T10:45:22+00:00\" \/>\n<meta name=\"twitter:card\" content=\"summary_large_image\" \/>\n<meta name=\"twitter:label1\" content=\"Tempo estimado de leitura\" \/>\n\t<meta name=\"twitter:data1\" content=\"2 minutos\" \/>\n<script type=\"application\/ld+json\" class=\"yoast-schema-graph\">{\"@context\":\"https:\\\/\\\/schema.org\",\"@graph\":[{\"@type\":\"WebPage\",\"@id\":\"https:\\\/\\\/viajarcomtempo.eu\\\/?page_id=1798\",\"url\":\"https:\\\/\\\/viajarcomtempo.eu\\\/?page_id=1798\",\"name\":\"Albergaria - Viajar Com Tempo\",\"isPartOf\":{\"@id\":\"https:\\\/\\\/viajarcomtempo.eu\\\/#website\"},\"datePublished\":\"2022-03-25T18:01:02+00:00\",\"dateModified\":\"2022-05-15T10:45:22+00:00\",\"breadcrumb\":{\"@id\":\"https:\\\/\\\/viajarcomtempo.eu\\\/?page_id=1798#breadcrumb\"},\"inLanguage\":\"pt-PT\",\"potentialAction\":[{\"@type\":\"ReadAction\",\"target\":[\"https:\\\/\\\/viajarcomtempo.eu\\\/?page_id=1798\"]}]},{\"@type\":\"BreadcrumbList\",\"@id\":\"https:\\\/\\\/viajarcomtempo.eu\\\/?page_id=1798#breadcrumb\",\"itemListElement\":[{\"@type\":\"ListItem\",\"position\":1,\"name\":\"In\u00edcio\",\"item\":\"https:\\\/\\\/viajarcomtempo.eu\\\/\"},{\"@type\":\"ListItem\",\"position\":2,\"name\":\"Albergaria\"}]},{\"@type\":\"WebSite\",\"@id\":\"https:\\\/\\\/viajarcomtempo.eu\\\/#website\",\"url\":\"https:\\\/\\\/viajarcomtempo.eu\\\/\",\"name\":\"Viajar Com Tempo\",\"description\":\"Roteiros para viajar sem pressa\",\"publisher\":{\"@id\":\"https:\\\/\\\/viajarcomtempo.eu\\\/#\\\/schema\\\/person\\\/2f6c8045b5e07d397d92d8e5cf7aee98\"},\"potentialAction\":[{\"@type\":\"SearchAction\",\"target\":{\"@type\":\"EntryPoint\",\"urlTemplate\":\"https:\\\/\\\/viajarcomtempo.eu\\\/?s={search_term_string}\"},\"query-input\":{\"@type\":\"PropertyValueSpecification\",\"valueRequired\":true,\"valueName\":\"search_term_string\"}}],\"inLanguage\":\"pt-PT\"},{\"@type\":[\"Person\",\"Organization\"],\"@id\":\"https:\\\/\\\/viajarcomtempo.eu\\\/#\\\/schema\\\/person\\\/2f6c8045b5e07d397d92d8e5cf7aee98\",\"name\":\"Jos\u00e9 Salvador\",\"logo\":{\"@id\":\"https:\\\/\\\/viajarcomtempo.eu\\\/#\\\/schema\\\/person\\\/image\\\/\"},\"sameAs\":[\"http:\\\/\\\/viajarcomtempo.eu\"]}]}<\/script>\n<!-- \/ Yoast SEO plugin. -->","yoast_head_json":{"title":"Albergaria - Viajar Com Tempo","robots":{"index":"index","follow":"follow","max-snippet":"max-snippet:-1","max-image-preview":"max-image-preview:large","max-video-preview":"max-video-preview:-1"},"canonical":"https:\/\/viajarcomtempo.eu\/?page_id=1798","og_locale":"pt_PT","og_type":"article","og_title":"Albergaria - Viajar Com Tempo","og_description":"Voltar \u00e0 p\u00e1gina anterior Em 1117, D. Teresa, rainha de Portugal e m\u00e3e de D. Afonso Henriques, doou ao fidalgo Gon\u00e7alo Eriz vastas terras. Como contrapartida, o fidalgo comprometeu-se a manter aberta uma Albergaria para acolher os viajantes pobres. No in\u00edcio do reinado de D. Maria II, Albergaria-a-Velha foi a elevada \u00e0 categoria de Vila [&hellip;]","og_url":"https:\/\/viajarcomtempo.eu\/?page_id=1798","og_site_name":"Viajar Com Tempo","article_modified_time":"2022-05-15T10:45:22+00:00","twitter_card":"summary_large_image","twitter_misc":{"Tempo estimado de leitura":"2 minutos"},"schema":{"@context":"https:\/\/schema.org","@graph":[{"@type":"WebPage","@id":"https:\/\/viajarcomtempo.eu\/?page_id=1798","url":"https:\/\/viajarcomtempo.eu\/?page_id=1798","name":"Albergaria - Viajar Com Tempo","isPartOf":{"@id":"https:\/\/viajarcomtempo.eu\/#website"},"datePublished":"2022-03-25T18:01:02+00:00","dateModified":"2022-05-15T10:45:22+00:00","breadcrumb":{"@id":"https:\/\/viajarcomtempo.eu\/?page_id=1798#breadcrumb"},"inLanguage":"pt-PT","potentialAction":[{"@type":"ReadAction","target":["https:\/\/viajarcomtempo.eu\/?page_id=1798"]}]},{"@type":"BreadcrumbList","@id":"https:\/\/viajarcomtempo.eu\/?page_id=1798#breadcrumb","itemListElement":[{"@type":"ListItem","position":1,"name":"In\u00edcio","item":"https:\/\/viajarcomtempo.eu\/"},{"@type":"ListItem","position":2,"name":"Albergaria"}]},{"@type":"WebSite","@id":"https:\/\/viajarcomtempo.eu\/#website","url":"https:\/\/viajarcomtempo.eu\/","name":"Viajar Com Tempo","description":"Roteiros para viajar sem pressa","publisher":{"@id":"https:\/\/viajarcomtempo.eu\/#\/schema\/person\/2f6c8045b5e07d397d92d8e5cf7aee98"},"potentialAction":[{"@type":"SearchAction","target":{"@type":"EntryPoint","urlTemplate":"https:\/\/viajarcomtempo.eu\/?s={search_term_string}"},"query-input":{"@type":"PropertyValueSpecification","valueRequired":true,"valueName":"search_term_string"}}],"inLanguage":"pt-PT"},{"@type":["Person","Organization"],"@id":"https:\/\/viajarcomtempo.eu\/#\/schema\/person\/2f6c8045b5e07d397d92d8e5cf7aee98","name":"Jos\u00e9 Salvador","logo":{"@id":"https:\/\/viajarcomtempo.eu\/#\/schema\/person\/image\/"},"sameAs":["http:\/\/viajarcomtempo.eu"]}]}},"_links":{"self":[{"href":"https:\/\/viajarcomtempo.eu\/index.php?rest_route=\/wp\/v2\/pages\/1798","targetHints":{"allow":["GET"]}}],"collection":[{"href":"https:\/\/viajarcomtempo.eu\/index.php?rest_route=\/wp\/v2\/pages"}],"about":[{"href":"https:\/\/viajarcomtempo.eu\/index.php?rest_route=\/wp\/v2\/types\/page"}],"author":[{"embeddable":true,"href":"https:\/\/viajarcomtempo.eu\/index.php?rest_route=\/wp\/v2\/users\/1"}],"replies":[{"embeddable":true,"href":"https:\/\/viajarcomtempo.eu\/index.php?rest_route=%2Fwp%2Fv2%2Fcomments&post=1798"}],"version-history":[{"count":5,"href":"https:\/\/viajarcomtempo.eu\/index.php?rest_route=\/wp\/v2\/pages\/1798\/revisions"}],"predecessor-version":[{"id":2008,"href":"https:\/\/viajarcomtempo.eu\/index.php?rest_route=\/wp\/v2\/pages\/1798\/revisions\/2008"}],"wp:attachment":[{"href":"https:\/\/viajarcomtempo.eu\/index.php?rest_route=%2Fwp%2Fv2%2Fmedia&parent=1798"}],"curies":[{"name":"wp","href":"https:\/\/api.w.org\/{rel}","templated":true}]}}