{"id":1800,"date":"2022-03-25T18:02:28","date_gmt":"2022-03-25T18:02:28","guid":{"rendered":"https:\/\/viajarcomtempo.eu\/?page_id=1800"},"modified":"2022-05-15T11:01:43","modified_gmt":"2022-05-15T11:01:43","slug":"chaves-3-5-2-2-4-2-2-2-2-2-2-2-2-2-3-2-2-2-2-2-2-2-2-2-2-2-2-2-2-2-2-2-2-3-2","status":"publish","type":"page","link":"https:\/\/viajarcomtempo.eu\/?page_id=1800","title":{"rendered":"Oliveira de Azem\u00e9is"},"content":{"rendered":"\n<script>\/\/ <![CDATA[\nfunction goBack() { window.history.back() }\n\/\/ ]]><\/script>\n<button onclick=\"goBack()\"><strong>Voltar \u00e0 p\u00e1gina anterior<\/strong><\/button>\n<br><br>\n\n\n\n<p class=\"wp-block-paragraph\">Situa-se no eixo de liga\u00e7\u00e3o entre Lisboa e Porto, desde a via militar romana que ligava Lisboa a Braga, de que \u00e9 testemunho o Marco Mili\u00e1rio da Milha XII, descoberto em Ul, passando pela Estrada Real at\u00e9 \u00e0 EN1 e IC2 dos nossos dias.<\/p>\n\n\n\n<p class=\"wp-block-paragraph\">A velha <strong>Ulv\u00e1ria <\/strong>tem uma hist\u00f3ria que remonta, pelo menos, a cerca de 3.000 a 2.000 anos AC. A remota ocupa\u00e7\u00e3o humana \u00e9 ainda hoje testemunhada por diversos achados arqueol\u00f3gicos encontrados, por exemplo, nos crastos de Ul e Ossela.<\/p>\n\n\n\n<p class=\"wp-block-paragraph\">Com a reforma administrativa de Mouzinho da Silveira, em 1856, Oliveira de Azem\u00e9is passou a ser o concelho que \u00e9 hoje, merc\u00ea tamb\u00e9m da extin\u00e7\u00e3o do concelho da Bemposta, o qual se estendia por algumas freguesias que, desta forma, passaram para o munic\u00edpio de Oliveira de Azem\u00e9is.<\/p>\n\n\n\n<p class=\"wp-block-paragraph\">A eleva\u00e7\u00e3o a vila, pela atribui\u00e7\u00e3o do foral pr\u00f3prio, foi em janeiro de 1779 e em 16 de maio de 1984, a vila de Oliveira de Azem\u00e9is foi elevada a cidade.<\/p>\n\n\n\n<div class=\"wp-block-group\"><div class=\"wp-block-group__inner-container is-layout-flow wp-block-group-is-layout-flow\">\n<div class=\"wp-block-columns is-layout-flex wp-container-core-columns-is-layout-8f761849 wp-block-columns-is-layout-flex\">\n<div class=\"wp-block-column is-layout-flow wp-block-column-is-layout-flow\" style=\"flex-basis:100%\">\n<div class=\"wp-block-group\"><div class=\"wp-block-group__inner-container is-layout-flow wp-block-group-is-layout-flow\">\n<div class=\"wp-block-columns is-layout-flex wp-container-core-columns-is-layout-8f761849 wp-block-columns-is-layout-flex\">\n<div class=\"wp-block-column is-layout-flow wp-block-column-is-layout-flow\" style=\"flex-basis:100%\">\n<figure class=\"wp-block-table is-style-regular\"><table class=\"has-background\" style=\"background-color:#e7f5fe\"><tbody><tr><td><strong>Site da CM de Oliveira de Azem\u00e9is<\/strong><\/td><td><a href=\"https:\/\/www.cm-oaz.pt\/\" target=\"_blank\" rel=\"noreferrer noopener\">cm-oaz.pt<\/a><\/td><\/tr><tr><td><strong>Posto de Turismo<\/strong><\/td><td>Pra\u00e7a da Cidade Rua Dr. Ernesto Soares dos Reis, 156 3720-256 Oliveira de Azem\u00e9is<br><strong>Telefone<\/strong>: 256 674 463<br><strong>E-mail<\/strong>: <a href=\"mailto:turismo@cm-oaz.pt\" target=\"_blank\" rel=\"noreferrer noopener\">turismo@cm-oaz.pt<\/a><\/td><\/tr><tr><td><strong>Naturais de Oliveira de Azem\u00e9is<\/strong><\/td><td><strong>Oliveirenses.<\/strong><\/td><\/tr><tr><td><strong>Artesanato<\/strong><\/td><td>No artesanato destacam-se os <strong>trabalhos de cobre<\/strong>.<\/td><\/tr><tr><td><strong>Festas e Romarias<\/strong><\/td><td><strong>Festa da Alumieira<\/strong>, na segunda-feira de&nbsp;P\u00e1scoa.<br><strong>Romaria de S. Sebasti\u00e3o<\/strong>, em julho;<br><strong>Festa de N. Sra. de Lurdes<\/strong>, no dia 1 de agosto;<br><strong>Romaria de N. Sra. de La Salette<\/strong>, em agosto;<br><strong>Festa do Rio<\/strong> e <strong>Festa de Sto. Ant\u00f3nio<\/strong>, em agosto;<br><strong>Festas de S. Louren\u00e7o<\/strong> e de <strong>S. Miguel <\/strong>em setembro;<\/td><\/tr><\/tbody><\/table><\/figure>\n<\/div>\n<\/div>\n<\/div><\/div>\n\n\n\n<p class=\"has-medium-font-size wp-block-paragraph\">Para mais informa\u00e7\u00e3o ver Ficheiro PDF do <strong><a href=\"https:\/\/viajarcomtempo.eu\/wp-content\/uploads\/2022\/04\/OliveiraAzemeis.pdf\" target=\"_blank\" rel=\"noreferrer noopener\">Concelho de Oliveira de Azem\u00e9is<\/a><\/strong><\/p>\n<\/div>\n<\/div>\n<\/div><\/div>\n\n\n\n<script>\/\/ <![CDATA[\nfunction goBack() { window.history.back() }\n\/\/ ]]><\/script>\n<button onclick=\"goBack()\"><strong>Voltar \u00e0 p\u00e1gina anterior<\/strong><\/button>\n<br><br>\n","protected":false},"excerpt":{"rendered":"<p>Voltar \u00e0 p\u00e1gina anterior Situa-se no eixo de liga\u00e7\u00e3o entre Lisboa e Porto, desde a via militar romana que ligava Lisboa a Braga, de que \u00e9 testemunho o Marco Mili\u00e1rio da Milha XII, descoberto em Ul, passando pela Estrada Real at\u00e9 \u00e0 EN1 e IC2 dos nossos dias. A velha Ulv\u00e1ria tem uma hist\u00f3ria que [&hellip;]<\/p>\n","protected":false},"author":1,"featured_media":0,"parent":0,"menu_order":0,"comment_status":"closed","ping_status":"closed","template":"","meta":{"_crdt_document":"","footnotes":""},"class_list":["post-1800","page","type-page","status-publish","hentry","eq-blocks"],"yoast_head":"<!-- This site is optimized with the Yoast SEO plugin v27.3 - https:\/\/yoast.com\/product\/yoast-seo-wordpress\/ -->\n<title>Oliveira de Azem\u00e9is - Viajar Com Tempo<\/title>\n<meta name=\"robots\" content=\"index, follow, max-snippet:-1, max-image-preview:large, max-video-preview:-1\" \/>\n<link rel=\"canonical\" href=\"https:\/\/viajarcomtempo.eu\/?page_id=1800\" \/>\n<meta property=\"og:locale\" content=\"pt_PT\" \/>\n<meta property=\"og:type\" content=\"article\" \/>\n<meta property=\"og:title\" content=\"Oliveira de Azem\u00e9is - Viajar Com Tempo\" \/>\n<meta property=\"og:description\" content=\"Voltar \u00e0 p\u00e1gina anterior Situa-se no eixo de liga\u00e7\u00e3o entre Lisboa e Porto, desde a via militar romana que ligava Lisboa a Braga, de que \u00e9 testemunho o Marco Mili\u00e1rio da Milha XII, descoberto em Ul, passando pela Estrada Real at\u00e9 \u00e0 EN1 e IC2 dos nossos dias. A velha Ulv\u00e1ria tem uma hist\u00f3ria que [&hellip;]\" \/>\n<meta property=\"og:url\" content=\"https:\/\/viajarcomtempo.eu\/?page_id=1800\" \/>\n<meta property=\"og:site_name\" content=\"Viajar Com Tempo\" \/>\n<meta property=\"article:modified_time\" content=\"2022-05-15T11:01:43+00:00\" \/>\n<meta name=\"twitter:card\" content=\"summary_large_image\" \/>\n<meta name=\"twitter:label1\" content=\"Tempo estimado de leitura\" \/>\n\t<meta name=\"twitter:data1\" content=\"2 minutos\" \/>\n<script type=\"application\/ld+json\" class=\"yoast-schema-graph\">{\"@context\":\"https:\\\/\\\/schema.org\",\"@graph\":[{\"@type\":\"WebPage\",\"@id\":\"https:\\\/\\\/viajarcomtempo.eu\\\/?page_id=1800\",\"url\":\"https:\\\/\\\/viajarcomtempo.eu\\\/?page_id=1800\",\"name\":\"Oliveira de Azem\u00e9is - Viajar Com Tempo\",\"isPartOf\":{\"@id\":\"https:\\\/\\\/viajarcomtempo.eu\\\/#website\"},\"datePublished\":\"2022-03-25T18:02:28+00:00\",\"dateModified\":\"2022-05-15T11:01:43+00:00\",\"breadcrumb\":{\"@id\":\"https:\\\/\\\/viajarcomtempo.eu\\\/?page_id=1800#breadcrumb\"},\"inLanguage\":\"pt-PT\",\"potentialAction\":[{\"@type\":\"ReadAction\",\"target\":[\"https:\\\/\\\/viajarcomtempo.eu\\\/?page_id=1800\"]}]},{\"@type\":\"BreadcrumbList\",\"@id\":\"https:\\\/\\\/viajarcomtempo.eu\\\/?page_id=1800#breadcrumb\",\"itemListElement\":[{\"@type\":\"ListItem\",\"position\":1,\"name\":\"In\u00edcio\",\"item\":\"https:\\\/\\\/viajarcomtempo.eu\\\/\"},{\"@type\":\"ListItem\",\"position\":2,\"name\":\"Oliveira de Azem\u00e9is\"}]},{\"@type\":\"WebSite\",\"@id\":\"https:\\\/\\\/viajarcomtempo.eu\\\/#website\",\"url\":\"https:\\\/\\\/viajarcomtempo.eu\\\/\",\"name\":\"Viajar Com Tempo\",\"description\":\"Roteiros para viajar sem pressa\",\"publisher\":{\"@id\":\"https:\\\/\\\/viajarcomtempo.eu\\\/#\\\/schema\\\/person\\\/2f6c8045b5e07d397d92d8e5cf7aee98\"},\"potentialAction\":[{\"@type\":\"SearchAction\",\"target\":{\"@type\":\"EntryPoint\",\"urlTemplate\":\"https:\\\/\\\/viajarcomtempo.eu\\\/?s={search_term_string}\"},\"query-input\":{\"@type\":\"PropertyValueSpecification\",\"valueRequired\":true,\"valueName\":\"search_term_string\"}}],\"inLanguage\":\"pt-PT\"},{\"@type\":[\"Person\",\"Organization\"],\"@id\":\"https:\\\/\\\/viajarcomtempo.eu\\\/#\\\/schema\\\/person\\\/2f6c8045b5e07d397d92d8e5cf7aee98\",\"name\":\"Jos\u00e9 Salvador\",\"logo\":{\"@id\":\"https:\\\/\\\/viajarcomtempo.eu\\\/#\\\/schema\\\/person\\\/image\\\/\"},\"sameAs\":[\"http:\\\/\\\/viajarcomtempo.eu\"]}]}<\/script>\n<!-- \/ Yoast SEO plugin. -->","yoast_head_json":{"title":"Oliveira de Azem\u00e9is - Viajar Com Tempo","robots":{"index":"index","follow":"follow","max-snippet":"max-snippet:-1","max-image-preview":"max-image-preview:large","max-video-preview":"max-video-preview:-1"},"canonical":"https:\/\/viajarcomtempo.eu\/?page_id=1800","og_locale":"pt_PT","og_type":"article","og_title":"Oliveira de Azem\u00e9is - Viajar Com Tempo","og_description":"Voltar \u00e0 p\u00e1gina anterior Situa-se no eixo de liga\u00e7\u00e3o entre Lisboa e Porto, desde a via militar romana que ligava Lisboa a Braga, de que \u00e9 testemunho o Marco Mili\u00e1rio da Milha XII, descoberto em Ul, passando pela Estrada Real at\u00e9 \u00e0 EN1 e IC2 dos nossos dias. A velha Ulv\u00e1ria tem uma hist\u00f3ria que [&hellip;]","og_url":"https:\/\/viajarcomtempo.eu\/?page_id=1800","og_site_name":"Viajar Com Tempo","article_modified_time":"2022-05-15T11:01:43+00:00","twitter_card":"summary_large_image","twitter_misc":{"Tempo estimado de leitura":"2 minutos"},"schema":{"@context":"https:\/\/schema.org","@graph":[{"@type":"WebPage","@id":"https:\/\/viajarcomtempo.eu\/?page_id=1800","url":"https:\/\/viajarcomtempo.eu\/?page_id=1800","name":"Oliveira de Azem\u00e9is - Viajar Com Tempo","isPartOf":{"@id":"https:\/\/viajarcomtempo.eu\/#website"},"datePublished":"2022-03-25T18:02:28+00:00","dateModified":"2022-05-15T11:01:43+00:00","breadcrumb":{"@id":"https:\/\/viajarcomtempo.eu\/?page_id=1800#breadcrumb"},"inLanguage":"pt-PT","potentialAction":[{"@type":"ReadAction","target":["https:\/\/viajarcomtempo.eu\/?page_id=1800"]}]},{"@type":"BreadcrumbList","@id":"https:\/\/viajarcomtempo.eu\/?page_id=1800#breadcrumb","itemListElement":[{"@type":"ListItem","position":1,"name":"In\u00edcio","item":"https:\/\/viajarcomtempo.eu\/"},{"@type":"ListItem","position":2,"name":"Oliveira de Azem\u00e9is"}]},{"@type":"WebSite","@id":"https:\/\/viajarcomtempo.eu\/#website","url":"https:\/\/viajarcomtempo.eu\/","name":"Viajar Com Tempo","description":"Roteiros para viajar sem pressa","publisher":{"@id":"https:\/\/viajarcomtempo.eu\/#\/schema\/person\/2f6c8045b5e07d397d92d8e5cf7aee98"},"potentialAction":[{"@type":"SearchAction","target":{"@type":"EntryPoint","urlTemplate":"https:\/\/viajarcomtempo.eu\/?s={search_term_string}"},"query-input":{"@type":"PropertyValueSpecification","valueRequired":true,"valueName":"search_term_string"}}],"inLanguage":"pt-PT"},{"@type":["Person","Organization"],"@id":"https:\/\/viajarcomtempo.eu\/#\/schema\/person\/2f6c8045b5e07d397d92d8e5cf7aee98","name":"Jos\u00e9 Salvador","logo":{"@id":"https:\/\/viajarcomtempo.eu\/#\/schema\/person\/image\/"},"sameAs":["http:\/\/viajarcomtempo.eu"]}]}},"_links":{"self":[{"href":"https:\/\/viajarcomtempo.eu\/index.php?rest_route=\/wp\/v2\/pages\/1800","targetHints":{"allow":["GET"]}}],"collection":[{"href":"https:\/\/viajarcomtempo.eu\/index.php?rest_route=\/wp\/v2\/pages"}],"about":[{"href":"https:\/\/viajarcomtempo.eu\/index.php?rest_route=\/wp\/v2\/types\/page"}],"author":[{"embeddable":true,"href":"https:\/\/viajarcomtempo.eu\/index.php?rest_route=\/wp\/v2\/users\/1"}],"replies":[{"embeddable":true,"href":"https:\/\/viajarcomtempo.eu\/index.php?rest_route=%2Fwp%2Fv2%2Fcomments&post=1800"}],"version-history":[{"count":4,"href":"https:\/\/viajarcomtempo.eu\/index.php?rest_route=\/wp\/v2\/pages\/1800\/revisions"}],"predecessor-version":[{"id":2011,"href":"https:\/\/viajarcomtempo.eu\/index.php?rest_route=\/wp\/v2\/pages\/1800\/revisions\/2011"}],"wp:attachment":[{"href":"https:\/\/viajarcomtempo.eu\/index.php?rest_route=%2Fwp%2Fv2%2Fmedia&parent=1800"}],"curies":[{"name":"wp","href":"https:\/\/api.w.org\/{rel}","templated":true}]}}