{"id":1804,"date":"2022-03-25T18:05:48","date_gmt":"2022-03-25T18:05:48","guid":{"rendered":"https:\/\/viajarcomtempo.eu\/?page_id=1804"},"modified":"2022-05-21T15:43:25","modified_gmt":"2022-05-21T15:43:25","slug":"chaves-3-5-2-2-4-2-2-2-2-2-2-2-2-2-3-2-2-2-2-2-2-2-2-2-2-2-2-2-2-2-2-2-2-3-2-2-2","status":"publish","type":"page","link":"https:\/\/viajarcomtempo.eu\/?page_id=1804","title":{"rendered":"Vila Nova de Gaia"},"content":{"rendered":"\n<script>\/\/ <![CDATA[\nfunction goBack() { window.history.back() }\n\/\/ ]]><\/script>\n<button onclick=\"goBack()\"><strong>Voltar \u00e0 p\u00e1gina anterior<\/strong><\/button>\n<br><br>\n\n\n\n<div class=\"wp-block-columns is-layout-flex wp-container-core-columns-is-layout-8f761849 wp-block-columns-is-layout-flex\">\n<div class=\"wp-block-column is-layout-flow wp-block-column-is-layout-flow\" style=\"flex-basis:66.66%\">\n<p class=\"wp-block-paragraph\">Durante o dom\u00ednio Mu\u00e7ulmano do s\u00e9culo VII D.C., a fronteira &#8220;de facto&#8221; entre o estado \u00e1rabe e crist\u00e3o acabou por se estabelecer, por volta do ano 1000, por um longo per\u00edodo de tempo no rio Douro. Com os constantes ataques e contra-ataques, a cidade de Cale, ou Gaia, perdeu a sua popula\u00e7\u00e3o, que se refugiou na margem norte do Rio Douro.<\/p>\n\n\n\n<p class=\"wp-block-paragraph\">O foral de D. Afonso II, em 1255, d\u00e1 origem \u00e0 Vila de Gaia e o foral de D. Dinis, de 1288, cria a Vila Nova de Rei. Coexistem dois concelhos vizinhos, o de Gaia e o de Vila Nova, mas em 1383 ambas foram integradas no julgado do Porto, perdendo a sua autonomia.<\/p>\n<\/div>\n\n\n\n<div class=\"wp-block-column is-layout-flow wp-block-column-is-layout-flow\" style=\"flex-basis:33.33%\">\n<figure class=\"wp-block-image size-full\"><img loading=\"lazy\" decoding=\"async\" width=\"700\" height=\"466\" src=\"https:\/\/viajarcomtempo.eu\/wp-content\/uploads\/2022\/05\/Gaia_VistaDoDouro.gif\" alt=\"\" class=\"wp-image-2082\"\/><figcaption><strong>Zona Ribeirinha de Gaia<\/strong> &#8211; Foto Viajantes Com Tempo, 2017<\/figcaption><\/figure>\n<\/div>\n<\/div>\n\n\n\n<p class=\"wp-block-paragraph\">No final das guerras liberais, Gaia e Vila Nova foram, finalmente, agraciadas com autonomia pol\u00edtica e, ao fundirem-se, nasceu o atual concelho de <strong>Vila Nova de Gaia<\/strong>.<\/p>\n\n\n\n<div class=\"wp-block-group\"><div class=\"wp-block-group__inner-container is-layout-flow wp-block-group-is-layout-flow\">\n<div class=\"wp-block-columns is-layout-flex wp-container-core-columns-is-layout-8f761849 wp-block-columns-is-layout-flex\">\n<div class=\"wp-block-column is-layout-flow wp-block-column-is-layout-flow\" style=\"flex-basis:100%\">\n<div class=\"wp-block-group\"><div class=\"wp-block-group__inner-container is-layout-flow wp-block-group-is-layout-flow\">\n<div class=\"wp-block-columns is-layout-flex wp-container-core-columns-is-layout-8f761849 wp-block-columns-is-layout-flex\">\n<div class=\"wp-block-column is-layout-flow wp-block-column-is-layout-flow\" style=\"flex-basis:100%\">\n<figure class=\"wp-block-table is-style-regular\"><table class=\"has-background\" style=\"background-color:#e7f5fe\"><tbody><tr><td><strong>Site da CM de Vila Nova de Gaia<\/strong><\/td><td><a href=\"http:\/\/cm-gaia.pt\" target=\"_blank\" rel=\"noreferrer noopener\">cm-gaia.pt<\/a><\/td><\/tr><tr><td><strong>Posto de Turismo<\/strong><\/td><td>Avenida Diogo Leite, 135 4400-111 Vila Nova de Gaia<br><strong>Telefone <\/strong>223 742 422<br><strong>E-mail<\/strong>: <a href=\"mailto:turismo@cm-gaia.pt\" target=\"_blank\" rel=\"noreferrer noopener\">turismo@cm-gaia.pt<\/a><\/td><\/tr><tr><td><strong>Naturais de Vila Nova de Gaia<\/strong><\/td><td><strong>Gaienses<\/strong> ou <strong>Vila-novenses<\/strong>.<\/td><\/tr><tr><td><strong>Artesanato<\/strong><\/td><td>Salientam-se  a <strong>olaria<\/strong>, os <strong>brinquedos de madeira<\/strong>, a <strong>cer\u00e2mica<\/strong>, a <strong>cestaria<\/strong>, a <strong>talha <\/strong>e os <strong>trabalhos feitos com conchas e b\u00fazios<\/strong>.<\/td><\/tr><tr><td><strong>Festas e Romarias<\/strong><\/td><td><strong>Festa de S. Jo\u00e3o<\/strong>, na noite e dia de S\u00e3o Jo\u00e3o;<br><strong>Romaria de&nbsp;Santana<\/strong>, em Oliveira do Douro, no domingo imediato ao dia de&nbsp;Santana;<br><strong>Romaria de S. Br\u00e1s,<\/strong> em Gulpilhares, no dia da Purifica\u00e7\u00e3o de Nossa Senhora;<br><strong>Romaria do Senhor da Pedra<\/strong>, em Gulpilhares, no domingo a seguir ao do&nbsp;Esp\u00edrito Santo;<br><strong>Romaria de Nossa Senhora da Sa\u00fade<\/strong>, em Pedroso, a 15 de agosto;<br><strong>Romaria de S. Bento<\/strong>, em Pedroso, no domingo imediato ao da translada\u00e7\u00e3o de S. Bento;<br><strong>Festa de Nossa Senhora dos Rem\u00e9dios<\/strong>, em Arcozelo;<br><strong>Festa de Nossa Senhora da Serra do Pilar<\/strong>, na freguesia de Santa Marinha, a 15 de agosto;<br><strong>Festa de S. Gon\u00e7alo<\/strong>, na freguesia de Santa Marinha, no primeiro domingo de janeiro.<\/td><\/tr><\/tbody><\/table><\/figure>\n<\/div>\n<\/div>\n<\/div><\/div>\n\n\n\n<p class=\"has-medium-font-size wp-block-paragraph\">Para mais informa\u00e7\u00e3o ver Ficheiro PDF do <strong><a href=\"https:\/\/viajarcomtempo.eu\/wp-content\/uploads\/2022\/04\/Gaia.pdf\" target=\"_blank\" rel=\"noreferrer noopener\">Concelho de Vila Nova de Gaia<\/a><\/strong><\/p>\n<\/div>\n<\/div>\n<\/div><\/div>\n\n\n\n<script>\/\/ <![CDATA[\nfunction goBack() { window.history.back() }\n\/\/ ]]><\/script>\n<button onclick=\"goBack()\"><strong>Voltar \u00e0 p\u00e1gina anterior<\/strong><\/button>\n<br><br>\n\n\n\n<div class=\"wp-block-media-text alignwide is-stacked-on-mobile\"><figure class=\"wp-block-media-text__media\"><\/figure><div class=\"wp-block-media-text__content\">\n<p class=\"wp-block-paragraph\"><\/p>\n<\/div><\/div>\n\n\n\n<div class=\"wp-block-media-text alignwide is-stacked-on-mobile\"><figure class=\"wp-block-media-text__media\"><\/figure><div class=\"wp-block-media-text__content\">\n<p class=\"wp-block-paragraph\"><\/p>\n<\/div><\/div>\n\n\n\n<div class=\"wp-block-media-text alignwide is-stacked-on-mobile\"><figure class=\"wp-block-media-text__media\"><\/figure><div class=\"wp-block-media-text__content\">\n<p class=\"wp-block-paragraph\"><\/p>\n<\/div><\/div>\n\n\n\n<div class=\"wp-block-media-text alignwide is-stacked-on-mobile\"><figure class=\"wp-block-media-text__media\"><\/figure><div class=\"wp-block-media-text__content\">\n<p class=\"wp-block-paragraph\"><\/p>\n<\/div><\/div>\n","protected":false},"excerpt":{"rendered":"<p>Voltar \u00e0 p\u00e1gina anterior Durante o dom\u00ednio Mu\u00e7ulmano do s\u00e9culo VII D.C., a fronteira &#8220;de facto&#8221; entre o estado \u00e1rabe e crist\u00e3o acabou por se estabelecer, por volta do ano 1000, por um longo per\u00edodo de tempo no rio Douro. Com os constantes ataques e contra-ataques, a cidade de Cale, ou Gaia, perdeu a sua [&hellip;]<\/p>\n","protected":false},"author":1,"featured_media":0,"parent":0,"menu_order":0,"comment_status":"closed","ping_status":"closed","template":"","meta":{"_crdt_document":"","footnotes":""},"class_list":["post-1804","page","type-page","status-publish","hentry","eq-blocks"],"yoast_head":"<!-- This site is optimized with the Yoast SEO plugin v27.3 - https:\/\/yoast.com\/product\/yoast-seo-wordpress\/ -->\n<title>Vila Nova de Gaia - Viajar Com Tempo<\/title>\n<meta name=\"robots\" content=\"index, follow, max-snippet:-1, max-image-preview:large, max-video-preview:-1\" \/>\n<link rel=\"canonical\" href=\"https:\/\/viajarcomtempo.eu\/?page_id=1804\" \/>\n<meta property=\"og:locale\" content=\"pt_PT\" \/>\n<meta property=\"og:type\" content=\"article\" \/>\n<meta property=\"og:title\" content=\"Vila Nova de Gaia - Viajar Com Tempo\" \/>\n<meta property=\"og:description\" content=\"Voltar \u00e0 p\u00e1gina anterior Durante o dom\u00ednio Mu\u00e7ulmano do s\u00e9culo VII D.C., a fronteira &#8220;de facto&#8221; entre o estado \u00e1rabe e crist\u00e3o acabou por se estabelecer, por volta do ano 1000, por um longo per\u00edodo de tempo no rio Douro. Com os constantes ataques e contra-ataques, a cidade de Cale, ou Gaia, perdeu a sua [&hellip;]\" \/>\n<meta property=\"og:url\" content=\"https:\/\/viajarcomtempo.eu\/?page_id=1804\" \/>\n<meta property=\"og:site_name\" content=\"Viajar Com Tempo\" \/>\n<meta property=\"article:modified_time\" content=\"2022-05-21T15:43:25+00:00\" \/>\n<meta property=\"og:image\" content=\"https:\/\/viajarcomtempo.eu\/wp-content\/uploads\/2022\/05\/Gaia_VistaDoDouro.gif\" \/>\n<meta name=\"twitter:card\" content=\"summary_large_image\" \/>\n<meta name=\"twitter:label1\" content=\"Tempo estimado de leitura\" \/>\n\t<meta name=\"twitter:data1\" content=\"3 minutos\" \/>\n<script type=\"application\/ld+json\" class=\"yoast-schema-graph\">{\"@context\":\"https:\\\/\\\/schema.org\",\"@graph\":[{\"@type\":\"WebPage\",\"@id\":\"https:\\\/\\\/viajarcomtempo.eu\\\/?page_id=1804\",\"url\":\"https:\\\/\\\/viajarcomtempo.eu\\\/?page_id=1804\",\"name\":\"Vila Nova de Gaia - Viajar Com Tempo\",\"isPartOf\":{\"@id\":\"https:\\\/\\\/viajarcomtempo.eu\\\/#website\"},\"primaryImageOfPage\":{\"@id\":\"https:\\\/\\\/viajarcomtempo.eu\\\/?page_id=1804#primaryimage\"},\"image\":{\"@id\":\"https:\\\/\\\/viajarcomtempo.eu\\\/?page_id=1804#primaryimage\"},\"thumbnailUrl\":\"https:\\\/\\\/viajarcomtempo.eu\\\/wp-content\\\/uploads\\\/2022\\\/05\\\/Gaia_VistaDoDouro.gif\",\"datePublished\":\"2022-03-25T18:05:48+00:00\",\"dateModified\":\"2022-05-21T15:43:25+00:00\",\"breadcrumb\":{\"@id\":\"https:\\\/\\\/viajarcomtempo.eu\\\/?page_id=1804#breadcrumb\"},\"inLanguage\":\"pt-PT\",\"potentialAction\":[{\"@type\":\"ReadAction\",\"target\":[\"https:\\\/\\\/viajarcomtempo.eu\\\/?page_id=1804\"]}]},{\"@type\":\"ImageObject\",\"inLanguage\":\"pt-PT\",\"@id\":\"https:\\\/\\\/viajarcomtempo.eu\\\/?page_id=1804#primaryimage\",\"url\":\"https:\\\/\\\/viajarcomtempo.eu\\\/wp-content\\\/uploads\\\/2022\\\/05\\\/Gaia_VistaDoDouro.gif\",\"contentUrl\":\"https:\\\/\\\/viajarcomtempo.eu\\\/wp-content\\\/uploads\\\/2022\\\/05\\\/Gaia_VistaDoDouro.gif\",\"width\":700,\"height\":466},{\"@type\":\"BreadcrumbList\",\"@id\":\"https:\\\/\\\/viajarcomtempo.eu\\\/?page_id=1804#breadcrumb\",\"itemListElement\":[{\"@type\":\"ListItem\",\"position\":1,\"name\":\"In\u00edcio\",\"item\":\"https:\\\/\\\/viajarcomtempo.eu\\\/\"},{\"@type\":\"ListItem\",\"position\":2,\"name\":\"Vila Nova de Gaia\"}]},{\"@type\":\"WebSite\",\"@id\":\"https:\\\/\\\/viajarcomtempo.eu\\\/#website\",\"url\":\"https:\\\/\\\/viajarcomtempo.eu\\\/\",\"name\":\"Viajar Com Tempo\",\"description\":\"Roteiros para viajar sem pressa\",\"publisher\":{\"@id\":\"https:\\\/\\\/viajarcomtempo.eu\\\/#\\\/schema\\\/person\\\/2f6c8045b5e07d397d92d8e5cf7aee98\"},\"potentialAction\":[{\"@type\":\"SearchAction\",\"target\":{\"@type\":\"EntryPoint\",\"urlTemplate\":\"https:\\\/\\\/viajarcomtempo.eu\\\/?s={search_term_string}\"},\"query-input\":{\"@type\":\"PropertyValueSpecification\",\"valueRequired\":true,\"valueName\":\"search_term_string\"}}],\"inLanguage\":\"pt-PT\"},{\"@type\":[\"Person\",\"Organization\"],\"@id\":\"https:\\\/\\\/viajarcomtempo.eu\\\/#\\\/schema\\\/person\\\/2f6c8045b5e07d397d92d8e5cf7aee98\",\"name\":\"Jos\u00e9 Salvador\",\"logo\":{\"@id\":\"https:\\\/\\\/viajarcomtempo.eu\\\/#\\\/schema\\\/person\\\/image\\\/\"},\"sameAs\":[\"http:\\\/\\\/viajarcomtempo.eu\"]}]}<\/script>\n<!-- \/ Yoast SEO plugin. -->","yoast_head_json":{"title":"Vila Nova de Gaia - Viajar Com Tempo","robots":{"index":"index","follow":"follow","max-snippet":"max-snippet:-1","max-image-preview":"max-image-preview:large","max-video-preview":"max-video-preview:-1"},"canonical":"https:\/\/viajarcomtempo.eu\/?page_id=1804","og_locale":"pt_PT","og_type":"article","og_title":"Vila Nova de Gaia - Viajar Com Tempo","og_description":"Voltar \u00e0 p\u00e1gina anterior Durante o dom\u00ednio Mu\u00e7ulmano do s\u00e9culo VII D.C., a fronteira &#8220;de facto&#8221; entre o estado \u00e1rabe e crist\u00e3o acabou por se estabelecer, por volta do ano 1000, por um longo per\u00edodo de tempo no rio Douro. Com os constantes ataques e contra-ataques, a cidade de Cale, ou Gaia, perdeu a sua [&hellip;]","og_url":"https:\/\/viajarcomtempo.eu\/?page_id=1804","og_site_name":"Viajar Com Tempo","article_modified_time":"2022-05-21T15:43:25+00:00","og_image":[{"url":"https:\/\/viajarcomtempo.eu\/wp-content\/uploads\/2022\/05\/Gaia_VistaDoDouro.gif","type":"","width":"","height":""}],"twitter_card":"summary_large_image","twitter_misc":{"Tempo estimado de leitura":"3 minutos"},"schema":{"@context":"https:\/\/schema.org","@graph":[{"@type":"WebPage","@id":"https:\/\/viajarcomtempo.eu\/?page_id=1804","url":"https:\/\/viajarcomtempo.eu\/?page_id=1804","name":"Vila Nova de Gaia - Viajar Com Tempo","isPartOf":{"@id":"https:\/\/viajarcomtempo.eu\/#website"},"primaryImageOfPage":{"@id":"https:\/\/viajarcomtempo.eu\/?page_id=1804#primaryimage"},"image":{"@id":"https:\/\/viajarcomtempo.eu\/?page_id=1804#primaryimage"},"thumbnailUrl":"https:\/\/viajarcomtempo.eu\/wp-content\/uploads\/2022\/05\/Gaia_VistaDoDouro.gif","datePublished":"2022-03-25T18:05:48+00:00","dateModified":"2022-05-21T15:43:25+00:00","breadcrumb":{"@id":"https:\/\/viajarcomtempo.eu\/?page_id=1804#breadcrumb"},"inLanguage":"pt-PT","potentialAction":[{"@type":"ReadAction","target":["https:\/\/viajarcomtempo.eu\/?page_id=1804"]}]},{"@type":"ImageObject","inLanguage":"pt-PT","@id":"https:\/\/viajarcomtempo.eu\/?page_id=1804#primaryimage","url":"https:\/\/viajarcomtempo.eu\/wp-content\/uploads\/2022\/05\/Gaia_VistaDoDouro.gif","contentUrl":"https:\/\/viajarcomtempo.eu\/wp-content\/uploads\/2022\/05\/Gaia_VistaDoDouro.gif","width":700,"height":466},{"@type":"BreadcrumbList","@id":"https:\/\/viajarcomtempo.eu\/?page_id=1804#breadcrumb","itemListElement":[{"@type":"ListItem","position":1,"name":"In\u00edcio","item":"https:\/\/viajarcomtempo.eu\/"},{"@type":"ListItem","position":2,"name":"Vila Nova de Gaia"}]},{"@type":"WebSite","@id":"https:\/\/viajarcomtempo.eu\/#website","url":"https:\/\/viajarcomtempo.eu\/","name":"Viajar Com Tempo","description":"Roteiros para viajar sem pressa","publisher":{"@id":"https:\/\/viajarcomtempo.eu\/#\/schema\/person\/2f6c8045b5e07d397d92d8e5cf7aee98"},"potentialAction":[{"@type":"SearchAction","target":{"@type":"EntryPoint","urlTemplate":"https:\/\/viajarcomtempo.eu\/?s={search_term_string}"},"query-input":{"@type":"PropertyValueSpecification","valueRequired":true,"valueName":"search_term_string"}}],"inLanguage":"pt-PT"},{"@type":["Person","Organization"],"@id":"https:\/\/viajarcomtempo.eu\/#\/schema\/person\/2f6c8045b5e07d397d92d8e5cf7aee98","name":"Jos\u00e9 Salvador","logo":{"@id":"https:\/\/viajarcomtempo.eu\/#\/schema\/person\/image\/"},"sameAs":["http:\/\/viajarcomtempo.eu"]}]}},"_links":{"self":[{"href":"https:\/\/viajarcomtempo.eu\/index.php?rest_route=\/wp\/v2\/pages\/1804","targetHints":{"allow":["GET"]}}],"collection":[{"href":"https:\/\/viajarcomtempo.eu\/index.php?rest_route=\/wp\/v2\/pages"}],"about":[{"href":"https:\/\/viajarcomtempo.eu\/index.php?rest_route=\/wp\/v2\/types\/page"}],"author":[{"embeddable":true,"href":"https:\/\/viajarcomtempo.eu\/index.php?rest_route=\/wp\/v2\/users\/1"}],"replies":[{"embeddable":true,"href":"https:\/\/viajarcomtempo.eu\/index.php?rest_route=%2Fwp%2Fv2%2Fcomments&post=1804"}],"version-history":[{"count":8,"href":"https:\/\/viajarcomtempo.eu\/index.php?rest_route=\/wp\/v2\/pages\/1804\/revisions"}],"predecessor-version":[{"id":2090,"href":"https:\/\/viajarcomtempo.eu\/index.php?rest_route=\/wp\/v2\/pages\/1804\/revisions\/2090"}],"wp:attachment":[{"href":"https:\/\/viajarcomtempo.eu\/index.php?rest_route=%2Fwp%2Fv2%2Fmedia&parent=1804"}],"curies":[{"name":"wp","href":"https:\/\/api.w.org\/{rel}","templated":true}]}}