{"id":1905,"date":"2022-05-03T15:55:53","date_gmt":"2022-05-03T15:55:53","guid":{"rendered":"https:\/\/viajarcomtempo.eu\/?page_id=1905"},"modified":"2022-05-15T11:12:54","modified_gmt":"2022-05-15T11:12:54","slug":"chaves-3-5-2-2-4-2-2-2-2-2-2-2-2-2-3-2-2-2-2-2-2-2-2-2-2-2-2-2-2-2-2-2-2-3-2-2","status":"publish","type":"page","link":"https:\/\/viajarcomtempo.eu\/?page_id=1905","title":{"rendered":"S\u00e3o Jo\u00e3o da Madeira"},"content":{"rendered":"\n<script>\/\/ <![CDATA[\nfunction goBack() { window.history.back() }\n\/\/ ]]><\/script>\n<button onclick=\"goBack()\"><strong>Voltar \u00e0 p\u00e1gina anterior<\/strong><\/button>\n<br><br>\n\n\n\n<p class=\"wp-block-paragraph\">Tornou-se munic\u00edpio aut\u00f3nomo da vizinha Oliveira de Azem\u00e9is em 11 de outubro de 1926, do qual fazia parte desde 1801.<\/p>\n\n\n\n<p class=\"wp-block-paragraph\">Nos anos 1940, a produ\u00e7\u00e3o de p\u00ealos e feltros \u00e9 centralizada em S. Jo\u00e3o da Madeira, com a cria\u00e7\u00e3o, em 1943, da Cortadoria Nacional do P\u00ealo, a \u00fanica f\u00e1brica do pa\u00eds que trabalha os p\u00ealos. A ind\u00fastria de chapelaria era um importante ramo da atividade industrial em Portugal, e S\u00e3o Jo\u00e3o da Madeira era a sua sede.<\/p>\n\n\n\n<p class=\"wp-block-paragraph\">S\u00e3o Jo\u00e3o da Madeira destacou-se, em 2011, ao introduzir o Turismo Industrial em Portugal. Os &#8220;Circuitos pelo Patrim\u00f3nio Industrial&#8221; possibilitam a visita a algumas das mais emblem\u00e1ticas empresas e institui\u00e7\u00f5es do munic\u00edpio nas \u00e1reas do cal\u00e7ado, chap\u00e9us, l\u00e1pis e passamanarias.<\/p>\n\n\n\n<p class=\"wp-block-paragraph\">A cidade \u00e9 conhecida, pela sua tradi\u00e7\u00e3o na \u00e1rea industrial, particularmente em rela\u00e7\u00e3o ao fabrico de chap\u00e9us e cal\u00e7ado. \u00c9 reconhecida no pa\u00eds como a &#8220;Capital do Cal\u00e7ado&#8221;. <\/p>\n\n\n\n<p class=\"wp-block-paragraph\">Em 18 de julho de 1924 a localidade foi elevada a vila, e em 16 de maio de 1984 foi elevada a cidade.<\/p>\n\n\n\n<div class=\"wp-block-group\"><div class=\"wp-block-group__inner-container is-layout-flow wp-block-group-is-layout-flow\">\n<div class=\"wp-block-columns is-layout-flex wp-container-core-columns-is-layout-8f761849 wp-block-columns-is-layout-flex\">\n<div class=\"wp-block-column is-layout-flow wp-block-column-is-layout-flow\" style=\"flex-basis:100%\">\n<div class=\"wp-block-group\"><div class=\"wp-block-group__inner-container is-layout-flow wp-block-group-is-layout-flow\">\n<div class=\"wp-block-columns is-layout-flex wp-container-core-columns-is-layout-8f761849 wp-block-columns-is-layout-flex\">\n<div class=\"wp-block-column is-layout-flow wp-block-column-is-layout-flow\" style=\"flex-basis:100%\">\n<figure class=\"wp-block-table is-style-regular\"><table class=\"has-background\" style=\"background-color:#e7f5fe\"><tbody><tr><td><strong>Site da CM de S\u00e3o Jo\u00e3o da Madeira<\/strong><\/td><td><a href=\"https:\/\/www.cm-sjm.pt\/\" target=\"_blank\" rel=\"noreferrer noopener\">cm-sjm.pt<\/a><\/td><\/tr><tr><td><strong>Posto de Turismo<\/strong><\/td><td>Loja Interativa de Turismo Torre da Oliva Rua Oliveira J\u00fanior, 591<br>3700-204 S\u00e3o Jo\u00e3o da Madeira.<br><strong>Telefone<\/strong>: 256 200 204<br><strong>E-mail<\/strong>:<a href=\"mailto:turismoindustrial@cm-sjm.pt\" target=\"_blank\" rel=\"noreferrer noopener\">turismoindustrial@cm-sjm.pt<\/a><\/td><\/tr><tr><td><strong>Naturais de S\u00e3o Jo\u00e3o da Madeira<\/strong><\/td><td><strong>S\u00e3o-joanenses<\/strong> ou <strong>S\u00e3o-joaninos<\/strong>.<\/td><\/tr><tr><td><strong>Artesanato<\/strong><\/td><td>Destacam-se os <strong>trabalhos em troncos e ra\u00edzes de \u00e1rvores<\/strong>, a <strong>pintura em porcelana, tela ou outros materiais<\/strong>, a <strong>escultura <\/strong>e as<strong> miniaturas de trabalho de lavoura em pedra, madeira ou barro<\/strong>.<\/td><\/tr><tr><td><strong>Festas e Romarias<\/strong><\/td><td><strong>Festas em honra da N. Sra. dos Milagres<\/strong>, em maio;<br><strong>Festa de S. Jo\u00e3o da Ponte<\/strong>, a 23 e 24 de junho;<br><strong>Festa de S. Sebasti\u00e3o<\/strong>, no \u00faltimo domingo de julho.<\/td><\/tr><\/tbody><\/table><\/figure>\n<\/div>\n<\/div>\n<\/div><\/div>\n\n\n\n<p class=\"has-medium-font-size wp-block-paragraph\">Para mais informa\u00e7\u00e3o ver Ficheiro PDF do <strong><a href=\"https:\/\/viajarcomtempo.eu\/wp-content\/uploads\/2022\/04\/SaoJoaoMadeira.pdf\" target=\"_blank\" rel=\"noreferrer noopener\">Concelho de S\u00e3o Jo\u00e3o da Madeira<\/a><\/strong><\/p>\n<\/div>\n<\/div>\n<\/div><\/div>\n\n\n\n<script>\/\/ <![CDATA[\nfunction goBack() { window.history.back() }\n\/\/ ]]><\/script>\n<button onclick=\"goBack()\"><strong>Voltar \u00e0 p\u00e1gina anterior<\/strong><\/button>\n<br><br>\n","protected":false},"excerpt":{"rendered":"<p>Voltar \u00e0 p\u00e1gina anterior Tornou-se munic\u00edpio aut\u00f3nomo da vizinha Oliveira de Azem\u00e9is em 11 de outubro de 1926, do qual fazia parte desde 1801. Nos anos 1940, a produ\u00e7\u00e3o de p\u00ealos e feltros \u00e9 centralizada em S. Jo\u00e3o da Madeira, com a cria\u00e7\u00e3o, em 1943, da Cortadoria Nacional do P\u00ealo, a \u00fanica f\u00e1brica do pa\u00eds [&hellip;]<\/p>\n","protected":false},"author":1,"featured_media":0,"parent":0,"menu_order":0,"comment_status":"closed","ping_status":"closed","template":"","meta":{"_crdt_document":"","footnotes":""},"class_list":["post-1905","page","type-page","status-publish","hentry","eq-blocks"],"yoast_head":"<!-- This site is optimized with the Yoast SEO plugin v27.3 - https:\/\/yoast.com\/product\/yoast-seo-wordpress\/ -->\n<title>S\u00e3o Jo\u00e3o da Madeira - Viajar Com Tempo<\/title>\n<meta name=\"robots\" content=\"index, follow, max-snippet:-1, max-image-preview:large, max-video-preview:-1\" \/>\n<link rel=\"canonical\" href=\"https:\/\/viajarcomtempo.eu\/?page_id=1905\" \/>\n<meta property=\"og:locale\" content=\"pt_PT\" \/>\n<meta property=\"og:type\" content=\"article\" \/>\n<meta property=\"og:title\" content=\"S\u00e3o Jo\u00e3o da Madeira - Viajar Com Tempo\" \/>\n<meta property=\"og:description\" content=\"Voltar \u00e0 p\u00e1gina anterior Tornou-se munic\u00edpio aut\u00f3nomo da vizinha Oliveira de Azem\u00e9is em 11 de outubro de 1926, do qual fazia parte desde 1801. Nos anos 1940, a produ\u00e7\u00e3o de p\u00ealos e feltros \u00e9 centralizada em S. Jo\u00e3o da Madeira, com a cria\u00e7\u00e3o, em 1943, da Cortadoria Nacional do P\u00ealo, a \u00fanica f\u00e1brica do pa\u00eds [&hellip;]\" \/>\n<meta property=\"og:url\" content=\"https:\/\/viajarcomtempo.eu\/?page_id=1905\" \/>\n<meta property=\"og:site_name\" content=\"Viajar Com Tempo\" \/>\n<meta property=\"article:modified_time\" content=\"2022-05-15T11:12:54+00:00\" \/>\n<meta name=\"twitter:card\" content=\"summary_large_image\" \/>\n<meta name=\"twitter:label1\" content=\"Tempo estimado de leitura\" \/>\n\t<meta name=\"twitter:data1\" content=\"2 minutos\" \/>\n<script type=\"application\/ld+json\" class=\"yoast-schema-graph\">{\"@context\":\"https:\\\/\\\/schema.org\",\"@graph\":[{\"@type\":\"WebPage\",\"@id\":\"https:\\\/\\\/viajarcomtempo.eu\\\/?page_id=1905\",\"url\":\"https:\\\/\\\/viajarcomtempo.eu\\\/?page_id=1905\",\"name\":\"S\u00e3o Jo\u00e3o da Madeira - Viajar Com Tempo\",\"isPartOf\":{\"@id\":\"https:\\\/\\\/viajarcomtempo.eu\\\/#website\"},\"datePublished\":\"2022-05-03T15:55:53+00:00\",\"dateModified\":\"2022-05-15T11:12:54+00:00\",\"breadcrumb\":{\"@id\":\"https:\\\/\\\/viajarcomtempo.eu\\\/?page_id=1905#breadcrumb\"},\"inLanguage\":\"pt-PT\",\"potentialAction\":[{\"@type\":\"ReadAction\",\"target\":[\"https:\\\/\\\/viajarcomtempo.eu\\\/?page_id=1905\"]}]},{\"@type\":\"BreadcrumbList\",\"@id\":\"https:\\\/\\\/viajarcomtempo.eu\\\/?page_id=1905#breadcrumb\",\"itemListElement\":[{\"@type\":\"ListItem\",\"position\":1,\"name\":\"In\u00edcio\",\"item\":\"https:\\\/\\\/viajarcomtempo.eu\\\/\"},{\"@type\":\"ListItem\",\"position\":2,\"name\":\"S\u00e3o Jo\u00e3o da Madeira\"}]},{\"@type\":\"WebSite\",\"@id\":\"https:\\\/\\\/viajarcomtempo.eu\\\/#website\",\"url\":\"https:\\\/\\\/viajarcomtempo.eu\\\/\",\"name\":\"Viajar Com Tempo\",\"description\":\"Roteiros para viajar sem pressa\",\"publisher\":{\"@id\":\"https:\\\/\\\/viajarcomtempo.eu\\\/#\\\/schema\\\/person\\\/2f6c8045b5e07d397d92d8e5cf7aee98\"},\"potentialAction\":[{\"@type\":\"SearchAction\",\"target\":{\"@type\":\"EntryPoint\",\"urlTemplate\":\"https:\\\/\\\/viajarcomtempo.eu\\\/?s={search_term_string}\"},\"query-input\":{\"@type\":\"PropertyValueSpecification\",\"valueRequired\":true,\"valueName\":\"search_term_string\"}}],\"inLanguage\":\"pt-PT\"},{\"@type\":[\"Person\",\"Organization\"],\"@id\":\"https:\\\/\\\/viajarcomtempo.eu\\\/#\\\/schema\\\/person\\\/2f6c8045b5e07d397d92d8e5cf7aee98\",\"name\":\"Jos\u00e9 Salvador\",\"logo\":{\"@id\":\"https:\\\/\\\/viajarcomtempo.eu\\\/#\\\/schema\\\/person\\\/image\\\/\"},\"sameAs\":[\"http:\\\/\\\/viajarcomtempo.eu\"]}]}<\/script>\n<!-- \/ Yoast SEO plugin. -->","yoast_head_json":{"title":"S\u00e3o Jo\u00e3o da Madeira - Viajar Com Tempo","robots":{"index":"index","follow":"follow","max-snippet":"max-snippet:-1","max-image-preview":"max-image-preview:large","max-video-preview":"max-video-preview:-1"},"canonical":"https:\/\/viajarcomtempo.eu\/?page_id=1905","og_locale":"pt_PT","og_type":"article","og_title":"S\u00e3o Jo\u00e3o da Madeira - Viajar Com Tempo","og_description":"Voltar \u00e0 p\u00e1gina anterior Tornou-se munic\u00edpio aut\u00f3nomo da vizinha Oliveira de Azem\u00e9is em 11 de outubro de 1926, do qual fazia parte desde 1801. Nos anos 1940, a produ\u00e7\u00e3o de p\u00ealos e feltros \u00e9 centralizada em S. Jo\u00e3o da Madeira, com a cria\u00e7\u00e3o, em 1943, da Cortadoria Nacional do P\u00ealo, a \u00fanica f\u00e1brica do pa\u00eds [&hellip;]","og_url":"https:\/\/viajarcomtempo.eu\/?page_id=1905","og_site_name":"Viajar Com Tempo","article_modified_time":"2022-05-15T11:12:54+00:00","twitter_card":"summary_large_image","twitter_misc":{"Tempo estimado de leitura":"2 minutos"},"schema":{"@context":"https:\/\/schema.org","@graph":[{"@type":"WebPage","@id":"https:\/\/viajarcomtempo.eu\/?page_id=1905","url":"https:\/\/viajarcomtempo.eu\/?page_id=1905","name":"S\u00e3o Jo\u00e3o da Madeira - Viajar Com Tempo","isPartOf":{"@id":"https:\/\/viajarcomtempo.eu\/#website"},"datePublished":"2022-05-03T15:55:53+00:00","dateModified":"2022-05-15T11:12:54+00:00","breadcrumb":{"@id":"https:\/\/viajarcomtempo.eu\/?page_id=1905#breadcrumb"},"inLanguage":"pt-PT","potentialAction":[{"@type":"ReadAction","target":["https:\/\/viajarcomtempo.eu\/?page_id=1905"]}]},{"@type":"BreadcrumbList","@id":"https:\/\/viajarcomtempo.eu\/?page_id=1905#breadcrumb","itemListElement":[{"@type":"ListItem","position":1,"name":"In\u00edcio","item":"https:\/\/viajarcomtempo.eu\/"},{"@type":"ListItem","position":2,"name":"S\u00e3o Jo\u00e3o da Madeira"}]},{"@type":"WebSite","@id":"https:\/\/viajarcomtempo.eu\/#website","url":"https:\/\/viajarcomtempo.eu\/","name":"Viajar Com Tempo","description":"Roteiros para viajar sem pressa","publisher":{"@id":"https:\/\/viajarcomtempo.eu\/#\/schema\/person\/2f6c8045b5e07d397d92d8e5cf7aee98"},"potentialAction":[{"@type":"SearchAction","target":{"@type":"EntryPoint","urlTemplate":"https:\/\/viajarcomtempo.eu\/?s={search_term_string}"},"query-input":{"@type":"PropertyValueSpecification","valueRequired":true,"valueName":"search_term_string"}}],"inLanguage":"pt-PT"},{"@type":["Person","Organization"],"@id":"https:\/\/viajarcomtempo.eu\/#\/schema\/person\/2f6c8045b5e07d397d92d8e5cf7aee98","name":"Jos\u00e9 Salvador","logo":{"@id":"https:\/\/viajarcomtempo.eu\/#\/schema\/person\/image\/"},"sameAs":["http:\/\/viajarcomtempo.eu"]}]}},"_links":{"self":[{"href":"https:\/\/viajarcomtempo.eu\/index.php?rest_route=\/wp\/v2\/pages\/1905","targetHints":{"allow":["GET"]}}],"collection":[{"href":"https:\/\/viajarcomtempo.eu\/index.php?rest_route=\/wp\/v2\/pages"}],"about":[{"href":"https:\/\/viajarcomtempo.eu\/index.php?rest_route=\/wp\/v2\/types\/page"}],"author":[{"embeddable":true,"href":"https:\/\/viajarcomtempo.eu\/index.php?rest_route=\/wp\/v2\/users\/1"}],"replies":[{"embeddable":true,"href":"https:\/\/viajarcomtempo.eu\/index.php?rest_route=%2Fwp%2Fv2%2Fcomments&post=1905"}],"version-history":[{"count":2,"href":"https:\/\/viajarcomtempo.eu\/index.php?rest_route=\/wp\/v2\/pages\/1905\/revisions"}],"predecessor-version":[{"id":2013,"href":"https:\/\/viajarcomtempo.eu\/index.php?rest_route=\/wp\/v2\/pages\/1905\/revisions\/2013"}],"wp:attachment":[{"href":"https:\/\/viajarcomtempo.eu\/index.php?rest_route=%2Fwp%2Fv2%2Fmedia&parent=1905"}],"curies":[{"name":"wp","href":"https:\/\/api.w.org\/{rel}","templated":true}]}}