{"id":2309,"date":"2023-08-28T18:09:55","date_gmt":"2023-08-28T18:09:55","guid":{"rendered":"https:\/\/viajarcomtempo.eu\/?page_id=2309"},"modified":"2023-10-24T15:13:07","modified_gmt":"2023-10-24T15:13:07","slug":"chaves-3-5-2-2-4-2-2-2-2-2-2-2-2-2-3-2-2-2-2-2-2-2-2-2-2-2-2-3","status":"publish","type":"page","link":"https:\/\/viajarcomtempo.eu\/?page_id=2309","title":{"rendered":"Gondomar"},"content":{"rendered":"\n<script>\/\/ <![CDATA[\nfunction goBack() { window.history.back() }\n\/\/ ]]><\/script>\n<button onclick=\"goBack()\"><strong>Voltar \u00e0 p\u00e1gina anterior<\/strong><\/button>\n<br><br>\n\n\n\n<p class=\"wp-block-paragraph\"><\/p>\n\n\n\n<p class=\"wp-block-paragraph\">V\u00e1rios achados revelam a exist\u00eancia humana neste local desde a pr\u00e9-hist\u00f3ria. A explora\u00e7\u00e3o das minas de ouro nas regi\u00f5es pr\u00f3ximas e a posi\u00e7\u00e3o estrat\u00e9gica do &#8220;Castro&#8221; comprovam a perman\u00eancia dos&nbsp;romanos&nbsp;nestas terras.<\/p>\n\n\n\n<p class=\"wp-block-paragraph\">Gondomar recebeu o primeiro foral em 1193, de&nbsp;D. Sancho I&nbsp;que, mais tarde, foi confirmado pelo rei&nbsp;D. Afonso II&nbsp;atrav\u00e9s das Inquiri\u00e7\u00f5es.<\/p>\n\n\n\n<p class=\"wp-block-paragraph\">No reinado de&nbsp;D. Manuel I, em&nbsp;1514,&nbsp;foi outorgado o segundo foral.<\/p>\n\n\n\n<p class=\"wp-block-paragraph\">O concelho de Gondomar \u00e9 banhado pela margem direita do rio Douro, ao longo de 32 Km, com um relevo acidentado com montes e vales que marcam a paisagem. Das atividades ligadas ao rio, que ainda persistem, embora com menor relev\u00e2ncia, destacam-se os valboeiros, barcos t\u00edpicos com origem na freguesia de Valbom. <\/p>\n\n\n\n<p class=\"wp-block-paragraph\">Em Gondomar destaca-se o riqu\u00edssimo patrim\u00f3nio cultural e as tradi\u00e7\u00f5es onde se mant\u00eam as ancestrais artes de trabalhar a filigrana e a talha. A ourivesaria \u00e9 a atividade principal do concelho, que lhe vale o t\u00edtulo de &#8220;<strong>Capital da Ourivesaria<\/strong>&#8220;.<\/p>\n\n\n\n<p class=\"wp-block-paragraph\"><\/p>\n\n\n\n<p class=\"wp-block-paragraph\"><br><\/p>\n\n\n\n<div class=\"wp-block-group\"><div class=\"wp-block-group__inner-container is-layout-flow wp-block-group-is-layout-flow\">\n<div class=\"wp-block-columns is-layout-flex wp-container-core-columns-is-layout-8f761849 wp-block-columns-is-layout-flex\">\n<div class=\"wp-block-column is-layout-flow wp-block-column-is-layout-flow\" style=\"flex-basis:100%\">\n<div class=\"wp-block-group\"><div class=\"wp-block-group__inner-container is-layout-flow wp-block-group-is-layout-flow\">\n<div class=\"wp-block-columns is-layout-flex wp-container-core-columns-is-layout-8f761849 wp-block-columns-is-layout-flex\">\n<div class=\"wp-block-column is-layout-flow wp-block-column-is-layout-flow\" style=\"flex-basis:100%\">\n<figure class=\"wp-block-table is-style-regular\"><table class=\"has-background\" style=\"background-color:#e7f5fe\"><tbody><tr><td><strong>Site da CM de Gondomar<\/strong><\/td><td><strong><a href=\"http:\/\/cm-gondomar.pt\" target=\"_blank\" rel=\"noreferrer noopener\">cm-gondomar.pt<\/a><\/strong><\/td><\/tr><tr><td><strong>Posto de Turismo<\/strong><\/td><td>Travessa Conven\u00e7\u00e3o de Gramido, n\u00ba 41 4420-161 Valbom<br><strong>Telefone <\/strong>&#8211; 224 644 310 \/ 932 003 358<br><strong>E-mail &#8211;<\/strong> <a href=\"mailto:turismo@cm-gondomar.pt\" target=\"_blank\" rel=\"noreferrer noopener\">turismo@cm-gondomar.pt<\/a><\/td><\/tr><tr><td><strong>Naturais de Gondomar<\/strong><\/td><td><strong>Gondomarenses<\/strong>.<\/td><\/tr><tr><td><strong>Artesanato<\/strong><\/td><td>Assume particular import\u00e2ncia a filigrana que desde h\u00e1 muito faz parte da tradi\u00e7\u00e3o de Gondomar. Compreende o fabrico de arrecadas, brincos, cora\u00e7\u00f5es e cord\u00f5es feitos em ouro, joias usadas pelas lavradeiras de Entre-Douro-e-Minho quando envergam os seus trajes t\u00edpicos.<br>Destacam-se ainda os trabalhos em madeira, em alum\u00ednio, em corti\u00e7a, talha, cestaria, cer\u00e2mica e pintura decorativa.<br><\/td><\/tr><tr><td><strong>Festas e Romarias<\/strong><\/td><td>No dia 13 de junho celebra-se a &#8220;B\u00ean\u00e7\u00e3o do P\u00e3o&#8221;. Consiste em benzer o p\u00e3o e oferec\u00ea-lo aos mais desfavorecidos. Esta cerim\u00f3nia tem lugar na Capela de Santo Ant\u00f3nio.<br><br>Festival de Folclore, o \u00faltimo s\u00e1bado de julho;<br><br>Romaria de Nossa Senhora do Ros\u00e1rio, tamb\u00e9m conhecida como Festa das Nozes que tem in\u00edcio no primeiro domingo de outubro.<\/td><\/tr><\/tbody><\/table><\/figure>\n<\/div>\n<\/div>\n<\/div><\/div>\n\n\n\n<p class=\"has-medium-font-size wp-block-paragraph\">Para mais informa\u00e7\u00e3o ver Ficheiro PDF do <a href=\"https:\/\/viajarcomtempo.eu\/wp-content\/uploads\/2023\/08\/Gondomar.pdf\" target=\"_blank\" rel=\"noreferrer noopener\">Concelho de Gondomar<\/a><\/p>\n<\/div>\n<\/div>\n<\/div><\/div>\n\n\n\n<script>\/\/ <![CDATA[\nfunction goBack() { window.history.back() }\n\/\/ ]]><\/script>\n<button onclick=\"goBack()\"><strong>Voltar \u00e0 p\u00e1gina anterior<\/strong><\/button>\n<br><br>\n","protected":false},"excerpt":{"rendered":"<p>Voltar \u00e0 p\u00e1gina anterior V\u00e1rios achados revelam a exist\u00eancia humana neste local desde a pr\u00e9-hist\u00f3ria. A explora\u00e7\u00e3o das minas de ouro nas regi\u00f5es pr\u00f3ximas e a posi\u00e7\u00e3o estrat\u00e9gica do &#8220;Castro&#8221; comprovam a perman\u00eancia dos&nbsp;romanos&nbsp;nestas terras. Gondomar recebeu o primeiro foral em 1193, de&nbsp;D. Sancho I&nbsp;que, mais tarde, foi confirmado pelo rei&nbsp;D. Afonso II&nbsp;atrav\u00e9s das Inquiri\u00e7\u00f5es. [&hellip;]<\/p>\n","protected":false},"author":1,"featured_media":0,"parent":0,"menu_order":0,"comment_status":"closed","ping_status":"closed","template":"","meta":{"_crdt_document":"","footnotes":""},"class_list":["post-2309","page","type-page","status-publish","hentry","eq-blocks"],"yoast_head":"<!-- This site is optimized with the Yoast SEO plugin v27.3 - https:\/\/yoast.com\/product\/yoast-seo-wordpress\/ -->\n<title>Gondomar - Viajar Com Tempo<\/title>\n<meta name=\"robots\" content=\"index, follow, max-snippet:-1, max-image-preview:large, max-video-preview:-1\" \/>\n<link rel=\"canonical\" href=\"https:\/\/viajarcomtempo.eu\/?page_id=2309\" \/>\n<meta property=\"og:locale\" content=\"pt_PT\" \/>\n<meta property=\"og:type\" content=\"article\" \/>\n<meta property=\"og:title\" content=\"Gondomar - Viajar Com Tempo\" \/>\n<meta property=\"og:description\" content=\"Voltar \u00e0 p\u00e1gina anterior V\u00e1rios achados revelam a exist\u00eancia humana neste local desde a pr\u00e9-hist\u00f3ria. A explora\u00e7\u00e3o das minas de ouro nas regi\u00f5es pr\u00f3ximas e a posi\u00e7\u00e3o estrat\u00e9gica do &#8220;Castro&#8221; comprovam a perman\u00eancia dos&nbsp;romanos&nbsp;nestas terras. Gondomar recebeu o primeiro foral em 1193, de&nbsp;D. Sancho I&nbsp;que, mais tarde, foi confirmado pelo rei&nbsp;D. Afonso II&nbsp;atrav\u00e9s das Inquiri\u00e7\u00f5es. [&hellip;]\" \/>\n<meta property=\"og:url\" content=\"https:\/\/viajarcomtempo.eu\/?page_id=2309\" \/>\n<meta property=\"og:site_name\" content=\"Viajar Com Tempo\" \/>\n<meta property=\"article:modified_time\" content=\"2023-10-24T15:13:07+00:00\" \/>\n<meta name=\"twitter:card\" content=\"summary_large_image\" \/>\n<meta name=\"twitter:label1\" content=\"Tempo estimado de leitura\" \/>\n\t<meta name=\"twitter:data1\" content=\"2 minutos\" \/>\n<script type=\"application\/ld+json\" class=\"yoast-schema-graph\">{\"@context\":\"https:\\\/\\\/schema.org\",\"@graph\":[{\"@type\":\"WebPage\",\"@id\":\"https:\\\/\\\/viajarcomtempo.eu\\\/?page_id=2309\",\"url\":\"https:\\\/\\\/viajarcomtempo.eu\\\/?page_id=2309\",\"name\":\"Gondomar - Viajar Com Tempo\",\"isPartOf\":{\"@id\":\"https:\\\/\\\/viajarcomtempo.eu\\\/#website\"},\"datePublished\":\"2023-08-28T18:09:55+00:00\",\"dateModified\":\"2023-10-24T15:13:07+00:00\",\"breadcrumb\":{\"@id\":\"https:\\\/\\\/viajarcomtempo.eu\\\/?page_id=2309#breadcrumb\"},\"inLanguage\":\"pt-PT\",\"potentialAction\":[{\"@type\":\"ReadAction\",\"target\":[\"https:\\\/\\\/viajarcomtempo.eu\\\/?page_id=2309\"]}]},{\"@type\":\"BreadcrumbList\",\"@id\":\"https:\\\/\\\/viajarcomtempo.eu\\\/?page_id=2309#breadcrumb\",\"itemListElement\":[{\"@type\":\"ListItem\",\"position\":1,\"name\":\"In\u00edcio\",\"item\":\"https:\\\/\\\/viajarcomtempo.eu\\\/\"},{\"@type\":\"ListItem\",\"position\":2,\"name\":\"Gondomar\"}]},{\"@type\":\"WebSite\",\"@id\":\"https:\\\/\\\/viajarcomtempo.eu\\\/#website\",\"url\":\"https:\\\/\\\/viajarcomtempo.eu\\\/\",\"name\":\"Viajar Com Tempo\",\"description\":\"Roteiros para viajar sem pressa\",\"publisher\":{\"@id\":\"https:\\\/\\\/viajarcomtempo.eu\\\/#\\\/schema\\\/person\\\/2f6c8045b5e07d397d92d8e5cf7aee98\"},\"potentialAction\":[{\"@type\":\"SearchAction\",\"target\":{\"@type\":\"EntryPoint\",\"urlTemplate\":\"https:\\\/\\\/viajarcomtempo.eu\\\/?s={search_term_string}\"},\"query-input\":{\"@type\":\"PropertyValueSpecification\",\"valueRequired\":true,\"valueName\":\"search_term_string\"}}],\"inLanguage\":\"pt-PT\"},{\"@type\":[\"Person\",\"Organization\"],\"@id\":\"https:\\\/\\\/viajarcomtempo.eu\\\/#\\\/schema\\\/person\\\/2f6c8045b5e07d397d92d8e5cf7aee98\",\"name\":\"Jos\u00e9 Salvador\",\"logo\":{\"@id\":\"https:\\\/\\\/viajarcomtempo.eu\\\/#\\\/schema\\\/person\\\/image\\\/\"},\"sameAs\":[\"http:\\\/\\\/viajarcomtempo.eu\"]}]}<\/script>\n<!-- \/ Yoast SEO plugin. -->","yoast_head_json":{"title":"Gondomar - Viajar Com Tempo","robots":{"index":"index","follow":"follow","max-snippet":"max-snippet:-1","max-image-preview":"max-image-preview:large","max-video-preview":"max-video-preview:-1"},"canonical":"https:\/\/viajarcomtempo.eu\/?page_id=2309","og_locale":"pt_PT","og_type":"article","og_title":"Gondomar - Viajar Com Tempo","og_description":"Voltar \u00e0 p\u00e1gina anterior V\u00e1rios achados revelam a exist\u00eancia humana neste local desde a pr\u00e9-hist\u00f3ria. A explora\u00e7\u00e3o das minas de ouro nas regi\u00f5es pr\u00f3ximas e a posi\u00e7\u00e3o estrat\u00e9gica do &#8220;Castro&#8221; comprovam a perman\u00eancia dos&nbsp;romanos&nbsp;nestas terras. Gondomar recebeu o primeiro foral em 1193, de&nbsp;D. Sancho I&nbsp;que, mais tarde, foi confirmado pelo rei&nbsp;D. Afonso II&nbsp;atrav\u00e9s das Inquiri\u00e7\u00f5es. [&hellip;]","og_url":"https:\/\/viajarcomtempo.eu\/?page_id=2309","og_site_name":"Viajar Com Tempo","article_modified_time":"2023-10-24T15:13:07+00:00","twitter_card":"summary_large_image","twitter_misc":{"Tempo estimado de leitura":"2 minutos"},"schema":{"@context":"https:\/\/schema.org","@graph":[{"@type":"WebPage","@id":"https:\/\/viajarcomtempo.eu\/?page_id=2309","url":"https:\/\/viajarcomtempo.eu\/?page_id=2309","name":"Gondomar - Viajar Com Tempo","isPartOf":{"@id":"https:\/\/viajarcomtempo.eu\/#website"},"datePublished":"2023-08-28T18:09:55+00:00","dateModified":"2023-10-24T15:13:07+00:00","breadcrumb":{"@id":"https:\/\/viajarcomtempo.eu\/?page_id=2309#breadcrumb"},"inLanguage":"pt-PT","potentialAction":[{"@type":"ReadAction","target":["https:\/\/viajarcomtempo.eu\/?page_id=2309"]}]},{"@type":"BreadcrumbList","@id":"https:\/\/viajarcomtempo.eu\/?page_id=2309#breadcrumb","itemListElement":[{"@type":"ListItem","position":1,"name":"In\u00edcio","item":"https:\/\/viajarcomtempo.eu\/"},{"@type":"ListItem","position":2,"name":"Gondomar"}]},{"@type":"WebSite","@id":"https:\/\/viajarcomtempo.eu\/#website","url":"https:\/\/viajarcomtempo.eu\/","name":"Viajar Com Tempo","description":"Roteiros para viajar sem pressa","publisher":{"@id":"https:\/\/viajarcomtempo.eu\/#\/schema\/person\/2f6c8045b5e07d397d92d8e5cf7aee98"},"potentialAction":[{"@type":"SearchAction","target":{"@type":"EntryPoint","urlTemplate":"https:\/\/viajarcomtempo.eu\/?s={search_term_string}"},"query-input":{"@type":"PropertyValueSpecification","valueRequired":true,"valueName":"search_term_string"}}],"inLanguage":"pt-PT"},{"@type":["Person","Organization"],"@id":"https:\/\/viajarcomtempo.eu\/#\/schema\/person\/2f6c8045b5e07d397d92d8e5cf7aee98","name":"Jos\u00e9 Salvador","logo":{"@id":"https:\/\/viajarcomtempo.eu\/#\/schema\/person\/image\/"},"sameAs":["http:\/\/viajarcomtempo.eu"]}]}},"_links":{"self":[{"href":"https:\/\/viajarcomtempo.eu\/index.php?rest_route=\/wp\/v2\/pages\/2309","targetHints":{"allow":["GET"]}}],"collection":[{"href":"https:\/\/viajarcomtempo.eu\/index.php?rest_route=\/wp\/v2\/pages"}],"about":[{"href":"https:\/\/viajarcomtempo.eu\/index.php?rest_route=\/wp\/v2\/types\/page"}],"author":[{"embeddable":true,"href":"https:\/\/viajarcomtempo.eu\/index.php?rest_route=\/wp\/v2\/users\/1"}],"replies":[{"embeddable":true,"href":"https:\/\/viajarcomtempo.eu\/index.php?rest_route=%2Fwp%2Fv2%2Fcomments&post=2309"}],"version-history":[{"count":5,"href":"https:\/\/viajarcomtempo.eu\/index.php?rest_route=\/wp\/v2\/pages\/2309\/revisions"}],"predecessor-version":[{"id":2442,"href":"https:\/\/viajarcomtempo.eu\/index.php?rest_route=\/wp\/v2\/pages\/2309\/revisions\/2442"}],"wp:attachment":[{"href":"https:\/\/viajarcomtempo.eu\/index.php?rest_route=%2Fwp%2Fv2%2Fmedia&parent=2309"}],"curies":[{"name":"wp","href":"https:\/\/api.w.org\/{rel}","templated":true}]}}