{"id":2337,"date":"2023-09-20T18:09:43","date_gmt":"2023-09-20T18:09:43","guid":{"rendered":"https:\/\/viajarcomtempo.eu\/?page_id=2337"},"modified":"2023-09-20T18:47:38","modified_gmt":"2023-09-20T18:47:38","slug":"chaves-3-5-2-2-4-2-2-2-2-2-2-2-2-2-3-2-2-2-2-2-2-2-2-2-2-2-2-2-2-2-2-3-2","status":"publish","type":"page","link":"https:\/\/viajarcomtempo.eu\/?page_id=2337","title":{"rendered":"Cinf\u00e3es"},"content":{"rendered":"\n<script>\/\/ <![CDATA[\nfunction goBack() { window.history.back() }\n\/\/ ]]><\/script>\n<button onclick=\"goBack()\"><strong>Voltar \u00e0 p\u00e1gina anterior<\/strong><\/button>\n<br><br>\n\n\n\n<p class=\"wp-block-paragraph\">Com ra\u00edzes na pr\u00e9-hist\u00f3ria, a evid\u00eancia populacional de\u00a0<strong>Cinf\u00e3es<\/strong>\u00a0tem por base o per\u00edodo pr\u00e9-celta do\u00a0Paleol\u00edtico, \u00e9poca da pedra lascada, com povos n\u00f3madas de origem africana, capsenses e berberes, que se espalharam pela Ib\u00e9ria e deixaram vest\u00edgios de valor na \u00e1rea do munic\u00edpio.<\/p>\n\n\n\n<p class=\"wp-block-paragraph\">Durante a ocupa\u00e7\u00e3o romanos crescem os primeiros povoados em forma de vilas e cidades, todos interligados por estradas e pontes, que ainda hoje se encontram em bom estado de conserva\u00e7\u00e3o no concelho.<\/p>\n\n\n\n<p class=\"wp-block-paragraph\">Nas encostas do concelho ainda hoje se encontram os in\u00fameros\u00a0castros\u00a0seculares de origem megal\u00edtica.<\/p>\n\n\n\n<p class=\"wp-block-paragraph\"><\/p>\n\n\n\n<p class=\"wp-block-paragraph\"><\/p>\n\n\n\n<div class=\"wp-block-group\"><div class=\"wp-block-group__inner-container is-layout-flow wp-block-group-is-layout-flow\">\n<div class=\"wp-block-columns is-layout-flex wp-container-core-columns-is-layout-8f761849 wp-block-columns-is-layout-flex\">\n<div class=\"wp-block-column is-layout-flow wp-block-column-is-layout-flow\" style=\"flex-basis:100%\">\n<div class=\"wp-block-group\"><div class=\"wp-block-group__inner-container is-layout-flow wp-block-group-is-layout-flow\">\n<div class=\"wp-block-columns is-layout-flex wp-container-core-columns-is-layout-8f761849 wp-block-columns-is-layout-flex\">\n<div class=\"wp-block-column is-layout-flow wp-block-column-is-layout-flow\" style=\"flex-basis:100%\">\n<figure class=\"wp-block-table is-style-regular\"><table class=\"has-background\" style=\"background-color:#e7f5fe\"><tbody><tr><td><strong>Site da CM de Cinf\u00e3es<\/strong><\/td><td><a href=\"http:\/\/cm-cinfaes.pt\" target=\"_blank\" rel=\"noreferrer noopener\">cm-cinf\u00e3es.pt<\/a><\/td><\/tr><tr><td><strong>Posto de Turismo<\/strong><\/td><td>Loja Interativa de Turismo, Rua Capit\u00e3o Salgueiro Maia, Quinta do Aido 4690-038 Cinf\u00e3es.<br><strong>Telefone<\/strong> &#8211; 255 561 051<\/td><\/tr><tr><td><strong>Natural de <strong>Cinf\u00e3es<\/strong><\/strong><\/td><td>Cinfanenses.<\/td><\/tr><tr><td><strong>Artesanato<\/strong><\/td><td>Salientam-se as cro\u00e7as, as caro\u00e7as, as palho\u00e7as ou capuchas, que s\u00e3o abrigos feitos em junco para a prote\u00e7\u00e3o das chuvas, os trabalhos de tamancaria, as miniaturas em madeira, a cestaria, a chapelaria, a latoaria e o burel.<\/td><\/tr><tr><td><strong>Festas e Romarias<\/strong><\/td><td>Festa de S. Jo\u00e3o, a 24 de junho;<br>Festa de Nossa Senhora de Todos os Rem\u00e9dios, no \u00faltimo domingo de agosto;<br>Feira do Couto, a 14 e 28 de cada m\u00eas;<br>feira franca de Nespereira, a 6 de agosto;<br>feira das Portas de Montemuro, realizada anualmente, no terceiro domingo de agosto.<\/td><\/tr><\/tbody><\/table><\/figure>\n<\/div>\n<\/div>\n<\/div><\/div>\n\n\n\n<p class=\"has-medium-font-size wp-block-paragraph\">Para mais informa\u00e7\u00e3o ver Ficheiro PDF do <a href=\"https:\/\/viajarcomtempo.eu\/wp-content\/uploads\/2023\/09\/Cinfaes.pdf\" target=\"_blank\" rel=\"noreferrer noopener\"><strong>Concelho de<\/strong> <strong>CInf\u00e3es<\/strong><\/a><\/p>\n<\/div>\n<\/div>\n<\/div><\/div>\n\n\n\n<script>\/\/ <![CDATA[\nfunction goBack() { window.history.back() }\n\/\/ ]]><\/script>\n<button onclick=\"goBack()\"><strong>Voltar \u00e0 p\u00e1gina anterior<\/strong><\/button>\n<br><br>\n","protected":false},"excerpt":{"rendered":"<p>Voltar \u00e0 p\u00e1gina anterior Com ra\u00edzes na pr\u00e9-hist\u00f3ria, a evid\u00eancia populacional de\u00a0Cinf\u00e3es\u00a0tem por base o per\u00edodo pr\u00e9-celta do\u00a0Paleol\u00edtico, \u00e9poca da pedra lascada, com povos n\u00f3madas de origem africana, capsenses e berberes, que se espalharam pela Ib\u00e9ria e deixaram vest\u00edgios de valor na \u00e1rea do munic\u00edpio. Durante a ocupa\u00e7\u00e3o romanos crescem os primeiros povoados em forma [&hellip;]<\/p>\n","protected":false},"author":1,"featured_media":0,"parent":0,"menu_order":0,"comment_status":"closed","ping_status":"closed","template":"","meta":{"_crdt_document":"","footnotes":""},"class_list":["post-2337","page","type-page","status-publish","hentry","eq-blocks"],"yoast_head":"<!-- This site is optimized with the Yoast SEO plugin v27.3 - https:\/\/yoast.com\/product\/yoast-seo-wordpress\/ -->\n<title>Cinf\u00e3es - Viajar Com Tempo<\/title>\n<meta name=\"robots\" content=\"index, follow, max-snippet:-1, max-image-preview:large, max-video-preview:-1\" \/>\n<link rel=\"canonical\" href=\"https:\/\/viajarcomtempo.eu\/?page_id=2337\" \/>\n<meta property=\"og:locale\" content=\"pt_PT\" \/>\n<meta property=\"og:type\" content=\"article\" \/>\n<meta property=\"og:title\" content=\"Cinf\u00e3es - Viajar Com Tempo\" \/>\n<meta property=\"og:description\" content=\"Voltar \u00e0 p\u00e1gina anterior Com ra\u00edzes na pr\u00e9-hist\u00f3ria, a evid\u00eancia populacional de\u00a0Cinf\u00e3es\u00a0tem por base o per\u00edodo pr\u00e9-celta do\u00a0Paleol\u00edtico, \u00e9poca da pedra lascada, com povos n\u00f3madas de origem africana, capsenses e berberes, que se espalharam pela Ib\u00e9ria e deixaram vest\u00edgios de valor na \u00e1rea do munic\u00edpio. Durante a ocupa\u00e7\u00e3o romanos crescem os primeiros povoados em forma [&hellip;]\" \/>\n<meta property=\"og:url\" content=\"https:\/\/viajarcomtempo.eu\/?page_id=2337\" \/>\n<meta property=\"og:site_name\" content=\"Viajar Com Tempo\" \/>\n<meta property=\"article:modified_time\" content=\"2023-09-20T18:47:38+00:00\" \/>\n<meta name=\"twitter:card\" content=\"summary_large_image\" \/>\n<meta name=\"twitter:label1\" content=\"Tempo estimado de leitura\" \/>\n\t<meta name=\"twitter:data1\" content=\"1 minuto\" \/>\n<script type=\"application\/ld+json\" class=\"yoast-schema-graph\">{\"@context\":\"https:\\\/\\\/schema.org\",\"@graph\":[{\"@type\":\"WebPage\",\"@id\":\"https:\\\/\\\/viajarcomtempo.eu\\\/?page_id=2337\",\"url\":\"https:\\\/\\\/viajarcomtempo.eu\\\/?page_id=2337\",\"name\":\"Cinf\u00e3es - Viajar Com Tempo\",\"isPartOf\":{\"@id\":\"https:\\\/\\\/viajarcomtempo.eu\\\/#website\"},\"datePublished\":\"2023-09-20T18:09:43+00:00\",\"dateModified\":\"2023-09-20T18:47:38+00:00\",\"breadcrumb\":{\"@id\":\"https:\\\/\\\/viajarcomtempo.eu\\\/?page_id=2337#breadcrumb\"},\"inLanguage\":\"pt-PT\",\"potentialAction\":[{\"@type\":\"ReadAction\",\"target\":[\"https:\\\/\\\/viajarcomtempo.eu\\\/?page_id=2337\"]}]},{\"@type\":\"BreadcrumbList\",\"@id\":\"https:\\\/\\\/viajarcomtempo.eu\\\/?page_id=2337#breadcrumb\",\"itemListElement\":[{\"@type\":\"ListItem\",\"position\":1,\"name\":\"In\u00edcio\",\"item\":\"https:\\\/\\\/viajarcomtempo.eu\\\/\"},{\"@type\":\"ListItem\",\"position\":2,\"name\":\"Cinf\u00e3es\"}]},{\"@type\":\"WebSite\",\"@id\":\"https:\\\/\\\/viajarcomtempo.eu\\\/#website\",\"url\":\"https:\\\/\\\/viajarcomtempo.eu\\\/\",\"name\":\"Viajar Com Tempo\",\"description\":\"Roteiros para viajar sem pressa\",\"publisher\":{\"@id\":\"https:\\\/\\\/viajarcomtempo.eu\\\/#\\\/schema\\\/person\\\/2f6c8045b5e07d397d92d8e5cf7aee98\"},\"potentialAction\":[{\"@type\":\"SearchAction\",\"target\":{\"@type\":\"EntryPoint\",\"urlTemplate\":\"https:\\\/\\\/viajarcomtempo.eu\\\/?s={search_term_string}\"},\"query-input\":{\"@type\":\"PropertyValueSpecification\",\"valueRequired\":true,\"valueName\":\"search_term_string\"}}],\"inLanguage\":\"pt-PT\"},{\"@type\":[\"Person\",\"Organization\"],\"@id\":\"https:\\\/\\\/viajarcomtempo.eu\\\/#\\\/schema\\\/person\\\/2f6c8045b5e07d397d92d8e5cf7aee98\",\"name\":\"Jos\u00e9 Salvador\",\"logo\":{\"@id\":\"https:\\\/\\\/viajarcomtempo.eu\\\/#\\\/schema\\\/person\\\/image\\\/\"},\"sameAs\":[\"http:\\\/\\\/viajarcomtempo.eu\"]}]}<\/script>\n<!-- \/ Yoast SEO plugin. -->","yoast_head_json":{"title":"Cinf\u00e3es - Viajar Com Tempo","robots":{"index":"index","follow":"follow","max-snippet":"max-snippet:-1","max-image-preview":"max-image-preview:large","max-video-preview":"max-video-preview:-1"},"canonical":"https:\/\/viajarcomtempo.eu\/?page_id=2337","og_locale":"pt_PT","og_type":"article","og_title":"Cinf\u00e3es - Viajar Com Tempo","og_description":"Voltar \u00e0 p\u00e1gina anterior Com ra\u00edzes na pr\u00e9-hist\u00f3ria, a evid\u00eancia populacional de\u00a0Cinf\u00e3es\u00a0tem por base o per\u00edodo pr\u00e9-celta do\u00a0Paleol\u00edtico, \u00e9poca da pedra lascada, com povos n\u00f3madas de origem africana, capsenses e berberes, que se espalharam pela Ib\u00e9ria e deixaram vest\u00edgios de valor na \u00e1rea do munic\u00edpio. Durante a ocupa\u00e7\u00e3o romanos crescem os primeiros povoados em forma [&hellip;]","og_url":"https:\/\/viajarcomtempo.eu\/?page_id=2337","og_site_name":"Viajar Com Tempo","article_modified_time":"2023-09-20T18:47:38+00:00","twitter_card":"summary_large_image","twitter_misc":{"Tempo estimado de leitura":"1 minuto"},"schema":{"@context":"https:\/\/schema.org","@graph":[{"@type":"WebPage","@id":"https:\/\/viajarcomtempo.eu\/?page_id=2337","url":"https:\/\/viajarcomtempo.eu\/?page_id=2337","name":"Cinf\u00e3es - Viajar Com Tempo","isPartOf":{"@id":"https:\/\/viajarcomtempo.eu\/#website"},"datePublished":"2023-09-20T18:09:43+00:00","dateModified":"2023-09-20T18:47:38+00:00","breadcrumb":{"@id":"https:\/\/viajarcomtempo.eu\/?page_id=2337#breadcrumb"},"inLanguage":"pt-PT","potentialAction":[{"@type":"ReadAction","target":["https:\/\/viajarcomtempo.eu\/?page_id=2337"]}]},{"@type":"BreadcrumbList","@id":"https:\/\/viajarcomtempo.eu\/?page_id=2337#breadcrumb","itemListElement":[{"@type":"ListItem","position":1,"name":"In\u00edcio","item":"https:\/\/viajarcomtempo.eu\/"},{"@type":"ListItem","position":2,"name":"Cinf\u00e3es"}]},{"@type":"WebSite","@id":"https:\/\/viajarcomtempo.eu\/#website","url":"https:\/\/viajarcomtempo.eu\/","name":"Viajar Com Tempo","description":"Roteiros para viajar sem pressa","publisher":{"@id":"https:\/\/viajarcomtempo.eu\/#\/schema\/person\/2f6c8045b5e07d397d92d8e5cf7aee98"},"potentialAction":[{"@type":"SearchAction","target":{"@type":"EntryPoint","urlTemplate":"https:\/\/viajarcomtempo.eu\/?s={search_term_string}"},"query-input":{"@type":"PropertyValueSpecification","valueRequired":true,"valueName":"search_term_string"}}],"inLanguage":"pt-PT"},{"@type":["Person","Organization"],"@id":"https:\/\/viajarcomtempo.eu\/#\/schema\/person\/2f6c8045b5e07d397d92d8e5cf7aee98","name":"Jos\u00e9 Salvador","logo":{"@id":"https:\/\/viajarcomtempo.eu\/#\/schema\/person\/image\/"},"sameAs":["http:\/\/viajarcomtempo.eu"]}]}},"_links":{"self":[{"href":"https:\/\/viajarcomtempo.eu\/index.php?rest_route=\/wp\/v2\/pages\/2337","targetHints":{"allow":["GET"]}}],"collection":[{"href":"https:\/\/viajarcomtempo.eu\/index.php?rest_route=\/wp\/v2\/pages"}],"about":[{"href":"https:\/\/viajarcomtempo.eu\/index.php?rest_route=\/wp\/v2\/types\/page"}],"author":[{"embeddable":true,"href":"https:\/\/viajarcomtempo.eu\/index.php?rest_route=\/wp\/v2\/users\/1"}],"replies":[{"embeddable":true,"href":"https:\/\/viajarcomtempo.eu\/index.php?rest_route=%2Fwp%2Fv2%2Fcomments&post=2337"}],"version-history":[{"count":2,"href":"https:\/\/viajarcomtempo.eu\/index.php?rest_route=\/wp\/v2\/pages\/2337\/revisions"}],"predecessor-version":[{"id":2348,"href":"https:\/\/viajarcomtempo.eu\/index.php?rest_route=\/wp\/v2\/pages\/2337\/revisions\/2348"}],"wp:attachment":[{"href":"https:\/\/viajarcomtempo.eu\/index.php?rest_route=%2Fwp%2Fv2%2Fmedia&parent=2337"}],"curies":[{"name":"wp","href":"https:\/\/api.w.org\/{rel}","templated":true}]}}