{"id":2380,"date":"2023-10-15T17:42:31","date_gmt":"2023-10-15T17:42:31","guid":{"rendered":"https:\/\/viajarcomtempo.eu\/?page_id=2380"},"modified":"2024-01-22T18:21:22","modified_gmt":"2024-01-22T18:21:22","slug":"chaves-3-5-2-2-4-2-2-2-2-2-2-2-2-2-3-2-2-2-2-2-2-2-2-2-2-2-2-2-3","status":"publish","type":"page","link":"https:\/\/viajarcomtempo.eu\/?page_id=2380","title":{"rendered":"Resende"},"content":{"rendered":"\n<script>\/\/ <![CDATA[\nfunction goBack() { window.history.back() }\n\/\/ ]]><\/script>\n<button onclick=\"goBack()\"><strong>Voltar \u00e0 p\u00e1gina anterior<\/strong><\/button>\n<br><br>\n\n\n\n<p class=\"wp-block-paragraph\">Resende como povoa\u00e7\u00e3o existe desde a Pr\u00e9-Hist\u00f3ria como o comprovam os vest\u00edgios arqueol\u00f3gicos como os monumentos funer\u00e1rios de C\u00e1rquere, o castro de Aregos e as sepulturas abertas na rocha, anteriores \u00e0 romaniza\u00e7\u00e3o.<\/p>\n\n\n\n<p class=\"wp-block-paragraph\">As origens senhoriais de Resende encontram-se associadas aos &#8220;julgados&#8221; ou terras medievais de Aregos e S. Martinho de Mouros, que foram concelhos extintos pelas reformas, em meados do s\u00e9culo XIX.<\/p>\n\n\n\n<p class=\"wp-block-paragraph\">Ap\u00f3s a batalha de S. Mamede, por volta de 1130, D. Afonso Henriques, concedeu privil\u00e9gios de \u201cHonra\u201d a esse Senhorio, ent\u00e3o j\u00e1 na posse de seu Aio e Tutor, Dom Egas Moniz, de Ribadouro.<\/p>\n\n\n\n<p class=\"wp-block-paragraph\"><\/p>\n\n\n\n<div class=\"wp-block-group\"><div class=\"wp-block-group__inner-container is-layout-flow wp-block-group-is-layout-flow\">\n<div class=\"wp-block-columns is-layout-flex wp-container-core-columns-is-layout-8f761849 wp-block-columns-is-layout-flex\">\n<div class=\"wp-block-column is-layout-flow wp-block-column-is-layout-flow\" style=\"flex-basis:100%\">\n<div class=\"wp-block-group\"><div class=\"wp-block-group__inner-container is-layout-flow wp-block-group-is-layout-flow\">\n<div class=\"wp-block-columns is-layout-flex wp-container-core-columns-is-layout-8f761849 wp-block-columns-is-layout-flex\">\n<div class=\"wp-block-column is-layout-flow wp-block-column-is-layout-flow\" style=\"flex-basis:100%\">\n<figure class=\"wp-block-table is-style-regular\"><table class=\"has-background\" style=\"background-color:#e7f5fe\"><tbody><tr><td><strong>Site da CM de Resende<\/strong><\/td><td><a href=\"https:\/\/www.cm-resende.pt\/\" target=\"_blank\" rel=\"noreferrer noopener\">cm-Resende.pt<\/a><\/td><\/tr><tr><td><strong>Posto de Turismo<\/strong><\/td><td>Loja Interativa de Turismo, Rua Jos\u00e9 Pereira Monteiro, 4660-215 Resende<br><strong>Telefone<\/strong>: 254 871 031<\/td><\/tr><tr><td><strong>Naturais de Resende<\/strong><\/td><td><strong>Resendenses<\/strong>.<\/td><\/tr><tr><td><strong>Artesanato<\/strong><\/td><td>No artesanato, destacam-se os trabalhos de cestaria.<\/td><\/tr><tr><td><strong>Festas e Romarias<\/strong><\/td><td>Festas da Labareda (as festas do concelho), que decorrem a 29 de setembro;<br>Festa de&nbsp;<strong>S\u00e3o Crist\u00f3v\u00e3o<\/strong>, a 25 de junho;<br>Festa de Santo Ant\u00f3nio, a 13 de junho;<br>Festa do padroeiro de Paus, a 29 de junho;<br>Festa da Senhora da Guia, a 17 de agosto;<br>Festa do Senhor do Calv\u00e1rio, a 31 de agosto;<br>Festa de S. Salvador, a 6 de agosto;<br>Festa da cerejeira em flor, em Paus, no in\u00edcio da primavera.<\/td><\/tr><\/tbody><\/table><\/figure>\n<\/div>\n<\/div>\n<\/div><\/div>\n\n\n\n<p class=\"has-medium-font-size wp-block-paragraph\">Para mais informa\u00e7\u00e3o ver Ficheiro PDF do <a href=\"https:\/\/viajarcomtempo.eu\/wp-content\/uploads\/2023\/10\/Resende.pdf\" target=\"_blank\" rel=\"noreferrer noopener\">Concelho de Resende<\/a><\/p>\n<\/div>\n<\/div>\n<\/div><\/div>\n\n\n\n<script>\/\/ <![CDATA[\nfunction goBack() { window.history.back() }\n\/\/ ]]><\/script>\n<button onclick=\"goBack()\"><strong>Voltar \u00e0 p\u00e1gina anterior<\/strong><\/button>\n<br><br>\n","protected":false},"excerpt":{"rendered":"<p>Voltar \u00e0 p\u00e1gina anterior Resende como povoa\u00e7\u00e3o existe desde a Pr\u00e9-Hist\u00f3ria como o comprovam os vest\u00edgios arqueol\u00f3gicos como os monumentos funer\u00e1rios de C\u00e1rquere, o castro de Aregos e as sepulturas abertas na rocha, anteriores \u00e0 romaniza\u00e7\u00e3o. As origens senhoriais de Resende encontram-se associadas aos &#8220;julgados&#8221; ou terras medievais de Aregos e S. Martinho de Mouros, [&hellip;]<\/p>\n","protected":false},"author":1,"featured_media":0,"parent":0,"menu_order":0,"comment_status":"closed","ping_status":"closed","template":"","meta":{"_crdt_document":"","footnotes":""},"class_list":["post-2380","page","type-page","status-publish","hentry","eq-blocks"],"yoast_head":"<!-- This site is optimized with the Yoast SEO plugin v27.3 - https:\/\/yoast.com\/product\/yoast-seo-wordpress\/ -->\n<title>Resende - Viajar Com Tempo<\/title>\n<meta name=\"robots\" content=\"index, follow, max-snippet:-1, max-image-preview:large, max-video-preview:-1\" \/>\n<link rel=\"canonical\" href=\"https:\/\/viajarcomtempo.eu\/?page_id=2380\" \/>\n<meta property=\"og:locale\" content=\"pt_PT\" \/>\n<meta property=\"og:type\" content=\"article\" \/>\n<meta property=\"og:title\" content=\"Resende - Viajar Com Tempo\" \/>\n<meta property=\"og:description\" content=\"Voltar \u00e0 p\u00e1gina anterior Resende como povoa\u00e7\u00e3o existe desde a Pr\u00e9-Hist\u00f3ria como o comprovam os vest\u00edgios arqueol\u00f3gicos como os monumentos funer\u00e1rios de C\u00e1rquere, o castro de Aregos e as sepulturas abertas na rocha, anteriores \u00e0 romaniza\u00e7\u00e3o. As origens senhoriais de Resende encontram-se associadas aos &#8220;julgados&#8221; ou terras medievais de Aregos e S. Martinho de Mouros, [&hellip;]\" \/>\n<meta property=\"og:url\" content=\"https:\/\/viajarcomtempo.eu\/?page_id=2380\" \/>\n<meta property=\"og:site_name\" content=\"Viajar Com Tempo\" \/>\n<meta property=\"article:modified_time\" content=\"2024-01-22T18:21:22+00:00\" \/>\n<meta name=\"twitter:card\" content=\"summary_large_image\" \/>\n<meta name=\"twitter:label1\" content=\"Tempo estimado de leitura\" \/>\n\t<meta name=\"twitter:data1\" content=\"1 minuto\" \/>\n<script type=\"application\/ld+json\" class=\"yoast-schema-graph\">{\"@context\":\"https:\\\/\\\/schema.org\",\"@graph\":[{\"@type\":\"WebPage\",\"@id\":\"https:\\\/\\\/viajarcomtempo.eu\\\/?page_id=2380\",\"url\":\"https:\\\/\\\/viajarcomtempo.eu\\\/?page_id=2380\",\"name\":\"Resende - Viajar Com Tempo\",\"isPartOf\":{\"@id\":\"https:\\\/\\\/viajarcomtempo.eu\\\/#website\"},\"datePublished\":\"2023-10-15T17:42:31+00:00\",\"dateModified\":\"2024-01-22T18:21:22+00:00\",\"breadcrumb\":{\"@id\":\"https:\\\/\\\/viajarcomtempo.eu\\\/?page_id=2380#breadcrumb\"},\"inLanguage\":\"pt-PT\",\"potentialAction\":[{\"@type\":\"ReadAction\",\"target\":[\"https:\\\/\\\/viajarcomtempo.eu\\\/?page_id=2380\"]}]},{\"@type\":\"BreadcrumbList\",\"@id\":\"https:\\\/\\\/viajarcomtempo.eu\\\/?page_id=2380#breadcrumb\",\"itemListElement\":[{\"@type\":\"ListItem\",\"position\":1,\"name\":\"In\u00edcio\",\"item\":\"https:\\\/\\\/viajarcomtempo.eu\\\/\"},{\"@type\":\"ListItem\",\"position\":2,\"name\":\"Resende\"}]},{\"@type\":\"WebSite\",\"@id\":\"https:\\\/\\\/viajarcomtempo.eu\\\/#website\",\"url\":\"https:\\\/\\\/viajarcomtempo.eu\\\/\",\"name\":\"Viajar Com Tempo\",\"description\":\"Roteiros para viajar sem pressa\",\"publisher\":{\"@id\":\"https:\\\/\\\/viajarcomtempo.eu\\\/#\\\/schema\\\/person\\\/2f6c8045b5e07d397d92d8e5cf7aee98\"},\"potentialAction\":[{\"@type\":\"SearchAction\",\"target\":{\"@type\":\"EntryPoint\",\"urlTemplate\":\"https:\\\/\\\/viajarcomtempo.eu\\\/?s={search_term_string}\"},\"query-input\":{\"@type\":\"PropertyValueSpecification\",\"valueRequired\":true,\"valueName\":\"search_term_string\"}}],\"inLanguage\":\"pt-PT\"},{\"@type\":[\"Person\",\"Organization\"],\"@id\":\"https:\\\/\\\/viajarcomtempo.eu\\\/#\\\/schema\\\/person\\\/2f6c8045b5e07d397d92d8e5cf7aee98\",\"name\":\"Jos\u00e9 Salvador\",\"logo\":{\"@id\":\"https:\\\/\\\/viajarcomtempo.eu\\\/#\\\/schema\\\/person\\\/image\\\/\"},\"sameAs\":[\"http:\\\/\\\/viajarcomtempo.eu\"]}]}<\/script>\n<!-- \/ Yoast SEO plugin. -->","yoast_head_json":{"title":"Resende - Viajar Com Tempo","robots":{"index":"index","follow":"follow","max-snippet":"max-snippet:-1","max-image-preview":"max-image-preview:large","max-video-preview":"max-video-preview:-1"},"canonical":"https:\/\/viajarcomtempo.eu\/?page_id=2380","og_locale":"pt_PT","og_type":"article","og_title":"Resende - Viajar Com Tempo","og_description":"Voltar \u00e0 p\u00e1gina anterior Resende como povoa\u00e7\u00e3o existe desde a Pr\u00e9-Hist\u00f3ria como o comprovam os vest\u00edgios arqueol\u00f3gicos como os monumentos funer\u00e1rios de C\u00e1rquere, o castro de Aregos e as sepulturas abertas na rocha, anteriores \u00e0 romaniza\u00e7\u00e3o. As origens senhoriais de Resende encontram-se associadas aos &#8220;julgados&#8221; ou terras medievais de Aregos e S. Martinho de Mouros, [&hellip;]","og_url":"https:\/\/viajarcomtempo.eu\/?page_id=2380","og_site_name":"Viajar Com Tempo","article_modified_time":"2024-01-22T18:21:22+00:00","twitter_card":"summary_large_image","twitter_misc":{"Tempo estimado de leitura":"1 minuto"},"schema":{"@context":"https:\/\/schema.org","@graph":[{"@type":"WebPage","@id":"https:\/\/viajarcomtempo.eu\/?page_id=2380","url":"https:\/\/viajarcomtempo.eu\/?page_id=2380","name":"Resende - Viajar Com Tempo","isPartOf":{"@id":"https:\/\/viajarcomtempo.eu\/#website"},"datePublished":"2023-10-15T17:42:31+00:00","dateModified":"2024-01-22T18:21:22+00:00","breadcrumb":{"@id":"https:\/\/viajarcomtempo.eu\/?page_id=2380#breadcrumb"},"inLanguage":"pt-PT","potentialAction":[{"@type":"ReadAction","target":["https:\/\/viajarcomtempo.eu\/?page_id=2380"]}]},{"@type":"BreadcrumbList","@id":"https:\/\/viajarcomtempo.eu\/?page_id=2380#breadcrumb","itemListElement":[{"@type":"ListItem","position":1,"name":"In\u00edcio","item":"https:\/\/viajarcomtempo.eu\/"},{"@type":"ListItem","position":2,"name":"Resende"}]},{"@type":"WebSite","@id":"https:\/\/viajarcomtempo.eu\/#website","url":"https:\/\/viajarcomtempo.eu\/","name":"Viajar Com Tempo","description":"Roteiros para viajar sem pressa","publisher":{"@id":"https:\/\/viajarcomtempo.eu\/#\/schema\/person\/2f6c8045b5e07d397d92d8e5cf7aee98"},"potentialAction":[{"@type":"SearchAction","target":{"@type":"EntryPoint","urlTemplate":"https:\/\/viajarcomtempo.eu\/?s={search_term_string}"},"query-input":{"@type":"PropertyValueSpecification","valueRequired":true,"valueName":"search_term_string"}}],"inLanguage":"pt-PT"},{"@type":["Person","Organization"],"@id":"https:\/\/viajarcomtempo.eu\/#\/schema\/person\/2f6c8045b5e07d397d92d8e5cf7aee98","name":"Jos\u00e9 Salvador","logo":{"@id":"https:\/\/viajarcomtempo.eu\/#\/schema\/person\/image\/"},"sameAs":["http:\/\/viajarcomtempo.eu"]}]}},"_links":{"self":[{"href":"https:\/\/viajarcomtempo.eu\/index.php?rest_route=\/wp\/v2\/pages\/2380","targetHints":{"allow":["GET"]}}],"collection":[{"href":"https:\/\/viajarcomtempo.eu\/index.php?rest_route=\/wp\/v2\/pages"}],"about":[{"href":"https:\/\/viajarcomtempo.eu\/index.php?rest_route=\/wp\/v2\/types\/page"}],"author":[{"embeddable":true,"href":"https:\/\/viajarcomtempo.eu\/index.php?rest_route=\/wp\/v2\/users\/1"}],"replies":[{"embeddable":true,"href":"https:\/\/viajarcomtempo.eu\/index.php?rest_route=%2Fwp%2Fv2%2Fcomments&post=2380"}],"version-history":[{"count":4,"href":"https:\/\/viajarcomtempo.eu\/index.php?rest_route=\/wp\/v2\/pages\/2380\/revisions"}],"predecessor-version":[{"id":2479,"href":"https:\/\/viajarcomtempo.eu\/index.php?rest_route=\/wp\/v2\/pages\/2380\/revisions\/2479"}],"wp:attachment":[{"href":"https:\/\/viajarcomtempo.eu\/index.php?rest_route=%2Fwp%2Fv2%2Fmedia&parent=2380"}],"curies":[{"name":"wp","href":"https:\/\/api.w.org\/{rel}","templated":true}]}}