{"id":2388,"date":"2023-10-17T13:46:42","date_gmt":"2023-10-17T13:46:42","guid":{"rendered":"https:\/\/viajarcomtempo.eu\/?page_id=2388"},"modified":"2023-10-24T16:00:29","modified_gmt":"2023-10-24T16:00:29","slug":"chaves-3-5-2-2-4-2-2-2-2-2-2-2-2-2-3-2-2-2-2-2-2-2-2-2-2-2-2-2-2-3","status":"publish","type":"page","link":"https:\/\/viajarcomtempo.eu\/?page_id=2388","title":{"rendered":"S\u00e3o Jo\u00e3o da Pesqueira"},"content":{"rendered":"\n<script>\/\/ <![CDATA[\nfunction goBack() { window.history.back() }\n\/\/ ]]><\/script>\n<button onclick=\"goBack()\"><strong>Voltar \u00e0 p\u00e1gina anterior<\/strong><\/button>\n<br><br>\n\n\n\n<p class=\"wp-block-paragraph\">\u00c9 uma regi\u00e3o f\u00e9rtil em vest\u00edgios pr\u00e9-hist\u00f3ricos, o que comprova a antiguidade do povoamento deste territ\u00f3rio.<\/p>\n\n\n\n<p class=\"wp-block-paragraph\">Entre 1256 e 1759 o senhorio destas terras pertenceria \u00e0 fam\u00edlia dos&nbsp;T\u00e1voras, at\u00e9 ao atentado contra D. Jos\u00e9, em que se desconfiou do envolvimento desta fam\u00edlia, n\u00e3o sendo, contudo, comprovada esta suspeita, mas sendo-lhes retirado, mesmo assim, o senhorio.<\/p>\n\n\n\n<p class=\"wp-block-paragraph\">\u00c9 o mais antigo concelho do pa\u00eds, datando a sua cria\u00e7\u00e3o de 1055, precedendo assim todos os outros concelhos, incluindo cidades t\u00e3o importantes ao tempo da funda\u00e7\u00e3o como Coimbra, Guimar\u00e3es ou Lamego.<\/p>\n\n\n\n<div class=\"wp-block-group\"><div class=\"wp-block-group__inner-container is-layout-flow wp-block-group-is-layout-flow\">\n<div class=\"wp-block-columns is-layout-flex wp-container-core-columns-is-layout-8f761849 wp-block-columns-is-layout-flex\">\n<div class=\"wp-block-column is-layout-flow wp-block-column-is-layout-flow\" style=\"flex-basis:100%\">\n<div class=\"wp-block-group\"><div class=\"wp-block-group__inner-container is-layout-flow wp-block-group-is-layout-flow\">\n<div class=\"wp-block-columns is-layout-flex wp-container-core-columns-is-layout-8f761849 wp-block-columns-is-layout-flex\">\n<div class=\"wp-block-column is-layout-flow wp-block-column-is-layout-flow\" style=\"flex-basis:100%\">\n<figure class=\"wp-block-table is-style-regular\"><table class=\"has-background\" style=\"background-color:#e7f5fe\"><tbody><tr><td><strong>Site da CM de S\u00e3o Jo\u00e3o da Pesqueira<\/strong><\/td><td><a href=\"https:\/\/www.sjpesqueira.pt\/\" target=\"_blank\" rel=\"noreferrer noopener\">cm-S\u00e3o Jo\u00e3o da Pesqueira.pt<\/a><\/td><\/tr><tr><td><strong>Posto de Turismo<\/strong><\/td><td>Av. Marqu\u00eas de Soveral, 5130-323 S\u00e3o Jo\u00e3o da Pesqueira<br><strong>Telefone:&nbsp;<\/strong>254 489 999<br><strong>Email<\/strong>: turismo@sjpesqueira.pt<\/td><\/tr><tr><td><strong>Naturais de S\u00e3o Jo\u00e3o da Pesqueira<\/strong><\/td><td><strong>Pesqueirenses<\/strong>.<\/td><\/tr><tr><td><strong>Artesanato<\/strong><\/td><td>No artesanato, s\u00e3o t\u00edpicos os trabalhos de cestaria e de tanoaria, a sapataria e o fabrico de funilaria.<\/td><\/tr><tr><td><strong>Festas e Romarias<\/strong><\/td><td>Festa de S. Jo\u00e3o, no dia 24 de junho, feriado municipal<br>Festa da Senhora dos Rem\u00e9dios, realizada no \u00faltimo domingo de agosto; <br>Festa do Corpo de Deus, em junho, <br>Feira da Senhora do Monte, a 1 de setembro.<\/td><\/tr><\/tbody><\/table><\/figure>\n<\/div>\n<\/div>\n<\/div><\/div>\n\n\n\n<p class=\"has-medium-font-size wp-block-paragraph\">Para mais informa\u00e7\u00e3o ver Ficheiro PDF do <a href=\"https:\/\/viajarcomtempo.eu\/wp-content\/uploads\/2023\/10\/SaoJoaoPesqueira.pdf\" target=\"_blank\" rel=\"noreferrer noopener\">Concelho de S\u00e3o jo\u00e3o da Pesqueira<\/a><\/p>\n<\/div>\n<\/div>\n<\/div><\/div>\n\n\n\n<script>\/\/ <![CDATA[\nfunction goBack() { window.history.back() }\n\/\/ ]]><\/script>\n<button onclick=\"goBack()\"><strong>Voltar \u00e0 p\u00e1gina anterior<\/strong><\/button>\n<br><br>\n","protected":false},"excerpt":{"rendered":"<p>Voltar \u00e0 p\u00e1gina anterior \u00c9 uma regi\u00e3o f\u00e9rtil em vest\u00edgios pr\u00e9-hist\u00f3ricos, o que comprova a antiguidade do povoamento deste territ\u00f3rio. Entre 1256 e 1759 o senhorio destas terras pertenceria \u00e0 fam\u00edlia dos&nbsp;T\u00e1voras, at\u00e9 ao atentado contra D. Jos\u00e9, em que se desconfiou do envolvimento desta fam\u00edlia, n\u00e3o sendo, contudo, comprovada esta suspeita, mas sendo-lhes retirado, [&hellip;]<\/p>\n","protected":false},"author":1,"featured_media":0,"parent":0,"menu_order":0,"comment_status":"closed","ping_status":"closed","template":"","meta":{"_crdt_document":"","footnotes":""},"class_list":["post-2388","page","type-page","status-publish","hentry","eq-blocks"],"yoast_head":"<!-- This site is optimized with the Yoast SEO plugin v27.3 - https:\/\/yoast.com\/product\/yoast-seo-wordpress\/ -->\n<title>S\u00e3o Jo\u00e3o da Pesqueira - Viajar Com Tempo<\/title>\n<meta name=\"robots\" content=\"index, follow, max-snippet:-1, max-image-preview:large, max-video-preview:-1\" \/>\n<link rel=\"canonical\" href=\"https:\/\/viajarcomtempo.eu\/?page_id=2388\" \/>\n<meta property=\"og:locale\" content=\"pt_PT\" \/>\n<meta property=\"og:type\" content=\"article\" \/>\n<meta property=\"og:title\" content=\"S\u00e3o Jo\u00e3o da Pesqueira - Viajar Com Tempo\" \/>\n<meta property=\"og:description\" content=\"Voltar \u00e0 p\u00e1gina anterior \u00c9 uma regi\u00e3o f\u00e9rtil em vest\u00edgios pr\u00e9-hist\u00f3ricos, o que comprova a antiguidade do povoamento deste territ\u00f3rio. Entre 1256 e 1759 o senhorio destas terras pertenceria \u00e0 fam\u00edlia dos&nbsp;T\u00e1voras, at\u00e9 ao atentado contra D. Jos\u00e9, em que se desconfiou do envolvimento desta fam\u00edlia, n\u00e3o sendo, contudo, comprovada esta suspeita, mas sendo-lhes retirado, [&hellip;]\" \/>\n<meta property=\"og:url\" content=\"https:\/\/viajarcomtempo.eu\/?page_id=2388\" \/>\n<meta property=\"og:site_name\" content=\"Viajar Com Tempo\" \/>\n<meta property=\"article:modified_time\" content=\"2023-10-24T16:00:29+00:00\" \/>\n<meta name=\"twitter:card\" content=\"summary_large_image\" \/>\n<meta name=\"twitter:label1\" content=\"Tempo estimado de leitura\" \/>\n\t<meta name=\"twitter:data1\" content=\"1 minuto\" \/>\n<script type=\"application\/ld+json\" class=\"yoast-schema-graph\">{\"@context\":\"https:\\\/\\\/schema.org\",\"@graph\":[{\"@type\":\"WebPage\",\"@id\":\"https:\\\/\\\/viajarcomtempo.eu\\\/?page_id=2388\",\"url\":\"https:\\\/\\\/viajarcomtempo.eu\\\/?page_id=2388\",\"name\":\"S\u00e3o Jo\u00e3o da Pesqueira - Viajar Com Tempo\",\"isPartOf\":{\"@id\":\"https:\\\/\\\/viajarcomtempo.eu\\\/#website\"},\"datePublished\":\"2023-10-17T13:46:42+00:00\",\"dateModified\":\"2023-10-24T16:00:29+00:00\",\"breadcrumb\":{\"@id\":\"https:\\\/\\\/viajarcomtempo.eu\\\/?page_id=2388#breadcrumb\"},\"inLanguage\":\"pt-PT\",\"potentialAction\":[{\"@type\":\"ReadAction\",\"target\":[\"https:\\\/\\\/viajarcomtempo.eu\\\/?page_id=2388\"]}]},{\"@type\":\"BreadcrumbList\",\"@id\":\"https:\\\/\\\/viajarcomtempo.eu\\\/?page_id=2388#breadcrumb\",\"itemListElement\":[{\"@type\":\"ListItem\",\"position\":1,\"name\":\"In\u00edcio\",\"item\":\"https:\\\/\\\/viajarcomtempo.eu\\\/\"},{\"@type\":\"ListItem\",\"position\":2,\"name\":\"S\u00e3o Jo\u00e3o da Pesqueira\"}]},{\"@type\":\"WebSite\",\"@id\":\"https:\\\/\\\/viajarcomtempo.eu\\\/#website\",\"url\":\"https:\\\/\\\/viajarcomtempo.eu\\\/\",\"name\":\"Viajar Com Tempo\",\"description\":\"Roteiros para viajar sem pressa\",\"publisher\":{\"@id\":\"https:\\\/\\\/viajarcomtempo.eu\\\/#\\\/schema\\\/person\\\/2f6c8045b5e07d397d92d8e5cf7aee98\"},\"potentialAction\":[{\"@type\":\"SearchAction\",\"target\":{\"@type\":\"EntryPoint\",\"urlTemplate\":\"https:\\\/\\\/viajarcomtempo.eu\\\/?s={search_term_string}\"},\"query-input\":{\"@type\":\"PropertyValueSpecification\",\"valueRequired\":true,\"valueName\":\"search_term_string\"}}],\"inLanguage\":\"pt-PT\"},{\"@type\":[\"Person\",\"Organization\"],\"@id\":\"https:\\\/\\\/viajarcomtempo.eu\\\/#\\\/schema\\\/person\\\/2f6c8045b5e07d397d92d8e5cf7aee98\",\"name\":\"Jos\u00e9 Salvador\",\"logo\":{\"@id\":\"https:\\\/\\\/viajarcomtempo.eu\\\/#\\\/schema\\\/person\\\/image\\\/\"},\"sameAs\":[\"http:\\\/\\\/viajarcomtempo.eu\"]}]}<\/script>\n<!-- \/ Yoast SEO plugin. -->","yoast_head_json":{"title":"S\u00e3o Jo\u00e3o da Pesqueira - Viajar Com Tempo","robots":{"index":"index","follow":"follow","max-snippet":"max-snippet:-1","max-image-preview":"max-image-preview:large","max-video-preview":"max-video-preview:-1"},"canonical":"https:\/\/viajarcomtempo.eu\/?page_id=2388","og_locale":"pt_PT","og_type":"article","og_title":"S\u00e3o Jo\u00e3o da Pesqueira - Viajar Com Tempo","og_description":"Voltar \u00e0 p\u00e1gina anterior \u00c9 uma regi\u00e3o f\u00e9rtil em vest\u00edgios pr\u00e9-hist\u00f3ricos, o que comprova a antiguidade do povoamento deste territ\u00f3rio. Entre 1256 e 1759 o senhorio destas terras pertenceria \u00e0 fam\u00edlia dos&nbsp;T\u00e1voras, at\u00e9 ao atentado contra D. Jos\u00e9, em que se desconfiou do envolvimento desta fam\u00edlia, n\u00e3o sendo, contudo, comprovada esta suspeita, mas sendo-lhes retirado, [&hellip;]","og_url":"https:\/\/viajarcomtempo.eu\/?page_id=2388","og_site_name":"Viajar Com Tempo","article_modified_time":"2023-10-24T16:00:29+00:00","twitter_card":"summary_large_image","twitter_misc":{"Tempo estimado de leitura":"1 minuto"},"schema":{"@context":"https:\/\/schema.org","@graph":[{"@type":"WebPage","@id":"https:\/\/viajarcomtempo.eu\/?page_id=2388","url":"https:\/\/viajarcomtempo.eu\/?page_id=2388","name":"S\u00e3o Jo\u00e3o da Pesqueira - Viajar Com Tempo","isPartOf":{"@id":"https:\/\/viajarcomtempo.eu\/#website"},"datePublished":"2023-10-17T13:46:42+00:00","dateModified":"2023-10-24T16:00:29+00:00","breadcrumb":{"@id":"https:\/\/viajarcomtempo.eu\/?page_id=2388#breadcrumb"},"inLanguage":"pt-PT","potentialAction":[{"@type":"ReadAction","target":["https:\/\/viajarcomtempo.eu\/?page_id=2388"]}]},{"@type":"BreadcrumbList","@id":"https:\/\/viajarcomtempo.eu\/?page_id=2388#breadcrumb","itemListElement":[{"@type":"ListItem","position":1,"name":"In\u00edcio","item":"https:\/\/viajarcomtempo.eu\/"},{"@type":"ListItem","position":2,"name":"S\u00e3o Jo\u00e3o da Pesqueira"}]},{"@type":"WebSite","@id":"https:\/\/viajarcomtempo.eu\/#website","url":"https:\/\/viajarcomtempo.eu\/","name":"Viajar Com Tempo","description":"Roteiros para viajar sem pressa","publisher":{"@id":"https:\/\/viajarcomtempo.eu\/#\/schema\/person\/2f6c8045b5e07d397d92d8e5cf7aee98"},"potentialAction":[{"@type":"SearchAction","target":{"@type":"EntryPoint","urlTemplate":"https:\/\/viajarcomtempo.eu\/?s={search_term_string}"},"query-input":{"@type":"PropertyValueSpecification","valueRequired":true,"valueName":"search_term_string"}}],"inLanguage":"pt-PT"},{"@type":["Person","Organization"],"@id":"https:\/\/viajarcomtempo.eu\/#\/schema\/person\/2f6c8045b5e07d397d92d8e5cf7aee98","name":"Jos\u00e9 Salvador","logo":{"@id":"https:\/\/viajarcomtempo.eu\/#\/schema\/person\/image\/"},"sameAs":["http:\/\/viajarcomtempo.eu"]}]}},"_links":{"self":[{"href":"https:\/\/viajarcomtempo.eu\/index.php?rest_route=\/wp\/v2\/pages\/2388","targetHints":{"allow":["GET"]}}],"collection":[{"href":"https:\/\/viajarcomtempo.eu\/index.php?rest_route=\/wp\/v2\/pages"}],"about":[{"href":"https:\/\/viajarcomtempo.eu\/index.php?rest_route=\/wp\/v2\/types\/page"}],"author":[{"embeddable":true,"href":"https:\/\/viajarcomtempo.eu\/index.php?rest_route=\/wp\/v2\/users\/1"}],"replies":[{"embeddable":true,"href":"https:\/\/viajarcomtempo.eu\/index.php?rest_route=%2Fwp%2Fv2%2Fcomments&post=2388"}],"version-history":[{"count":5,"href":"https:\/\/viajarcomtempo.eu\/index.php?rest_route=\/wp\/v2\/pages\/2388\/revisions"}],"predecessor-version":[{"id":2451,"href":"https:\/\/viajarcomtempo.eu\/index.php?rest_route=\/wp\/v2\/pages\/2388\/revisions\/2451"}],"wp:attachment":[{"href":"https:\/\/viajarcomtempo.eu\/index.php?rest_route=%2Fwp%2Fv2%2Fmedia&parent=2388"}],"curies":[{"name":"wp","href":"https:\/\/api.w.org\/{rel}","templated":true}]}}