{"id":2523,"date":"2024-03-09T15:06:51","date_gmt":"2024-03-09T15:06:51","guid":{"rendered":"https:\/\/viajarcomtempo.eu\/?page_id=2523"},"modified":"2024-03-09T15:31:18","modified_gmt":"2024-03-09T15:31:18","slug":"chaves-3-5-2-2-4-2-2-2-2-2-2-2-2-2-3-2-2-2-2-2-2-2-2-2-2-2-2-2-2-2-2-4","status":"publish","type":"page","link":"https:\/\/viajarcomtempo.eu\/?page_id=2523","title":{"rendered":"Const\u00e2ncia"},"content":{"rendered":"\n<script>\/\/ <![CDATA[\nfunction goBack() { window.history.back() }\n\/\/ ]]><\/script>\n<button onclick=\"goBack()\"><strong>Voltar \u00e0 p\u00e1gina anterior<\/strong><\/button>\n<br><br>\n\n\n\n<p class=\"wp-block-paragraph\">Foi territ\u00f3rio ibero, romano, visigodo e mouro at\u00e9 que Gon\u00e7alves Mendes da Maia o conquistou para o Reino de Portugal. Em 1578, D. Sebasti\u00e3o elevou-o a vila.<\/p>\n\n\n\n<p class=\"wp-block-paragraph\">Situada no local onde o Z\u00eazere encontra ao Tejo, Const\u00e2ncia (ent\u00e3o, designada pelo nome de Punhete) \u00e9 conhecida por ter sido local de resid\u00eancia do poeta Lu\u00eds de Cam\u00f5es, que aqui escreveu alguns dos seus poemas l\u00edricos, por ocasi\u00e3o do seu desterro no Ribatejo (possivelmente em 1546 ou 1547).<\/p>\n\n\n\n<p class=\"wp-block-paragraph\">Depois da destrui\u00e7\u00e3o provocada pelas Invas\u00f5es Francesas, Const\u00e2ncia foi reconstru\u00edda e conservou sempre importantes focos de interesse arquitet\u00f3nico, paisag\u00edstico e arqueol\u00f3gico.<\/p>\n\n\n\n<p class=\"wp-block-paragraph\"><\/p>\n\n\n\n<div class=\"wp-block-group\"><div class=\"wp-block-group__inner-container is-layout-flow wp-block-group-is-layout-flow\">\n<div class=\"wp-block-columns is-layout-flex wp-container-core-columns-is-layout-8f761849 wp-block-columns-is-layout-flex\">\n<div class=\"wp-block-column is-layout-flow wp-block-column-is-layout-flow\" style=\"flex-basis:100%\">\n<div class=\"wp-block-group\"><div class=\"wp-block-group__inner-container is-layout-flow wp-block-group-is-layout-flow\">\n<div class=\"wp-block-columns is-layout-flex wp-container-core-columns-is-layout-8f761849 wp-block-columns-is-layout-flex\">\n<div class=\"wp-block-column is-layout-flow wp-block-column-is-layout-flow\" style=\"flex-basis:100%\">\n<figure class=\"wp-block-table is-style-regular\"><table class=\"has-background\" style=\"background-color:#e7f5fe\"><tbody><tr><td><strong>Site da CM de Const\u00e2ncia<\/strong><\/td><td><a href=\"https:\/\/www.cm-constancia.pt\/\">cm-const\u00e2ncia.pt<\/a><\/td><\/tr><tr><td><strong>Posto de Turismo<\/strong><\/td><td>Avenida das For\u00e7as Armadas, 2250-028 Const\u00e2ncia<br>Telefone: 249 730 052, e-mail: turismo@cm-constancia.pt<\/td><\/tr><tr><td><strong>Natural de <strong>Co<\/strong>nst\u00e2ncia<\/strong><\/td><td><strong>Constancienses<\/strong>.<\/td><\/tr><tr><td><strong>Artesanato<\/strong><\/td><td>Almofadas e mantas de retalhos;<br>Rendas de cinco agulhas;<br>Artigos em tear natural, tape\u00e7aria em tear manual, tecelagem;<br>Bonequinhas de Const\u00e2ncia (bonecas de trapos);<br>Bancos e cadeiras em bunho;<br>Trabalhos em madeira e pedra;<br>Barcos em miniaturas e redes de pesca;<br>Tanoaria.<\/td><\/tr><tr><td><strong>Festas e Romarias<\/strong><\/td><td>Festa de N. Sra. da Boa Viagem, ou Festa dos Barqueiros, na segunda-feira a seguir \u00e0\u00a0P\u00e1scoa;<br>Pomonas Camonianas, Nas comemora\u00e7\u00f5es do 10 de junho;<br>Feira no Mercado Quinhentista;<br>Feira de Antiguidades e Velharias;<br>Feira dos Rios, no fim de agosto.<\/td><\/tr><\/tbody><\/table><\/figure>\n<\/div>\n<\/div>\n<\/div><\/div>\n\n\n\n<p class=\"has-medium-font-size wp-block-paragraph\">Para mais informa\u00e7\u00e3o ver Ficheiro PDF do <a href=\"https:\/\/viajarcomtempo.eu\/wp-content\/uploads\/2024\/03\/Constancia.pdf\" target=\"_blank\" rel=\"noreferrer noopener\"><strong>Concelho de<\/strong> <strong>Const\u00e2ncia<\/strong><\/a><\/p>\n<\/div>\n<\/div>\n<\/div><\/div>\n\n\n\n<script>\/\/ <![CDATA[\nfunction goBack() { window.history.back() }\n\/\/ ]]><\/script>\n<button onclick=\"goBack()\"><strong>Voltar \u00e0 p\u00e1gina anterior<\/strong><\/button>\n<br><br>\n","protected":false},"excerpt":{"rendered":"<p>Voltar \u00e0 p\u00e1gina anterior Foi territ\u00f3rio ibero, romano, visigodo e mouro at\u00e9 que Gon\u00e7alves Mendes da Maia o conquistou para o Reino de Portugal. Em 1578, D. Sebasti\u00e3o elevou-o a vila. Situada no local onde o Z\u00eazere encontra ao Tejo, Const\u00e2ncia (ent\u00e3o, designada pelo nome de Punhete) \u00e9 conhecida por ter sido local de resid\u00eancia [&hellip;]<\/p>\n","protected":false},"author":1,"featured_media":0,"parent":0,"menu_order":0,"comment_status":"closed","ping_status":"closed","template":"","meta":{"_crdt_document":"","footnotes":""},"class_list":["post-2523","page","type-page","status-publish","hentry","eq-blocks"],"yoast_head":"<!-- This site is optimized with the Yoast SEO plugin v27.3 - https:\/\/yoast.com\/product\/yoast-seo-wordpress\/ -->\n<title>Const\u00e2ncia - Viajar Com Tempo<\/title>\n<meta name=\"robots\" content=\"index, follow, max-snippet:-1, max-image-preview:large, max-video-preview:-1\" \/>\n<link rel=\"canonical\" href=\"https:\/\/viajarcomtempo.eu\/?page_id=2523\" \/>\n<meta property=\"og:locale\" content=\"pt_PT\" \/>\n<meta property=\"og:type\" content=\"article\" \/>\n<meta property=\"og:title\" content=\"Const\u00e2ncia - Viajar Com Tempo\" \/>\n<meta property=\"og:description\" content=\"Voltar \u00e0 p\u00e1gina anterior Foi territ\u00f3rio ibero, romano, visigodo e mouro at\u00e9 que Gon\u00e7alves Mendes da Maia o conquistou para o Reino de Portugal. Em 1578, D. Sebasti\u00e3o elevou-o a vila. Situada no local onde o Z\u00eazere encontra ao Tejo, Const\u00e2ncia (ent\u00e3o, designada pelo nome de Punhete) \u00e9 conhecida por ter sido local de resid\u00eancia [&hellip;]\" \/>\n<meta property=\"og:url\" content=\"https:\/\/viajarcomtempo.eu\/?page_id=2523\" \/>\n<meta property=\"og:site_name\" content=\"Viajar Com Tempo\" \/>\n<meta property=\"article:modified_time\" content=\"2024-03-09T15:31:18+00:00\" \/>\n<meta name=\"twitter:card\" content=\"summary_large_image\" \/>\n<meta name=\"twitter:label1\" content=\"Tempo estimado de leitura\" \/>\n\t<meta name=\"twitter:data1\" content=\"1 minuto\" \/>\n<script type=\"application\/ld+json\" class=\"yoast-schema-graph\">{\"@context\":\"https:\\\/\\\/schema.org\",\"@graph\":[{\"@type\":\"WebPage\",\"@id\":\"https:\\\/\\\/viajarcomtempo.eu\\\/?page_id=2523\",\"url\":\"https:\\\/\\\/viajarcomtempo.eu\\\/?page_id=2523\",\"name\":\"Const\u00e2ncia - Viajar Com Tempo\",\"isPartOf\":{\"@id\":\"https:\\\/\\\/viajarcomtempo.eu\\\/#website\"},\"datePublished\":\"2024-03-09T15:06:51+00:00\",\"dateModified\":\"2024-03-09T15:31:18+00:00\",\"breadcrumb\":{\"@id\":\"https:\\\/\\\/viajarcomtempo.eu\\\/?page_id=2523#breadcrumb\"},\"inLanguage\":\"pt-PT\",\"potentialAction\":[{\"@type\":\"ReadAction\",\"target\":[\"https:\\\/\\\/viajarcomtempo.eu\\\/?page_id=2523\"]}]},{\"@type\":\"BreadcrumbList\",\"@id\":\"https:\\\/\\\/viajarcomtempo.eu\\\/?page_id=2523#breadcrumb\",\"itemListElement\":[{\"@type\":\"ListItem\",\"position\":1,\"name\":\"In\u00edcio\",\"item\":\"https:\\\/\\\/viajarcomtempo.eu\\\/\"},{\"@type\":\"ListItem\",\"position\":2,\"name\":\"Const\u00e2ncia\"}]},{\"@type\":\"WebSite\",\"@id\":\"https:\\\/\\\/viajarcomtempo.eu\\\/#website\",\"url\":\"https:\\\/\\\/viajarcomtempo.eu\\\/\",\"name\":\"Viajar Com Tempo\",\"description\":\"Roteiros para viajar sem pressa\",\"publisher\":{\"@id\":\"https:\\\/\\\/viajarcomtempo.eu\\\/#\\\/schema\\\/person\\\/2f6c8045b5e07d397d92d8e5cf7aee98\"},\"potentialAction\":[{\"@type\":\"SearchAction\",\"target\":{\"@type\":\"EntryPoint\",\"urlTemplate\":\"https:\\\/\\\/viajarcomtempo.eu\\\/?s={search_term_string}\"},\"query-input\":{\"@type\":\"PropertyValueSpecification\",\"valueRequired\":true,\"valueName\":\"search_term_string\"}}],\"inLanguage\":\"pt-PT\"},{\"@type\":[\"Person\",\"Organization\"],\"@id\":\"https:\\\/\\\/viajarcomtempo.eu\\\/#\\\/schema\\\/person\\\/2f6c8045b5e07d397d92d8e5cf7aee98\",\"name\":\"Jos\u00e9 Salvador\",\"logo\":{\"@id\":\"https:\\\/\\\/viajarcomtempo.eu\\\/#\\\/schema\\\/person\\\/image\\\/\"},\"sameAs\":[\"http:\\\/\\\/viajarcomtempo.eu\"]}]}<\/script>\n<!-- \/ Yoast SEO plugin. -->","yoast_head_json":{"title":"Const\u00e2ncia - Viajar Com Tempo","robots":{"index":"index","follow":"follow","max-snippet":"max-snippet:-1","max-image-preview":"max-image-preview:large","max-video-preview":"max-video-preview:-1"},"canonical":"https:\/\/viajarcomtempo.eu\/?page_id=2523","og_locale":"pt_PT","og_type":"article","og_title":"Const\u00e2ncia - Viajar Com Tempo","og_description":"Voltar \u00e0 p\u00e1gina anterior Foi territ\u00f3rio ibero, romano, visigodo e mouro at\u00e9 que Gon\u00e7alves Mendes da Maia o conquistou para o Reino de Portugal. Em 1578, D. Sebasti\u00e3o elevou-o a vila. Situada no local onde o Z\u00eazere encontra ao Tejo, Const\u00e2ncia (ent\u00e3o, designada pelo nome de Punhete) \u00e9 conhecida por ter sido local de resid\u00eancia [&hellip;]","og_url":"https:\/\/viajarcomtempo.eu\/?page_id=2523","og_site_name":"Viajar Com Tempo","article_modified_time":"2024-03-09T15:31:18+00:00","twitter_card":"summary_large_image","twitter_misc":{"Tempo estimado de leitura":"1 minuto"},"schema":{"@context":"https:\/\/schema.org","@graph":[{"@type":"WebPage","@id":"https:\/\/viajarcomtempo.eu\/?page_id=2523","url":"https:\/\/viajarcomtempo.eu\/?page_id=2523","name":"Const\u00e2ncia - Viajar Com Tempo","isPartOf":{"@id":"https:\/\/viajarcomtempo.eu\/#website"},"datePublished":"2024-03-09T15:06:51+00:00","dateModified":"2024-03-09T15:31:18+00:00","breadcrumb":{"@id":"https:\/\/viajarcomtempo.eu\/?page_id=2523#breadcrumb"},"inLanguage":"pt-PT","potentialAction":[{"@type":"ReadAction","target":["https:\/\/viajarcomtempo.eu\/?page_id=2523"]}]},{"@type":"BreadcrumbList","@id":"https:\/\/viajarcomtempo.eu\/?page_id=2523#breadcrumb","itemListElement":[{"@type":"ListItem","position":1,"name":"In\u00edcio","item":"https:\/\/viajarcomtempo.eu\/"},{"@type":"ListItem","position":2,"name":"Const\u00e2ncia"}]},{"@type":"WebSite","@id":"https:\/\/viajarcomtempo.eu\/#website","url":"https:\/\/viajarcomtempo.eu\/","name":"Viajar Com Tempo","description":"Roteiros para viajar sem pressa","publisher":{"@id":"https:\/\/viajarcomtempo.eu\/#\/schema\/person\/2f6c8045b5e07d397d92d8e5cf7aee98"},"potentialAction":[{"@type":"SearchAction","target":{"@type":"EntryPoint","urlTemplate":"https:\/\/viajarcomtempo.eu\/?s={search_term_string}"},"query-input":{"@type":"PropertyValueSpecification","valueRequired":true,"valueName":"search_term_string"}}],"inLanguage":"pt-PT"},{"@type":["Person","Organization"],"@id":"https:\/\/viajarcomtempo.eu\/#\/schema\/person\/2f6c8045b5e07d397d92d8e5cf7aee98","name":"Jos\u00e9 Salvador","logo":{"@id":"https:\/\/viajarcomtempo.eu\/#\/schema\/person\/image\/"},"sameAs":["http:\/\/viajarcomtempo.eu"]}]}},"_links":{"self":[{"href":"https:\/\/viajarcomtempo.eu\/index.php?rest_route=\/wp\/v2\/pages\/2523","targetHints":{"allow":["GET"]}}],"collection":[{"href":"https:\/\/viajarcomtempo.eu\/index.php?rest_route=\/wp\/v2\/pages"}],"about":[{"href":"https:\/\/viajarcomtempo.eu\/index.php?rest_route=\/wp\/v2\/types\/page"}],"author":[{"embeddable":true,"href":"https:\/\/viajarcomtempo.eu\/index.php?rest_route=\/wp\/v2\/users\/1"}],"replies":[{"embeddable":true,"href":"https:\/\/viajarcomtempo.eu\/index.php?rest_route=%2Fwp%2Fv2%2Fcomments&post=2523"}],"version-history":[{"count":2,"href":"https:\/\/viajarcomtempo.eu\/index.php?rest_route=\/wp\/v2\/pages\/2523\/revisions"}],"predecessor-version":[{"id":2530,"href":"https:\/\/viajarcomtempo.eu\/index.php?rest_route=\/wp\/v2\/pages\/2523\/revisions\/2530"}],"wp:attachment":[{"href":"https:\/\/viajarcomtempo.eu\/index.php?rest_route=%2Fwp%2Fv2%2Fmedia&parent=2523"}],"curies":[{"name":"wp","href":"https:\/\/api.w.org\/{rel}","templated":true}]}}