{"id":2540,"date":"2024-03-10T18:05:58","date_gmt":"2024-03-10T18:05:58","guid":{"rendered":"https:\/\/viajarcomtempo.eu\/?page_id=2540"},"modified":"2024-03-10T19:59:18","modified_gmt":"2024-03-10T19:59:18","slug":"chaves-3-5-2-2-4-2-2-2-2-2-2-2-2-3","status":"publish","type":"page","link":"https:\/\/viajarcomtempo.eu\/?page_id=2540","title":{"rendered":"Ferreira do Z\u00eazere"},"content":{"rendered":"\n<script>\/\/ <![CDATA[\nfunction goBack() { window.history.back() }\n\/\/ ]]><\/script>\n<button onclick=\"goBack()\"><strong>Voltar \u00e0 p\u00e1gina anterior<\/strong><\/button>\n<br><br>\n\n\n\n<p class=\"wp-block-paragraph\">Em 1159, D. Afonso Henriques doa \u00e0 Ordem dos Templ\u00e1rios o termo de C\u00earas, que inclui cerca de metade da \u00e1rea do Concelho. Em 1190, D. Sancho e sua mulher doam a sua herdade de Vale de Orjais a Pedro Ferreiro, um besteiro do rei, como recompensa pela sua bravura contra os mouros na defesa de Montemor \u2013 o \u2013 Novo.<\/p>\n\n\n\n<p class=\"wp-block-paragraph\">Trinta e dois anos mais tarde, \u00e9 atribu\u00eddo foral a Vila Ferreiro por Pedro Ferreiro e Maria Vasques, A partir de 1306 passa a pertencer aos Templ\u00e1rios. Em 1319 transita para a Ordem de Cristo, dividida em diversas comendas (c\u00e9lulas administrativas concedidas a eclesi\u00e1sticos e cavaleiros de ordens militares).<\/p>\n\n\n\n<p class=\"wp-block-paragraph\">D. Nuno Rodrigues, mestre desta ordem, coloca a primeira pedra para constru\u00e7\u00e3o dos pa\u00e7os de Ferreira do Z\u00eazere em 1362.<\/p>\n\n\n\n<p class=\"wp-block-paragraph\">O concelho data de 1517, altura em que os seus habitantes se negaram a prestar juramento a&nbsp;Vila de Rei. Tal facto provocou dist\u00farbios entre ambas as povoa\u00e7\u00f5es, levando o rei D. Miguel I a elevar Ferreira do Z\u00eazere a concelho.<\/p>\n\n\n\n<div class=\"wp-block-group\"><div class=\"wp-block-group__inner-container is-layout-flow wp-block-group-is-layout-flow\">\n<div class=\"wp-block-columns is-layout-flex wp-container-core-columns-is-layout-8f761849 wp-block-columns-is-layout-flex\">\n<div class=\"wp-block-column is-layout-flow wp-block-column-is-layout-flow\" style=\"flex-basis:100%\">\n<div class=\"wp-block-group\"><div class=\"wp-block-group__inner-container is-layout-flow wp-block-group-is-layout-flow\">\n<div class=\"wp-block-columns is-layout-flex wp-container-core-columns-is-layout-8f761849 wp-block-columns-is-layout-flex\">\n<div class=\"wp-block-column is-layout-flow wp-block-column-is-layout-flow\" style=\"flex-basis:100%\">\n<figure class=\"wp-block-table is-style-regular\"><table class=\"has-background\" style=\"background-color:#e7f5fe\"><tbody><tr><td><strong>Site da CM Ferreira do Z\u00eazere<\/strong><\/td><td><a href=\"https:\/\/ferreiradozezere.pt\/\" target=\"_blank\" rel=\"noreferrer noopener\">cm-ferreiradozezere.pt<\/a><\/td><\/tr><tr><td><strong>Posto de Turismo<\/strong><\/td><td>Pra\u00e7a Dias Ferreira n.\u00ba 38 2240-341 Ferreira do Z\u00eazere.<br>Telefone: 249360151<br>E-Mail:<a href=\"mailto:turismo@cm-ferreiradozezere.pt\">turismo@cm-ferreiradozezere.pt<\/a><\/td><\/tr><tr><td><strong>Naturais de  Ferreira do Z\u00eazere<\/strong><\/td><td>Ferreirenses.<\/td><\/tr><tr><td><strong>Artesanato<\/strong><\/td><td>Barcos Tradicionais, Cestaria e Tanoaria<\/td><\/tr><tr><td><strong>Festas e Romarias<\/strong><\/td><td>Festa anual de S. Br\u00e1s a 3 de fevereiro;<br>Festa anual de 13 de junho;<br>Festa anual Sto. Ant\u00f3nio a 17 de julho;<br>Festa do Beco a 19 de julho;<br>Festa anual do Queijo na quinta-feira de Ascens\u00e3o e domingo de Pascoela; em Areias;<br>Festa anual de S. Miguel, nos dias 28 e 29 de setembro;<br>A famosa romaria de N. Sra. do&nbsp;Pra, em Dornes, no domingo de Pentecostes.<\/td><\/tr><\/tbody><\/table><\/figure>\n<\/div>\n<\/div>\n<\/div><\/div>\n\n\n\n<p class=\"has-medium-font-size wp-block-paragraph\">Para mais informa\u00e7\u00e3o ver Ficheiro PDF do <a href=\"https:\/\/viajarcomtempo.eu\/wp-content\/uploads\/2024\/03\/FerreiraZezere.pdf\" target=\"_blank\" rel=\"noreferrer noopener\">Concelho de Ferreira do Z\u00eazere<\/a><\/p>\n<\/div>\n<\/div>\n<\/div><\/div>\n\n\n\n<script>\/\/ <![CDATA[\nfunction goBack() { window.history.back() }\n\/\/ ]]><\/script>\n<button onclick=\"goBack()\"><strong>Voltar \u00e0 p\u00e1gina anterior<\/strong><\/button>\n<br><br>\n","protected":false},"excerpt":{"rendered":"<p>Voltar \u00e0 p\u00e1gina anterior Em 1159, D. Afonso Henriques doa \u00e0 Ordem dos Templ\u00e1rios o termo de C\u00earas, que inclui cerca de metade da \u00e1rea do Concelho. Em 1190, D. Sancho e sua mulher doam a sua herdade de Vale de Orjais a Pedro Ferreiro, um besteiro do rei, como recompensa pela sua bravura contra [&hellip;]<\/p>\n","protected":false},"author":1,"featured_media":0,"parent":0,"menu_order":0,"comment_status":"closed","ping_status":"closed","template":"","meta":{"_crdt_document":"","footnotes":""},"class_list":["post-2540","page","type-page","status-publish","hentry","eq-blocks"],"yoast_head":"<!-- This site is optimized with the Yoast SEO plugin v27.3 - https:\/\/yoast.com\/product\/yoast-seo-wordpress\/ -->\n<title>Ferreira do Z\u00eazere - Viajar Com Tempo<\/title>\n<meta name=\"robots\" content=\"index, follow, max-snippet:-1, max-image-preview:large, max-video-preview:-1\" \/>\n<link rel=\"canonical\" href=\"https:\/\/viajarcomtempo.eu\/?page_id=2540\" \/>\n<meta property=\"og:locale\" content=\"pt_PT\" \/>\n<meta property=\"og:type\" content=\"article\" \/>\n<meta property=\"og:title\" content=\"Ferreira do Z\u00eazere - Viajar Com Tempo\" \/>\n<meta property=\"og:description\" content=\"Voltar \u00e0 p\u00e1gina anterior Em 1159, D. Afonso Henriques doa \u00e0 Ordem dos Templ\u00e1rios o termo de C\u00earas, que inclui cerca de metade da \u00e1rea do Concelho. Em 1190, D. Sancho e sua mulher doam a sua herdade de Vale de Orjais a Pedro Ferreiro, um besteiro do rei, como recompensa pela sua bravura contra [&hellip;]\" \/>\n<meta property=\"og:url\" content=\"https:\/\/viajarcomtempo.eu\/?page_id=2540\" \/>\n<meta property=\"og:site_name\" content=\"Viajar Com Tempo\" \/>\n<meta property=\"article:modified_time\" content=\"2024-03-10T19:59:18+00:00\" \/>\n<meta name=\"twitter:card\" content=\"summary_large_image\" \/>\n<meta name=\"twitter:label1\" content=\"Tempo estimado de leitura\" \/>\n\t<meta name=\"twitter:data1\" content=\"1 minuto\" \/>\n<script type=\"application\/ld+json\" class=\"yoast-schema-graph\">{\"@context\":\"https:\\\/\\\/schema.org\",\"@graph\":[{\"@type\":\"WebPage\",\"@id\":\"https:\\\/\\\/viajarcomtempo.eu\\\/?page_id=2540\",\"url\":\"https:\\\/\\\/viajarcomtempo.eu\\\/?page_id=2540\",\"name\":\"Ferreira do Z\u00eazere - Viajar Com Tempo\",\"isPartOf\":{\"@id\":\"https:\\\/\\\/viajarcomtempo.eu\\\/#website\"},\"datePublished\":\"2024-03-10T18:05:58+00:00\",\"dateModified\":\"2024-03-10T19:59:18+00:00\",\"breadcrumb\":{\"@id\":\"https:\\\/\\\/viajarcomtempo.eu\\\/?page_id=2540#breadcrumb\"},\"inLanguage\":\"pt-PT\",\"potentialAction\":[{\"@type\":\"ReadAction\",\"target\":[\"https:\\\/\\\/viajarcomtempo.eu\\\/?page_id=2540\"]}]},{\"@type\":\"BreadcrumbList\",\"@id\":\"https:\\\/\\\/viajarcomtempo.eu\\\/?page_id=2540#breadcrumb\",\"itemListElement\":[{\"@type\":\"ListItem\",\"position\":1,\"name\":\"In\u00edcio\",\"item\":\"https:\\\/\\\/viajarcomtempo.eu\\\/\"},{\"@type\":\"ListItem\",\"position\":2,\"name\":\"Ferreira do Z\u00eazere\"}]},{\"@type\":\"WebSite\",\"@id\":\"https:\\\/\\\/viajarcomtempo.eu\\\/#website\",\"url\":\"https:\\\/\\\/viajarcomtempo.eu\\\/\",\"name\":\"Viajar Com Tempo\",\"description\":\"Roteiros para viajar sem pressa\",\"publisher\":{\"@id\":\"https:\\\/\\\/viajarcomtempo.eu\\\/#\\\/schema\\\/person\\\/2f6c8045b5e07d397d92d8e5cf7aee98\"},\"potentialAction\":[{\"@type\":\"SearchAction\",\"target\":{\"@type\":\"EntryPoint\",\"urlTemplate\":\"https:\\\/\\\/viajarcomtempo.eu\\\/?s={search_term_string}\"},\"query-input\":{\"@type\":\"PropertyValueSpecification\",\"valueRequired\":true,\"valueName\":\"search_term_string\"}}],\"inLanguage\":\"pt-PT\"},{\"@type\":[\"Person\",\"Organization\"],\"@id\":\"https:\\\/\\\/viajarcomtempo.eu\\\/#\\\/schema\\\/person\\\/2f6c8045b5e07d397d92d8e5cf7aee98\",\"name\":\"Jos\u00e9 Salvador\",\"logo\":{\"@id\":\"https:\\\/\\\/viajarcomtempo.eu\\\/#\\\/schema\\\/person\\\/image\\\/\"},\"sameAs\":[\"http:\\\/\\\/viajarcomtempo.eu\"]}]}<\/script>\n<!-- \/ Yoast SEO plugin. -->","yoast_head_json":{"title":"Ferreira do Z\u00eazere - Viajar Com Tempo","robots":{"index":"index","follow":"follow","max-snippet":"max-snippet:-1","max-image-preview":"max-image-preview:large","max-video-preview":"max-video-preview:-1"},"canonical":"https:\/\/viajarcomtempo.eu\/?page_id=2540","og_locale":"pt_PT","og_type":"article","og_title":"Ferreira do Z\u00eazere - Viajar Com Tempo","og_description":"Voltar \u00e0 p\u00e1gina anterior Em 1159, D. Afonso Henriques doa \u00e0 Ordem dos Templ\u00e1rios o termo de C\u00earas, que inclui cerca de metade da \u00e1rea do Concelho. Em 1190, D. Sancho e sua mulher doam a sua herdade de Vale de Orjais a Pedro Ferreiro, um besteiro do rei, como recompensa pela sua bravura contra [&hellip;]","og_url":"https:\/\/viajarcomtempo.eu\/?page_id=2540","og_site_name":"Viajar Com Tempo","article_modified_time":"2024-03-10T19:59:18+00:00","twitter_card":"summary_large_image","twitter_misc":{"Tempo estimado de leitura":"1 minuto"},"schema":{"@context":"https:\/\/schema.org","@graph":[{"@type":"WebPage","@id":"https:\/\/viajarcomtempo.eu\/?page_id=2540","url":"https:\/\/viajarcomtempo.eu\/?page_id=2540","name":"Ferreira do Z\u00eazere - Viajar Com Tempo","isPartOf":{"@id":"https:\/\/viajarcomtempo.eu\/#website"},"datePublished":"2024-03-10T18:05:58+00:00","dateModified":"2024-03-10T19:59:18+00:00","breadcrumb":{"@id":"https:\/\/viajarcomtempo.eu\/?page_id=2540#breadcrumb"},"inLanguage":"pt-PT","potentialAction":[{"@type":"ReadAction","target":["https:\/\/viajarcomtempo.eu\/?page_id=2540"]}]},{"@type":"BreadcrumbList","@id":"https:\/\/viajarcomtempo.eu\/?page_id=2540#breadcrumb","itemListElement":[{"@type":"ListItem","position":1,"name":"In\u00edcio","item":"https:\/\/viajarcomtempo.eu\/"},{"@type":"ListItem","position":2,"name":"Ferreira do Z\u00eazere"}]},{"@type":"WebSite","@id":"https:\/\/viajarcomtempo.eu\/#website","url":"https:\/\/viajarcomtempo.eu\/","name":"Viajar Com Tempo","description":"Roteiros para viajar sem pressa","publisher":{"@id":"https:\/\/viajarcomtempo.eu\/#\/schema\/person\/2f6c8045b5e07d397d92d8e5cf7aee98"},"potentialAction":[{"@type":"SearchAction","target":{"@type":"EntryPoint","urlTemplate":"https:\/\/viajarcomtempo.eu\/?s={search_term_string}"},"query-input":{"@type":"PropertyValueSpecification","valueRequired":true,"valueName":"search_term_string"}}],"inLanguage":"pt-PT"},{"@type":["Person","Organization"],"@id":"https:\/\/viajarcomtempo.eu\/#\/schema\/person\/2f6c8045b5e07d397d92d8e5cf7aee98","name":"Jos\u00e9 Salvador","logo":{"@id":"https:\/\/viajarcomtempo.eu\/#\/schema\/person\/image\/"},"sameAs":["http:\/\/viajarcomtempo.eu"]}]}},"_links":{"self":[{"href":"https:\/\/viajarcomtempo.eu\/index.php?rest_route=\/wp\/v2\/pages\/2540","targetHints":{"allow":["GET"]}}],"collection":[{"href":"https:\/\/viajarcomtempo.eu\/index.php?rest_route=\/wp\/v2\/pages"}],"about":[{"href":"https:\/\/viajarcomtempo.eu\/index.php?rest_route=\/wp\/v2\/types\/page"}],"author":[{"embeddable":true,"href":"https:\/\/viajarcomtempo.eu\/index.php?rest_route=\/wp\/v2\/users\/1"}],"replies":[{"embeddable":true,"href":"https:\/\/viajarcomtempo.eu\/index.php?rest_route=%2Fwp%2Fv2%2Fcomments&post=2540"}],"version-history":[{"count":3,"href":"https:\/\/viajarcomtempo.eu\/index.php?rest_route=\/wp\/v2\/pages\/2540\/revisions"}],"predecessor-version":[{"id":2549,"href":"https:\/\/viajarcomtempo.eu\/index.php?rest_route=\/wp\/v2\/pages\/2540\/revisions\/2549"}],"wp:attachment":[{"href":"https:\/\/viajarcomtempo.eu\/index.php?rest_route=%2Fwp%2Fv2%2Fmedia&parent=2540"}],"curies":[{"name":"wp","href":"https:\/\/api.w.org\/{rel}","templated":true}]}}