{"id":2550,"date":"2024-03-11T15:02:20","date_gmt":"2024-03-11T15:02:20","guid":{"rendered":"https:\/\/viajarcomtempo.eu\/?page_id=2550"},"modified":"2024-03-11T16:07:54","modified_gmt":"2024-03-11T16:07:54","slug":"chaves-3-5-2-2-4-2-2-2-3","status":"publish","type":"page","link":"https:\/\/viajarcomtempo.eu\/?page_id=2550","title":{"rendered":"Ma\u00e7\u00e3o"},"content":{"rendered":"\n<script>\/\/ <![CDATA[\nfunction goBack() { window.history.back() }\n\/\/ ]]><\/script>\n<button onclick=\"goBack()\"><strong>Voltar \u00e0 p\u00e1gina anterior<\/strong><\/button>\n<br><br>\n\n\n\n<p class=\"wp-block-paragraph\">Ma\u00e7\u00e3o era, nos come\u00e7os da nacionalidade, um pequeno lugar que pertenceu at\u00e9 ao primeiro quartel do s\u00e9culo XIV, ao termo de Belver na Ordem de Malta. O primeiro foral de independente, foi-lhe dado pela Rainha Santa Isabel e, em 1355, foi renovado por D. Pedro I. <\/p>\n\n\n\n<p class=\"wp-block-paragraph\">O Concelho de Ma\u00e7\u00e3o \u00e9 bastante rico em vest\u00edgios arqueol\u00f3gicos que se encontram espalhados um pouco por toda a regi\u00e3o. Achados do Paleol\u00edtico foram encontrados sobretudo junto \u00e0 Ribeira das Boas Eiras, mas recentemente foram descobertas algumas gravuras rupestres junto \u00e0 Ribeira da Ocreza, entre elas a representa\u00e7\u00e3o de um equ\u00eddeo (cavalo), o primeiro achado de arte paleol\u00edtica ao ar livre no sul de Portugal, que segundo os especialistas ter\u00e1 mais de 20 000 anos.<\/p>\n\n\n\n<p class=\"wp-block-paragraph\">No campo da arqueologia, a riqueza do concelho \u00e9, sobretudo, da \u00e9poca Romana como o balne\u00e1rio romano em Ortiga e as esta\u00e7\u00f5es de Vale do Junco e Vale do Grou. O mais c\u00e9lebre de todos os achados, foi o tesouro da Idade do Bronze do Porto do Concelho em 1943, que se compunha de 42 pe\u00e7as (foices, lan\u00e7as, machados, espadas, punhais, braceletes, etc.)<\/p>\n\n\n\n<div class=\"wp-block-group\"><div class=\"wp-block-group__inner-container is-layout-flow wp-block-group-is-layout-flow\">\n<div class=\"wp-block-columns is-layout-flex wp-container-core-columns-is-layout-8f761849 wp-block-columns-is-layout-flex\">\n<div class=\"wp-block-column is-layout-flow wp-block-column-is-layout-flow\" style=\"flex-basis:100%\">\n<div class=\"wp-block-group\"><div class=\"wp-block-group__inner-container is-layout-flow wp-block-group-is-layout-flow\">\n<div class=\"wp-block-columns is-layout-flex wp-container-core-columns-is-layout-8f761849 wp-block-columns-is-layout-flex\">\n<div class=\"wp-block-column is-layout-flow wp-block-column-is-layout-flow\" style=\"flex-basis:100%\">\n<figure class=\"wp-block-table is-style-regular\"><table class=\"has-background\" style=\"background-color:#e7f5fe\"><tbody><tr><td><strong>Site da CM de Ma\u00e7\u00e3o<\/strong><\/td><td><a href=\"http:\/\/www.cm-macao.pt\/\" target=\"_blank\" rel=\"noreferrer noopener\">https:\/\/www.cm-macao.pt\/<\/a><\/td><\/tr><tr><td><strong>Posto de Turismo<\/strong><\/td><td>Largo dos Bombeiros Volunt\u00e1rios, 6120-750 Ma\u00e7\u00e3o.<br>Telefone: 241 573 450.<br>E-mail:turismo@cm-macao.pt e geral@turismodocentro.pt.<\/td><\/tr><tr><td><strong>Naturais de <strong><strong>Ma\u00e7\u00e3o<\/strong><\/strong><\/strong><\/td><td><strong>Ma\u00e7anicos<\/strong>&nbsp;ou <strong>Ma\u00e7aenses<\/strong>.<\/td><\/tr><tr><td><strong>Artesanato<\/strong><\/td><td>Olaria, latoaria, albarda&nbsp;e correias, trabalhos em esparto e arame, <br>rendas e bordados, tecelagem em fios de&nbsp;algod\u00e3o,&nbsp;l\u00e3&nbsp;e&nbsp;linho, <br>mantas tecidas em teares manuais, brinquedos de madeira e barcos e redes de pesca.<\/td><\/tr><tr><td><strong>Festas e Romarias<\/strong><\/td><td>Feira dos Ramos, que ocorre sempre no&nbsp;Domingo de Ramos;<br>Feira dos Santos, a 1 ou 2 de Novembro;<br>Feira de Artesanato e Gastronomia, no 1.\u00ba e 2.\u00ba fim-de-semana de Julho;<br>Festa de Santa Maria, no 1.\u00ba fim-de-semana de Setembro.<\/td><\/tr><\/tbody><\/table><\/figure>\n<\/div>\n<\/div>\n<\/div><\/div>\n\n\n\n<p class=\"has-medium-font-size wp-block-paragraph\">Para mais informa\u00e7\u00e3o ver Ficheiro PDF do <a href=\"https:\/\/viajarcomtempo.eu\/wp-content\/uploads\/2024\/03\/Macao.pdf\" target=\"_blank\" rel=\"noreferrer noopener\">Concelho de Ma\u00e7\u00e3o<\/a><\/p>\n<\/div>\n<\/div>\n<\/div><\/div>\n\n\n\n<script>\/\/ <![CDATA[\nfunction goBack() { window.history.back() }\n\/\/ ]]><\/script>\n<button onclick=\"goBack()\"><strong>Voltar \u00e0 p\u00e1gina anterior<\/strong><\/button>\n<br><br>\n","protected":false},"excerpt":{"rendered":"<p>Voltar \u00e0 p\u00e1gina anterior Ma\u00e7\u00e3o era, nos come\u00e7os da nacionalidade, um pequeno lugar que pertenceu at\u00e9 ao primeiro quartel do s\u00e9culo XIV, ao termo de Belver na Ordem de Malta. O primeiro foral de independente, foi-lhe dado pela Rainha Santa Isabel e, em 1355, foi renovado por D. Pedro I. O Concelho de Ma\u00e7\u00e3o \u00e9 [&hellip;]<\/p>\n","protected":false},"author":1,"featured_media":0,"parent":0,"menu_order":0,"comment_status":"closed","ping_status":"closed","template":"","meta":{"_crdt_document":"","footnotes":""},"class_list":["post-2550","page","type-page","status-publish","hentry","eq-blocks"],"yoast_head":"<!-- This site is optimized with the Yoast SEO plugin v27.3 - https:\/\/yoast.com\/product\/yoast-seo-wordpress\/ -->\n<title>Ma\u00e7\u00e3o - Viajar Com Tempo<\/title>\n<meta name=\"robots\" content=\"index, follow, max-snippet:-1, max-image-preview:large, max-video-preview:-1\" \/>\n<link rel=\"canonical\" href=\"https:\/\/viajarcomtempo.eu\/?page_id=2550\" \/>\n<meta property=\"og:locale\" content=\"pt_PT\" \/>\n<meta property=\"og:type\" content=\"article\" \/>\n<meta property=\"og:title\" content=\"Ma\u00e7\u00e3o - Viajar Com Tempo\" \/>\n<meta property=\"og:description\" content=\"Voltar \u00e0 p\u00e1gina anterior Ma\u00e7\u00e3o era, nos come\u00e7os da nacionalidade, um pequeno lugar que pertenceu at\u00e9 ao primeiro quartel do s\u00e9culo XIV, ao termo de Belver na Ordem de Malta. O primeiro foral de independente, foi-lhe dado pela Rainha Santa Isabel e, em 1355, foi renovado por D. Pedro I. O Concelho de Ma\u00e7\u00e3o \u00e9 [&hellip;]\" \/>\n<meta property=\"og:url\" content=\"https:\/\/viajarcomtempo.eu\/?page_id=2550\" \/>\n<meta property=\"og:site_name\" content=\"Viajar Com Tempo\" \/>\n<meta property=\"article:modified_time\" content=\"2024-03-11T16:07:54+00:00\" \/>\n<meta name=\"twitter:card\" content=\"summary_large_image\" \/>\n<meta name=\"twitter:label1\" content=\"Tempo estimado de leitura\" \/>\n\t<meta name=\"twitter:data1\" content=\"2 minutos\" \/>\n<script type=\"application\/ld+json\" class=\"yoast-schema-graph\">{\"@context\":\"https:\\\/\\\/schema.org\",\"@graph\":[{\"@type\":\"WebPage\",\"@id\":\"https:\\\/\\\/viajarcomtempo.eu\\\/?page_id=2550\",\"url\":\"https:\\\/\\\/viajarcomtempo.eu\\\/?page_id=2550\",\"name\":\"Ma\u00e7\u00e3o - Viajar Com Tempo\",\"isPartOf\":{\"@id\":\"https:\\\/\\\/viajarcomtempo.eu\\\/#website\"},\"datePublished\":\"2024-03-11T15:02:20+00:00\",\"dateModified\":\"2024-03-11T16:07:54+00:00\",\"breadcrumb\":{\"@id\":\"https:\\\/\\\/viajarcomtempo.eu\\\/?page_id=2550#breadcrumb\"},\"inLanguage\":\"pt-PT\",\"potentialAction\":[{\"@type\":\"ReadAction\",\"target\":[\"https:\\\/\\\/viajarcomtempo.eu\\\/?page_id=2550\"]}]},{\"@type\":\"BreadcrumbList\",\"@id\":\"https:\\\/\\\/viajarcomtempo.eu\\\/?page_id=2550#breadcrumb\",\"itemListElement\":[{\"@type\":\"ListItem\",\"position\":1,\"name\":\"In\u00edcio\",\"item\":\"https:\\\/\\\/viajarcomtempo.eu\\\/\"},{\"@type\":\"ListItem\",\"position\":2,\"name\":\"Ma\u00e7\u00e3o\"}]},{\"@type\":\"WebSite\",\"@id\":\"https:\\\/\\\/viajarcomtempo.eu\\\/#website\",\"url\":\"https:\\\/\\\/viajarcomtempo.eu\\\/\",\"name\":\"Viajar Com Tempo\",\"description\":\"Roteiros para viajar sem pressa\",\"publisher\":{\"@id\":\"https:\\\/\\\/viajarcomtempo.eu\\\/#\\\/schema\\\/person\\\/2f6c8045b5e07d397d92d8e5cf7aee98\"},\"potentialAction\":[{\"@type\":\"SearchAction\",\"target\":{\"@type\":\"EntryPoint\",\"urlTemplate\":\"https:\\\/\\\/viajarcomtempo.eu\\\/?s={search_term_string}\"},\"query-input\":{\"@type\":\"PropertyValueSpecification\",\"valueRequired\":true,\"valueName\":\"search_term_string\"}}],\"inLanguage\":\"pt-PT\"},{\"@type\":[\"Person\",\"Organization\"],\"@id\":\"https:\\\/\\\/viajarcomtempo.eu\\\/#\\\/schema\\\/person\\\/2f6c8045b5e07d397d92d8e5cf7aee98\",\"name\":\"Jos\u00e9 Salvador\",\"logo\":{\"@id\":\"https:\\\/\\\/viajarcomtempo.eu\\\/#\\\/schema\\\/person\\\/image\\\/\"},\"sameAs\":[\"http:\\\/\\\/viajarcomtempo.eu\"]}]}<\/script>\n<!-- \/ Yoast SEO plugin. -->","yoast_head_json":{"title":"Ma\u00e7\u00e3o - Viajar Com Tempo","robots":{"index":"index","follow":"follow","max-snippet":"max-snippet:-1","max-image-preview":"max-image-preview:large","max-video-preview":"max-video-preview:-1"},"canonical":"https:\/\/viajarcomtempo.eu\/?page_id=2550","og_locale":"pt_PT","og_type":"article","og_title":"Ma\u00e7\u00e3o - Viajar Com Tempo","og_description":"Voltar \u00e0 p\u00e1gina anterior Ma\u00e7\u00e3o era, nos come\u00e7os da nacionalidade, um pequeno lugar que pertenceu at\u00e9 ao primeiro quartel do s\u00e9culo XIV, ao termo de Belver na Ordem de Malta. O primeiro foral de independente, foi-lhe dado pela Rainha Santa Isabel e, em 1355, foi renovado por D. Pedro I. O Concelho de Ma\u00e7\u00e3o \u00e9 [&hellip;]","og_url":"https:\/\/viajarcomtempo.eu\/?page_id=2550","og_site_name":"Viajar Com Tempo","article_modified_time":"2024-03-11T16:07:54+00:00","twitter_card":"summary_large_image","twitter_misc":{"Tempo estimado de leitura":"2 minutos"},"schema":{"@context":"https:\/\/schema.org","@graph":[{"@type":"WebPage","@id":"https:\/\/viajarcomtempo.eu\/?page_id=2550","url":"https:\/\/viajarcomtempo.eu\/?page_id=2550","name":"Ma\u00e7\u00e3o - Viajar Com Tempo","isPartOf":{"@id":"https:\/\/viajarcomtempo.eu\/#website"},"datePublished":"2024-03-11T15:02:20+00:00","dateModified":"2024-03-11T16:07:54+00:00","breadcrumb":{"@id":"https:\/\/viajarcomtempo.eu\/?page_id=2550#breadcrumb"},"inLanguage":"pt-PT","potentialAction":[{"@type":"ReadAction","target":["https:\/\/viajarcomtempo.eu\/?page_id=2550"]}]},{"@type":"BreadcrumbList","@id":"https:\/\/viajarcomtempo.eu\/?page_id=2550#breadcrumb","itemListElement":[{"@type":"ListItem","position":1,"name":"In\u00edcio","item":"https:\/\/viajarcomtempo.eu\/"},{"@type":"ListItem","position":2,"name":"Ma\u00e7\u00e3o"}]},{"@type":"WebSite","@id":"https:\/\/viajarcomtempo.eu\/#website","url":"https:\/\/viajarcomtempo.eu\/","name":"Viajar Com Tempo","description":"Roteiros para viajar sem pressa","publisher":{"@id":"https:\/\/viajarcomtempo.eu\/#\/schema\/person\/2f6c8045b5e07d397d92d8e5cf7aee98"},"potentialAction":[{"@type":"SearchAction","target":{"@type":"EntryPoint","urlTemplate":"https:\/\/viajarcomtempo.eu\/?s={search_term_string}"},"query-input":{"@type":"PropertyValueSpecification","valueRequired":true,"valueName":"search_term_string"}}],"inLanguage":"pt-PT"},{"@type":["Person","Organization"],"@id":"https:\/\/viajarcomtempo.eu\/#\/schema\/person\/2f6c8045b5e07d397d92d8e5cf7aee98","name":"Jos\u00e9 Salvador","logo":{"@id":"https:\/\/viajarcomtempo.eu\/#\/schema\/person\/image\/"},"sameAs":["http:\/\/viajarcomtempo.eu"]}]}},"_links":{"self":[{"href":"https:\/\/viajarcomtempo.eu\/index.php?rest_route=\/wp\/v2\/pages\/2550","targetHints":{"allow":["GET"]}}],"collection":[{"href":"https:\/\/viajarcomtempo.eu\/index.php?rest_route=\/wp\/v2\/pages"}],"about":[{"href":"https:\/\/viajarcomtempo.eu\/index.php?rest_route=\/wp\/v2\/types\/page"}],"author":[{"embeddable":true,"href":"https:\/\/viajarcomtempo.eu\/index.php?rest_route=\/wp\/v2\/users\/1"}],"replies":[{"embeddable":true,"href":"https:\/\/viajarcomtempo.eu\/index.php?rest_route=%2Fwp%2Fv2%2Fcomments&post=2550"}],"version-history":[{"count":4,"href":"https:\/\/viajarcomtempo.eu\/index.php?rest_route=\/wp\/v2\/pages\/2550\/revisions"}],"predecessor-version":[{"id":2559,"href":"https:\/\/viajarcomtempo.eu\/index.php?rest_route=\/wp\/v2\/pages\/2550\/revisions\/2559"}],"wp:attachment":[{"href":"https:\/\/viajarcomtempo.eu\/index.php?rest_route=%2Fwp%2Fv2%2Fmedia&parent=2550"}],"curies":[{"name":"wp","href":"https:\/\/api.w.org\/{rel}","templated":true}]}}