{"id":2561,"date":"2024-03-12T17:57:34","date_gmt":"2024-03-12T17:57:34","guid":{"rendered":"https:\/\/viajarcomtempo.eu\/?page_id=2561"},"modified":"2024-03-12T19:07:39","modified_gmt":"2024-03-12T19:07:39","slug":"chaves-3-5-2-2-4-2-2-2-3-2","status":"publish","type":"page","link":"https:\/\/viajarcomtempo.eu\/?page_id=2561","title":{"rendered":"Our\u00e9m"},"content":{"rendered":"\n<script>\/\/ <![CDATA[\nfunction goBack() { window.history.back() }\n\/\/ ]]><\/script>\n<button onclick=\"goBack()\"><strong>Voltar \u00e0 p\u00e1gina anterior<\/strong><\/button>\n<br><br>\n\n\n\n<p class=\"wp-block-paragraph\">A Gruta do Papagaio, em F\u00e1tima, evidencia a presen\u00e7a do homem desde h\u00e1 6.500 anos e a Gruta dos Furos (Formigais) evidencia a presen\u00e7a do homem desde o Neol\u00edtico.<\/p>\n\n\n\n<p class=\"wp-block-paragraph\">O concelho recebeu foral em 1180, atribu\u00eddo pela infanta D. Teresa de Portugal, Condessa da Flandres, filha do rei D. Afonso Henriques e da rainha Mafalda de Saboia. Nesse documento refere-se que aquele lugar se chamava em latim Auren.<\/p>\n\n\n\n<p class=\"wp-block-paragraph\">O n\u00facleo hist\u00f3rico desenvolveu-se em torno do Castelo de Our\u00e9m, que teve no tempo de D. Afonso de Bragan\u00e7a, 4.\u00ba Conde de Our\u00e9m, um per\u00edodo de grande desenvolvimento<\/p>\n\n\n\n<p class=\"wp-block-paragraph\">Our\u00e9m desenvolveu-se em redor do castelo que foi mandado construir no s\u00e9culo XII por D. Afonso Henriques e que tinha como principal objetivo ser um ponto estrat\u00e9gico de defesa contra poss\u00edveis invasores face \u00e0 sua localiza\u00e7\u00e3o privilegiada.<\/p>\n\n\n\n<p class=\"wp-block-paragraph\">Em 1841 a sede do concelho passou da zona hist\u00f3rica do castelo para o vale onde se encontra atualmente.<\/p>\n\n\n\n<div class=\"wp-block-group\"><div class=\"wp-block-group__inner-container is-layout-flow wp-block-group-is-layout-flow\">\n<div class=\"wp-block-columns is-layout-flex wp-container-core-columns-is-layout-8f761849 wp-block-columns-is-layout-flex\">\n<div class=\"wp-block-column is-layout-flow wp-block-column-is-layout-flow\" style=\"flex-basis:100%\">\n<div class=\"wp-block-group\"><div class=\"wp-block-group__inner-container is-layout-flow wp-block-group-is-layout-flow\">\n<div class=\"wp-block-columns is-layout-flex wp-container-core-columns-is-layout-8f761849 wp-block-columns-is-layout-flex\">\n<div class=\"wp-block-column is-layout-flow wp-block-column-is-layout-flow\" style=\"flex-basis:100%\">\n<figure class=\"wp-block-table is-style-regular\"><table class=\"has-background\" style=\"background-color:#e7f5fe\"><tbody><tr><td><strong>Site da CM de Our\u00e9m<\/strong><\/td><td><a href=\"http:\/\/www.cm-Ourem.pt\/\" target=\"_blank\" rel=\"noreferrer noopener\">https:\/\/www.cm-Ourem.pt\/<\/a><\/td><\/tr><tr><td><strong>Posto de Turismo<\/strong><\/td><td>Largo do Pelourinho &#8211; Castelo 2490-472 Our\u00e9m.<br>Telefone: 910 502 917, E-mail: geral@turismodocentro.pt<\/td><\/tr><tr><td><strong>Naturais de Our\u00e9m<\/strong><\/td><td><strong>Oureenses<\/strong>.<\/td><\/tr><tr><td><strong>Artesanato<\/strong><\/td><td>Cestaria, latoaria e tanoaria.<\/td><\/tr><tr><td><strong>Festas e Romarias<\/strong><\/td><td>Feira de S. Bartolomeu ou &#8220;Feira das Panelas&#8221;, em Caxarias, no \u00faltimo domingo de agosto;<br>Feira anual, em Rio de Couros, a 8 de setembro;<br>Festas anuais, em honra de Sto. Ant\u00f3nio, no primeiro s\u00e1bado e domingo do m\u00eas de agosto;<br>Festa da Sagrada Fam\u00edlia na Capela da Mata do F\u00e1rrio, no segundo domingo de janeiro;<br>Feira mensal ocorre todos os dias 27 de cada m\u00eas, em Casal dos Bernardos.<\/td><\/tr><\/tbody><\/table><\/figure>\n<\/div>\n<\/div>\n<\/div><\/div>\n\n\n\n<p class=\"has-medium-font-size wp-block-paragraph\">Para mais informa\u00e7\u00e3o ver Ficheiro PDF do <a href=\"https:\/\/viajarcomtempo.eu\/wp-content\/uploads\/2024\/03\/Ourem.pdf\" target=\"_blank\" rel=\"noreferrer noopener\"><strong>Concelho de Our\u00e9m<\/strong><\/a><\/p>\n<\/div>\n<\/div>\n<\/div><\/div>\n\n\n\n<script>\/\/ <![CDATA[\nfunction goBack() { window.history.back() }\n\/\/ ]]><\/script>\n<button onclick=\"goBack()\"><strong>Voltar \u00e0 p\u00e1gina anterior<\/strong><\/button>\n<br><br>\n","protected":false},"excerpt":{"rendered":"<p>Voltar \u00e0 p\u00e1gina anterior A Gruta do Papagaio, em F\u00e1tima, evidencia a presen\u00e7a do homem desde h\u00e1 6.500 anos e a Gruta dos Furos (Formigais) evidencia a presen\u00e7a do homem desde o Neol\u00edtico. O concelho recebeu foral em 1180, atribu\u00eddo pela infanta D. Teresa de Portugal, Condessa da Flandres, filha do rei D. Afonso Henriques [&hellip;]<\/p>\n","protected":false},"author":1,"featured_media":0,"parent":0,"menu_order":0,"comment_status":"closed","ping_status":"closed","template":"","meta":{"_crdt_document":"","footnotes":""},"class_list":["post-2561","page","type-page","status-publish","hentry","eq-blocks"],"yoast_head":"<!-- This site is optimized with the Yoast SEO plugin v27.3 - https:\/\/yoast.com\/product\/yoast-seo-wordpress\/ -->\n<title>Our\u00e9m - Viajar Com Tempo<\/title>\n<meta name=\"robots\" content=\"index, follow, max-snippet:-1, max-image-preview:large, max-video-preview:-1\" \/>\n<link rel=\"canonical\" href=\"https:\/\/viajarcomtempo.eu\/?page_id=2561\" \/>\n<meta property=\"og:locale\" content=\"pt_PT\" \/>\n<meta property=\"og:type\" content=\"article\" \/>\n<meta property=\"og:title\" content=\"Our\u00e9m - Viajar Com Tempo\" \/>\n<meta property=\"og:description\" content=\"Voltar \u00e0 p\u00e1gina anterior A Gruta do Papagaio, em F\u00e1tima, evidencia a presen\u00e7a do homem desde h\u00e1 6.500 anos e a Gruta dos Furos (Formigais) evidencia a presen\u00e7a do homem desde o Neol\u00edtico. O concelho recebeu foral em 1180, atribu\u00eddo pela infanta D. Teresa de Portugal, Condessa da Flandres, filha do rei D. Afonso Henriques [&hellip;]\" \/>\n<meta property=\"og:url\" content=\"https:\/\/viajarcomtempo.eu\/?page_id=2561\" \/>\n<meta property=\"og:site_name\" content=\"Viajar Com Tempo\" \/>\n<meta property=\"article:modified_time\" content=\"2024-03-12T19:07:39+00:00\" \/>\n<meta name=\"twitter:card\" content=\"summary_large_image\" \/>\n<meta name=\"twitter:label1\" content=\"Tempo estimado de leitura\" \/>\n\t<meta name=\"twitter:data1\" content=\"1 minuto\" \/>\n<script type=\"application\/ld+json\" class=\"yoast-schema-graph\">{\"@context\":\"https:\\\/\\\/schema.org\",\"@graph\":[{\"@type\":\"WebPage\",\"@id\":\"https:\\\/\\\/viajarcomtempo.eu\\\/?page_id=2561\",\"url\":\"https:\\\/\\\/viajarcomtempo.eu\\\/?page_id=2561\",\"name\":\"Our\u00e9m - Viajar Com Tempo\",\"isPartOf\":{\"@id\":\"https:\\\/\\\/viajarcomtempo.eu\\\/#website\"},\"datePublished\":\"2024-03-12T17:57:34+00:00\",\"dateModified\":\"2024-03-12T19:07:39+00:00\",\"breadcrumb\":{\"@id\":\"https:\\\/\\\/viajarcomtempo.eu\\\/?page_id=2561#breadcrumb\"},\"inLanguage\":\"pt-PT\",\"potentialAction\":[{\"@type\":\"ReadAction\",\"target\":[\"https:\\\/\\\/viajarcomtempo.eu\\\/?page_id=2561\"]}]},{\"@type\":\"BreadcrumbList\",\"@id\":\"https:\\\/\\\/viajarcomtempo.eu\\\/?page_id=2561#breadcrumb\",\"itemListElement\":[{\"@type\":\"ListItem\",\"position\":1,\"name\":\"In\u00edcio\",\"item\":\"https:\\\/\\\/viajarcomtempo.eu\\\/\"},{\"@type\":\"ListItem\",\"position\":2,\"name\":\"Our\u00e9m\"}]},{\"@type\":\"WebSite\",\"@id\":\"https:\\\/\\\/viajarcomtempo.eu\\\/#website\",\"url\":\"https:\\\/\\\/viajarcomtempo.eu\\\/\",\"name\":\"Viajar Com Tempo\",\"description\":\"Roteiros para viajar sem pressa\",\"publisher\":{\"@id\":\"https:\\\/\\\/viajarcomtempo.eu\\\/#\\\/schema\\\/person\\\/2f6c8045b5e07d397d92d8e5cf7aee98\"},\"potentialAction\":[{\"@type\":\"SearchAction\",\"target\":{\"@type\":\"EntryPoint\",\"urlTemplate\":\"https:\\\/\\\/viajarcomtempo.eu\\\/?s={search_term_string}\"},\"query-input\":{\"@type\":\"PropertyValueSpecification\",\"valueRequired\":true,\"valueName\":\"search_term_string\"}}],\"inLanguage\":\"pt-PT\"},{\"@type\":[\"Person\",\"Organization\"],\"@id\":\"https:\\\/\\\/viajarcomtempo.eu\\\/#\\\/schema\\\/person\\\/2f6c8045b5e07d397d92d8e5cf7aee98\",\"name\":\"Jos\u00e9 Salvador\",\"logo\":{\"@id\":\"https:\\\/\\\/viajarcomtempo.eu\\\/#\\\/schema\\\/person\\\/image\\\/\"},\"sameAs\":[\"http:\\\/\\\/viajarcomtempo.eu\"]}]}<\/script>\n<!-- \/ Yoast SEO plugin. -->","yoast_head_json":{"title":"Our\u00e9m - Viajar Com Tempo","robots":{"index":"index","follow":"follow","max-snippet":"max-snippet:-1","max-image-preview":"max-image-preview:large","max-video-preview":"max-video-preview:-1"},"canonical":"https:\/\/viajarcomtempo.eu\/?page_id=2561","og_locale":"pt_PT","og_type":"article","og_title":"Our\u00e9m - Viajar Com Tempo","og_description":"Voltar \u00e0 p\u00e1gina anterior A Gruta do Papagaio, em F\u00e1tima, evidencia a presen\u00e7a do homem desde h\u00e1 6.500 anos e a Gruta dos Furos (Formigais) evidencia a presen\u00e7a do homem desde o Neol\u00edtico. O concelho recebeu foral em 1180, atribu\u00eddo pela infanta D. Teresa de Portugal, Condessa da Flandres, filha do rei D. Afonso Henriques [&hellip;]","og_url":"https:\/\/viajarcomtempo.eu\/?page_id=2561","og_site_name":"Viajar Com Tempo","article_modified_time":"2024-03-12T19:07:39+00:00","twitter_card":"summary_large_image","twitter_misc":{"Tempo estimado de leitura":"1 minuto"},"schema":{"@context":"https:\/\/schema.org","@graph":[{"@type":"WebPage","@id":"https:\/\/viajarcomtempo.eu\/?page_id=2561","url":"https:\/\/viajarcomtempo.eu\/?page_id=2561","name":"Our\u00e9m - Viajar Com Tempo","isPartOf":{"@id":"https:\/\/viajarcomtempo.eu\/#website"},"datePublished":"2024-03-12T17:57:34+00:00","dateModified":"2024-03-12T19:07:39+00:00","breadcrumb":{"@id":"https:\/\/viajarcomtempo.eu\/?page_id=2561#breadcrumb"},"inLanguage":"pt-PT","potentialAction":[{"@type":"ReadAction","target":["https:\/\/viajarcomtempo.eu\/?page_id=2561"]}]},{"@type":"BreadcrumbList","@id":"https:\/\/viajarcomtempo.eu\/?page_id=2561#breadcrumb","itemListElement":[{"@type":"ListItem","position":1,"name":"In\u00edcio","item":"https:\/\/viajarcomtempo.eu\/"},{"@type":"ListItem","position":2,"name":"Our\u00e9m"}]},{"@type":"WebSite","@id":"https:\/\/viajarcomtempo.eu\/#website","url":"https:\/\/viajarcomtempo.eu\/","name":"Viajar Com Tempo","description":"Roteiros para viajar sem pressa","publisher":{"@id":"https:\/\/viajarcomtempo.eu\/#\/schema\/person\/2f6c8045b5e07d397d92d8e5cf7aee98"},"potentialAction":[{"@type":"SearchAction","target":{"@type":"EntryPoint","urlTemplate":"https:\/\/viajarcomtempo.eu\/?s={search_term_string}"},"query-input":{"@type":"PropertyValueSpecification","valueRequired":true,"valueName":"search_term_string"}}],"inLanguage":"pt-PT"},{"@type":["Person","Organization"],"@id":"https:\/\/viajarcomtempo.eu\/#\/schema\/person\/2f6c8045b5e07d397d92d8e5cf7aee98","name":"Jos\u00e9 Salvador","logo":{"@id":"https:\/\/viajarcomtempo.eu\/#\/schema\/person\/image\/"},"sameAs":["http:\/\/viajarcomtempo.eu"]}]}},"_links":{"self":[{"href":"https:\/\/viajarcomtempo.eu\/index.php?rest_route=\/wp\/v2\/pages\/2561","targetHints":{"allow":["GET"]}}],"collection":[{"href":"https:\/\/viajarcomtempo.eu\/index.php?rest_route=\/wp\/v2\/pages"}],"about":[{"href":"https:\/\/viajarcomtempo.eu\/index.php?rest_route=\/wp\/v2\/types\/page"}],"author":[{"embeddable":true,"href":"https:\/\/viajarcomtempo.eu\/index.php?rest_route=\/wp\/v2\/users\/1"}],"replies":[{"embeddable":true,"href":"https:\/\/viajarcomtempo.eu\/index.php?rest_route=%2Fwp%2Fv2%2Fcomments&post=2561"}],"version-history":[{"count":4,"href":"https:\/\/viajarcomtempo.eu\/index.php?rest_route=\/wp\/v2\/pages\/2561\/revisions"}],"predecessor-version":[{"id":2572,"href":"https:\/\/viajarcomtempo.eu\/index.php?rest_route=\/wp\/v2\/pages\/2561\/revisions\/2572"}],"wp:attachment":[{"href":"https:\/\/viajarcomtempo.eu\/index.php?rest_route=%2Fwp%2Fv2%2Fmedia&parent=2561"}],"curies":[{"name":"wp","href":"https:\/\/api.w.org\/{rel}","templated":true}]}}