{"id":2565,"date":"2024-03-12T18:50:09","date_gmt":"2024-03-12T18:50:09","guid":{"rendered":"https:\/\/viajarcomtempo.eu\/?page_id=2565"},"modified":"2024-03-14T17:32:05","modified_gmt":"2024-03-14T17:32:05","slug":"chaves-3-5-2-2-4-2-2-2-3-2-2","status":"publish","type":"page","link":"https:\/\/viajarcomtempo.eu\/?page_id=2565","title":{"rendered":"Tomar"},"content":{"rendered":"\n<script>\/\/ <![CDATA[\nfunction goBack() { window.history.back() }\n\/\/ ]]><\/script>\n<button onclick=\"goBack()\"><strong>Voltar \u00e0 p\u00e1gina anterior<\/strong><\/button>\n<br><br>\n\n\n\n<p class=\"wp-block-paragraph\">No s\u00e9culo I d.C. foi conquistada pelo Imperador Augusto, passando a chamar-se a <strong>Sellium<\/strong>. Por aqui  passava a principal estrada romana. Ia de Lisboa (Ol\u00edsipo) a Braga (Bracara Augusta), passando por Santar\u00e9m (Scal\u00e1bis), Con\u00edmbriga e Coimbra (Aeminium).<\/p>\n\n\n\n<p class=\"wp-block-paragraph\">Em 716 os mu\u00e7ulmanos chegaram \u00e0 regi\u00e3o e ocuparam a povoa\u00e7\u00e3o visig\u00f3tica Selio, na margem direita do rio, sem dificuldades. No monte constru\u00edram uma atalaia para vigil\u00e2ncia, onde hoje est\u00e1 localizado o  castelo. Neste, uma das portas tem exatamente o nome de Porta da Almedina, ou seja, porta da cidade. Ao rio chamaram Tamaram\u00e1, que traduzido significa &#8220;doces \u00e1guas&#8221;, e \u00e0 cidade Thamara. Nesta etapa que<br>introduziram as rodas hidr\u00e1ulicas de rega e o a\u00e7ude de estacaria.<\/p>\n\n\n\n<p class=\"wp-block-paragraph\">Depois da conquista definitiva da regi\u00e3o pelo Rei Afonso Henriques em 1147, a terra foi doada como feudo \u00e0 Ordem dos Templ\u00e1rios, tendo sido terra de fronteira durante quase um s\u00e9culo.<br>O Gr\u00e3o-Mestre desta Ordem, Dom Gualdim Pais, iniciou em 1160 a constru\u00e7\u00e3o do Castelo e Convento, que viria a ser a sede dos Templ\u00e1rios em Portugal. Em 1162 concede o Foral.<\/p>\n\n\n\n<p class=\"wp-block-paragraph\">Em 1190 o califa alm\u00f3ada Iacube Alman\u00e7or, avan\u00e7ou para o Norte conquistando, sucessivamente, os Castelos de Alc\u00e1cer do Sal, Palmela e Almada. Transp\u00f4s em seguida a Linha do Tejo, cercando Santar\u00e9m, destruindo Torres Novas e Abrantes at\u00e9 alcan\u00e7ar Tomar, que, sob sucessivos assaltos, resistiu durante seis dias defendida pelos Templ\u00e1rios, quebrando o \u00edmpeto do invasor. Nesta ocasi\u00e3o, os mouros for\u00e7aram a porta do Sul e penetraram na cerca exterior. A defesa dos Templ\u00e1rios foi de tal forma encarni\u00e7ado que a porta de assalto ficou conhecida como Porta do Sangue.<\/p>\n\n\n\n<p class=\"wp-block-paragraph\">Em 1420 o Infante D. Henrique foi nomeado governador e administrador da Ordem de Cristo tendo sido o primeiro, depois de Gualdim Pais, a renovar todo o complexo do Convento de Cristo. Al\u00e9m disso desviou o rio Nab\u00e3o, permitindo drenar p\u00e2ntanos e prevenindo cheias. Deste modo a cidade conseguiu aumentar significativamente de tamanho. As novas ruas foram desenhadas na forma geom\u00e9trica de hoje segundo as suas orienta\u00e7\u00f5es.<\/p>\n\n\n\n<p class=\"wp-block-paragraph\">Em 1581 a cidade acolheu as Cortes de Tomar, no terreiro da igreja do Convento de Cristo, que aclamaram o rei Filipe II de Castela e I de Arag\u00e3o como Filipe I de Portugal, tornando-o monarca \u00fanico de toda a Pen\u00ednsula Ib\u00e9rica, no per\u00edodo denominado Uni\u00e3o Ib\u00e9rica. Filipe I torna-se tamb\u00e9m mestre da  Ordem de Cristo.<\/p>\n\n\n\n<div class=\"wp-block-group\"><div class=\"wp-block-group__inner-container is-layout-flow wp-block-group-is-layout-flow\">\n<div class=\"wp-block-columns is-layout-flex wp-container-core-columns-is-layout-8f761849 wp-block-columns-is-layout-flex\">\n<div class=\"wp-block-column is-layout-flow wp-block-column-is-layout-flow\" style=\"flex-basis:100%\">\n<div class=\"wp-block-group\"><div class=\"wp-block-group__inner-container is-layout-flow wp-block-group-is-layout-flow\">\n<div class=\"wp-block-columns is-layout-flex wp-container-core-columns-is-layout-8f761849 wp-block-columns-is-layout-flex\">\n<div class=\"wp-block-column is-layout-flow wp-block-column-is-layout-flow\" style=\"flex-basis:100%\">\n<figure class=\"wp-block-table is-style-regular\"><table class=\"has-background\" style=\"background-color:#e7f5fe\"><tbody><tr><td><strong>Site da CM de Tomar<\/strong><\/td><td><a href=\"http:\/\/www.cm-Tomar.pt\/\" target=\"_blank\" rel=\"noreferrer noopener\">https:\/\/www.cm-Tomar.pt\/<\/a><\/td><\/tr><tr><td><strong>Posto de Turismo<\/strong><\/td><td>Avenida Dr. C\u00e2ndido Madureira<br>Telefone: 249 329 800 E-mail: turismo@cm-tomar.pt<\/td><\/tr><tr><td><strong>Naturais de Tomar<\/strong><\/td><td><strong>Nabantino<\/strong>s&nbsp;ou <strong>Tomarenses<\/strong>.<\/td><\/tr><tr><td><strong>Artesanato<\/strong><\/td><td>Trabalhos feitos em barro, azulejos, lata, cesto e tecelagem.<\/td><\/tr><tr><td><strong>Festas e Romarias<\/strong><\/td><td>Festa dos tabuleiros &#8211; De tr\u00eas em tr\u00eas anos, em junho e julho;<br>C\u00edrio de Nossa Senhora da Piedade &#8211; No 1.\u00ba&nbsp;domingo de setembro;<br>Feira de Santa Iria &#8211; Entre a sexta-feira anterior ao dia 20 de outubro, at\u00e9 ao domingo a seguir a esta mesma data;<br>Festa Anual em Honra do Senhor Jesus das Necessidades, em Santa Cita, a 11 de setembro.<\/td><\/tr><\/tbody><\/table><\/figure>\n<\/div>\n<\/div>\n<\/div><\/div>\n\n\n\n<p class=\"has-medium-font-size wp-block-paragraph\">Para mais informa\u00e7\u00e3o ver Ficheiro PDF do <strong><a href=\"https:\/\/viajarcomtempo.eu\/wp-content\/uploads\/2024\/03\/Tomar.pdf\" target=\"_blank\" rel=\"noreferrer noopener\">Concelho de Tomar<\/a><\/strong><\/p>\n<\/div>\n<\/div>\n<\/div><\/div>\n\n\n\n<script>\/\/ <![CDATA[\nfunction goBack() { window.history.back() }\n\/\/ ]]><\/script>\n<button onclick=\"goBack()\"><strong>Voltar \u00e0 p\u00e1gina anterior<\/strong><\/button>\n<br><br>\n","protected":false},"excerpt":{"rendered":"<p>Voltar \u00e0 p\u00e1gina anterior No s\u00e9culo I d.C. foi conquistada pelo Imperador Augusto, passando a chamar-se a Sellium. Por aqui passava a principal estrada romana. Ia de Lisboa (Ol\u00edsipo) a Braga (Bracara Augusta), passando por Santar\u00e9m (Scal\u00e1bis), Con\u00edmbriga e Coimbra (Aeminium). Em 716 os mu\u00e7ulmanos chegaram \u00e0 regi\u00e3o e ocuparam a povoa\u00e7\u00e3o visig\u00f3tica Selio, na [&hellip;]<\/p>\n","protected":false},"author":1,"featured_media":0,"parent":0,"menu_order":0,"comment_status":"closed","ping_status":"closed","template":"","meta":{"_crdt_document":"","footnotes":""},"class_list":["post-2565","page","type-page","status-publish","hentry","eq-blocks"],"yoast_head":"<!-- This site is optimized with the Yoast SEO plugin v27.3 - https:\/\/yoast.com\/product\/yoast-seo-wordpress\/ -->\n<title>Tomar - Viajar Com Tempo<\/title>\n<meta name=\"robots\" content=\"index, follow, max-snippet:-1, max-image-preview:large, max-video-preview:-1\" \/>\n<link rel=\"canonical\" href=\"https:\/\/viajarcomtempo.eu\/?page_id=2565\" \/>\n<meta property=\"og:locale\" content=\"pt_PT\" \/>\n<meta property=\"og:type\" content=\"article\" \/>\n<meta property=\"og:title\" content=\"Tomar - Viajar Com Tempo\" \/>\n<meta property=\"og:description\" content=\"Voltar \u00e0 p\u00e1gina anterior No s\u00e9culo I d.C. foi conquistada pelo Imperador Augusto, passando a chamar-se a Sellium. Por aqui passava a principal estrada romana. Ia de Lisboa (Ol\u00edsipo) a Braga (Bracara Augusta), passando por Santar\u00e9m (Scal\u00e1bis), Con\u00edmbriga e Coimbra (Aeminium). Em 716 os mu\u00e7ulmanos chegaram \u00e0 regi\u00e3o e ocuparam a povoa\u00e7\u00e3o visig\u00f3tica Selio, na [&hellip;]\" \/>\n<meta property=\"og:url\" content=\"https:\/\/viajarcomtempo.eu\/?page_id=2565\" \/>\n<meta property=\"og:site_name\" content=\"Viajar Com Tempo\" \/>\n<meta property=\"article:modified_time\" content=\"2024-03-14T17:32:05+00:00\" \/>\n<meta name=\"twitter:card\" content=\"summary_large_image\" \/>\n<meta name=\"twitter:label1\" content=\"Tempo estimado de leitura\" \/>\n\t<meta name=\"twitter:data1\" content=\"3 minutos\" \/>\n<script type=\"application\/ld+json\" class=\"yoast-schema-graph\">{\"@context\":\"https:\\\/\\\/schema.org\",\"@graph\":[{\"@type\":\"WebPage\",\"@id\":\"https:\\\/\\\/viajarcomtempo.eu\\\/?page_id=2565\",\"url\":\"https:\\\/\\\/viajarcomtempo.eu\\\/?page_id=2565\",\"name\":\"Tomar - Viajar Com Tempo\",\"isPartOf\":{\"@id\":\"https:\\\/\\\/viajarcomtempo.eu\\\/#website\"},\"datePublished\":\"2024-03-12T18:50:09+00:00\",\"dateModified\":\"2024-03-14T17:32:05+00:00\",\"breadcrumb\":{\"@id\":\"https:\\\/\\\/viajarcomtempo.eu\\\/?page_id=2565#breadcrumb\"},\"inLanguage\":\"pt-PT\",\"potentialAction\":[{\"@type\":\"ReadAction\",\"target\":[\"https:\\\/\\\/viajarcomtempo.eu\\\/?page_id=2565\"]}]},{\"@type\":\"BreadcrumbList\",\"@id\":\"https:\\\/\\\/viajarcomtempo.eu\\\/?page_id=2565#breadcrumb\",\"itemListElement\":[{\"@type\":\"ListItem\",\"position\":1,\"name\":\"In\u00edcio\",\"item\":\"https:\\\/\\\/viajarcomtempo.eu\\\/\"},{\"@type\":\"ListItem\",\"position\":2,\"name\":\"Tomar\"}]},{\"@type\":\"WebSite\",\"@id\":\"https:\\\/\\\/viajarcomtempo.eu\\\/#website\",\"url\":\"https:\\\/\\\/viajarcomtempo.eu\\\/\",\"name\":\"Viajar Com Tempo\",\"description\":\"Roteiros para viajar sem pressa\",\"publisher\":{\"@id\":\"https:\\\/\\\/viajarcomtempo.eu\\\/#\\\/schema\\\/person\\\/2f6c8045b5e07d397d92d8e5cf7aee98\"},\"potentialAction\":[{\"@type\":\"SearchAction\",\"target\":{\"@type\":\"EntryPoint\",\"urlTemplate\":\"https:\\\/\\\/viajarcomtempo.eu\\\/?s={search_term_string}\"},\"query-input\":{\"@type\":\"PropertyValueSpecification\",\"valueRequired\":true,\"valueName\":\"search_term_string\"}}],\"inLanguage\":\"pt-PT\"},{\"@type\":[\"Person\",\"Organization\"],\"@id\":\"https:\\\/\\\/viajarcomtempo.eu\\\/#\\\/schema\\\/person\\\/2f6c8045b5e07d397d92d8e5cf7aee98\",\"name\":\"Jos\u00e9 Salvador\",\"logo\":{\"@id\":\"https:\\\/\\\/viajarcomtempo.eu\\\/#\\\/schema\\\/person\\\/image\\\/\"},\"sameAs\":[\"http:\\\/\\\/viajarcomtempo.eu\"]}]}<\/script>\n<!-- \/ Yoast SEO plugin. -->","yoast_head_json":{"title":"Tomar - Viajar Com Tempo","robots":{"index":"index","follow":"follow","max-snippet":"max-snippet:-1","max-image-preview":"max-image-preview:large","max-video-preview":"max-video-preview:-1"},"canonical":"https:\/\/viajarcomtempo.eu\/?page_id=2565","og_locale":"pt_PT","og_type":"article","og_title":"Tomar - Viajar Com Tempo","og_description":"Voltar \u00e0 p\u00e1gina anterior No s\u00e9culo I d.C. foi conquistada pelo Imperador Augusto, passando a chamar-se a Sellium. Por aqui passava a principal estrada romana. Ia de Lisboa (Ol\u00edsipo) a Braga (Bracara Augusta), passando por Santar\u00e9m (Scal\u00e1bis), Con\u00edmbriga e Coimbra (Aeminium). Em 716 os mu\u00e7ulmanos chegaram \u00e0 regi\u00e3o e ocuparam a povoa\u00e7\u00e3o visig\u00f3tica Selio, na [&hellip;]","og_url":"https:\/\/viajarcomtempo.eu\/?page_id=2565","og_site_name":"Viajar Com Tempo","article_modified_time":"2024-03-14T17:32:05+00:00","twitter_card":"summary_large_image","twitter_misc":{"Tempo estimado de leitura":"3 minutos"},"schema":{"@context":"https:\/\/schema.org","@graph":[{"@type":"WebPage","@id":"https:\/\/viajarcomtempo.eu\/?page_id=2565","url":"https:\/\/viajarcomtempo.eu\/?page_id=2565","name":"Tomar - Viajar Com Tempo","isPartOf":{"@id":"https:\/\/viajarcomtempo.eu\/#website"},"datePublished":"2024-03-12T18:50:09+00:00","dateModified":"2024-03-14T17:32:05+00:00","breadcrumb":{"@id":"https:\/\/viajarcomtempo.eu\/?page_id=2565#breadcrumb"},"inLanguage":"pt-PT","potentialAction":[{"@type":"ReadAction","target":["https:\/\/viajarcomtempo.eu\/?page_id=2565"]}]},{"@type":"BreadcrumbList","@id":"https:\/\/viajarcomtempo.eu\/?page_id=2565#breadcrumb","itemListElement":[{"@type":"ListItem","position":1,"name":"In\u00edcio","item":"https:\/\/viajarcomtempo.eu\/"},{"@type":"ListItem","position":2,"name":"Tomar"}]},{"@type":"WebSite","@id":"https:\/\/viajarcomtempo.eu\/#website","url":"https:\/\/viajarcomtempo.eu\/","name":"Viajar Com Tempo","description":"Roteiros para viajar sem pressa","publisher":{"@id":"https:\/\/viajarcomtempo.eu\/#\/schema\/person\/2f6c8045b5e07d397d92d8e5cf7aee98"},"potentialAction":[{"@type":"SearchAction","target":{"@type":"EntryPoint","urlTemplate":"https:\/\/viajarcomtempo.eu\/?s={search_term_string}"},"query-input":{"@type":"PropertyValueSpecification","valueRequired":true,"valueName":"search_term_string"}}],"inLanguage":"pt-PT"},{"@type":["Person","Organization"],"@id":"https:\/\/viajarcomtempo.eu\/#\/schema\/person\/2f6c8045b5e07d397d92d8e5cf7aee98","name":"Jos\u00e9 Salvador","logo":{"@id":"https:\/\/viajarcomtempo.eu\/#\/schema\/person\/image\/"},"sameAs":["http:\/\/viajarcomtempo.eu"]}]}},"_links":{"self":[{"href":"https:\/\/viajarcomtempo.eu\/index.php?rest_route=\/wp\/v2\/pages\/2565","targetHints":{"allow":["GET"]}}],"collection":[{"href":"https:\/\/viajarcomtempo.eu\/index.php?rest_route=\/wp\/v2\/pages"}],"about":[{"href":"https:\/\/viajarcomtempo.eu\/index.php?rest_route=\/wp\/v2\/types\/page"}],"author":[{"embeddable":true,"href":"https:\/\/viajarcomtempo.eu\/index.php?rest_route=\/wp\/v2\/users\/1"}],"replies":[{"embeddable":true,"href":"https:\/\/viajarcomtempo.eu\/index.php?rest_route=%2Fwp%2Fv2%2Fcomments&post=2565"}],"version-history":[{"count":7,"href":"https:\/\/viajarcomtempo.eu\/index.php?rest_route=\/wp\/v2\/pages\/2565\/revisions"}],"predecessor-version":[{"id":2586,"href":"https:\/\/viajarcomtempo.eu\/index.php?rest_route=\/wp\/v2\/pages\/2565\/revisions\/2586"}],"wp:attachment":[{"href":"https:\/\/viajarcomtempo.eu\/index.php?rest_route=%2Fwp%2Fv2%2Fmedia&parent=2565"}],"curies":[{"name":"wp","href":"https:\/\/api.w.org\/{rel}","templated":true}]}}