{"id":2567,"date":"2024-03-12T18:51:16","date_gmt":"2024-03-12T18:51:16","guid":{"rendered":"https:\/\/viajarcomtempo.eu\/?page_id=2567"},"modified":"2024-03-15T14:21:08","modified_gmt":"2024-03-15T14:21:08","slug":"chaves-3-5-2-2-4-2-2-2-3-2-2-2","status":"publish","type":"page","link":"https:\/\/viajarcomtempo.eu\/?page_id=2567","title":{"rendered":"Torres Novas"},"content":{"rendered":"\n<script>\/\/ <![CDATA[\nfunction goBack() { window.history.back() }\n\/\/ ]]><\/script>\n<button onclick=\"goBack()\"><strong>Voltar \u00e0 p\u00e1gina anterior<\/strong><\/button>\n<br><br>\n\n\n\n<p class=\"wp-block-paragraph\">Na gruta da Aroeira, foram encontrados os vest\u00edgios humanos mais antigos de Portugal, nomeadamente um cr\u00e2nio de Homo heidelberguensis com 400 000 anos de idade. Existem muitos outros vest\u00edgios da presen\u00e7a humana, desde o Paleol\u00edtico, como as grutas de Buraca da Moura e da Oliveira ou a Lapa da Bugalheira, passando pelo neol\u00edtico at\u00e9 \u00e0 idade do ferro tamb\u00e9m est\u00e3o documentados<\/p>\n\n\n\n<p class=\"wp-block-paragraph\">No concelho de Torres Novas existiu forte presen\u00e7a romana, da qual se destacam as ru\u00ednas de &#8220;Vila Cardilium&#8221;, resid\u00eancia senhorial de car\u00e1cter agr\u00edcola, ocupado dos s\u00e9culos II a IV d.c.<\/p>\n\n\n\n<p class=\"wp-block-paragraph\"><br>\u00c9 certo que nesta regi\u00e3o, na \u00e9poca da Reconquista crist\u00e3, existia uma povoa\u00e7\u00e3o Mu\u00e7ulmana, cuja posse deve ter oscilado ao sabor dos avan\u00e7os e recuos da linha fronteiri\u00e7a. Acredita-se que a conquista inicial remonte a 1135, que foi perdida em 1137.<\/p>\n\n\n\n<p class=\"wp-block-paragraph\">Este foral foi confirmado mais tarde por outros reis portugueses. Al\u00e9m destes forais, o concelho regia-se tamb\u00e9m pelos documentos denominados &#8220;Foros de Torres Novas&#8221;, reguladores do seu direito consuetudin\u00e1rio, documentos estes considerados de grande import\u00e2ncia para o estudo do municipalismo no nosso pa\u00eds. Este primeiro foral foi renovado em 1510 pelo rei D. Manuel I.<\/p>\n\n\n\n<p class=\"wp-block-paragraph\"><br>Em Torres Novas realizaram-se duas importantes cortes, as de 1438, reunidas ap\u00f3s a morte do rei Dom Duarte de Portugal, e as de 1535, em que se assinou o contrato de casamento da infanta Dona Isabel com Carlos V, Imperador do Sacro Imp\u00e9rio Romano.<\/p>\n\n\n\n<div class=\"wp-block-group\"><div class=\"wp-block-group__inner-container is-layout-flow wp-block-group-is-layout-flow\">\n<div class=\"wp-block-columns is-layout-flex wp-container-core-columns-is-layout-8f761849 wp-block-columns-is-layout-flex\">\n<div class=\"wp-block-column is-layout-flow wp-block-column-is-layout-flow\" style=\"flex-basis:100%\">\n<div class=\"wp-block-group\"><div class=\"wp-block-group__inner-container is-layout-flow wp-block-group-is-layout-flow\">\n<div class=\"wp-block-columns is-layout-flex wp-container-core-columns-is-layout-8f761849 wp-block-columns-is-layout-flex\">\n<div class=\"wp-block-column is-layout-flow wp-block-column-is-layout-flow\" style=\"flex-basis:100%\">\n<figure class=\"wp-block-table is-style-regular\"><table class=\"has-background\" style=\"background-color:#e7f5fe\"><tbody><tr><td><strong>Site da CM de Torres Novas<\/strong><\/td><td><a href=\"http:\/\/www.cm-torresnovas.pt\/\" target=\"_blank\" rel=\"noreferrer noopener\">https:\/\/www.cm-TorresNovas.pt\/<\/a><\/td><\/tr><tr><td><strong>Posto de Turismo<\/strong><\/td><td>Largo Combatentes da Grande Guerra, n\u00ba 4 e 5 2350-437 Torres Novas<br>Telefone: 249 813 019 E-mail: turismo@cm-torresnovas.pt<\/td><\/tr><tr><td><strong>Naturais de Torres Novas<\/strong><\/td><td><strong>Torrejanos <\/strong>ou <strong>Torrienses<\/strong>.<\/td><\/tr><tr><td><strong>Artesanato<\/strong><\/td><td>Olarias de \u00c1rgea, rendas e bordados,cer\u00e2mica e os azulejos.<\/td><\/tr><tr><td><strong>Festas e Romarias<\/strong><\/td><td>Feira de S. Greg\u00f3rio ou Feira de mar\u00e7o, que come\u00e7a quinze dias antes do \u00faltimo domingo de mar\u00e7o e termina no \u00faltimo domingo desse m\u00eas;<br>Feira Nacional de Frutos Secos, que decorre durante a primeira quinzena de outubro;<br>Festa de N. Sra. da Purifica\u00e7\u00e3o, em Alcorochel, a 2 de fevereiro;<br>Prociss\u00e3o do Senhor dos Passos, em Assentis, no domingo de Ramos;<br>Festas do Esp\u00edrito Santo, em Meia-Via, em maio;<br>Festas de Sto. Ant\u00f3nio, a 12 de junho, em Torres Novas;<br>Festas da cidade de Torres Novas, no in\u00edcio de julho;<br>B\u00ean\u00e7\u00e3o do gado e Festas de Sto. Ant\u00f3nio, em Riachos a 12 de junho;<br>esta de N. Sra. das Neves, em Lapas, em agosto;<br>Festa de Sta. Euf\u00e9mia, em Chancelaria, entre agosto e setembro;<br>Festa de N. Sra. M\u00e3e dos Homens, em Pedr\u00f3g\u00e3o.<\/td><\/tr><\/tbody><\/table><\/figure>\n<\/div>\n<\/div>\n<\/div><\/div>\n\n\n\n<p class=\"has-medium-font-size wp-block-paragraph\">Para mais informa\u00e7\u00e3o ver Ficheiro PDF do <a href=\"https:\/\/viajarcomtempo.eu\/wp-content\/uploads\/2024\/03\/TorresNovas.pdf\" target=\"_blank\" rel=\"noreferrer noopener\">Concelho de Torres Novas<\/a><\/p>\n<\/div>\n<\/div>\n<\/div><\/div>\n\n\n\n<script>\/\/ <![CDATA[\nfunction goBack() { window.history.back() }\n\/\/ ]]><\/script>\n<button onclick=\"goBack()\"><strong>Voltar \u00e0 p\u00e1gina anterior<\/strong><\/button>\n<br><br>\n","protected":false},"excerpt":{"rendered":"<p>Voltar \u00e0 p\u00e1gina anterior Na gruta da Aroeira, foram encontrados os vest\u00edgios humanos mais antigos de Portugal, nomeadamente um cr\u00e2nio de Homo heidelberguensis com 400 000 anos de idade. Existem muitos outros vest\u00edgios da presen\u00e7a humana, desde o Paleol\u00edtico, como as grutas de Buraca da Moura e da Oliveira ou a Lapa da Bugalheira, passando [&hellip;]<\/p>\n","protected":false},"author":1,"featured_media":0,"parent":0,"menu_order":0,"comment_status":"closed","ping_status":"closed","template":"","meta":{"_crdt_document":"","footnotes":""},"class_list":["post-2567","page","type-page","status-publish","hentry","eq-blocks"],"yoast_head":"<!-- This site is optimized with the Yoast SEO plugin v27.3 - https:\/\/yoast.com\/product\/yoast-seo-wordpress\/ -->\n<title>Torres Novas - Viajar Com Tempo<\/title>\n<meta name=\"robots\" content=\"index, follow, max-snippet:-1, max-image-preview:large, max-video-preview:-1\" \/>\n<link rel=\"canonical\" href=\"https:\/\/viajarcomtempo.eu\/?page_id=2567\" \/>\n<meta property=\"og:locale\" content=\"pt_PT\" \/>\n<meta property=\"og:type\" content=\"article\" \/>\n<meta property=\"og:title\" content=\"Torres Novas - Viajar Com Tempo\" \/>\n<meta property=\"og:description\" content=\"Voltar \u00e0 p\u00e1gina anterior Na gruta da Aroeira, foram encontrados os vest\u00edgios humanos mais antigos de Portugal, nomeadamente um cr\u00e2nio de Homo heidelberguensis com 400 000 anos de idade. Existem muitos outros vest\u00edgios da presen\u00e7a humana, desde o Paleol\u00edtico, como as grutas de Buraca da Moura e da Oliveira ou a Lapa da Bugalheira, passando [&hellip;]\" \/>\n<meta property=\"og:url\" content=\"https:\/\/viajarcomtempo.eu\/?page_id=2567\" \/>\n<meta property=\"og:site_name\" content=\"Viajar Com Tempo\" \/>\n<meta property=\"article:modified_time\" content=\"2024-03-15T14:21:08+00:00\" \/>\n<meta name=\"twitter:card\" content=\"summary_large_image\" \/>\n<meta name=\"twitter:label1\" content=\"Tempo estimado de leitura\" \/>\n\t<meta name=\"twitter:data1\" content=\"2 minutos\" \/>\n<script type=\"application\/ld+json\" class=\"yoast-schema-graph\">{\"@context\":\"https:\\\/\\\/schema.org\",\"@graph\":[{\"@type\":\"WebPage\",\"@id\":\"https:\\\/\\\/viajarcomtempo.eu\\\/?page_id=2567\",\"url\":\"https:\\\/\\\/viajarcomtempo.eu\\\/?page_id=2567\",\"name\":\"Torres Novas - Viajar Com Tempo\",\"isPartOf\":{\"@id\":\"https:\\\/\\\/viajarcomtempo.eu\\\/#website\"},\"datePublished\":\"2024-03-12T18:51:16+00:00\",\"dateModified\":\"2024-03-15T14:21:08+00:00\",\"breadcrumb\":{\"@id\":\"https:\\\/\\\/viajarcomtempo.eu\\\/?page_id=2567#breadcrumb\"},\"inLanguage\":\"pt-PT\",\"potentialAction\":[{\"@type\":\"ReadAction\",\"target\":[\"https:\\\/\\\/viajarcomtempo.eu\\\/?page_id=2567\"]}]},{\"@type\":\"BreadcrumbList\",\"@id\":\"https:\\\/\\\/viajarcomtempo.eu\\\/?page_id=2567#breadcrumb\",\"itemListElement\":[{\"@type\":\"ListItem\",\"position\":1,\"name\":\"In\u00edcio\",\"item\":\"https:\\\/\\\/viajarcomtempo.eu\\\/\"},{\"@type\":\"ListItem\",\"position\":2,\"name\":\"Torres Novas\"}]},{\"@type\":\"WebSite\",\"@id\":\"https:\\\/\\\/viajarcomtempo.eu\\\/#website\",\"url\":\"https:\\\/\\\/viajarcomtempo.eu\\\/\",\"name\":\"Viajar Com Tempo\",\"description\":\"Roteiros para viajar sem pressa\",\"publisher\":{\"@id\":\"https:\\\/\\\/viajarcomtempo.eu\\\/#\\\/schema\\\/person\\\/2f6c8045b5e07d397d92d8e5cf7aee98\"},\"potentialAction\":[{\"@type\":\"SearchAction\",\"target\":{\"@type\":\"EntryPoint\",\"urlTemplate\":\"https:\\\/\\\/viajarcomtempo.eu\\\/?s={search_term_string}\"},\"query-input\":{\"@type\":\"PropertyValueSpecification\",\"valueRequired\":true,\"valueName\":\"search_term_string\"}}],\"inLanguage\":\"pt-PT\"},{\"@type\":[\"Person\",\"Organization\"],\"@id\":\"https:\\\/\\\/viajarcomtempo.eu\\\/#\\\/schema\\\/person\\\/2f6c8045b5e07d397d92d8e5cf7aee98\",\"name\":\"Jos\u00e9 Salvador\",\"logo\":{\"@id\":\"https:\\\/\\\/viajarcomtempo.eu\\\/#\\\/schema\\\/person\\\/image\\\/\"},\"sameAs\":[\"http:\\\/\\\/viajarcomtempo.eu\"]}]}<\/script>\n<!-- \/ Yoast SEO plugin. -->","yoast_head_json":{"title":"Torres Novas - Viajar Com Tempo","robots":{"index":"index","follow":"follow","max-snippet":"max-snippet:-1","max-image-preview":"max-image-preview:large","max-video-preview":"max-video-preview:-1"},"canonical":"https:\/\/viajarcomtempo.eu\/?page_id=2567","og_locale":"pt_PT","og_type":"article","og_title":"Torres Novas - Viajar Com Tempo","og_description":"Voltar \u00e0 p\u00e1gina anterior Na gruta da Aroeira, foram encontrados os vest\u00edgios humanos mais antigos de Portugal, nomeadamente um cr\u00e2nio de Homo heidelberguensis com 400 000 anos de idade. Existem muitos outros vest\u00edgios da presen\u00e7a humana, desde o Paleol\u00edtico, como as grutas de Buraca da Moura e da Oliveira ou a Lapa da Bugalheira, passando [&hellip;]","og_url":"https:\/\/viajarcomtempo.eu\/?page_id=2567","og_site_name":"Viajar Com Tempo","article_modified_time":"2024-03-15T14:21:08+00:00","twitter_card":"summary_large_image","twitter_misc":{"Tempo estimado de leitura":"2 minutos"},"schema":{"@context":"https:\/\/schema.org","@graph":[{"@type":"WebPage","@id":"https:\/\/viajarcomtempo.eu\/?page_id=2567","url":"https:\/\/viajarcomtempo.eu\/?page_id=2567","name":"Torres Novas - Viajar Com Tempo","isPartOf":{"@id":"https:\/\/viajarcomtempo.eu\/#website"},"datePublished":"2024-03-12T18:51:16+00:00","dateModified":"2024-03-15T14:21:08+00:00","breadcrumb":{"@id":"https:\/\/viajarcomtempo.eu\/?page_id=2567#breadcrumb"},"inLanguage":"pt-PT","potentialAction":[{"@type":"ReadAction","target":["https:\/\/viajarcomtempo.eu\/?page_id=2567"]}]},{"@type":"BreadcrumbList","@id":"https:\/\/viajarcomtempo.eu\/?page_id=2567#breadcrumb","itemListElement":[{"@type":"ListItem","position":1,"name":"In\u00edcio","item":"https:\/\/viajarcomtempo.eu\/"},{"@type":"ListItem","position":2,"name":"Torres Novas"}]},{"@type":"WebSite","@id":"https:\/\/viajarcomtempo.eu\/#website","url":"https:\/\/viajarcomtempo.eu\/","name":"Viajar Com Tempo","description":"Roteiros para viajar sem pressa","publisher":{"@id":"https:\/\/viajarcomtempo.eu\/#\/schema\/person\/2f6c8045b5e07d397d92d8e5cf7aee98"},"potentialAction":[{"@type":"SearchAction","target":{"@type":"EntryPoint","urlTemplate":"https:\/\/viajarcomtempo.eu\/?s={search_term_string}"},"query-input":{"@type":"PropertyValueSpecification","valueRequired":true,"valueName":"search_term_string"}}],"inLanguage":"pt-PT"},{"@type":["Person","Organization"],"@id":"https:\/\/viajarcomtempo.eu\/#\/schema\/person\/2f6c8045b5e07d397d92d8e5cf7aee98","name":"Jos\u00e9 Salvador","logo":{"@id":"https:\/\/viajarcomtempo.eu\/#\/schema\/person\/image\/"},"sameAs":["http:\/\/viajarcomtempo.eu"]}]}},"_links":{"self":[{"href":"https:\/\/viajarcomtempo.eu\/index.php?rest_route=\/wp\/v2\/pages\/2567","targetHints":{"allow":["GET"]}}],"collection":[{"href":"https:\/\/viajarcomtempo.eu\/index.php?rest_route=\/wp\/v2\/pages"}],"about":[{"href":"https:\/\/viajarcomtempo.eu\/index.php?rest_route=\/wp\/v2\/types\/page"}],"author":[{"embeddable":true,"href":"https:\/\/viajarcomtempo.eu\/index.php?rest_route=\/wp\/v2\/users\/1"}],"replies":[{"embeddable":true,"href":"https:\/\/viajarcomtempo.eu\/index.php?rest_route=%2Fwp%2Fv2%2Fcomments&post=2567"}],"version-history":[{"count":4,"href":"https:\/\/viajarcomtempo.eu\/index.php?rest_route=\/wp\/v2\/pages\/2567\/revisions"}],"predecessor-version":[{"id":2593,"href":"https:\/\/viajarcomtempo.eu\/index.php?rest_route=\/wp\/v2\/pages\/2567\/revisions\/2593"}],"wp:attachment":[{"href":"https:\/\/viajarcomtempo.eu\/index.php?rest_route=%2Fwp%2Fv2%2Fmedia&parent=2567"}],"curies":[{"name":"wp","href":"https:\/\/api.w.org\/{rel}","templated":true}]}}