{"id":2596,"date":"2024-03-15T15:11:38","date_gmt":"2024-03-15T15:11:38","guid":{"rendered":"https:\/\/viajarcomtempo.eu\/?page_id=2596"},"modified":"2024-03-16T15:38:39","modified_gmt":"2024-03-16T15:38:39","slug":"chaves-3-4-2","status":"publish","type":"page","link":"https:\/\/viajarcomtempo.eu\/?page_id=2596","title":{"rendered":"Vila Nova da Barquinha"},"content":{"rendered":"\n<script>\/\/ <![CDATA[\nfunction goBack() { window.history.back() }\n\/\/ ]]><\/script>\n<button onclick=\"goBack()\"><strong>Voltar \u00e0 p\u00e1gina anterior<\/strong><\/button>\n<br><br>\n\n\n\n<div class=\"wp-block-columns is-layout-flex wp-container-core-columns-is-layout-8f761849 wp-block-columns-is-layout-flex\">\n<div class=\"wp-block-column is-layout-flow wp-block-column-is-layout-flow\" style=\"flex-basis:66.66%\"><\/div>\n\n\n\n<div class=\"wp-block-column is-vertically-aligned-center is-layout-flow wp-block-column-is-layout-flow\" style=\"flex-basis:33.33%\"><\/div>\n<\/div>\n\n\n\n<p class=\"wp-block-paragraph\">No s\u00edtio da Ribeira da Atalaia, existem vest\u00edgios de ocupa\u00e7\u00e3o humana (Neandertal), datados de h\u00e1 300 mil anos (Paleol\u00edtico Inferior). Foram encontradas ferramentas de seixos lascados. S\u00e3o dos vest\u00edgios mais antigos que h\u00e1 conhecimento em Portugal. Neste local, os vest\u00edgios t\u00eam uma abrang\u00eancia temporal que vai dos 300 anos at\u00e9 aos 24 mil anos.<\/p>\n\n\n\n<p class=\"wp-block-paragraph\"><br>O concelho foi criado em 1836, integrando a Freguesia de Barquinha e Tancos, por desmembramento do antigo concelho da Atalaia.<\/p>\n\n\n\n<div class=\"wp-block-group\"><div class=\"wp-block-group__inner-container is-layout-flow wp-block-group-is-layout-flow\">\n<div class=\"wp-block-columns is-layout-flex wp-container-core-columns-is-layout-8f761849 wp-block-columns-is-layout-flex\">\n<div class=\"wp-block-column is-layout-flow wp-block-column-is-layout-flow\" style=\"flex-basis:100%\">\n<div class=\"wp-block-group\"><div class=\"wp-block-group__inner-container is-layout-flow wp-block-group-is-layout-flow\">\n<div class=\"wp-block-columns is-layout-flex wp-container-core-columns-is-layout-8f761849 wp-block-columns-is-layout-flex\">\n<div class=\"wp-block-column is-layout-flow wp-block-column-is-layout-flow\" style=\"flex-basis:100%\">\n<figure class=\"wp-block-table is-style-regular\"><table class=\"has-background\" style=\"background-color:#e7f5fe\"><tbody><tr><td><strong>Site da CM Vila Nova da Barquinha<\/strong><\/td><td><a href=\"http:\/\/cm-vnbarquinha.pt\/\" target=\"_blank\" rel=\"noreferrer noopener\">https:\/\/www\/cm-VilaNovaBarquinha.pt<\/a><\/td><\/tr><tr><td><strong>Posto de Turismo<\/strong><\/td><td>Largo 1.\u00ba Dezembro 2260-403 Vila Nova da Barquinha<br>Telefone: 249 720 353 ou 249 720 358<br>E-Mail: <a href=\"mailto:turismo@cm-vnbarquinha.pt\">turismo@cm-vnbarquinha.pt<\/a><\/td><\/tr><tr><td><strong>Naturais de Vila <strong>Nova da Barquinha<\/strong><\/strong><\/td><td><strong><strong>Barquinhences<\/strong><\/strong>.<\/td><\/tr><tr><td><strong>Artesanato<\/strong><\/td><td><\/td><\/tr><tr><td><strong>Festas e Romarias<\/strong><\/td><td>Feira de Vila Nova da Barquinha, com Festa de Toiros e muita anima\u00e7\u00e3o;<br>Festa do Rio e das Aldeias em 15 de Agosto, <\/td><\/tr><\/tbody><\/table><\/figure>\n<\/div>\n<\/div>\n<\/div><\/div>\n\n\n\n<p class=\"has-medium-font-size wp-block-paragraph\">Para mais informa\u00e7\u00e3o ver Ficheiro PDF do <a href=\"https:\/\/viajarcomtempo.eu\/wp-content\/uploads\/2024\/03\/Barquinha.pdf\" target=\"_blank\" rel=\"noreferrer noopener\">Concelho de Vila Nova da Barquinhq<\/a><\/p>\n<\/div>\n<\/div>\n<\/div><\/div>\n\n\n\n<script>\/\/ <![CDATA[\nfunction goBack() { window.history.back() }\n\/\/ ]]><\/script>\n<button onclick=\"goBack()\"><strong>Voltar \u00e0 p\u00e1gina anterior<\/strong><\/button>\n<br><br>\n\n\n\n<p class=\"wp-block-paragraph\"><a href=\"https:\/\/viajarcomtempo.eu\/?page_id=832\">Ver p\u00e1gina<\/a><\/p>\n","protected":false},"excerpt":{"rendered":"<p>Voltar \u00e0 p\u00e1gina anterior No s\u00edtio da Ribeira da Atalaia, existem vest\u00edgios de ocupa\u00e7\u00e3o humana (Neandertal), datados de h\u00e1 300 mil anos (Paleol\u00edtico Inferior). Foram encontradas ferramentas de seixos lascados. S\u00e3o dos vest\u00edgios mais antigos que h\u00e1 conhecimento em Portugal. Neste local, os vest\u00edgios t\u00eam uma abrang\u00eancia temporal que vai dos 300 anos at\u00e9 aos [&hellip;]<\/p>\n","protected":false},"author":1,"featured_media":0,"parent":0,"menu_order":0,"comment_status":"closed","ping_status":"closed","template":"","meta":{"_crdt_document":"","footnotes":""},"class_list":["post-2596","page","type-page","status-publish","hentry","eq-blocks"],"yoast_head":"<!-- This site is optimized with the Yoast SEO plugin v27.3 - https:\/\/yoast.com\/product\/yoast-seo-wordpress\/ -->\n<title>Vila Nova da Barquinha - Viajar Com Tempo<\/title>\n<meta name=\"robots\" content=\"index, follow, max-snippet:-1, max-image-preview:large, max-video-preview:-1\" \/>\n<link rel=\"canonical\" href=\"https:\/\/viajarcomtempo.eu\/?page_id=2596\" \/>\n<meta property=\"og:locale\" content=\"pt_PT\" \/>\n<meta property=\"og:type\" content=\"article\" \/>\n<meta property=\"og:title\" content=\"Vila Nova da Barquinha - Viajar Com Tempo\" \/>\n<meta property=\"og:description\" content=\"Voltar \u00e0 p\u00e1gina anterior No s\u00edtio da Ribeira da Atalaia, existem vest\u00edgios de ocupa\u00e7\u00e3o humana (Neandertal), datados de h\u00e1 300 mil anos (Paleol\u00edtico Inferior). Foram encontradas ferramentas de seixos lascados. S\u00e3o dos vest\u00edgios mais antigos que h\u00e1 conhecimento em Portugal. Neste local, os vest\u00edgios t\u00eam uma abrang\u00eancia temporal que vai dos 300 anos at\u00e9 aos [&hellip;]\" \/>\n<meta property=\"og:url\" content=\"https:\/\/viajarcomtempo.eu\/?page_id=2596\" \/>\n<meta property=\"og:site_name\" content=\"Viajar Com Tempo\" \/>\n<meta property=\"article:modified_time\" content=\"2024-03-16T15:38:39+00:00\" \/>\n<meta name=\"twitter:card\" content=\"summary_large_image\" \/>\n<meta name=\"twitter:label1\" content=\"Tempo estimado de leitura\" \/>\n\t<meta name=\"twitter:data1\" content=\"1 minuto\" \/>\n<script type=\"application\/ld+json\" class=\"yoast-schema-graph\">{\"@context\":\"https:\\\/\\\/schema.org\",\"@graph\":[{\"@type\":\"WebPage\",\"@id\":\"https:\\\/\\\/viajarcomtempo.eu\\\/?page_id=2596\",\"url\":\"https:\\\/\\\/viajarcomtempo.eu\\\/?page_id=2596\",\"name\":\"Vila Nova da Barquinha - Viajar Com Tempo\",\"isPartOf\":{\"@id\":\"https:\\\/\\\/viajarcomtempo.eu\\\/#website\"},\"datePublished\":\"2024-03-15T15:11:38+00:00\",\"dateModified\":\"2024-03-16T15:38:39+00:00\",\"breadcrumb\":{\"@id\":\"https:\\\/\\\/viajarcomtempo.eu\\\/?page_id=2596#breadcrumb\"},\"inLanguage\":\"pt-PT\",\"potentialAction\":[{\"@type\":\"ReadAction\",\"target\":[\"https:\\\/\\\/viajarcomtempo.eu\\\/?page_id=2596\"]}]},{\"@type\":\"BreadcrumbList\",\"@id\":\"https:\\\/\\\/viajarcomtempo.eu\\\/?page_id=2596#breadcrumb\",\"itemListElement\":[{\"@type\":\"ListItem\",\"position\":1,\"name\":\"In\u00edcio\",\"item\":\"https:\\\/\\\/viajarcomtempo.eu\\\/\"},{\"@type\":\"ListItem\",\"position\":2,\"name\":\"Vila Nova da Barquinha\"}]},{\"@type\":\"WebSite\",\"@id\":\"https:\\\/\\\/viajarcomtempo.eu\\\/#website\",\"url\":\"https:\\\/\\\/viajarcomtempo.eu\\\/\",\"name\":\"Viajar Com Tempo\",\"description\":\"Roteiros para viajar sem pressa\",\"publisher\":{\"@id\":\"https:\\\/\\\/viajarcomtempo.eu\\\/#\\\/schema\\\/person\\\/2f6c8045b5e07d397d92d8e5cf7aee98\"},\"potentialAction\":[{\"@type\":\"SearchAction\",\"target\":{\"@type\":\"EntryPoint\",\"urlTemplate\":\"https:\\\/\\\/viajarcomtempo.eu\\\/?s={search_term_string}\"},\"query-input\":{\"@type\":\"PropertyValueSpecification\",\"valueRequired\":true,\"valueName\":\"search_term_string\"}}],\"inLanguage\":\"pt-PT\"},{\"@type\":[\"Person\",\"Organization\"],\"@id\":\"https:\\\/\\\/viajarcomtempo.eu\\\/#\\\/schema\\\/person\\\/2f6c8045b5e07d397d92d8e5cf7aee98\",\"name\":\"Jos\u00e9 Salvador\",\"logo\":{\"@id\":\"https:\\\/\\\/viajarcomtempo.eu\\\/#\\\/schema\\\/person\\\/image\\\/\"},\"sameAs\":[\"http:\\\/\\\/viajarcomtempo.eu\"]}]}<\/script>\n<!-- \/ Yoast SEO plugin. -->","yoast_head_json":{"title":"Vila Nova da Barquinha - Viajar Com Tempo","robots":{"index":"index","follow":"follow","max-snippet":"max-snippet:-1","max-image-preview":"max-image-preview:large","max-video-preview":"max-video-preview:-1"},"canonical":"https:\/\/viajarcomtempo.eu\/?page_id=2596","og_locale":"pt_PT","og_type":"article","og_title":"Vila Nova da Barquinha - Viajar Com Tempo","og_description":"Voltar \u00e0 p\u00e1gina anterior No s\u00edtio da Ribeira da Atalaia, existem vest\u00edgios de ocupa\u00e7\u00e3o humana (Neandertal), datados de h\u00e1 300 mil anos (Paleol\u00edtico Inferior). Foram encontradas ferramentas de seixos lascados. S\u00e3o dos vest\u00edgios mais antigos que h\u00e1 conhecimento em Portugal. Neste local, os vest\u00edgios t\u00eam uma abrang\u00eancia temporal que vai dos 300 anos at\u00e9 aos [&hellip;]","og_url":"https:\/\/viajarcomtempo.eu\/?page_id=2596","og_site_name":"Viajar Com Tempo","article_modified_time":"2024-03-16T15:38:39+00:00","twitter_card":"summary_large_image","twitter_misc":{"Tempo estimado de leitura":"1 minuto"},"schema":{"@context":"https:\/\/schema.org","@graph":[{"@type":"WebPage","@id":"https:\/\/viajarcomtempo.eu\/?page_id=2596","url":"https:\/\/viajarcomtempo.eu\/?page_id=2596","name":"Vila Nova da Barquinha - Viajar Com Tempo","isPartOf":{"@id":"https:\/\/viajarcomtempo.eu\/#website"},"datePublished":"2024-03-15T15:11:38+00:00","dateModified":"2024-03-16T15:38:39+00:00","breadcrumb":{"@id":"https:\/\/viajarcomtempo.eu\/?page_id=2596#breadcrumb"},"inLanguage":"pt-PT","potentialAction":[{"@type":"ReadAction","target":["https:\/\/viajarcomtempo.eu\/?page_id=2596"]}]},{"@type":"BreadcrumbList","@id":"https:\/\/viajarcomtempo.eu\/?page_id=2596#breadcrumb","itemListElement":[{"@type":"ListItem","position":1,"name":"In\u00edcio","item":"https:\/\/viajarcomtempo.eu\/"},{"@type":"ListItem","position":2,"name":"Vila Nova da Barquinha"}]},{"@type":"WebSite","@id":"https:\/\/viajarcomtempo.eu\/#website","url":"https:\/\/viajarcomtempo.eu\/","name":"Viajar Com Tempo","description":"Roteiros para viajar sem pressa","publisher":{"@id":"https:\/\/viajarcomtempo.eu\/#\/schema\/person\/2f6c8045b5e07d397d92d8e5cf7aee98"},"potentialAction":[{"@type":"SearchAction","target":{"@type":"EntryPoint","urlTemplate":"https:\/\/viajarcomtempo.eu\/?s={search_term_string}"},"query-input":{"@type":"PropertyValueSpecification","valueRequired":true,"valueName":"search_term_string"}}],"inLanguage":"pt-PT"},{"@type":["Person","Organization"],"@id":"https:\/\/viajarcomtempo.eu\/#\/schema\/person\/2f6c8045b5e07d397d92d8e5cf7aee98","name":"Jos\u00e9 Salvador","logo":{"@id":"https:\/\/viajarcomtempo.eu\/#\/schema\/person\/image\/"},"sameAs":["http:\/\/viajarcomtempo.eu"]}]}},"_links":{"self":[{"href":"https:\/\/viajarcomtempo.eu\/index.php?rest_route=\/wp\/v2\/pages\/2596","targetHints":{"allow":["GET"]}}],"collection":[{"href":"https:\/\/viajarcomtempo.eu\/index.php?rest_route=\/wp\/v2\/pages"}],"about":[{"href":"https:\/\/viajarcomtempo.eu\/index.php?rest_route=\/wp\/v2\/types\/page"}],"author":[{"embeddable":true,"href":"https:\/\/viajarcomtempo.eu\/index.php?rest_route=\/wp\/v2\/users\/1"}],"replies":[{"embeddable":true,"href":"https:\/\/viajarcomtempo.eu\/index.php?rest_route=%2Fwp%2Fv2%2Fcomments&post=2596"}],"version-history":[{"count":6,"href":"https:\/\/viajarcomtempo.eu\/index.php?rest_route=\/wp\/v2\/pages\/2596\/revisions"}],"predecessor-version":[{"id":2606,"href":"https:\/\/viajarcomtempo.eu\/index.php?rest_route=\/wp\/v2\/pages\/2596\/revisions\/2606"}],"wp:attachment":[{"href":"https:\/\/viajarcomtempo.eu\/index.php?rest_route=%2Fwp%2Fv2%2Fmedia&parent=2596"}],"curies":[{"name":"wp","href":"https:\/\/api.w.org\/{rel}","templated":true}]}}