{"id":260,"date":"2021-02-01T14:55:06","date_gmt":"2021-02-01T14:55:06","guid":{"rendered":"http:\/\/localhost\/ViajarComTempo\/?page_id=260"},"modified":"2021-03-27T18:36:07","modified_gmt":"2021-03-27T18:36:07","slug":"pagina-inicial","status":"publish","type":"page","link":"https:\/\/viajarcomtempo.eu\/","title":{"rendered":"P\u00e1gina Inicial"},"content":{"rendered":"\n<p class=\"wp-block-paragraph\" style=\"font-size:17px\"><strong>Viajar com tempo <\/strong>\u00e9 um site com <strong><a href=\"https:\/\/viajarcomtempo.eu\/?page_id=74\">roteiros <\/a><\/strong>para usar ou adaptar, um <strong><a href=\"https:\/\/viajarcomtempo.eu\/?page_id=637\">Guia do viajante<\/a><\/strong> para preparar os seus roteiros,  ou outro tipo de viagens por Portugal. Inclui tamb\u00e9m  o blog <strong><a href=\"https:\/\/viajarcomtempo.eu\/?page_id=600\">Notas de Viagem<\/a><\/strong> para publicar as opini\u00f5es destes viajantes sem pressa e a respetiva p\u00e1gina para visualizar os <a href=\"https:\/\/viajarcomtempo.eu\/?page_id=367\"><strong>Coment\u00e1rios<\/strong> <\/a>recebidos.<\/p>\n\n\n\n<figure class=\"wp-block-image size-large\"><img loading=\"lazy\" decoding=\"async\" width=\"1024\" height=\"197\" src=\"https:\/\/viajarcomtempo.eu\/wp-content\/uploads\/2021\/02\/FotoDoTema-1024x197.gif\" alt=\"\" class=\"wp-image-700\" srcset=\"https:\/\/viajarcomtempo.eu\/wp-content\/uploads\/2021\/02\/FotoDoTema-1024x197.gif 1024w, https:\/\/viajarcomtempo.eu\/wp-content\/uploads\/2021\/02\/FotoDoTema-300x58.gif 300w, https:\/\/viajarcomtempo.eu\/wp-content\/uploads\/2021\/02\/FotoDoTema-768x148.gif 768w, https:\/\/viajarcomtempo.eu\/wp-content\/uploads\/2021\/02\/FotoDoTema-1536x296.gif 1536w, https:\/\/viajarcomtempo.eu\/wp-content\/uploads\/2021\/02\/FotoDoTema-2048x395.gif 2048w\" sizes=\"auto, (max-width: 1024px) 100vw, 1024px\" \/><\/figure>\n\n\n\n<p class=\"wp-block-paragraph\" style=\"font-size:17px\">Este trabalho resulta da vontade de disponibilizar a informa\u00e7\u00e3o que fomos recolhendo, durante v\u00e1rios anos, na prepara\u00e7\u00e3o das nossas viagens pelas v\u00e1rias regi\u00f5es do pa\u00eds. Com a chegada da reforma, o tempo dispon\u00edvel permitiu organizar recolher e atualizar essa informa\u00e7\u00e3o estruturada por concelho.<\/p>\n\n\n\n<p class=\"wp-block-paragraph\" style=\"font-size:17px\">Ao preparar o <a href=\"https:\/\/viajarcomtempo.eu\/?page_id=874\"><strong>Roteiro da Nacional 2<\/strong><\/a> come\u00e7aram a surgir ideias para outros roteiros e a possibilidade de usar esta informa\u00e7\u00e3o para preparar viagens de pequena ou m\u00e9dia dura\u00e7\u00e3o. Esta \u00e9 mais uma raz\u00e3o para facilitar a vida a quem, tendo tempo, n\u00e3o quer ou n\u00e3o gosta de pesquisar, ou para quem tendo menos tempo, prefere us\u00e1-lo para usufruir da viagem.<\/p>\n\n\n\n<p class=\"wp-block-paragraph\">Para facilitar o site inclui uma p\u00e1gina com as <a href=\"https:\/\/viajarcomtempo.eu\/?page_id=759\"><strong>Palavras e Express\u00f5es<\/strong><\/a> usadas no contexto do site e outra com as <strong><a href=\"https:\/\/viajarcomtempo.eu\/?page_id=12\">Siglas<\/a> <\/strong>usadas nas \u00e1reas do turismo e viagens.<\/p>\n","protected":false},"excerpt":{"rendered":"<p>Viajar com tempo \u00e9 um site com roteiros para usar ou adaptar, um Guia do viajante para preparar os seus roteiros, ou outro tipo de viagens por Portugal. Inclui tamb\u00e9m o blog Notas de Viagem para publicar as opini\u00f5es destes viajantes sem pressa e a respetiva p\u00e1gina para visualizar os Coment\u00e1rios recebidos. Este trabalho resulta [&hellip;]<\/p>\n","protected":false},"author":1,"featured_media":0,"parent":0,"menu_order":0,"comment_status":"closed","ping_status":"closed","template":"","meta":{"_crdt_document":"","footnotes":""},"class_list":["post-260","page","type-page","status-publish","hentry","eq-blocks"],"yoast_head":"<!-- This site is optimized with the Yoast SEO plugin v27.3 - https:\/\/yoast.com\/product\/yoast-seo-wordpress\/ -->\n<title>P\u00e1gina Inicial - Viajar Com Tempo<\/title>\n<meta name=\"robots\" content=\"index, follow, max-snippet:-1, max-image-preview:large, max-video-preview:-1\" \/>\n<link rel=\"canonical\" href=\"https:\/\/viajarcomtempo.eu\/\" \/>\n<meta property=\"og:locale\" content=\"pt_PT\" \/>\n<meta property=\"og:type\" content=\"article\" \/>\n<meta property=\"og:title\" content=\"P\u00e1gina Inicial - Viajar Com Tempo\" \/>\n<meta property=\"og:description\" content=\"Viajar com tempo \u00e9 um site com roteiros para usar ou adaptar, um Guia do viajante para preparar os seus roteiros, ou outro tipo de viagens por Portugal. Inclui tamb\u00e9m o blog Notas de Viagem para publicar as opini\u00f5es destes viajantes sem pressa e a respetiva p\u00e1gina para visualizar os Coment\u00e1rios recebidos. Este trabalho resulta [&hellip;]\" \/>\n<meta property=\"og:url\" content=\"https:\/\/viajarcomtempo.eu\/\" \/>\n<meta property=\"og:site_name\" content=\"Viajar Com Tempo\" \/>\n<meta property=\"article:modified_time\" content=\"2021-03-27T18:36:07+00:00\" \/>\n<meta property=\"og:image\" content=\"http:\/\/viajarcomtempo.eu\/wp-content\/uploads\/2021\/02\/FotoDoTema-1024x197.gif\" \/>\n<meta name=\"twitter:card\" content=\"summary_large_image\" \/>\n<meta name=\"twitter:label1\" content=\"Tempo estimado de leitura\" \/>\n\t<meta name=\"twitter:data1\" content=\"2 minutos\" \/>\n<script type=\"application\/ld+json\" class=\"yoast-schema-graph\">{\"@context\":\"https:\\\/\\\/schema.org\",\"@graph\":[{\"@type\":\"WebPage\",\"@id\":\"https:\\\/\\\/viajarcomtempo.eu\\\/\",\"url\":\"https:\\\/\\\/viajarcomtempo.eu\\\/\",\"name\":\"P\u00e1gina Inicial - Viajar Com Tempo\",\"isPartOf\":{\"@id\":\"https:\\\/\\\/viajarcomtempo.eu\\\/#website\"},\"primaryImageOfPage\":{\"@id\":\"https:\\\/\\\/viajarcomtempo.eu\\\/#primaryimage\"},\"image\":{\"@id\":\"https:\\\/\\\/viajarcomtempo.eu\\\/#primaryimage\"},\"thumbnailUrl\":\"http:\\\/\\\/viajarcomtempo.eu\\\/wp-content\\\/uploads\\\/2021\\\/02\\\/FotoDoTema-1024x197.gif\",\"datePublished\":\"2021-02-01T14:55:06+00:00\",\"dateModified\":\"2021-03-27T18:36:07+00:00\",\"breadcrumb\":{\"@id\":\"https:\\\/\\\/viajarcomtempo.eu\\\/#breadcrumb\"},\"inLanguage\":\"pt-PT\",\"potentialAction\":[{\"@type\":\"ReadAction\",\"target\":[\"https:\\\/\\\/viajarcomtempo.eu\\\/\"]}]},{\"@type\":\"ImageObject\",\"inLanguage\":\"pt-PT\",\"@id\":\"https:\\\/\\\/viajarcomtempo.eu\\\/#primaryimage\",\"url\":\"http:\\\/\\\/viajarcomtempo.eu\\\/wp-content\\\/uploads\\\/2021\\\/02\\\/FotoDoTema-1024x197.gif\",\"contentUrl\":\"http:\\\/\\\/viajarcomtempo.eu\\\/wp-content\\\/uploads\\\/2021\\\/02\\\/FotoDoTema-1024x197.gif\"},{\"@type\":\"BreadcrumbList\",\"@id\":\"https:\\\/\\\/viajarcomtempo.eu\\\/#breadcrumb\",\"itemListElement\":[{\"@type\":\"ListItem\",\"position\":1,\"name\":\"In\u00edcio\",\"item\":\"https:\\\/\\\/viajarcomtempo.eu\\\/\"},{\"@type\":\"ListItem\",\"position\":2,\"name\":\"P\u00e1gina Inicial\"}]},{\"@type\":\"WebSite\",\"@id\":\"https:\\\/\\\/viajarcomtempo.eu\\\/#website\",\"url\":\"https:\\\/\\\/viajarcomtempo.eu\\\/\",\"name\":\"Viajar Com Tempo\",\"description\":\"Roteiros para viajar sem pressa\",\"publisher\":{\"@id\":\"https:\\\/\\\/viajarcomtempo.eu\\\/#\\\/schema\\\/person\\\/2f6c8045b5e07d397d92d8e5cf7aee98\"},\"potentialAction\":[{\"@type\":\"SearchAction\",\"target\":{\"@type\":\"EntryPoint\",\"urlTemplate\":\"https:\\\/\\\/viajarcomtempo.eu\\\/?s={search_term_string}\"},\"query-input\":{\"@type\":\"PropertyValueSpecification\",\"valueRequired\":true,\"valueName\":\"search_term_string\"}}],\"inLanguage\":\"pt-PT\"},{\"@type\":[\"Person\",\"Organization\"],\"@id\":\"https:\\\/\\\/viajarcomtempo.eu\\\/#\\\/schema\\\/person\\\/2f6c8045b5e07d397d92d8e5cf7aee98\",\"name\":\"Jos\u00e9 Salvador\",\"logo\":{\"@id\":\"https:\\\/\\\/viajarcomtempo.eu\\\/#\\\/schema\\\/person\\\/image\\\/\"},\"sameAs\":[\"http:\\\/\\\/viajarcomtempo.eu\"]}]}<\/script>\n<!-- \/ Yoast SEO plugin. -->","yoast_head_json":{"title":"P\u00e1gina Inicial - Viajar Com Tempo","robots":{"index":"index","follow":"follow","max-snippet":"max-snippet:-1","max-image-preview":"max-image-preview:large","max-video-preview":"max-video-preview:-1"},"canonical":"https:\/\/viajarcomtempo.eu\/","og_locale":"pt_PT","og_type":"article","og_title":"P\u00e1gina Inicial - Viajar Com Tempo","og_description":"Viajar com tempo \u00e9 um site com roteiros para usar ou adaptar, um Guia do viajante para preparar os seus roteiros, ou outro tipo de viagens por Portugal. Inclui tamb\u00e9m o blog Notas de Viagem para publicar as opini\u00f5es destes viajantes sem pressa e a respetiva p\u00e1gina para visualizar os Coment\u00e1rios recebidos. Este trabalho resulta [&hellip;]","og_url":"https:\/\/viajarcomtempo.eu\/","og_site_name":"Viajar Com Tempo","article_modified_time":"2021-03-27T18:36:07+00:00","og_image":[{"url":"http:\/\/viajarcomtempo.eu\/wp-content\/uploads\/2021\/02\/FotoDoTema-1024x197.gif","type":"","width":"","height":""}],"twitter_card":"summary_large_image","twitter_misc":{"Tempo estimado de leitura":"2 minutos"},"schema":{"@context":"https:\/\/schema.org","@graph":[{"@type":"WebPage","@id":"https:\/\/viajarcomtempo.eu\/","url":"https:\/\/viajarcomtempo.eu\/","name":"P\u00e1gina Inicial - Viajar Com Tempo","isPartOf":{"@id":"https:\/\/viajarcomtempo.eu\/#website"},"primaryImageOfPage":{"@id":"https:\/\/viajarcomtempo.eu\/#primaryimage"},"image":{"@id":"https:\/\/viajarcomtempo.eu\/#primaryimage"},"thumbnailUrl":"http:\/\/viajarcomtempo.eu\/wp-content\/uploads\/2021\/02\/FotoDoTema-1024x197.gif","datePublished":"2021-02-01T14:55:06+00:00","dateModified":"2021-03-27T18:36:07+00:00","breadcrumb":{"@id":"https:\/\/viajarcomtempo.eu\/#breadcrumb"},"inLanguage":"pt-PT","potentialAction":[{"@type":"ReadAction","target":["https:\/\/viajarcomtempo.eu\/"]}]},{"@type":"ImageObject","inLanguage":"pt-PT","@id":"https:\/\/viajarcomtempo.eu\/#primaryimage","url":"http:\/\/viajarcomtempo.eu\/wp-content\/uploads\/2021\/02\/FotoDoTema-1024x197.gif","contentUrl":"http:\/\/viajarcomtempo.eu\/wp-content\/uploads\/2021\/02\/FotoDoTema-1024x197.gif"},{"@type":"BreadcrumbList","@id":"https:\/\/viajarcomtempo.eu\/#breadcrumb","itemListElement":[{"@type":"ListItem","position":1,"name":"In\u00edcio","item":"https:\/\/viajarcomtempo.eu\/"},{"@type":"ListItem","position":2,"name":"P\u00e1gina Inicial"}]},{"@type":"WebSite","@id":"https:\/\/viajarcomtempo.eu\/#website","url":"https:\/\/viajarcomtempo.eu\/","name":"Viajar Com Tempo","description":"Roteiros para viajar sem pressa","publisher":{"@id":"https:\/\/viajarcomtempo.eu\/#\/schema\/person\/2f6c8045b5e07d397d92d8e5cf7aee98"},"potentialAction":[{"@type":"SearchAction","target":{"@type":"EntryPoint","urlTemplate":"https:\/\/viajarcomtempo.eu\/?s={search_term_string}"},"query-input":{"@type":"PropertyValueSpecification","valueRequired":true,"valueName":"search_term_string"}}],"inLanguage":"pt-PT"},{"@type":["Person","Organization"],"@id":"https:\/\/viajarcomtempo.eu\/#\/schema\/person\/2f6c8045b5e07d397d92d8e5cf7aee98","name":"Jos\u00e9 Salvador","logo":{"@id":"https:\/\/viajarcomtempo.eu\/#\/schema\/person\/image\/"},"sameAs":["http:\/\/viajarcomtempo.eu"]}]}},"_links":{"self":[{"href":"https:\/\/viajarcomtempo.eu\/index.php?rest_route=\/wp\/v2\/pages\/260","targetHints":{"allow":["GET"]}}],"collection":[{"href":"https:\/\/viajarcomtempo.eu\/index.php?rest_route=\/wp\/v2\/pages"}],"about":[{"href":"https:\/\/viajarcomtempo.eu\/index.php?rest_route=\/wp\/v2\/types\/page"}],"author":[{"embeddable":true,"href":"https:\/\/viajarcomtempo.eu\/index.php?rest_route=\/wp\/v2\/users\/1"}],"replies":[{"embeddable":true,"href":"https:\/\/viajarcomtempo.eu\/index.php?rest_route=%2Fwp%2Fv2%2Fcomments&post=260"}],"version-history":[{"count":14,"href":"https:\/\/viajarcomtempo.eu\/index.php?rest_route=\/wp\/v2\/pages\/260\/revisions"}],"predecessor-version":[{"id":1054,"href":"https:\/\/viajarcomtempo.eu\/index.php?rest_route=\/wp\/v2\/pages\/260\/revisions\/1054"}],"wp:attachment":[{"href":"https:\/\/viajarcomtempo.eu\/index.php?rest_route=%2Fwp%2Fv2%2Fmedia&parent=260"}],"curies":[{"name":"wp","href":"https:\/\/api.w.org\/{rel}","templated":true}]}}