{"id":2613,"date":"2024-05-03T18:44:16","date_gmt":"2024-05-03T18:44:16","guid":{"rendered":"https:\/\/viajarcomtempo.eu\/?page_id=2613"},"modified":"2024-05-03T18:50:30","modified_gmt":"2024-05-03T18:50:30","slug":"roteiro-do-medio-tejo","status":"publish","type":"page","link":"https:\/\/viajarcomtempo.eu\/?page_id=2613","title":{"rendered":"Roteiro do M\u00e9dio Tejo"},"content":{"rendered":"\n<h2 class=\"wp-block-heading\" id=\"elementor-tab-title-1831\">Roteiro do M\u00e9dio Tejo&nbsp; &nbsp; &nbsp;<\/h2>\n\n\n\n<p class=\"wp-block-paragraph\">O M\u00e9dio Tejo \u00e9 uma divis\u00e3o administrativa de \u00e2mbito Europeu, que, at\u00e9 final de 2023, agregava os seguintes os seguintes 13 Concelhos:<\/p>\n\n\n\n<ul class=\"wp-block-list\">\n<li><strong><a href=\"https:\/\/viajarcomtempo.eu\/?page_id=1195\">Abrantes<\/a><\/strong><\/li>\n\n\n\n<li><a href=\"https:\/\/viajarcomtempo.eu\/?page_id=2516\"><strong>Alcanena<\/strong><\/a><\/li>\n\n\n\n<li><a href=\"https:\/\/viajarcomtempo.eu\/?page_id=2523\"><strong>Const\u00e2ncia<\/strong><\/a><\/li>\n\n\n\n<li><a href=\"https:\/\/viajarcomtempo.eu\/?page_id=2531\"><strong>Entroncamento<\/strong><\/a><\/li>\n\n\n\n<li><strong><a href=\"https:\/\/viajarcomtempo.eu\/?page_id=2540\">Ferreira do Z\u00eazere<\/a><\/strong><\/li>\n\n\n\n<li><strong><a href=\"https:\/\/viajarcomtempo.eu\/?page_id=2550\">Ma\u00e7\u00e3o<\/a><\/strong><\/li>\n\n\n\n<li><a href=\"https:\/\/viajarcomtempo.eu\/?page_id=2561\"><strong>Our\u00e9m<\/strong><\/a><\/li>\n\n\n\n<li><strong><a href=\"https:\/\/viajarcomtempo.eu\/?page_id=1193\">Sardoal<\/a><\/strong><\/li>\n\n\n\n<li><strong><a href=\"https:\/\/viajarcomtempo.eu\/?page_id=1189\">Sert\u00e3<\/a><\/strong><\/li>\n\n\n\n<li><a href=\"https:\/\/viajarcomtempo.eu\/?page_id=2565\"><strong>Tomar<\/strong><\/a><\/li>\n\n\n\n<li><a href=\"https:\/\/viajarcomtempo.eu\/?page_id=2567\"><strong>Torres Novas<\/strong><\/a><\/li>\n\n\n\n<li><strong><a href=\"https:\/\/viajarcomtempo.eu\/?page_id=1191\">Vila de Rei<\/a><\/strong><\/li>\n\n\n\n<li><a href=\"https:\/\/viajarcomtempo.eu\/?page_id=2596\"><strong>Vila Nova da Barquinha<\/strong><\/a><\/li>\n<\/ul>\n\n\n\n<p class=\"wp-block-paragraph\">O roteiro do M\u00e9dio Tejo n\u00e3o segue a l\u00f3gica de Iniciar no local \u201c<strong>X<\/strong>\u201d e terminar no local \u201c<strong>Y<\/strong>\u201c, mas a de se instalar num dos locais e percorrer cada concelho em roteiros de um dia, partindo cedo e voltando tarde. Dadas as dist\u00e2ncias relativamente curtas parece uma boa op\u00e7\u00e3o para apreciar a natureza, as paisagens, os monumentos \u2026\u2026<\/p>\n\n\n\n<p class=\"wp-block-paragraph\">Fa\u00e7a o seu pr\u00f3prio roteiro di\u00e1rio e parta \u00e0 descoberta de novas emo\u00e7\u00f5es, mas lembre-se, sem pressas, est\u00e1 a&nbsp;<strong><em>viajar com tempo.<\/em><\/strong><\/p>\n","protected":false},"excerpt":{"rendered":"<p>Roteiro do M\u00e9dio Tejo&nbsp; &nbsp; &nbsp; O M\u00e9dio Tejo \u00e9 uma divis\u00e3o administrativa de \u00e2mbito Europeu, que, at\u00e9 final de 2023, agregava os seguintes os seguintes 13 Concelhos: O roteiro do M\u00e9dio Tejo n\u00e3o segue a l\u00f3gica de Iniciar no local \u201cX\u201d e terminar no local \u201cY\u201c, mas a de se instalar num dos locais [&hellip;]<\/p>\n","protected":false},"author":1,"featured_media":0,"parent":0,"menu_order":0,"comment_status":"closed","ping_status":"closed","template":"","meta":{"_crdt_document":"","footnotes":""},"class_list":["post-2613","page","type-page","status-publish","hentry","eq-blocks"],"yoast_head":"<!-- This site is optimized with the Yoast SEO plugin v27.3 - https:\/\/yoast.com\/product\/yoast-seo-wordpress\/ -->\n<title>Roteiro do M\u00e9dio Tejo - Viajar Com Tempo<\/title>\n<meta name=\"robots\" content=\"index, follow, max-snippet:-1, max-image-preview:large, max-video-preview:-1\" \/>\n<link rel=\"canonical\" href=\"https:\/\/viajarcomtempo.eu\/?page_id=2613\" \/>\n<meta property=\"og:locale\" content=\"pt_PT\" \/>\n<meta property=\"og:type\" content=\"article\" \/>\n<meta property=\"og:title\" content=\"Roteiro do M\u00e9dio Tejo - Viajar Com Tempo\" \/>\n<meta property=\"og:description\" content=\"Roteiro do M\u00e9dio Tejo&nbsp; &nbsp; &nbsp; O M\u00e9dio Tejo \u00e9 uma divis\u00e3o administrativa de \u00e2mbito Europeu, que, at\u00e9 final de 2023, agregava os seguintes os seguintes 13 Concelhos: O roteiro do M\u00e9dio Tejo n\u00e3o segue a l\u00f3gica de Iniciar no local \u201cX\u201d e terminar no local \u201cY\u201c, mas a de se instalar num dos locais [&hellip;]\" \/>\n<meta property=\"og:url\" content=\"https:\/\/viajarcomtempo.eu\/?page_id=2613\" \/>\n<meta property=\"og:site_name\" content=\"Viajar Com Tempo\" \/>\n<meta property=\"article:modified_time\" content=\"2024-05-03T18:50:30+00:00\" \/>\n<meta name=\"twitter:card\" content=\"summary_large_image\" \/>\n<meta name=\"twitter:label1\" content=\"Tempo estimado de leitura\" \/>\n\t<meta name=\"twitter:data1\" content=\"1 minuto\" \/>\n<script type=\"application\/ld+json\" class=\"yoast-schema-graph\">{\"@context\":\"https:\\\/\\\/schema.org\",\"@graph\":[{\"@type\":\"WebPage\",\"@id\":\"https:\\\/\\\/viajarcomtempo.eu\\\/?page_id=2613\",\"url\":\"https:\\\/\\\/viajarcomtempo.eu\\\/?page_id=2613\",\"name\":\"Roteiro do M\u00e9dio Tejo - Viajar Com Tempo\",\"isPartOf\":{\"@id\":\"https:\\\/\\\/viajarcomtempo.eu\\\/#website\"},\"datePublished\":\"2024-05-03T18:44:16+00:00\",\"dateModified\":\"2024-05-03T18:50:30+00:00\",\"breadcrumb\":{\"@id\":\"https:\\\/\\\/viajarcomtempo.eu\\\/?page_id=2613#breadcrumb\"},\"inLanguage\":\"pt-PT\",\"potentialAction\":[{\"@type\":\"ReadAction\",\"target\":[\"https:\\\/\\\/viajarcomtempo.eu\\\/?page_id=2613\"]}]},{\"@type\":\"BreadcrumbList\",\"@id\":\"https:\\\/\\\/viajarcomtempo.eu\\\/?page_id=2613#breadcrumb\",\"itemListElement\":[{\"@type\":\"ListItem\",\"position\":1,\"name\":\"In\u00edcio\",\"item\":\"https:\\\/\\\/viajarcomtempo.eu\\\/\"},{\"@type\":\"ListItem\",\"position\":2,\"name\":\"Roteiro do M\u00e9dio Tejo\"}]},{\"@type\":\"WebSite\",\"@id\":\"https:\\\/\\\/viajarcomtempo.eu\\\/#website\",\"url\":\"https:\\\/\\\/viajarcomtempo.eu\\\/\",\"name\":\"Viajar Com Tempo\",\"description\":\"Roteiros para viajar sem pressa\",\"publisher\":{\"@id\":\"https:\\\/\\\/viajarcomtempo.eu\\\/#\\\/schema\\\/person\\\/2f6c8045b5e07d397d92d8e5cf7aee98\"},\"potentialAction\":[{\"@type\":\"SearchAction\",\"target\":{\"@type\":\"EntryPoint\",\"urlTemplate\":\"https:\\\/\\\/viajarcomtempo.eu\\\/?s={search_term_string}\"},\"query-input\":{\"@type\":\"PropertyValueSpecification\",\"valueRequired\":true,\"valueName\":\"search_term_string\"}}],\"inLanguage\":\"pt-PT\"},{\"@type\":[\"Person\",\"Organization\"],\"@id\":\"https:\\\/\\\/viajarcomtempo.eu\\\/#\\\/schema\\\/person\\\/2f6c8045b5e07d397d92d8e5cf7aee98\",\"name\":\"Jos\u00e9 Salvador\",\"logo\":{\"@id\":\"https:\\\/\\\/viajarcomtempo.eu\\\/#\\\/schema\\\/person\\\/image\\\/\"},\"sameAs\":[\"http:\\\/\\\/viajarcomtempo.eu\"]}]}<\/script>\n<!-- \/ Yoast SEO plugin. -->","yoast_head_json":{"title":"Roteiro do M\u00e9dio Tejo - Viajar Com Tempo","robots":{"index":"index","follow":"follow","max-snippet":"max-snippet:-1","max-image-preview":"max-image-preview:large","max-video-preview":"max-video-preview:-1"},"canonical":"https:\/\/viajarcomtempo.eu\/?page_id=2613","og_locale":"pt_PT","og_type":"article","og_title":"Roteiro do M\u00e9dio Tejo - Viajar Com Tempo","og_description":"Roteiro do M\u00e9dio Tejo&nbsp; &nbsp; &nbsp; O M\u00e9dio Tejo \u00e9 uma divis\u00e3o administrativa de \u00e2mbito Europeu, que, at\u00e9 final de 2023, agregava os seguintes os seguintes 13 Concelhos: O roteiro do M\u00e9dio Tejo n\u00e3o segue a l\u00f3gica de Iniciar no local \u201cX\u201d e terminar no local \u201cY\u201c, mas a de se instalar num dos locais [&hellip;]","og_url":"https:\/\/viajarcomtempo.eu\/?page_id=2613","og_site_name":"Viajar Com Tempo","article_modified_time":"2024-05-03T18:50:30+00:00","twitter_card":"summary_large_image","twitter_misc":{"Tempo estimado de leitura":"1 minuto"},"schema":{"@context":"https:\/\/schema.org","@graph":[{"@type":"WebPage","@id":"https:\/\/viajarcomtempo.eu\/?page_id=2613","url":"https:\/\/viajarcomtempo.eu\/?page_id=2613","name":"Roteiro do M\u00e9dio Tejo - Viajar Com Tempo","isPartOf":{"@id":"https:\/\/viajarcomtempo.eu\/#website"},"datePublished":"2024-05-03T18:44:16+00:00","dateModified":"2024-05-03T18:50:30+00:00","breadcrumb":{"@id":"https:\/\/viajarcomtempo.eu\/?page_id=2613#breadcrumb"},"inLanguage":"pt-PT","potentialAction":[{"@type":"ReadAction","target":["https:\/\/viajarcomtempo.eu\/?page_id=2613"]}]},{"@type":"BreadcrumbList","@id":"https:\/\/viajarcomtempo.eu\/?page_id=2613#breadcrumb","itemListElement":[{"@type":"ListItem","position":1,"name":"In\u00edcio","item":"https:\/\/viajarcomtempo.eu\/"},{"@type":"ListItem","position":2,"name":"Roteiro do M\u00e9dio Tejo"}]},{"@type":"WebSite","@id":"https:\/\/viajarcomtempo.eu\/#website","url":"https:\/\/viajarcomtempo.eu\/","name":"Viajar Com Tempo","description":"Roteiros para viajar sem pressa","publisher":{"@id":"https:\/\/viajarcomtempo.eu\/#\/schema\/person\/2f6c8045b5e07d397d92d8e5cf7aee98"},"potentialAction":[{"@type":"SearchAction","target":{"@type":"EntryPoint","urlTemplate":"https:\/\/viajarcomtempo.eu\/?s={search_term_string}"},"query-input":{"@type":"PropertyValueSpecification","valueRequired":true,"valueName":"search_term_string"}}],"inLanguage":"pt-PT"},{"@type":["Person","Organization"],"@id":"https:\/\/viajarcomtempo.eu\/#\/schema\/person\/2f6c8045b5e07d397d92d8e5cf7aee98","name":"Jos\u00e9 Salvador","logo":{"@id":"https:\/\/viajarcomtempo.eu\/#\/schema\/person\/image\/"},"sameAs":["http:\/\/viajarcomtempo.eu"]}]}},"_links":{"self":[{"href":"https:\/\/viajarcomtempo.eu\/index.php?rest_route=\/wp\/v2\/pages\/2613","targetHints":{"allow":["GET"]}}],"collection":[{"href":"https:\/\/viajarcomtempo.eu\/index.php?rest_route=\/wp\/v2\/pages"}],"about":[{"href":"https:\/\/viajarcomtempo.eu\/index.php?rest_route=\/wp\/v2\/types\/page"}],"author":[{"embeddable":true,"href":"https:\/\/viajarcomtempo.eu\/index.php?rest_route=\/wp\/v2\/users\/1"}],"replies":[{"embeddable":true,"href":"https:\/\/viajarcomtempo.eu\/index.php?rest_route=%2Fwp%2Fv2%2Fcomments&post=2613"}],"version-history":[{"count":3,"href":"https:\/\/viajarcomtempo.eu\/index.php?rest_route=\/wp\/v2\/pages\/2613\/revisions"}],"predecessor-version":[{"id":2618,"href":"https:\/\/viajarcomtempo.eu\/index.php?rest_route=\/wp\/v2\/pages\/2613\/revisions\/2618"}],"wp:attachment":[{"href":"https:\/\/viajarcomtempo.eu\/index.php?rest_route=%2Fwp%2Fv2%2Fmedia&parent=2613"}],"curies":[{"name":"wp","href":"https:\/\/api.w.org\/{rel}","templated":true}]}}