{"id":30,"date":"2021-01-23T18:18:32","date_gmt":"2021-01-23T18:18:32","guid":{"rendered":"http:\/\/localhost\/ViajarComTempo\/?page_id=30"},"modified":"2021-04-15T14:44:34","modified_gmt":"2021-04-15T14:44:34","slug":"chaves","status":"publish","type":"page","link":"https:\/\/viajarcomtempo.eu\/?page_id=30","title":{"rendered":"Chaves"},"content":{"rendered":"\n<script>\/\/ <![CDATA[\nfunction goBack() { window.history.back() }\n\/\/ ]]><\/script>\n<button onclick=\"goBack()\"><strong>Voltar \u00e0 p\u00e1gina anterior<\/strong><\/button>\n<br><br>\n\n\n\n<div class=\"wp-block-columns is-layout-flex wp-container-core-columns-is-layout-8f761849 wp-block-columns-is-layout-flex\">\n<div class=\"wp-block-column is-layout-flow wp-block-column-is-layout-flow\" style=\"flex-basis:66.66%\">\n<p class=\"wp-block-paragraph\">Situada na fronteira norte com Espanha Chaves foi palco de ocupa\u00e7\u00f5es remotas que v\u00e3o desde a pr\u00e9-hist\u00f3ria at\u00e9 aos nossos dias, por aqui passaram grandes civiliza\u00e7\u00f5es e culturas como a romana, a visig\u00f3tica, ou mesmo a mu\u00e7ulmana.<\/p>\n\n\n\n<p class=\"wp-block-paragraph\">De entre essas civiliza\u00e7\u00f5es a que mais floresceu nestas terras de tr\u00e1s os montes foi sem d\u00favida a romana, de quem Aquae Flaviae foi a sua digna representante. Terra de encantos e de monumentalidade, expressa nos seus castros, castelos, pontes, igrejas e conventos, Chaves oferece a quem a visita um encontro com a hist\u00f3ria e a cultura do povo raiano do Alto T\u00e2mega e o deslumbre pela natureza paisag\u00edstica.<\/p>\n\n\n\n<p class=\"wp-block-paragraph\">Em 1129 a regi\u00e3o de Chaves foi tomada pelos Mouros e retomada 31 anos depois, por Rui e Garcia Lopes, dois cavaleiros de aventura que a ofereceram em 1105 a D.<br>Afonso Henriques quando foi reconhecido como Rei de Portugal. D. Afonso Henriques come\u00e7ou, desde logo, a alargar os limites do territ\u00f3rio que lhe fora  legado.<\/p>\n<\/div>\n\n\n\n<div class=\"wp-block-column is-layout-flow wp-block-column-is-layout-flow\" style=\"flex-basis:33.33%\">\n<figure class=\"wp-block-image size-large\"><img loading=\"lazy\" decoding=\"async\" width=\"700\" height=\"466\" src=\"https:\/\/viajarcomtempo.eu\/wp-content\/uploads\/2021\/02\/Chaves_PonteTrajano.gif\" alt=\"\" class=\"wp-image-915\"\/><figcaption><strong>Ponte de Trajano<\/strong> &#8211; Foto Viajantes Com Tempo 2011<\/figcaption><\/figure>\n<\/div>\n<\/div>\n\n\n\n<div class=\"wp-block-group\"><div class=\"wp-block-group__inner-container is-layout-flow wp-block-group-is-layout-flow\">\n<div class=\"wp-block-columns is-layout-flex wp-container-core-columns-is-layout-8f761849 wp-block-columns-is-layout-flex\">\n<div class=\"wp-block-column is-layout-flow wp-block-column-is-layout-flow\" style=\"flex-basis:100%\">\n<div class=\"wp-block-group\"><div class=\"wp-block-group__inner-container is-layout-flow wp-block-group-is-layout-flow\">\n<div class=\"wp-block-columns is-layout-flex wp-container-core-columns-is-layout-8f761849 wp-block-columns-is-layout-flex\">\n<div class=\"wp-block-column is-layout-flow wp-block-column-is-layout-flow\" style=\"flex-basis:100%\">\n<figure class=\"wp-block-table is-style-regular\"><table class=\"has-subtle-pale-blue-background-color has-background\"><tbody><tr><td><strong>Site da CM Chaves<\/strong><\/td><td><a href=\"https:\/\/www.chaves.pt\/\" target=\"_blank\" rel=\"noreferrer noopener\">https:\/\/www.chaves.pt\/<\/a><\/td><\/tr><tr><td><strong>Posto de Turismo<\/strong><\/td><td>Pa\u00e7o dos Duques de Bragan\u00e7a, Pra\u00e7a de Cam\u00f5es&nbsp;5400-150<br>Chaves <strong>Telefone &#8211;&nbsp;<\/strong>276 348 180 <strong>Mail <\/strong>&#8211; turismo@chaves.pt<\/td><\/tr><tr><td><strong>Naturais de Chaves<\/strong><\/td><td><strong>Flavienses <\/strong>&#8211; Tem origem na antiga designa\u00e7\u00e3o de origem romana Aquae Flavie<\/td><\/tr><tr><td><strong>Artesanato<\/strong><\/td><td>Barro preto e Cestos de Vilar de Nantes e Mantas de Soutelo<\/td><\/tr><tr><td><strong>Festas e Romarias<\/strong><\/td><td>Festas em honra de N\u00aa Senhora das Gra\u00e7as, no terceiro domingo do m\u00eas de setembro.<br>Festa dos Povos em Aquae Flaviae\u201d-<br>Festas da Cidade&nbsp;na comemora\u00e7\u00e3o do feriado municipal, a 8 de Julho.<\/td><\/tr><\/tbody><\/table><\/figure>\n<\/div>\n<\/div>\n<\/div><\/div>\n\n\n\n<p class=\"has-medium-font-size wp-block-paragraph\">Para mais informa\u00e7\u00e3o ver Ficheiro PDF do <a rel=\"noreferrer noopener\" href=\"https:\/\/viajarcomtempo.eu\/wp-content\/uploads\/2021\/02\/Chaves.pdf\" target=\"_blank\">Concelho de Chaves<\/a><\/p>\n<\/div>\n<\/div>\n<\/div><\/div>\n\n\n\n<script>\/\/ <![CDATA[\nfunction goBack() { window.history.back() }\n\/\/ ]]><\/script>\n<button onclick=\"goBack()\"><strong>Voltar \u00e0 p\u00e1gina anterior<\/strong><\/button>\n<br><br>\n","protected":false},"excerpt":{"rendered":"<p>Voltar \u00e0 p\u00e1gina anterior Situada na fronteira norte com Espanha Chaves foi palco de ocupa\u00e7\u00f5es remotas que v\u00e3o desde a pr\u00e9-hist\u00f3ria at\u00e9 aos nossos dias, por aqui passaram grandes civiliza\u00e7\u00f5es e culturas como a romana, a visig\u00f3tica, ou mesmo a mu\u00e7ulmana. De entre essas civiliza\u00e7\u00f5es a que mais floresceu nestas terras de tr\u00e1s os montes [&hellip;]<\/p>\n","protected":false},"author":1,"featured_media":0,"parent":0,"menu_order":0,"comment_status":"closed","ping_status":"closed","template":"fullwidth.php","meta":{"_crdt_document":"","footnotes":""},"class_list":["post-30","page","type-page","status-publish","hentry","eq-blocks"],"yoast_head":"<!-- This site is optimized with the Yoast SEO plugin v27.3 - https:\/\/yoast.com\/product\/yoast-seo-wordpress\/ -->\n<title>Chaves - Viajar Com Tempo<\/title>\n<meta name=\"robots\" content=\"index, follow, max-snippet:-1, max-image-preview:large, max-video-preview:-1\" \/>\n<link rel=\"canonical\" href=\"https:\/\/viajarcomtempo.eu\/?page_id=30\" \/>\n<meta property=\"og:locale\" content=\"pt_PT\" \/>\n<meta property=\"og:type\" content=\"article\" \/>\n<meta property=\"og:title\" content=\"Chaves - Viajar Com Tempo\" \/>\n<meta property=\"og:description\" content=\"Voltar \u00e0 p\u00e1gina anterior Situada na fronteira norte com Espanha Chaves foi palco de ocupa\u00e7\u00f5es remotas que v\u00e3o desde a pr\u00e9-hist\u00f3ria at\u00e9 aos nossos dias, por aqui passaram grandes civiliza\u00e7\u00f5es e culturas como a romana, a visig\u00f3tica, ou mesmo a mu\u00e7ulmana. De entre essas civiliza\u00e7\u00f5es a que mais floresceu nestas terras de tr\u00e1s os montes [&hellip;]\" \/>\n<meta property=\"og:url\" content=\"https:\/\/viajarcomtempo.eu\/?page_id=30\" \/>\n<meta property=\"og:site_name\" content=\"Viajar Com Tempo\" \/>\n<meta property=\"article:modified_time\" content=\"2021-04-15T14:44:34+00:00\" \/>\n<meta property=\"og:image\" content=\"http:\/\/viajarcomtempo.eu\/wp-content\/uploads\/2021\/02\/Chaves_PonteTrajano.gif\" \/>\n<meta name=\"twitter:card\" content=\"summary_large_image\" \/>\n<meta name=\"twitter:label1\" content=\"Tempo estimado de leitura\" \/>\n\t<meta name=\"twitter:data1\" content=\"2 minutos\" \/>\n<script type=\"application\/ld+json\" class=\"yoast-schema-graph\">{\"@context\":\"https:\\\/\\\/schema.org\",\"@graph\":[{\"@type\":\"WebPage\",\"@id\":\"https:\\\/\\\/viajarcomtempo.eu\\\/?page_id=30\",\"url\":\"https:\\\/\\\/viajarcomtempo.eu\\\/?page_id=30\",\"name\":\"Chaves - Viajar Com Tempo\",\"isPartOf\":{\"@id\":\"https:\\\/\\\/viajarcomtempo.eu\\\/#website\"},\"primaryImageOfPage\":{\"@id\":\"https:\\\/\\\/viajarcomtempo.eu\\\/?page_id=30#primaryimage\"},\"image\":{\"@id\":\"https:\\\/\\\/viajarcomtempo.eu\\\/?page_id=30#primaryimage\"},\"thumbnailUrl\":\"http:\\\/\\\/viajarcomtempo.eu\\\/wp-content\\\/uploads\\\/2021\\\/02\\\/Chaves_PonteTrajano.gif\",\"datePublished\":\"2021-01-23T18:18:32+00:00\",\"dateModified\":\"2021-04-15T14:44:34+00:00\",\"breadcrumb\":{\"@id\":\"https:\\\/\\\/viajarcomtempo.eu\\\/?page_id=30#breadcrumb\"},\"inLanguage\":\"pt-PT\",\"potentialAction\":[{\"@type\":\"ReadAction\",\"target\":[\"https:\\\/\\\/viajarcomtempo.eu\\\/?page_id=30\"]}]},{\"@type\":\"ImageObject\",\"inLanguage\":\"pt-PT\",\"@id\":\"https:\\\/\\\/viajarcomtempo.eu\\\/?page_id=30#primaryimage\",\"url\":\"http:\\\/\\\/viajarcomtempo.eu\\\/wp-content\\\/uploads\\\/2021\\\/02\\\/Chaves_PonteTrajano.gif\",\"contentUrl\":\"http:\\\/\\\/viajarcomtempo.eu\\\/wp-content\\\/uploads\\\/2021\\\/02\\\/Chaves_PonteTrajano.gif\"},{\"@type\":\"BreadcrumbList\",\"@id\":\"https:\\\/\\\/viajarcomtempo.eu\\\/?page_id=30#breadcrumb\",\"itemListElement\":[{\"@type\":\"ListItem\",\"position\":1,\"name\":\"In\u00edcio\",\"item\":\"https:\\\/\\\/viajarcomtempo.eu\\\/\"},{\"@type\":\"ListItem\",\"position\":2,\"name\":\"Chaves\"}]},{\"@type\":\"WebSite\",\"@id\":\"https:\\\/\\\/viajarcomtempo.eu\\\/#website\",\"url\":\"https:\\\/\\\/viajarcomtempo.eu\\\/\",\"name\":\"Viajar Com Tempo\",\"description\":\"Roteiros para viajar sem pressa\",\"publisher\":{\"@id\":\"https:\\\/\\\/viajarcomtempo.eu\\\/#\\\/schema\\\/person\\\/2f6c8045b5e07d397d92d8e5cf7aee98\"},\"potentialAction\":[{\"@type\":\"SearchAction\",\"target\":{\"@type\":\"EntryPoint\",\"urlTemplate\":\"https:\\\/\\\/viajarcomtempo.eu\\\/?s={search_term_string}\"},\"query-input\":{\"@type\":\"PropertyValueSpecification\",\"valueRequired\":true,\"valueName\":\"search_term_string\"}}],\"inLanguage\":\"pt-PT\"},{\"@type\":[\"Person\",\"Organization\"],\"@id\":\"https:\\\/\\\/viajarcomtempo.eu\\\/#\\\/schema\\\/person\\\/2f6c8045b5e07d397d92d8e5cf7aee98\",\"name\":\"Jos\u00e9 Salvador\",\"logo\":{\"@id\":\"https:\\\/\\\/viajarcomtempo.eu\\\/#\\\/schema\\\/person\\\/image\\\/\"},\"sameAs\":[\"http:\\\/\\\/viajarcomtempo.eu\"]}]}<\/script>\n<!-- \/ Yoast SEO plugin. -->","yoast_head_json":{"title":"Chaves - Viajar Com Tempo","robots":{"index":"index","follow":"follow","max-snippet":"max-snippet:-1","max-image-preview":"max-image-preview:large","max-video-preview":"max-video-preview:-1"},"canonical":"https:\/\/viajarcomtempo.eu\/?page_id=30","og_locale":"pt_PT","og_type":"article","og_title":"Chaves - Viajar Com Tempo","og_description":"Voltar \u00e0 p\u00e1gina anterior Situada na fronteira norte com Espanha Chaves foi palco de ocupa\u00e7\u00f5es remotas que v\u00e3o desde a pr\u00e9-hist\u00f3ria at\u00e9 aos nossos dias, por aqui passaram grandes civiliza\u00e7\u00f5es e culturas como a romana, a visig\u00f3tica, ou mesmo a mu\u00e7ulmana. De entre essas civiliza\u00e7\u00f5es a que mais floresceu nestas terras de tr\u00e1s os montes [&hellip;]","og_url":"https:\/\/viajarcomtempo.eu\/?page_id=30","og_site_name":"Viajar Com Tempo","article_modified_time":"2021-04-15T14:44:34+00:00","og_image":[{"url":"http:\/\/viajarcomtempo.eu\/wp-content\/uploads\/2021\/02\/Chaves_PonteTrajano.gif","type":"","width":"","height":""}],"twitter_card":"summary_large_image","twitter_misc":{"Tempo estimado de leitura":"2 minutos"},"schema":{"@context":"https:\/\/schema.org","@graph":[{"@type":"WebPage","@id":"https:\/\/viajarcomtempo.eu\/?page_id=30","url":"https:\/\/viajarcomtempo.eu\/?page_id=30","name":"Chaves - Viajar Com Tempo","isPartOf":{"@id":"https:\/\/viajarcomtempo.eu\/#website"},"primaryImageOfPage":{"@id":"https:\/\/viajarcomtempo.eu\/?page_id=30#primaryimage"},"image":{"@id":"https:\/\/viajarcomtempo.eu\/?page_id=30#primaryimage"},"thumbnailUrl":"http:\/\/viajarcomtempo.eu\/wp-content\/uploads\/2021\/02\/Chaves_PonteTrajano.gif","datePublished":"2021-01-23T18:18:32+00:00","dateModified":"2021-04-15T14:44:34+00:00","breadcrumb":{"@id":"https:\/\/viajarcomtempo.eu\/?page_id=30#breadcrumb"},"inLanguage":"pt-PT","potentialAction":[{"@type":"ReadAction","target":["https:\/\/viajarcomtempo.eu\/?page_id=30"]}]},{"@type":"ImageObject","inLanguage":"pt-PT","@id":"https:\/\/viajarcomtempo.eu\/?page_id=30#primaryimage","url":"http:\/\/viajarcomtempo.eu\/wp-content\/uploads\/2021\/02\/Chaves_PonteTrajano.gif","contentUrl":"http:\/\/viajarcomtempo.eu\/wp-content\/uploads\/2021\/02\/Chaves_PonteTrajano.gif"},{"@type":"BreadcrumbList","@id":"https:\/\/viajarcomtempo.eu\/?page_id=30#breadcrumb","itemListElement":[{"@type":"ListItem","position":1,"name":"In\u00edcio","item":"https:\/\/viajarcomtempo.eu\/"},{"@type":"ListItem","position":2,"name":"Chaves"}]},{"@type":"WebSite","@id":"https:\/\/viajarcomtempo.eu\/#website","url":"https:\/\/viajarcomtempo.eu\/","name":"Viajar Com Tempo","description":"Roteiros para viajar sem pressa","publisher":{"@id":"https:\/\/viajarcomtempo.eu\/#\/schema\/person\/2f6c8045b5e07d397d92d8e5cf7aee98"},"potentialAction":[{"@type":"SearchAction","target":{"@type":"EntryPoint","urlTemplate":"https:\/\/viajarcomtempo.eu\/?s={search_term_string}"},"query-input":{"@type":"PropertyValueSpecification","valueRequired":true,"valueName":"search_term_string"}}],"inLanguage":"pt-PT"},{"@type":["Person","Organization"],"@id":"https:\/\/viajarcomtempo.eu\/#\/schema\/person\/2f6c8045b5e07d397d92d8e5cf7aee98","name":"Jos\u00e9 Salvador","logo":{"@id":"https:\/\/viajarcomtempo.eu\/#\/schema\/person\/image\/"},"sameAs":["http:\/\/viajarcomtempo.eu"]}]}},"_links":{"self":[{"href":"https:\/\/viajarcomtempo.eu\/index.php?rest_route=\/wp\/v2\/pages\/30","targetHints":{"allow":["GET"]}}],"collection":[{"href":"https:\/\/viajarcomtempo.eu\/index.php?rest_route=\/wp\/v2\/pages"}],"about":[{"href":"https:\/\/viajarcomtempo.eu\/index.php?rest_route=\/wp\/v2\/types\/page"}],"author":[{"embeddable":true,"href":"https:\/\/viajarcomtempo.eu\/index.php?rest_route=\/wp\/v2\/users\/1"}],"replies":[{"embeddable":true,"href":"https:\/\/viajarcomtempo.eu\/index.php?rest_route=%2Fwp%2Fv2%2Fcomments&post=30"}],"version-history":[{"count":20,"href":"https:\/\/viajarcomtempo.eu\/index.php?rest_route=\/wp\/v2\/pages\/30\/revisions"}],"predecessor-version":[{"id":1108,"href":"https:\/\/viajarcomtempo.eu\/index.php?rest_route=\/wp\/v2\/pages\/30\/revisions\/1108"}],"wp:attachment":[{"href":"https:\/\/viajarcomtempo.eu\/index.php?rest_route=%2Fwp%2Fv2%2Fmedia&parent=30"}],"curies":[{"name":"wp","href":"https:\/\/api.w.org\/{rel}","templated":true}]}}