{"id":367,"date":"2021-02-07T15:28:46","date_gmt":"2021-02-07T15:28:46","guid":{"rendered":"http:\/\/localhost\/ViajarComTempo\/?page_id=367"},"modified":"2021-02-26T16:09:43","modified_gmt":"2021-02-26T16:09:43","slug":"367-2","status":"publish","type":"page","link":"https:\/\/viajarcomtempo.eu\/?page_id=367","title":{"rendered":"Coment\u00e1rios"},"content":{"rendered":"<ol class=\"has-dates has-excerpts wp-block-latest-comments\"><li class=\"wp-block-latest-comments__comment\"><article><footer class=\"wp-block-latest-comments__comment-meta\"><span class=\"wp-block-latest-comments__comment-author\">Fernando Torres<\/span> em <a class=\"wp-block-latest-comments__comment-link\" href=\"https:\/\/viajarcomtempo.eu\/?p=503#comment-25\">Roteiro N2 &#8211; Passaporte<\/a><time datetime=\"2023-09-30T13:35:52+00:00\" class=\"wp-block-latest-comments__comment-date\">30 de Setembro, 2023<\/time><\/footer><div class=\"wp-block-latest-comments__comment-excerpt\"><p>Todas as informa\u00e7\u00f5es da nacional 2<\/p>\n<\/div><\/article><\/li><li class=\"wp-block-latest-comments__comment\"><article><footer class=\"wp-block-latest-comments__comment-meta\"><a class=\"wp-block-latest-comments__comment-author\" href=\"https:\/\/viajarcomtempo.eu\">Jos\u00e9 Salvador<\/a> em <a class=\"wp-block-latest-comments__comment-link\" href=\"https:\/\/viajarcomtempo.eu\/?p=2068#comment-21\">Roteiro N1 &#8211; Percurso<\/a><time datetime=\"2023-04-16T19:05:16+00:00\" class=\"wp-block-latest-comments__comment-date\">16 de Abril, 2023<\/time><\/footer><div class=\"wp-block-latest-comments__comment-excerpt\"><p>Boa Tarde. Compreendi e aceito a sua sugest\u00e3o. Se identifiquei bem o paragrafo, alterei a sua reda\u00e7\u00e3o. Obrigado pela sugest\u00e3o.&hellip;<\/p>\n<\/div><\/article><\/li><li class=\"wp-block-latest-comments__comment\"><article><footer class=\"wp-block-latest-comments__comment-meta\"><span class=\"wp-block-latest-comments__comment-author\">alfredo moreira<\/span> em <a class=\"wp-block-latest-comments__comment-link\" href=\"https:\/\/viajarcomtempo.eu\/?p=2068#comment-20\">Roteiro N1 &#8211; Percurso<\/a><time datetime=\"2023-03-28T05:13:02+00:00\" class=\"wp-block-latest-comments__comment-date\">28 de Mar\u00e7o, 2023<\/time><\/footer><div class=\"wp-block-latest-comments__comment-excerpt\"><p>Ligar lisboa ao norte ? Pensei que era o porto ao sul&#8230;.<\/p>\n<\/div><\/article><\/li><li class=\"wp-block-latest-comments__comment\"><article><footer class=\"wp-block-latest-comments__comment-meta\"><span class=\"wp-block-latest-comments__comment-author\">Pedro Ant\u00e3o<\/span> em <a class=\"wp-block-latest-comments__comment-link\" href=\"https:\/\/viajarcomtempo.eu\/?p=638#comment-8\">Ol\u00e1, bem vindos!<\/a><time datetime=\"2022-01-26T15:48:58+00:00\" class=\"wp-block-latest-comments__comment-date\">26 de Janeiro, 2022<\/time><\/footer><div class=\"wp-block-latest-comments__comment-excerpt\"><p>Ao entrar no Blog: uma viagem nost\u00e1lgica atr\u00e1s no tempo; na N1 ainda retenho o sabor dos bons past\u00e9is de&hellip;<\/p>\n<\/div><\/article><\/li><li class=\"wp-block-latest-comments__comment\"><article><footer class=\"wp-block-latest-comments__comment-meta\"><span class=\"wp-block-latest-comments__comment-author\">Manuel Fernando Garcia Salvador<\/span> em <a class=\"wp-block-latest-comments__comment-link\" href=\"https:\/\/viajarcomtempo.eu\/?p=638#comment-4\">Ol\u00e1, bem vindos!<\/a><time datetime=\"2021-02-25T17:30:39+00:00\" class=\"wp-block-latest-comments__comment-date\">25 de Fevereiro, 2021<\/time><\/footer><div class=\"wp-block-latest-comments__comment-excerpt\"><p>Oh p\u00e1 a ideia \u00e9 genial e agora h\u00e1 que tirar o dito do selim e dar continuidade. Tem pernas&hellip;<\/p>\n<\/div><\/article><\/li><\/ol>","protected":false},"excerpt":{"rendered":"","protected":false},"author":1,"featured_media":0,"parent":0,"menu_order":0,"comment_status":"closed","ping_status":"closed","template":"","meta":{"_crdt_document":"","footnotes":""},"class_list":["post-367","page","type-page","status-publish","hentry","eq-blocks"],"yoast_head":"<!-- This site is optimized with the Yoast SEO plugin v27.3 - https:\/\/yoast.com\/product\/yoast-seo-wordpress\/ -->\n<title>Coment\u00e1rios - Viajar Com Tempo<\/title>\n<meta name=\"robots\" content=\"index, follow, max-snippet:-1, max-image-preview:large, max-video-preview:-1\" \/>\n<link rel=\"canonical\" href=\"https:\/\/viajarcomtempo.eu\/?page_id=367\" \/>\n<meta property=\"og:locale\" content=\"pt_PT\" \/>\n<meta property=\"og:type\" content=\"article\" \/>\n<meta property=\"og:title\" content=\"Coment\u00e1rios - Viajar Com Tempo\" \/>\n<meta property=\"og:url\" content=\"https:\/\/viajarcomtempo.eu\/?page_id=367\" \/>\n<meta property=\"og:site_name\" content=\"Viajar Com Tempo\" \/>\n<meta property=\"article:modified_time\" content=\"2021-02-26T16:09:43+00:00\" \/>\n<meta name=\"twitter:card\" content=\"summary_large_image\" \/>\n<script type=\"application\/ld+json\" class=\"yoast-schema-graph\">{\"@context\":\"https:\\\/\\\/schema.org\",\"@graph\":[{\"@type\":\"WebPage\",\"@id\":\"https:\\\/\\\/viajarcomtempo.eu\\\/?page_id=367\",\"url\":\"https:\\\/\\\/viajarcomtempo.eu\\\/?page_id=367\",\"name\":\"Coment\u00e1rios - Viajar Com Tempo\",\"isPartOf\":{\"@id\":\"https:\\\/\\\/viajarcomtempo.eu\\\/#website\"},\"datePublished\":\"2021-02-07T15:28:46+00:00\",\"dateModified\":\"2021-02-26T16:09:43+00:00\",\"breadcrumb\":{\"@id\":\"https:\\\/\\\/viajarcomtempo.eu\\\/?page_id=367#breadcrumb\"},\"inLanguage\":\"pt-PT\",\"potentialAction\":[{\"@type\":\"ReadAction\",\"target\":[\"https:\\\/\\\/viajarcomtempo.eu\\\/?page_id=367\"]}]},{\"@type\":\"BreadcrumbList\",\"@id\":\"https:\\\/\\\/viajarcomtempo.eu\\\/?page_id=367#breadcrumb\",\"itemListElement\":[{\"@type\":\"ListItem\",\"position\":1,\"name\":\"In\u00edcio\",\"item\":\"https:\\\/\\\/viajarcomtempo.eu\\\/\"},{\"@type\":\"ListItem\",\"position\":2,\"name\":\"Coment\u00e1rios\"}]},{\"@type\":\"WebSite\",\"@id\":\"https:\\\/\\\/viajarcomtempo.eu\\\/#website\",\"url\":\"https:\\\/\\\/viajarcomtempo.eu\\\/\",\"name\":\"Viajar Com Tempo\",\"description\":\"Roteiros para viajar sem pressa\",\"publisher\":{\"@id\":\"https:\\\/\\\/viajarcomtempo.eu\\\/#\\\/schema\\\/person\\\/2f6c8045b5e07d397d92d8e5cf7aee98\"},\"potentialAction\":[{\"@type\":\"SearchAction\",\"target\":{\"@type\":\"EntryPoint\",\"urlTemplate\":\"https:\\\/\\\/viajarcomtempo.eu\\\/?s={search_term_string}\"},\"query-input\":{\"@type\":\"PropertyValueSpecification\",\"valueRequired\":true,\"valueName\":\"search_term_string\"}}],\"inLanguage\":\"pt-PT\"},{\"@type\":[\"Person\",\"Organization\"],\"@id\":\"https:\\\/\\\/viajarcomtempo.eu\\\/#\\\/schema\\\/person\\\/2f6c8045b5e07d397d92d8e5cf7aee98\",\"name\":\"Jos\u00e9 Salvador\",\"logo\":{\"@id\":\"https:\\\/\\\/viajarcomtempo.eu\\\/#\\\/schema\\\/person\\\/image\\\/\"},\"sameAs\":[\"http:\\\/\\\/viajarcomtempo.eu\"]}]}<\/script>\n<!-- \/ Yoast SEO plugin. -->","yoast_head_json":{"title":"Coment\u00e1rios - Viajar Com Tempo","robots":{"index":"index","follow":"follow","max-snippet":"max-snippet:-1","max-image-preview":"max-image-preview:large","max-video-preview":"max-video-preview:-1"},"canonical":"https:\/\/viajarcomtempo.eu\/?page_id=367","og_locale":"pt_PT","og_type":"article","og_title":"Coment\u00e1rios - Viajar Com Tempo","og_url":"https:\/\/viajarcomtempo.eu\/?page_id=367","og_site_name":"Viajar Com Tempo","article_modified_time":"2021-02-26T16:09:43+00:00","twitter_card":"summary_large_image","schema":{"@context":"https:\/\/schema.org","@graph":[{"@type":"WebPage","@id":"https:\/\/viajarcomtempo.eu\/?page_id=367","url":"https:\/\/viajarcomtempo.eu\/?page_id=367","name":"Coment\u00e1rios - Viajar Com Tempo","isPartOf":{"@id":"https:\/\/viajarcomtempo.eu\/#website"},"datePublished":"2021-02-07T15:28:46+00:00","dateModified":"2021-02-26T16:09:43+00:00","breadcrumb":{"@id":"https:\/\/viajarcomtempo.eu\/?page_id=367#breadcrumb"},"inLanguage":"pt-PT","potentialAction":[{"@type":"ReadAction","target":["https:\/\/viajarcomtempo.eu\/?page_id=367"]}]},{"@type":"BreadcrumbList","@id":"https:\/\/viajarcomtempo.eu\/?page_id=367#breadcrumb","itemListElement":[{"@type":"ListItem","position":1,"name":"In\u00edcio","item":"https:\/\/viajarcomtempo.eu\/"},{"@type":"ListItem","position":2,"name":"Coment\u00e1rios"}]},{"@type":"WebSite","@id":"https:\/\/viajarcomtempo.eu\/#website","url":"https:\/\/viajarcomtempo.eu\/","name":"Viajar Com Tempo","description":"Roteiros para viajar sem pressa","publisher":{"@id":"https:\/\/viajarcomtempo.eu\/#\/schema\/person\/2f6c8045b5e07d397d92d8e5cf7aee98"},"potentialAction":[{"@type":"SearchAction","target":{"@type":"EntryPoint","urlTemplate":"https:\/\/viajarcomtempo.eu\/?s={search_term_string}"},"query-input":{"@type":"PropertyValueSpecification","valueRequired":true,"valueName":"search_term_string"}}],"inLanguage":"pt-PT"},{"@type":["Person","Organization"],"@id":"https:\/\/viajarcomtempo.eu\/#\/schema\/person\/2f6c8045b5e07d397d92d8e5cf7aee98","name":"Jos\u00e9 Salvador","logo":{"@id":"https:\/\/viajarcomtempo.eu\/#\/schema\/person\/image\/"},"sameAs":["http:\/\/viajarcomtempo.eu"]}]}},"_links":{"self":[{"href":"https:\/\/viajarcomtempo.eu\/index.php?rest_route=\/wp\/v2\/pages\/367","targetHints":{"allow":["GET"]}}],"collection":[{"href":"https:\/\/viajarcomtempo.eu\/index.php?rest_route=\/wp\/v2\/pages"}],"about":[{"href":"https:\/\/viajarcomtempo.eu\/index.php?rest_route=\/wp\/v2\/types\/page"}],"author":[{"embeddable":true,"href":"https:\/\/viajarcomtempo.eu\/index.php?rest_route=\/wp\/v2\/users\/1"}],"replies":[{"embeddable":true,"href":"https:\/\/viajarcomtempo.eu\/index.php?rest_route=%2Fwp%2Fv2%2Fcomments&post=367"}],"version-history":[{"count":1,"href":"https:\/\/viajarcomtempo.eu\/index.php?rest_route=\/wp\/v2\/pages\/367\/revisions"}],"predecessor-version":[{"id":650,"href":"https:\/\/viajarcomtempo.eu\/index.php?rest_route=\/wp\/v2\/pages\/367\/revisions\/650"}],"wp:attachment":[{"href":"https:\/\/viajarcomtempo.eu\/index.php?rest_route=%2Fwp%2Fv2%2Fmedia&parent=367"}],"curies":[{"name":"wp","href":"https:\/\/api.w.org\/{rel}","templated":true}]}}