{"id":637,"date":"2021-02-13T23:44:50","date_gmt":"2021-02-13T23:44:50","guid":{"rendered":"http:\/\/localhost\/ViajarComTempo\/?page_id=637"},"modified":"2022-08-30T23:13:46","modified_gmt":"2022-08-30T23:13:46","slug":"guia-do-viajante","status":"publish","type":"page","link":"https:\/\/viajarcomtempo.eu\/?page_id=637","title":{"rendered":"Guia do Viajante"},"content":{"rendered":"\n<p class=\"wp-block-paragraph\" style=\"font-size:17px\">O <strong>guia do viajante <\/strong>\u00e9 a fonte de informa\u00e7\u00e3o para que os amantes de viajar, com ou sem tempo, possam encontrar um local a visitar ou criar o seu pr\u00f3prio roteiro. <\/p>\n\n\n\n<p class=\"wp-block-paragraph\" style=\"font-size:17px\">A informa\u00e7\u00e3o est\u00e1 desagregada a n\u00edvel do Concelho havendo para cada um deles uma p\u00e1gina resumo e um ficheiro PDF com mais detalhes. <\/p>\n\n\n\n<p class=\"wp-block-paragraph\" style=\"font-size:17px\">A dificuldade que temos em saber o significado das v\u00e1rias siglas e abreviaturas usadas nas atividades relacionadas com o turismo justificam a cria\u00e7\u00e3o desta p\u00e1gina<strong>. Veja em &#8211; &#8211; &gt; <a href=\"https:\/\/viajarcomtempo.eu\/?page_id=12\">Siglas<\/a>  <\/strong><\/p>\n\n\n\n<p class=\"wp-block-paragraph\"><strong>Esta \u00e9 a lista dos concelhos com informa\u00e7\u00e3o j\u00e1 compilada.<\/strong><\/p>\n\n\n\n<p class=\"wp-block-paragraph\">\n<table id=\"tablepress-1\" class=\"tablepress tablepress-id-1\">\n<thead>\n<tr class=\"row-1\">\n\t<th class=\"column-1\">Concelhos<\/th><th class=\"column-2\">informa\u00e7\u00e3o dispon\u00edvel<\/th>\n<\/tr>\n<\/thead>\n<tbody class=\"row-striping row-hover\">\n<tr class=\"row-2\">\n\t<td class=\"column-1\"><a href=\"http:\/\/viajarcomtempo.eu\/?page_id=30\">Chaves<\/a><\/td><td class=\"column-2\">Chaves ,Vidago  e Roteiro no Concelho<\/td>\n<\/tr>\n<tr class=\"row-3\">\n\t<td class=\"column-1\"><a href=\"http:\/\/viajarcomtempo.eu\/?page_id=730\">Vila Pouca de Aguiar<\/a><\/td><td class=\"column-2\">Vila Pouca de Aguiar e Pedras Salgadas<\/td>\n<\/tr>\n<tr class=\"row-4\">\n\t<td class=\"column-1\"><a href=\"http:\/\/viajarcomtempo.eu\/?page_id=832\">Vila Real<\/a><\/td><td class=\"column-2\">Vila Real<\/td>\n<\/tr>\n<tr class=\"row-5\">\n\t<td class=\"column-1\"><a href=\"http:\/\/viajarcomtempo.eu\/?page_id=904\">Santa Marta de Penagui\u00e3o<\/a><\/td><td class=\"column-2\">Santa Marta de Penagui\u00e3o<\/td>\n<\/tr>\n<tr class=\"row-6\">\n\t<td class=\"column-1\"><a href=\"http:\/\/viajarcomtempo.eu\/?page_id=962\">Peso da R\u00e9gua<\/a><\/td><td class=\"column-2\">Peso da R\u00e9gua e Roteiros no Concelho<\/td>\n<\/tr>\n<tr class=\"row-7\">\n\t<td class=\"column-1\"><a href=\"http:\/\/viajarcomtempo.eu\/?page_id=1029\">Lamego<\/a><\/td><td class=\"column-2\">Lamego<\/td>\n<\/tr>\n<tr class=\"row-8\">\n\t<td class=\"column-1\"><a href=\"http:\/\/viajarcomtempo.eu\/?page_id=1048\">Castro Daire<\/a><\/td><td class=\"column-2\">Castro Daire<\/td>\n<\/tr>\n<tr class=\"row-9\">\n\t<td class=\"column-1\"><a href=\"http:\/\/viajarcomtempo.eu\/?page_id=1077\">S\u00e3o Pedro do Sul<\/a><\/td><td class=\"column-2\">S\u00e3o Pedro do Sul<\/td>\n<\/tr>\n<tr class=\"row-10\">\n\t<td class=\"column-1\"><a href=\"http:\/\/viajarcomtempo.eu\/?page_id=1103\">Viseu<\/a><\/td><td class=\"column-2\">Viseu<\/td>\n<\/tr>\n<tr class=\"row-11\">\n\t<td class=\"column-1\"><a href=\"http:\/\/viajarcomtempo.eu\/?page_id=1105\">Tondela<\/a><\/td><td class=\"column-2\">Tondela<\/td>\n<\/tr>\n<tr class=\"row-12\">\n\t<td class=\"column-1\"><a href=\"http:\/\/viajarcomtempo.eu\/?page_id=1113\">Santa Comba D\u00e3o<\/a><\/td><td class=\"column-2\">Santa Comba D\u00e3o<\/td>\n<\/tr>\n<tr class=\"row-13\">\n\t<td class=\"column-1\"><a href=\"http:\/\/viajarcomtempo.eu\/?page_id=1115\">Mort\u00e1gua<\/a><\/td><td class=\"column-2\">Mort\u00e1gua<\/td>\n<\/tr>\n<tr class=\"row-14\">\n\t<td class=\"column-1\"><a href=\"http:\/\/viajarcomtempo.eu\/?page_id=963\">Penacova<\/a><\/td><td class=\"column-2\">Penacova<\/td>\n<\/tr>\n<tr class=\"row-15\">\n\t<td class=\"column-1\"><a href=\"http:\/\/viajarcomtempo.eu\/?page_id=1149\">Vila Nova de Poiares<\/a><\/td><td class=\"column-2\">Vila Nova de Poiares<\/td>\n<\/tr>\n<tr class=\"row-16\">\n\t<td class=\"column-1\"><a href=\"http:\/\/viajarcomtempo.eu\/?page_id=1167\">Lous\u00e3<\/a><\/td><td class=\"column-2\">Lous\u00e3<\/td>\n<\/tr>\n<tr class=\"row-17\">\n\t<td class=\"column-1\"><a href=\"http:\/\/viajarcomtempo.eu\/?page_id=1153\">G\u00f3is<\/a><\/td><td class=\"column-2\">G\u00f3is<\/td>\n<\/tr>\n<tr class=\"row-18\">\n\t<td class=\"column-1\"><a href=\"http:\/\/viajarcomtempo.eu\/?page_id=1179\">Pedr\u00f3g\u00e3o Grande<\/a><\/td><td class=\"column-2\">Pedr\u00f3g\u00e3o Grande<\/td>\n<\/tr>\n<tr class=\"row-19\">\n\t<td class=\"column-1\"><a href=\"http:\/\/viajarcomtempo.eu\/?page_id=1189\">Sert\u00e3<\/a><\/td><td class=\"column-2\">Sert\u00e3<\/td>\n<\/tr>\n<tr class=\"row-20\">\n\t<td class=\"column-1\"><a href=\"http:\/\/viajarcomtempo.eu\/?page_id=1191\">Vila de Rei<\/a><\/td><td class=\"column-2\">Vila de Rei<\/td>\n<\/tr>\n<tr class=\"row-21\">\n\t<td class=\"column-1\"><a href=\"http:\/\/viajarcomtempo.eu\/?page_id=1193\">Sardoal<\/a><\/td><td class=\"column-2\">Sardoal<\/td>\n<\/tr>\n<tr class=\"row-22\">\n\t<td class=\"column-1\"><a href=\"http:\/\/viajarcomtempo.eu\/?page_id=1195\">Abrantes<\/a><\/td><td class=\"column-2\">Abrantes<\/td>\n<\/tr>\n<tr class=\"row-23\">\n\t<td class=\"column-1\"><a href=\"http:\/\/viajarcomtempo.eu\/?page_id=1342\">Ponte de Sor<\/a><\/td><td class=\"column-2\">Ponte de Sor<\/td>\n<\/tr>\n<tr class=\"row-24\">\n\t<td class=\"column-1\"><a href=\"http:\/\/viajarcomtempo.eu\/?page_id=1353\">Avis<\/a><\/td><td class=\"column-2\">Avis<\/td>\n<\/tr>\n<tr class=\"row-25\">\n\t<td class=\"column-1\"><a href=\"http:\/\/viajarcomtempo.eu\/?page_id=1363\">Mora<\/a><\/td><td class=\"column-2\">Mora<\/td>\n<\/tr>\n<tr class=\"row-26\">\n\t<td class=\"column-1\"><a href=\"http:\/\/viajarcomtempo.eu\/?page_id=1365\">Coruche<\/a><\/td><td class=\"column-2\">Coruche<\/td>\n<\/tr>\n<tr class=\"row-27\">\n\t<td class=\"column-1\"><a href=\"http:\/\/viajarcomtempo.eu\/?page_id=1369\">Montemor-o-Novo<\/a><\/td><td class=\"column-2\">Montemor-o-Novo<\/td>\n<\/tr>\n<tr class=\"row-28\">\n\t<td class=\"column-1\"><a href=\"http:\/\/viajarcomtempo.eu\/?page_id=1429\">Viana do Alentejo<\/a><\/td><td class=\"column-2\">Viana do Alentejo<\/td>\n<\/tr>\n<tr class=\"row-29\">\n\t<td class=\"column-1\"><a href=\"http:\/\/viajarcomtempo.eu\/?page_id=1448\">Alc\u00e1cer do Sal<\/a><\/td><td class=\"column-2\">Alc\u00e1cer do Sal<\/td>\n<\/tr>\n<tr class=\"row-30\">\n\t<td class=\"column-1\"><a href=\"http:\/\/viajarcomtempo.eu\/?page_id=1454\">Ferreira do Alentejo<\/a><\/td><td class=\"column-2\">Ferreira do Alentejo<\/td>\n<\/tr>\n<tr class=\"row-31\">\n\t<td class=\"column-1\"><a href=\"http:\/\/viajarcomtempo.eu\/?page_id=1473\">Aljustrel<\/a><\/td><td class=\"column-2\">Aljustrel<\/td>\n<\/tr>\n<tr class=\"row-32\">\n\t<td class=\"column-1\"><a href=\"http:\/\/viajarcomtempo.eu\/?page_id=1485\">Castro Verde<\/a><\/td><td class=\"column-2\">Castro Verde<\/td>\n<\/tr>\n<tr class=\"row-33\">\n\t<td class=\"column-1\"><a href=\"http:\/\/viajarcomtempo.eu\/?page_id=1517\">Almod\u00f4var<\/a><\/td><td class=\"column-2\">Almod\u00f4var<\/td>\n<\/tr>\n<tr class=\"row-34\">\n\t<td class=\"column-1\"><a href=\"http:\/\/viajarcomtempo.eu\/?page_id=1520\">Loul\u00e9<\/a><\/td><td class=\"column-2\">Loul\u00e9<\/td>\n<\/tr>\n<tr class=\"row-35\">\n\t<td class=\"column-1\"><a href=\"http:\/\/viajarcomtempo.eu\/?page_id=1522\">S\u00e3o Br\u00e1s de Alportel<\/a><\/td><td class=\"column-2\">S\u00e3o Br\u00e1s de Alportel<\/td>\n<\/tr>\n<tr class=\"row-36\">\n\t<td class=\"column-1\"><a href=\"http:\/\/viajarcomtempo.eu\/?page_id=1524\">Faro<\/a><\/td><td class=\"column-2\">Faro<\/td>\n<\/tr>\n<tr class=\"row-37\">\n\t<td class=\"column-1\"><a href=\"http:\/\/viajarcomtempo.eu\/?page_id=1647\">Loures<\/a><\/td><td class=\"column-2\">Loures<\/td>\n<\/tr>\n<tr class=\"row-38\">\n\t<td class=\"column-1\"><a href=\"http:\/\/viajarcomtempo.eu\/?page_id=1671\">Vila Franca de Xira<\/a><\/td><td class=\"column-2\">Vila Franca de Xira<\/td>\n<\/tr>\n<tr class=\"row-39\">\n\t<td class=\"column-1\"><a href=\"http:\/\/viajarcomtempo.eu\/?page_id=1681\">Alenquer<\/a><\/td><td class=\"column-2\">Alenquer<\/td>\n<\/tr>\n<tr class=\"row-40\">\n\t<td class=\"column-1\"><a href=\"http:\/\/viajarcomtempo.eu\/?page_id=1699\">Azambuja<\/a><\/td><td class=\"column-2\">Azambuja<\/td>\n<\/tr>\n<tr class=\"row-41\">\n\t<td class=\"column-1\"><a href=\"http:\/\/viajarcomtempo.eu\/?page_id=1704\">Rio Maior<\/a><\/td><td class=\"column-2\">Rio Maior<\/td>\n<\/tr>\n<tr class=\"row-42\">\n\t<td class=\"column-1\"><a href=\"http:\/\/viajarcomtempo.eu\/?page_id=1713\">Alcoba\u00e7a<\/a><\/td><td class=\"column-2\">Alcoba\u00e7a<\/td>\n<\/tr>\n<tr class=\"row-43\">\n\t<td class=\"column-1\"><a href=\"http:\/\/viajarcomtempo.eu\/?page_id=1720\">Porto de M\u00f3s<\/a><\/td><td class=\"column-2\">Porto de M\u00f3s<\/td>\n<\/tr>\n<tr class=\"row-44\">\n\t<td class=\"column-1\"><a href=\"http:\/\/viajarcomtempo.eu\/?page_id=1742\">Batalha<\/a><\/td><td class=\"column-2\">Batalha<\/td>\n<\/tr>\n<tr class=\"row-45\">\n\t<td class=\"column-1\"><a href=\"http:\/\/viajarcomtempo.eu\/?page_id=1745\">Leiria<\/a><\/td><td class=\"column-2\">Leiria<\/td>\n<\/tr>\n<tr class=\"row-46\">\n\t<td class=\"column-1\"><a href=\"http:\/\/viajarcomtempo.eu\/?page_id=1760\">Pombal<\/a><\/td><td class=\"column-2\">Pombal<\/td>\n<\/tr>\n<tr class=\"row-47\">\n\t<td class=\"column-1\"><a href=\"http:\/\/viajarcomtempo.eu\/?page_id=1771\">Soure<\/a><\/td><td class=\"column-2\">Soure<\/td>\n<\/tr>\n<tr class=\"row-48\">\n\t<td class=\"column-1\"><a href=\"http:\/\/viajarcomtempo.eu\/?page_id=1776\">Condeixa<\/a><\/td><td class=\"column-2\">Condeixa-a-Nova<\/td>\n<\/tr>\n<tr class=\"row-49\">\n\t<td class=\"column-1\"><a href=\"http:\/\/viajarcomtempo.eu\/?page_id=1779\">Coimbra<\/a><\/td><td class=\"column-2\">Coimbra<\/td>\n<\/tr>\n<tr class=\"row-50\">\n\t<td class=\"column-1\"><a href=\"http:\/\/viajarcomtempo.eu\/?page_id=1790\">Mealhada<\/a><\/td><td class=\"column-2\">Mealhada<\/td>\n<\/tr>\n<tr class=\"row-51\">\n\t<td class=\"column-1\"><a href=\"http:\/\/viajarcomtempo.eu\/?page_id=1792\">Anadia<\/a><\/td><td class=\"column-2\">Anadia<\/td>\n<\/tr>\n<tr class=\"row-52\">\n\t<td class=\"column-1\"><a href=\"http:\/\/viajarcomtempo.eu\/?page_id=1794\">\u00c1gueda<\/a><\/td><td class=\"column-2\">\u00c1gueda<\/td>\n<\/tr>\n<tr class=\"row-53\">\n\t<td class=\"column-1\"><a href=\"http:\/\/viajarcomtempo.eu\/?page_id=1798\">Albergaria-a-Velha<\/a><\/td><td class=\"column-2\">Albergaria-a-Velha<\/td>\n<\/tr>\n<tr class=\"row-54\">\n\t<td class=\"column-1\"><a href=\"http:\/\/viajarcomtempo.eu\/?page_id=1800\">Oliveira de Azem\u00e9is<\/a><\/td><td class=\"column-2\">Oliveira de Azem\u00e9is<\/td>\n<\/tr>\n<tr class=\"row-55\">\n\t<td class=\"column-1\"><a href=\"http:\/\/viajarcomtempo.eu\/?page_id=1905\">S\u00e3o Jo\u00e3o da Madeira<\/a><\/td><td class=\"column-2\">S\u00e3o Jo\u00e3o da Madeira<\/td>\n<\/tr>\n<tr class=\"row-56\">\n\t<td class=\"column-1\"><a href=\"http:\/\/viajarcomtempo.eu\/?page_id=1802\">Santa Maria da Feira<\/a><\/td><td class=\"column-2\">Santa Maria da Feira<\/td>\n<\/tr>\n<tr class=\"row-57\">\n\t<td class=\"column-1\"><a href=\"http:\/\/viajarcomtempo.eu\/?page_id=1804\">Vila Nova de Gaia<\/a><\/td><td class=\"column-2\">Vila Nova de Gaia<\/td>\n<\/tr>\n<tr class=\"row-58\">\n\t<td class=\"column-1\"><a href=\"http:\/\/viajarcomtempo.eu\/?page_id=2309\">Gondomar<\/a><\/td><td class=\"column-2\">Gondomar<\/td>\n<\/tr>\n<tr class=\"row-59\">\n\t<td class=\"column-1\"><a href=\"http:\/\/viajarcomtempo.eu\/?page_id=2317\">Castelo de Paiva<\/a><\/td><td class=\"column-2\">Castelo de Paiva<\/td>\n<\/tr>\n<tr class=\"row-60\">\n\t<td class=\"column-1\"><a href=\"http:\/\/viajarcomtempo.eu\/?page_id=2337\">Cinf\u00e3es<\/a><\/td><td class=\"column-2\">Cinf\u00e3es<\/td>\n<\/tr>\n<tr class=\"row-61\">\n\t<td class=\"column-1\"><a href=\"http:\/\/viajarcomtempo.eu\/?page_id=2380\">Resende<\/a><\/td><td class=\"column-2\">Resende<\/td>\n<\/tr>\n<tr class=\"row-62\">\n\t<td class=\"column-1\"><a href=\"http:\/\/viajarcomtempo.eu\/?page_id=2384\">Armamar<\/a><\/td><td class=\"column-2\">Armamar<\/td>\n<\/tr>\n<tr class=\"row-63\">\n\t<td class=\"column-1\"><a href=\"http:\/\/viajarcomtempo.eu\/?page_id=2386\">Tabua\u00e7o<\/a><\/td><td class=\"column-2\">Tabua\u00e7o<\/td>\n<\/tr>\n<tr class=\"row-64\">\n\t<td class=\"column-1\"><a href=\"http:\/\/viajarcomtempo.eu\/?page_id=2388\">S\u00e3o Jo\u00e3o da Pesqueira<\/a><\/td><td class=\"column-2\">S\u00e3o Jo\u00e3o da Pesqueira<\/td>\n<\/tr>\n<tr class=\"row-65\">\n\t<td class=\"column-1\"><a href=\"http:\/\/viajarcomtempo.eu\/?page_id=2390\">Vila Nova de Foz C\u00f4a<\/a><\/td><td class=\"column-2\">Vila Nova de Foz C\u00f4a<\/td>\n<\/tr>\n<\/tbody>\n<\/table>\n<!-- #tablepress-1 from cache -->a <\/p>\n","protected":false},"excerpt":{"rendered":"<p>O guia do viajante \u00e9 a fonte de informa\u00e7\u00e3o para que os amantes de viajar, com ou sem tempo, possam encontrar um local a visitar ou criar o seu pr\u00f3prio roteiro. A informa\u00e7\u00e3o est\u00e1 desagregada a n\u00edvel do Concelho havendo para cada um deles uma p\u00e1gina resumo e um ficheiro PDF com mais detalhes. A [&hellip;]<\/p>\n","protected":false},"author":1,"featured_media":0,"parent":0,"menu_order":0,"comment_status":"closed","ping_status":"closed","template":"","meta":{"_crdt_document":"","footnotes":""},"class_list":["post-637","page","type-page","status-publish","hentry","eq-blocks"],"yoast_head":"<!-- This site is optimized with the Yoast SEO plugin v27.3 - https:\/\/yoast.com\/product\/yoast-seo-wordpress\/ -->\n<title>Guia do Viajante - Viajar Com Tempo<\/title>\n<meta name=\"robots\" content=\"index, follow, max-snippet:-1, max-image-preview:large, max-video-preview:-1\" \/>\n<link rel=\"canonical\" href=\"https:\/\/viajarcomtempo.eu\/?page_id=637\" \/>\n<meta property=\"og:locale\" content=\"pt_PT\" \/>\n<meta property=\"og:type\" content=\"article\" \/>\n<meta property=\"og:title\" content=\"Guia do Viajante - Viajar Com Tempo\" \/>\n<meta property=\"og:description\" content=\"O guia do viajante \u00e9 a fonte de informa\u00e7\u00e3o para que os amantes de viajar, com ou sem tempo, possam encontrar um local a visitar ou criar o seu pr\u00f3prio roteiro. A informa\u00e7\u00e3o est\u00e1 desagregada a n\u00edvel do Concelho havendo para cada um deles uma p\u00e1gina resumo e um ficheiro PDF com mais detalhes. A [&hellip;]\" \/>\n<meta property=\"og:url\" content=\"https:\/\/viajarcomtempo.eu\/?page_id=637\" \/>\n<meta property=\"og:site_name\" content=\"Viajar Com Tempo\" \/>\n<meta property=\"article:modified_time\" content=\"2022-08-30T23:13:46+00:00\" \/>\n<meta name=\"twitter:card\" content=\"summary_large_image\" \/>\n<meta name=\"twitter:label1\" content=\"Tempo estimado de leitura\" \/>\n\t<meta name=\"twitter:data1\" content=\"1 minuto\" \/>\n<script type=\"application\/ld+json\" class=\"yoast-schema-graph\">{\"@context\":\"https:\\\/\\\/schema.org\",\"@graph\":[{\"@type\":\"WebPage\",\"@id\":\"https:\\\/\\\/viajarcomtempo.eu\\\/?page_id=637\",\"url\":\"https:\\\/\\\/viajarcomtempo.eu\\\/?page_id=637\",\"name\":\"Guia do Viajante - Viajar Com Tempo\",\"isPartOf\":{\"@id\":\"https:\\\/\\\/viajarcomtempo.eu\\\/#website\"},\"datePublished\":\"2021-02-13T23:44:50+00:00\",\"dateModified\":\"2022-08-30T23:13:46+00:00\",\"breadcrumb\":{\"@id\":\"https:\\\/\\\/viajarcomtempo.eu\\\/?page_id=637#breadcrumb\"},\"inLanguage\":\"pt-PT\",\"potentialAction\":[{\"@type\":\"ReadAction\",\"target\":[\"https:\\\/\\\/viajarcomtempo.eu\\\/?page_id=637\"]}]},{\"@type\":\"BreadcrumbList\",\"@id\":\"https:\\\/\\\/viajarcomtempo.eu\\\/?page_id=637#breadcrumb\",\"itemListElement\":[{\"@type\":\"ListItem\",\"position\":1,\"name\":\"In\u00edcio\",\"item\":\"https:\\\/\\\/viajarcomtempo.eu\\\/\"},{\"@type\":\"ListItem\",\"position\":2,\"name\":\"Guia do Viajante\"}]},{\"@type\":\"WebSite\",\"@id\":\"https:\\\/\\\/viajarcomtempo.eu\\\/#website\",\"url\":\"https:\\\/\\\/viajarcomtempo.eu\\\/\",\"name\":\"Viajar Com Tempo\",\"description\":\"Roteiros para viajar sem pressa\",\"publisher\":{\"@id\":\"https:\\\/\\\/viajarcomtempo.eu\\\/#\\\/schema\\\/person\\\/2f6c8045b5e07d397d92d8e5cf7aee98\"},\"potentialAction\":[{\"@type\":\"SearchAction\",\"target\":{\"@type\":\"EntryPoint\",\"urlTemplate\":\"https:\\\/\\\/viajarcomtempo.eu\\\/?s={search_term_string}\"},\"query-input\":{\"@type\":\"PropertyValueSpecification\",\"valueRequired\":true,\"valueName\":\"search_term_string\"}}],\"inLanguage\":\"pt-PT\"},{\"@type\":[\"Person\",\"Organization\"],\"@id\":\"https:\\\/\\\/viajarcomtempo.eu\\\/#\\\/schema\\\/person\\\/2f6c8045b5e07d397d92d8e5cf7aee98\",\"name\":\"Jos\u00e9 Salvador\",\"logo\":{\"@id\":\"https:\\\/\\\/viajarcomtempo.eu\\\/#\\\/schema\\\/person\\\/image\\\/\"},\"sameAs\":[\"http:\\\/\\\/viajarcomtempo.eu\"]}]}<\/script>\n<!-- \/ Yoast SEO plugin. -->","yoast_head_json":{"title":"Guia do Viajante - Viajar Com Tempo","robots":{"index":"index","follow":"follow","max-snippet":"max-snippet:-1","max-image-preview":"max-image-preview:large","max-video-preview":"max-video-preview:-1"},"canonical":"https:\/\/viajarcomtempo.eu\/?page_id=637","og_locale":"pt_PT","og_type":"article","og_title":"Guia do Viajante - Viajar Com Tempo","og_description":"O guia do viajante \u00e9 a fonte de informa\u00e7\u00e3o para que os amantes de viajar, com ou sem tempo, possam encontrar um local a visitar ou criar o seu pr\u00f3prio roteiro. A informa\u00e7\u00e3o est\u00e1 desagregada a n\u00edvel do Concelho havendo para cada um deles uma p\u00e1gina resumo e um ficheiro PDF com mais detalhes. A [&hellip;]","og_url":"https:\/\/viajarcomtempo.eu\/?page_id=637","og_site_name":"Viajar Com Tempo","article_modified_time":"2022-08-30T23:13:46+00:00","twitter_card":"summary_large_image","twitter_misc":{"Tempo estimado de leitura":"1 minuto"},"schema":{"@context":"https:\/\/schema.org","@graph":[{"@type":"WebPage","@id":"https:\/\/viajarcomtempo.eu\/?page_id=637","url":"https:\/\/viajarcomtempo.eu\/?page_id=637","name":"Guia do Viajante - Viajar Com Tempo","isPartOf":{"@id":"https:\/\/viajarcomtempo.eu\/#website"},"datePublished":"2021-02-13T23:44:50+00:00","dateModified":"2022-08-30T23:13:46+00:00","breadcrumb":{"@id":"https:\/\/viajarcomtempo.eu\/?page_id=637#breadcrumb"},"inLanguage":"pt-PT","potentialAction":[{"@type":"ReadAction","target":["https:\/\/viajarcomtempo.eu\/?page_id=637"]}]},{"@type":"BreadcrumbList","@id":"https:\/\/viajarcomtempo.eu\/?page_id=637#breadcrumb","itemListElement":[{"@type":"ListItem","position":1,"name":"In\u00edcio","item":"https:\/\/viajarcomtempo.eu\/"},{"@type":"ListItem","position":2,"name":"Guia do Viajante"}]},{"@type":"WebSite","@id":"https:\/\/viajarcomtempo.eu\/#website","url":"https:\/\/viajarcomtempo.eu\/","name":"Viajar Com Tempo","description":"Roteiros para viajar sem pressa","publisher":{"@id":"https:\/\/viajarcomtempo.eu\/#\/schema\/person\/2f6c8045b5e07d397d92d8e5cf7aee98"},"potentialAction":[{"@type":"SearchAction","target":{"@type":"EntryPoint","urlTemplate":"https:\/\/viajarcomtempo.eu\/?s={search_term_string}"},"query-input":{"@type":"PropertyValueSpecification","valueRequired":true,"valueName":"search_term_string"}}],"inLanguage":"pt-PT"},{"@type":["Person","Organization"],"@id":"https:\/\/viajarcomtempo.eu\/#\/schema\/person\/2f6c8045b5e07d397d92d8e5cf7aee98","name":"Jos\u00e9 Salvador","logo":{"@id":"https:\/\/viajarcomtempo.eu\/#\/schema\/person\/image\/"},"sameAs":["http:\/\/viajarcomtempo.eu"]}]}},"_links":{"self":[{"href":"https:\/\/viajarcomtempo.eu\/index.php?rest_route=\/wp\/v2\/pages\/637","targetHints":{"allow":["GET"]}}],"collection":[{"href":"https:\/\/viajarcomtempo.eu\/index.php?rest_route=\/wp\/v2\/pages"}],"about":[{"href":"https:\/\/viajarcomtempo.eu\/index.php?rest_route=\/wp\/v2\/types\/page"}],"author":[{"embeddable":true,"href":"https:\/\/viajarcomtempo.eu\/index.php?rest_route=\/wp\/v2\/users\/1"}],"replies":[{"embeddable":true,"href":"https:\/\/viajarcomtempo.eu\/index.php?rest_route=%2Fwp%2Fv2%2Fcomments&post=637"}],"version-history":[{"count":13,"href":"https:\/\/viajarcomtempo.eu\/index.php?rest_route=\/wp\/v2\/pages\/637\/revisions"}],"predecessor-version":[{"id":2242,"href":"https:\/\/viajarcomtempo.eu\/index.php?rest_route=\/wp\/v2\/pages\/637\/revisions\/2242"}],"wp:attachment":[{"href":"https:\/\/viajarcomtempo.eu\/index.php?rest_route=%2Fwp%2Fv2%2Fmedia&parent=637"}],"curies":[{"name":"wp","href":"https:\/\/api.w.org\/{rel}","templated":true}]}}