{"id":730,"date":"2021-02-18T16:53:42","date_gmt":"2021-02-18T16:53:42","guid":{"rendered":"http:\/\/viajarcomtempo.eu\/?page_id=730"},"modified":"2021-02-19T15:16:11","modified_gmt":"2021-02-19T15:16:11","slug":"chaves-2","status":"publish","type":"page","link":"https:\/\/viajarcomtempo.eu\/?page_id=730","title":{"rendered":"Vila Pouca de Aguiar"},"content":{"rendered":"\n<script>\/\/ <![CDATA[\nfunction goBack() { window.history.back() }\n\/\/ ]]><\/script>\n<button onclick=\"goBack()\"><strong>Voltar \u00e0 p\u00e1gina anterior<\/strong><\/button>\n<br><br>\n\n\n\n<div class=\"wp-block-group\"><div class=\"wp-block-group__inner-container is-layout-flow wp-block-group-is-layout-flow\">\n<div class=\"wp-block-columns is-layout-flex wp-container-core-columns-is-layout-8f761849 wp-block-columns-is-layout-flex\">\n<div class=\"wp-block-column is-layout-flow wp-block-column-is-layout-flow\" style=\"flex-basis:100%\">\n<p class=\"wp-block-paragraph\"><strong>Vila Pouca de Aguiar<\/strong> \u00e9 formada por paisagens \u00edmpares e patrim\u00f3nio hist\u00f3rico relevante. \u00c9 TERRA DE OURO (de Tresminas e Jales), DE PEDRA (com importantes reservas de granitos certificados e xistos muito antigos) e DE \u00c1GUA (aqui brota aquela que \u00e9, para muitos, a melhor \u00e1gua gaseificada natural do mundo, em Pedras Salgadas).<\/p>\n\n\n\n<p class=\"wp-block-paragraph\"><\/p>\n\n\n\n<div class=\"wp-block-group\"><div class=\"wp-block-group__inner-container is-layout-flow wp-block-group-is-layout-flow\">\n<div class=\"wp-block-columns is-layout-flex wp-container-core-columns-is-layout-8f761849 wp-block-columns-is-layout-flex\">\n<div class=\"wp-block-column is-layout-flow wp-block-column-is-layout-flow\" style=\"flex-basis:100%\">\n<figure class=\"wp-block-table is-style-stripes\"><table class=\"has-subtle-pale-blue-background-color has-background\"><tbody><tr><td><strong>Site da CM V. P. Aguiar<\/strong>   <\/td><td><strong><a rel=\"noreferrer noopener\" href=\"https:\/\/www.cm-vpaguiar.pt\" target=\"_blank\">https:\/\/www.cm-vpaguiar.pt<\/a><\/strong><br><\/td><\/tr><tr><td><strong>Posto de Turismo<\/strong><\/td><td>Largo Camilo Castelo Branco 5450-012 <strong>V<\/strong>ila<strong> <\/strong>Pouca de Aguiar<br><strong>Telefone &#8211;&nbsp;<\/strong>259 417 043 <strong>Mail <\/strong>&#8211; geral@cm-vpaguiar.pt<\/td><\/tr><tr><td><strong>Naturais de V.P. Aguiar<\/strong><\/td><td><strong>Aguiarense<\/strong> &#8211; Tem origem na designa\u00e7\u00e3o atual.<br><\/td><\/tr><tr><td><strong>Artesanato<\/strong><\/td><td>Barro preto em Tourencinho, Cestaria, bordados e  rendas.<br>Artesanato em madeira  em Cabanes, sob a forma de pequenas esculturas ou em Pedras Salgadas, sob a forma de brinquedos. <br>Artesanato em pedra gran\u00edtica<br><\/td><\/tr><tr><td><strong>Festas e Romarias<\/strong><\/td><td><strong>Festas da Vila e do Concelho de Vila Pouca de Aguiar em Honra do Divino Salvador<\/strong>. In\u00edcio de Agosto.<br><strong>Feira do Mel e do Artesanat<\/strong>o. Meados de Agosto.<br><strong>Tradicional Feira das Cebolas<\/strong>. Finais de Setembro.<br><strong>Mostra Gastron\u00f3mica<\/strong>. In\u00edcio de Novembro.<\/td><\/tr><\/tbody><\/table><\/figure>\n<\/div>\n<\/div>\n<\/div><\/div>\n\n\n\n<div class=\"wp-block-file\"><a href=\"https:\/\/viajarcomtempo.eu\/wp-content\/uploads\/2021\/02\/VilaPoucaAguiar.pdf\" target=\"_blank\" rel=\"noreferrer noopener\">Para maia informa\u00e7\u00f5es veja o PDF de <strong>Vila Pouca Aguiar<\/strong><\/a><\/div>\n<\/div>\n<\/div>\n<\/div><\/div>\n\n\n\n<script>\/\/ <![CDATA[\nfunction goBack() { window.history.back() }\n\/\/ ]]><\/script>\n<button onclick=\"goBack()\"><strong>Voltar \u00e0 p\u00e1gina anterior<\/strong><\/button>\n<br><br>\n\n\n\n<p class=\"wp-block-paragraph\"><\/p>\n","protected":false},"excerpt":{"rendered":"<p>Voltar \u00e0 p\u00e1gina anterior Vila Pouca de Aguiar \u00e9 formada por paisagens \u00edmpares e patrim\u00f3nio hist\u00f3rico relevante. \u00c9 TERRA DE OURO (de Tresminas e Jales), DE PEDRA (com importantes reservas de granitos certificados e xistos muito antigos) e DE \u00c1GUA (aqui brota aquela que \u00e9, para muitos, a melhor \u00e1gua gaseificada natural do mundo, em [&hellip;]<\/p>\n","protected":false},"author":1,"featured_media":0,"parent":0,"menu_order":0,"comment_status":"closed","ping_status":"closed","template":"fullwidth.php","meta":{"_crdt_document":"","footnotes":""},"class_list":["post-730","page","type-page","status-publish","hentry","eq-blocks"],"yoast_head":"<!-- This site is optimized with the Yoast SEO plugin v27.3 - https:\/\/yoast.com\/product\/yoast-seo-wordpress\/ -->\n<title>Vila Pouca de Aguiar - Viajar Com Tempo<\/title>\n<meta name=\"robots\" content=\"index, follow, max-snippet:-1, max-image-preview:large, max-video-preview:-1\" \/>\n<link rel=\"canonical\" href=\"https:\/\/viajarcomtempo.eu\/?page_id=730\" \/>\n<meta property=\"og:locale\" content=\"pt_PT\" \/>\n<meta property=\"og:type\" content=\"article\" \/>\n<meta property=\"og:title\" content=\"Vila Pouca de Aguiar - Viajar Com Tempo\" \/>\n<meta property=\"og:description\" content=\"Voltar \u00e0 p\u00e1gina anterior Vila Pouca de Aguiar \u00e9 formada por paisagens \u00edmpares e patrim\u00f3nio hist\u00f3rico relevante. \u00c9 TERRA DE OURO (de Tresminas e Jales), DE PEDRA (com importantes reservas de granitos certificados e xistos muito antigos) e DE \u00c1GUA (aqui brota aquela que \u00e9, para muitos, a melhor \u00e1gua gaseificada natural do mundo, em [&hellip;]\" \/>\n<meta property=\"og:url\" content=\"https:\/\/viajarcomtempo.eu\/?page_id=730\" \/>\n<meta property=\"og:site_name\" content=\"Viajar Com Tempo\" \/>\n<meta property=\"article:modified_time\" content=\"2021-02-19T15:16:11+00:00\" \/>\n<meta name=\"twitter:card\" content=\"summary_large_image\" \/>\n<meta name=\"twitter:label1\" content=\"Tempo estimado de leitura\" \/>\n\t<meta name=\"twitter:data1\" content=\"1 minuto\" \/>\n<script type=\"application\/ld+json\" class=\"yoast-schema-graph\">{\"@context\":\"https:\\\/\\\/schema.org\",\"@graph\":[{\"@type\":\"WebPage\",\"@id\":\"https:\\\/\\\/viajarcomtempo.eu\\\/?page_id=730\",\"url\":\"https:\\\/\\\/viajarcomtempo.eu\\\/?page_id=730\",\"name\":\"Vila Pouca de Aguiar - Viajar Com Tempo\",\"isPartOf\":{\"@id\":\"https:\\\/\\\/viajarcomtempo.eu\\\/#website\"},\"datePublished\":\"2021-02-18T16:53:42+00:00\",\"dateModified\":\"2021-02-19T15:16:11+00:00\",\"breadcrumb\":{\"@id\":\"https:\\\/\\\/viajarcomtempo.eu\\\/?page_id=730#breadcrumb\"},\"inLanguage\":\"pt-PT\",\"potentialAction\":[{\"@type\":\"ReadAction\",\"target\":[\"https:\\\/\\\/viajarcomtempo.eu\\\/?page_id=730\"]}]},{\"@type\":\"BreadcrumbList\",\"@id\":\"https:\\\/\\\/viajarcomtempo.eu\\\/?page_id=730#breadcrumb\",\"itemListElement\":[{\"@type\":\"ListItem\",\"position\":1,\"name\":\"In\u00edcio\",\"item\":\"https:\\\/\\\/viajarcomtempo.eu\\\/\"},{\"@type\":\"ListItem\",\"position\":2,\"name\":\"Vila Pouca de Aguiar\"}]},{\"@type\":\"WebSite\",\"@id\":\"https:\\\/\\\/viajarcomtempo.eu\\\/#website\",\"url\":\"https:\\\/\\\/viajarcomtempo.eu\\\/\",\"name\":\"Viajar Com Tempo\",\"description\":\"Roteiros para viajar sem pressa\",\"publisher\":{\"@id\":\"https:\\\/\\\/viajarcomtempo.eu\\\/#\\\/schema\\\/person\\\/2f6c8045b5e07d397d92d8e5cf7aee98\"},\"potentialAction\":[{\"@type\":\"SearchAction\",\"target\":{\"@type\":\"EntryPoint\",\"urlTemplate\":\"https:\\\/\\\/viajarcomtempo.eu\\\/?s={search_term_string}\"},\"query-input\":{\"@type\":\"PropertyValueSpecification\",\"valueRequired\":true,\"valueName\":\"search_term_string\"}}],\"inLanguage\":\"pt-PT\"},{\"@type\":[\"Person\",\"Organization\"],\"@id\":\"https:\\\/\\\/viajarcomtempo.eu\\\/#\\\/schema\\\/person\\\/2f6c8045b5e07d397d92d8e5cf7aee98\",\"name\":\"Jos\u00e9 Salvador\",\"logo\":{\"@id\":\"https:\\\/\\\/viajarcomtempo.eu\\\/#\\\/schema\\\/person\\\/image\\\/\"},\"sameAs\":[\"http:\\\/\\\/viajarcomtempo.eu\"]}]}<\/script>\n<!-- \/ Yoast SEO plugin. -->","yoast_head_json":{"title":"Vila Pouca de Aguiar - Viajar Com Tempo","robots":{"index":"index","follow":"follow","max-snippet":"max-snippet:-1","max-image-preview":"max-image-preview:large","max-video-preview":"max-video-preview:-1"},"canonical":"https:\/\/viajarcomtempo.eu\/?page_id=730","og_locale":"pt_PT","og_type":"article","og_title":"Vila Pouca de Aguiar - Viajar Com Tempo","og_description":"Voltar \u00e0 p\u00e1gina anterior Vila Pouca de Aguiar \u00e9 formada por paisagens \u00edmpares e patrim\u00f3nio hist\u00f3rico relevante. \u00c9 TERRA DE OURO (de Tresminas e Jales), DE PEDRA (com importantes reservas de granitos certificados e xistos muito antigos) e DE \u00c1GUA (aqui brota aquela que \u00e9, para muitos, a melhor \u00e1gua gaseificada natural do mundo, em [&hellip;]","og_url":"https:\/\/viajarcomtempo.eu\/?page_id=730","og_site_name":"Viajar Com Tempo","article_modified_time":"2021-02-19T15:16:11+00:00","twitter_card":"summary_large_image","twitter_misc":{"Tempo estimado de leitura":"1 minuto"},"schema":{"@context":"https:\/\/schema.org","@graph":[{"@type":"WebPage","@id":"https:\/\/viajarcomtempo.eu\/?page_id=730","url":"https:\/\/viajarcomtempo.eu\/?page_id=730","name":"Vila Pouca de Aguiar - Viajar Com Tempo","isPartOf":{"@id":"https:\/\/viajarcomtempo.eu\/#website"},"datePublished":"2021-02-18T16:53:42+00:00","dateModified":"2021-02-19T15:16:11+00:00","breadcrumb":{"@id":"https:\/\/viajarcomtempo.eu\/?page_id=730#breadcrumb"},"inLanguage":"pt-PT","potentialAction":[{"@type":"ReadAction","target":["https:\/\/viajarcomtempo.eu\/?page_id=730"]}]},{"@type":"BreadcrumbList","@id":"https:\/\/viajarcomtempo.eu\/?page_id=730#breadcrumb","itemListElement":[{"@type":"ListItem","position":1,"name":"In\u00edcio","item":"https:\/\/viajarcomtempo.eu\/"},{"@type":"ListItem","position":2,"name":"Vila Pouca de Aguiar"}]},{"@type":"WebSite","@id":"https:\/\/viajarcomtempo.eu\/#website","url":"https:\/\/viajarcomtempo.eu\/","name":"Viajar Com Tempo","description":"Roteiros para viajar sem pressa","publisher":{"@id":"https:\/\/viajarcomtempo.eu\/#\/schema\/person\/2f6c8045b5e07d397d92d8e5cf7aee98"},"potentialAction":[{"@type":"SearchAction","target":{"@type":"EntryPoint","urlTemplate":"https:\/\/viajarcomtempo.eu\/?s={search_term_string}"},"query-input":{"@type":"PropertyValueSpecification","valueRequired":true,"valueName":"search_term_string"}}],"inLanguage":"pt-PT"},{"@type":["Person","Organization"],"@id":"https:\/\/viajarcomtempo.eu\/#\/schema\/person\/2f6c8045b5e07d397d92d8e5cf7aee98","name":"Jos\u00e9 Salvador","logo":{"@id":"https:\/\/viajarcomtempo.eu\/#\/schema\/person\/image\/"},"sameAs":["http:\/\/viajarcomtempo.eu"]}]}},"_links":{"self":[{"href":"https:\/\/viajarcomtempo.eu\/index.php?rest_route=\/wp\/v2\/pages\/730","targetHints":{"allow":["GET"]}}],"collection":[{"href":"https:\/\/viajarcomtempo.eu\/index.php?rest_route=\/wp\/v2\/pages"}],"about":[{"href":"https:\/\/viajarcomtempo.eu\/index.php?rest_route=\/wp\/v2\/types\/page"}],"author":[{"embeddable":true,"href":"https:\/\/viajarcomtempo.eu\/index.php?rest_route=\/wp\/v2\/users\/1"}],"replies":[{"embeddable":true,"href":"https:\/\/viajarcomtempo.eu\/index.php?rest_route=%2Fwp%2Fv2%2Fcomments&post=730"}],"version-history":[{"count":9,"href":"https:\/\/viajarcomtempo.eu\/index.php?rest_route=\/wp\/v2\/pages\/730\/revisions"}],"predecessor-version":[{"id":787,"href":"https:\/\/viajarcomtempo.eu\/index.php?rest_route=\/wp\/v2\/pages\/730\/revisions\/787"}],"wp:attachment":[{"href":"https:\/\/viajarcomtempo.eu\/index.php?rest_route=%2Fwp%2Fv2%2Fmedia&parent=730"}],"curies":[{"name":"wp","href":"https:\/\/api.w.org\/{rel}","templated":true}]}}