{"id":74,"date":"2021-01-24T16:32:44","date_gmt":"2021-01-24T16:32:44","guid":{"rendered":"http:\/\/localhost\/ViajarComTempo\/?page_id=74"},"modified":"2024-03-03T17:35:58","modified_gmt":"2024-03-03T17:35:58","slug":"roteiros","status":"publish","type":"page","link":"https:\/\/viajarcomtempo.eu\/?page_id=74","title":{"rendered":"Roteiros"},"content":{"rendered":"<h2 id=\"elementor-tab-title-1831\" role=\"tab\" data-tab=\"1\" aria-controls=\"elementor-tab-content-1831\"><a href=\"https:\/\/viajarcomtempo.eu\/?page_id=874\">Roteiro da N2 <\/a><\/h2>\n<p style=\"margin: 0cm 0cm 7.5pt 0cm;\">A Estrada Nacional 2 \u00e9 a maior estrada nacional da Europa e a terceira mais extensa estrada nacional de todo o Mundo, apenas superada pela Route 66 nos Estados Unidos, que liga Chicago a Los Angeles ao longo de 3.940 km, e pela Rota 40 (5.194 quil\u00f3metros), na Argentina. que liga Santa Cruz \u00e0 fronteira com a Bol\u00edvia, por isso se torna fascinante percorr\u00ea-la, visitando o Portugal profundo.<\/p>\n<h2 id=\"elementor-tab-title-1832\" role=\"tab\" data-tab=\"2\" aria-controls=\"elementor-tab-content-1832\"><a href=\"https:\/\/viajarcomtempo.eu\/?page_id=883\">Roteiro N1<\/a><\/h2>\n<p>O seu tra\u00e7ado original atravessava o centro de 14 sedes de concelho, atravessando seis distritos.<\/p>\n\n\n<h2 class=\"wp-block-heading\" id=\"elementor-tab-title-1832\"><a href=\"https:\/\/viajarcomtempo.eu\/?page_id=2367\">Roteiro N222<\/a><\/h2>\n\n\n\n<p class=\"wp-block-paragraph\">\u00c9, na opini\u00e3o de muitos viajantes, a mais bela estrada da Europa. O seu tra\u00e7ado atravessa o Pa\u00eds de Gaia a Vila Nova de Foz C\u00f4a e Cruzar tr\u00eas locais classificados como Patrim\u00f3nio da Humanidade da UNESC.<\/p>\n\n\n\n<p class=\"wp-block-paragraph\">Quase sempre ao longo do rio Douro, permitindo visitar a <strong>Zona Ribeirinha da Cidade do Porto<\/strong>, apreciar as maravilhosas paisagens do <strong>Alto Douro Vinhateiro<\/strong>, e surpreender-se com as <strong>Gravuras Rupestres de Foz C\u00f4a<\/strong>.<\/p>\n","protected":false},"excerpt":{"rendered":"<p>Roteiro da N2 A Estrada Nacional 2 \u00e9 a maior estrada nacional da Europa e a terceira mais extensa estrada nacional de todo o Mundo, apenas superada pela Route 66 nos Estados Unidos, que liga Chicago a Los Angeles ao longo de 3.940 km, e pela Rota 40 (5.194 quil\u00f3metros), na Argentina. que liga Santa [&hellip;]<\/p>\n","protected":false},"author":1,"featured_media":0,"parent":0,"menu_order":0,"comment_status":"closed","ping_status":"closed","template":"","meta":{"_crdt_document":"","footnotes":""},"class_list":["post-74","page","type-page","status-publish","hentry","eq-blocks"],"yoast_head":"<!-- This site is optimized with the Yoast SEO plugin v27.3 - https:\/\/yoast.com\/product\/yoast-seo-wordpress\/ -->\n<title>Roteiros - Viajar Com Tempo<\/title>\n<meta name=\"robots\" content=\"index, follow, max-snippet:-1, max-image-preview:large, max-video-preview:-1\" \/>\n<link rel=\"canonical\" href=\"https:\/\/viajarcomtempo.eu\/?page_id=74\" \/>\n<meta property=\"og:locale\" content=\"pt_PT\" \/>\n<meta property=\"og:type\" content=\"article\" \/>\n<meta property=\"og:title\" content=\"Roteiros - Viajar Com Tempo\" \/>\n<meta property=\"og:description\" content=\"Roteiro da N2 A Estrada Nacional 2 \u00e9 a maior estrada nacional da Europa e a terceira mais extensa estrada nacional de todo o Mundo, apenas superada pela Route 66 nos Estados Unidos, que liga Chicago a Los Angeles ao longo de 3.940 km, e pela Rota 40 (5.194 quil\u00f3metros), na Argentina. que liga Santa [&hellip;]\" \/>\n<meta property=\"og:url\" content=\"https:\/\/viajarcomtempo.eu\/?page_id=74\" \/>\n<meta property=\"og:site_name\" content=\"Viajar Com Tempo\" \/>\n<meta property=\"article:modified_time\" content=\"2024-03-03T17:35:58+00:00\" \/>\n<meta name=\"twitter:card\" content=\"summary_large_image\" \/>\n<meta name=\"twitter:label1\" content=\"Tempo estimado de leitura\" \/>\n\t<meta name=\"twitter:data1\" content=\"1 minuto\" \/>\n<script type=\"application\/ld+json\" class=\"yoast-schema-graph\">{\"@context\":\"https:\\\/\\\/schema.org\",\"@graph\":[{\"@type\":\"WebPage\",\"@id\":\"https:\\\/\\\/viajarcomtempo.eu\\\/?page_id=74\",\"url\":\"https:\\\/\\\/viajarcomtempo.eu\\\/?page_id=74\",\"name\":\"Roteiros - Viajar Com Tempo\",\"isPartOf\":{\"@id\":\"https:\\\/\\\/viajarcomtempo.eu\\\/#website\"},\"datePublished\":\"2021-01-24T16:32:44+00:00\",\"dateModified\":\"2024-03-03T17:35:58+00:00\",\"breadcrumb\":{\"@id\":\"https:\\\/\\\/viajarcomtempo.eu\\\/?page_id=74#breadcrumb\"},\"inLanguage\":\"pt-PT\",\"potentialAction\":[{\"@type\":\"ReadAction\",\"target\":[\"https:\\\/\\\/viajarcomtempo.eu\\\/?page_id=74\"]}]},{\"@type\":\"BreadcrumbList\",\"@id\":\"https:\\\/\\\/viajarcomtempo.eu\\\/?page_id=74#breadcrumb\",\"itemListElement\":[{\"@type\":\"ListItem\",\"position\":1,\"name\":\"In\u00edcio\",\"item\":\"https:\\\/\\\/viajarcomtempo.eu\\\/\"},{\"@type\":\"ListItem\",\"position\":2,\"name\":\"Roteiros\"}]},{\"@type\":\"WebSite\",\"@id\":\"https:\\\/\\\/viajarcomtempo.eu\\\/#website\",\"url\":\"https:\\\/\\\/viajarcomtempo.eu\\\/\",\"name\":\"Viajar Com Tempo\",\"description\":\"Roteiros para viajar sem pressa\",\"publisher\":{\"@id\":\"https:\\\/\\\/viajarcomtempo.eu\\\/#\\\/schema\\\/person\\\/2f6c8045b5e07d397d92d8e5cf7aee98\"},\"potentialAction\":[{\"@type\":\"SearchAction\",\"target\":{\"@type\":\"EntryPoint\",\"urlTemplate\":\"https:\\\/\\\/viajarcomtempo.eu\\\/?s={search_term_string}\"},\"query-input\":{\"@type\":\"PropertyValueSpecification\",\"valueRequired\":true,\"valueName\":\"search_term_string\"}}],\"inLanguage\":\"pt-PT\"},{\"@type\":[\"Person\",\"Organization\"],\"@id\":\"https:\\\/\\\/viajarcomtempo.eu\\\/#\\\/schema\\\/person\\\/2f6c8045b5e07d397d92d8e5cf7aee98\",\"name\":\"Jos\u00e9 Salvador\",\"logo\":{\"@id\":\"https:\\\/\\\/viajarcomtempo.eu\\\/#\\\/schema\\\/person\\\/image\\\/\"},\"sameAs\":[\"http:\\\/\\\/viajarcomtempo.eu\"]}]}<\/script>\n<!-- \/ Yoast SEO plugin. -->","yoast_head_json":{"title":"Roteiros - Viajar Com Tempo","robots":{"index":"index","follow":"follow","max-snippet":"max-snippet:-1","max-image-preview":"max-image-preview:large","max-video-preview":"max-video-preview:-1"},"canonical":"https:\/\/viajarcomtempo.eu\/?page_id=74","og_locale":"pt_PT","og_type":"article","og_title":"Roteiros - Viajar Com Tempo","og_description":"Roteiro da N2 A Estrada Nacional 2 \u00e9 a maior estrada nacional da Europa e a terceira mais extensa estrada nacional de todo o Mundo, apenas superada pela Route 66 nos Estados Unidos, que liga Chicago a Los Angeles ao longo de 3.940 km, e pela Rota 40 (5.194 quil\u00f3metros), na Argentina. que liga Santa [&hellip;]","og_url":"https:\/\/viajarcomtempo.eu\/?page_id=74","og_site_name":"Viajar Com Tempo","article_modified_time":"2024-03-03T17:35:58+00:00","twitter_card":"summary_large_image","twitter_misc":{"Tempo estimado de leitura":"1 minuto"},"schema":{"@context":"https:\/\/schema.org","@graph":[{"@type":"WebPage","@id":"https:\/\/viajarcomtempo.eu\/?page_id=74","url":"https:\/\/viajarcomtempo.eu\/?page_id=74","name":"Roteiros - Viajar Com Tempo","isPartOf":{"@id":"https:\/\/viajarcomtempo.eu\/#website"},"datePublished":"2021-01-24T16:32:44+00:00","dateModified":"2024-03-03T17:35:58+00:00","breadcrumb":{"@id":"https:\/\/viajarcomtempo.eu\/?page_id=74#breadcrumb"},"inLanguage":"pt-PT","potentialAction":[{"@type":"ReadAction","target":["https:\/\/viajarcomtempo.eu\/?page_id=74"]}]},{"@type":"BreadcrumbList","@id":"https:\/\/viajarcomtempo.eu\/?page_id=74#breadcrumb","itemListElement":[{"@type":"ListItem","position":1,"name":"In\u00edcio","item":"https:\/\/viajarcomtempo.eu\/"},{"@type":"ListItem","position":2,"name":"Roteiros"}]},{"@type":"WebSite","@id":"https:\/\/viajarcomtempo.eu\/#website","url":"https:\/\/viajarcomtempo.eu\/","name":"Viajar Com Tempo","description":"Roteiros para viajar sem pressa","publisher":{"@id":"https:\/\/viajarcomtempo.eu\/#\/schema\/person\/2f6c8045b5e07d397d92d8e5cf7aee98"},"potentialAction":[{"@type":"SearchAction","target":{"@type":"EntryPoint","urlTemplate":"https:\/\/viajarcomtempo.eu\/?s={search_term_string}"},"query-input":{"@type":"PropertyValueSpecification","valueRequired":true,"valueName":"search_term_string"}}],"inLanguage":"pt-PT"},{"@type":["Person","Organization"],"@id":"https:\/\/viajarcomtempo.eu\/#\/schema\/person\/2f6c8045b5e07d397d92d8e5cf7aee98","name":"Jos\u00e9 Salvador","logo":{"@id":"https:\/\/viajarcomtempo.eu\/#\/schema\/person\/image\/"},"sameAs":["http:\/\/viajarcomtempo.eu"]}]}},"_links":{"self":[{"href":"https:\/\/viajarcomtempo.eu\/index.php?rest_route=\/wp\/v2\/pages\/74","targetHints":{"allow":["GET"]}}],"collection":[{"href":"https:\/\/viajarcomtempo.eu\/index.php?rest_route=\/wp\/v2\/pages"}],"about":[{"href":"https:\/\/viajarcomtempo.eu\/index.php?rest_route=\/wp\/v2\/types\/page"}],"author":[{"embeddable":true,"href":"https:\/\/viajarcomtempo.eu\/index.php?rest_route=\/wp\/v2\/users\/1"}],"replies":[{"embeddable":true,"href":"https:\/\/viajarcomtempo.eu\/index.php?rest_route=%2Fwp%2Fv2%2Fcomments&post=74"}],"version-history":[{"count":9,"href":"https:\/\/viajarcomtempo.eu\/index.php?rest_route=\/wp\/v2\/pages\/74\/revisions"}],"predecessor-version":[{"id":2505,"href":"https:\/\/viajarcomtempo.eu\/index.php?rest_route=\/wp\/v2\/pages\/74\/revisions\/2505"}],"wp:attachment":[{"href":"https:\/\/viajarcomtempo.eu\/index.php?rest_route=%2Fwp%2Fv2%2Fmedia&parent=74"}],"curies":[{"name":"wp","href":"https:\/\/api.w.org\/{rel}","templated":true}]}}