{"id":874,"date":"2021-02-20T16:34:19","date_gmt":"2021-02-20T16:34:19","guid":{"rendered":"http:\/\/viajarcomtempo.eu\/?page_id=874"},"modified":"2021-02-25T22:22:09","modified_gmt":"2021-02-25T22:22:09","slug":"roteiros-2","status":"publish","type":"page","link":"https:\/\/viajarcomtempo.eu\/?page_id=874","title":{"rendered":"Roteiro Nacional 2"},"content":{"rendered":"<h2 id=\"elementor-tab-title-1831\" role=\"tab\" data-tab=\"1\" aria-controls=\"elementor-tab-content-1831\"><a href=\"https:\/\/viajarcomtempo.eu\/?page_id=42\">Roteiro da N2 Km a Km<\/a>\u00a0 \u00a0 \u00a0<a href=\"https:\/\/viajarcomtempo.eu\/?page_id=477\">Roteiro da N2 Dia a Dia<\/a><\/h2>\n<p>Esta \u00e9 uma viagem que se pode fazer por v\u00e1rias raz\u00f5es e por diversas vezes. Pelo simples prazer de viajar, pela diversidade das paisagens e das gentes, pelos sabores da gastronomia portuguesa que vai da vitela barros\u00e3 ao peixe fresco\u00a0do Algarve, pelas praias fluviais e barragens, pelo percurso hist\u00f3rico por castelos, conventos igrejas e outros monumentos, pelo artesanato, pelas festas, feiras e romarias, pelas ru\u00ednas romanas e pelos s\u00edtios arqueol\u00f3gicos de v\u00e1rias \u00e9pocas.<\/p>\n<p>As combina\u00e7\u00f5es e as escolhas s\u00e3o imensas e s\u00f3 dependem da imagina\u00e7\u00e3o e do gosto de cada um. Portugal \u00e9 um pa\u00eds cheio de encantos, contrastes, e tem uma estrada que o atravessa de norte a sul e o mostra como nenhuma outra.<\/p>\n<h2 style=\"margin: 0cm 0cm 7.5pt 0cm;\">Veja a Lista dos artigos publicados<\/h2>\n\n<ul class=\"wp-block-latest-posts__list wp-block-latest-posts\"><li><a class=\"wp-block-latest-posts__post-title\" href=\"https:\/\/viajarcomtempo.eu\/?p=1\">Roteiro N2 &#8211; Conclu\u00eddo<\/a><\/li>\n<li><a class=\"wp-block-latest-posts__post-title\" href=\"https:\/\/viajarcomtempo.eu\/?p=503\">Roteiro N2 &#8211; Passaporte<\/a><\/li>\n<li><a class=\"wp-block-latest-posts__post-title\" href=\"https:\/\/viajarcomtempo.eu\/?p=351\">Roteiro N2 &#8211; Hist\u00f3ria<\/a><\/li>\n<li><a class=\"wp-block-latest-posts__post-title\" href=\"https:\/\/viajarcomtempo.eu\/?p=342\">Roteiro N2 &#8211; Percurso<\/a><\/li>\n<\/ul>","protected":false},"excerpt":{"rendered":"<p>Roteiro da N2 Km a Km\u00a0 \u00a0 \u00a0Roteiro da N2 Dia a Dia Esta \u00e9 uma viagem que se pode fazer por v\u00e1rias raz\u00f5es e por diversas vezes. Pelo simples prazer de viajar, pela diversidade das paisagens e das gentes, pelos sabores da gastronomia portuguesa que vai da vitela barros\u00e3 ao peixe fresco\u00a0do Algarve, pelas [&hellip;]<\/p>\n","protected":false},"author":1,"featured_media":0,"parent":0,"menu_order":0,"comment_status":"closed","ping_status":"closed","template":"","meta":{"_crdt_document":"","footnotes":""},"class_list":["post-874","page","type-page","status-publish","hentry","eq-blocks"],"yoast_head":"<!-- This site is optimized with the Yoast SEO plugin v27.3 - https:\/\/yoast.com\/product\/yoast-seo-wordpress\/ -->\n<title>Roteiro Nacional 2 - Viajar Com Tempo<\/title>\n<meta name=\"robots\" content=\"index, follow, max-snippet:-1, max-image-preview:large, max-video-preview:-1\" \/>\n<link rel=\"canonical\" href=\"https:\/\/viajarcomtempo.eu\/?page_id=874\" \/>\n<meta property=\"og:locale\" content=\"pt_PT\" \/>\n<meta property=\"og:type\" content=\"article\" \/>\n<meta property=\"og:title\" content=\"Roteiro Nacional 2 - Viajar Com Tempo\" \/>\n<meta property=\"og:description\" content=\"Roteiro da N2 Km a Km\u00a0 \u00a0 \u00a0Roteiro da N2 Dia a Dia Esta \u00e9 uma viagem que se pode fazer por v\u00e1rias raz\u00f5es e por diversas vezes. Pelo simples prazer de viajar, pela diversidade das paisagens e das gentes, pelos sabores da gastronomia portuguesa que vai da vitela barros\u00e3 ao peixe fresco\u00a0do Algarve, pelas [&hellip;]\" \/>\n<meta property=\"og:url\" content=\"https:\/\/viajarcomtempo.eu\/?page_id=874\" \/>\n<meta property=\"og:site_name\" content=\"Viajar Com Tempo\" \/>\n<meta property=\"article:modified_time\" content=\"2021-02-25T22:22:09+00:00\" \/>\n<meta name=\"twitter:card\" content=\"summary_large_image\" \/>\n<meta name=\"twitter:label1\" content=\"Tempo estimado de leitura\" \/>\n\t<meta name=\"twitter:data1\" content=\"1 minuto\" \/>\n<script type=\"application\/ld+json\" class=\"yoast-schema-graph\">{\"@context\":\"https:\\\/\\\/schema.org\",\"@graph\":[{\"@type\":\"WebPage\",\"@id\":\"https:\\\/\\\/viajarcomtempo.eu\\\/?page_id=874\",\"url\":\"https:\\\/\\\/viajarcomtempo.eu\\\/?page_id=874\",\"name\":\"Roteiro Nacional 2 - Viajar Com Tempo\",\"isPartOf\":{\"@id\":\"https:\\\/\\\/viajarcomtempo.eu\\\/#website\"},\"datePublished\":\"2021-02-20T16:34:19+00:00\",\"dateModified\":\"2021-02-25T22:22:09+00:00\",\"breadcrumb\":{\"@id\":\"https:\\\/\\\/viajarcomtempo.eu\\\/?page_id=874#breadcrumb\"},\"inLanguage\":\"pt-PT\",\"potentialAction\":[{\"@type\":\"ReadAction\",\"target\":[\"https:\\\/\\\/viajarcomtempo.eu\\\/?page_id=874\"]}]},{\"@type\":\"BreadcrumbList\",\"@id\":\"https:\\\/\\\/viajarcomtempo.eu\\\/?page_id=874#breadcrumb\",\"itemListElement\":[{\"@type\":\"ListItem\",\"position\":1,\"name\":\"In\u00edcio\",\"item\":\"https:\\\/\\\/viajarcomtempo.eu\\\/\"},{\"@type\":\"ListItem\",\"position\":2,\"name\":\"Roteiro Nacional 2\"}]},{\"@type\":\"WebSite\",\"@id\":\"https:\\\/\\\/viajarcomtempo.eu\\\/#website\",\"url\":\"https:\\\/\\\/viajarcomtempo.eu\\\/\",\"name\":\"Viajar Com Tempo\",\"description\":\"Roteiros para viajar sem pressa\",\"publisher\":{\"@id\":\"https:\\\/\\\/viajarcomtempo.eu\\\/#\\\/schema\\\/person\\\/2f6c8045b5e07d397d92d8e5cf7aee98\"},\"potentialAction\":[{\"@type\":\"SearchAction\",\"target\":{\"@type\":\"EntryPoint\",\"urlTemplate\":\"https:\\\/\\\/viajarcomtempo.eu\\\/?s={search_term_string}\"},\"query-input\":{\"@type\":\"PropertyValueSpecification\",\"valueRequired\":true,\"valueName\":\"search_term_string\"}}],\"inLanguage\":\"pt-PT\"},{\"@type\":[\"Person\",\"Organization\"],\"@id\":\"https:\\\/\\\/viajarcomtempo.eu\\\/#\\\/schema\\\/person\\\/2f6c8045b5e07d397d92d8e5cf7aee98\",\"name\":\"Jos\u00e9 Salvador\",\"logo\":{\"@id\":\"https:\\\/\\\/viajarcomtempo.eu\\\/#\\\/schema\\\/person\\\/image\\\/\"},\"sameAs\":[\"http:\\\/\\\/viajarcomtempo.eu\"]}]}<\/script>\n<!-- \/ Yoast SEO plugin. -->","yoast_head_json":{"title":"Roteiro Nacional 2 - Viajar Com Tempo","robots":{"index":"index","follow":"follow","max-snippet":"max-snippet:-1","max-image-preview":"max-image-preview:large","max-video-preview":"max-video-preview:-1"},"canonical":"https:\/\/viajarcomtempo.eu\/?page_id=874","og_locale":"pt_PT","og_type":"article","og_title":"Roteiro Nacional 2 - Viajar Com Tempo","og_description":"Roteiro da N2 Km a Km\u00a0 \u00a0 \u00a0Roteiro da N2 Dia a Dia Esta \u00e9 uma viagem que se pode fazer por v\u00e1rias raz\u00f5es e por diversas vezes. Pelo simples prazer de viajar, pela diversidade das paisagens e das gentes, pelos sabores da gastronomia portuguesa que vai da vitela barros\u00e3 ao peixe fresco\u00a0do Algarve, pelas [&hellip;]","og_url":"https:\/\/viajarcomtempo.eu\/?page_id=874","og_site_name":"Viajar Com Tempo","article_modified_time":"2021-02-25T22:22:09+00:00","twitter_card":"summary_large_image","twitter_misc":{"Tempo estimado de leitura":"1 minuto"},"schema":{"@context":"https:\/\/schema.org","@graph":[{"@type":"WebPage","@id":"https:\/\/viajarcomtempo.eu\/?page_id=874","url":"https:\/\/viajarcomtempo.eu\/?page_id=874","name":"Roteiro Nacional 2 - Viajar Com Tempo","isPartOf":{"@id":"https:\/\/viajarcomtempo.eu\/#website"},"datePublished":"2021-02-20T16:34:19+00:00","dateModified":"2021-02-25T22:22:09+00:00","breadcrumb":{"@id":"https:\/\/viajarcomtempo.eu\/?page_id=874#breadcrumb"},"inLanguage":"pt-PT","potentialAction":[{"@type":"ReadAction","target":["https:\/\/viajarcomtempo.eu\/?page_id=874"]}]},{"@type":"BreadcrumbList","@id":"https:\/\/viajarcomtempo.eu\/?page_id=874#breadcrumb","itemListElement":[{"@type":"ListItem","position":1,"name":"In\u00edcio","item":"https:\/\/viajarcomtempo.eu\/"},{"@type":"ListItem","position":2,"name":"Roteiro Nacional 2"}]},{"@type":"WebSite","@id":"https:\/\/viajarcomtempo.eu\/#website","url":"https:\/\/viajarcomtempo.eu\/","name":"Viajar Com Tempo","description":"Roteiros para viajar sem pressa","publisher":{"@id":"https:\/\/viajarcomtempo.eu\/#\/schema\/person\/2f6c8045b5e07d397d92d8e5cf7aee98"},"potentialAction":[{"@type":"SearchAction","target":{"@type":"EntryPoint","urlTemplate":"https:\/\/viajarcomtempo.eu\/?s={search_term_string}"},"query-input":{"@type":"PropertyValueSpecification","valueRequired":true,"valueName":"search_term_string"}}],"inLanguage":"pt-PT"},{"@type":["Person","Organization"],"@id":"https:\/\/viajarcomtempo.eu\/#\/schema\/person\/2f6c8045b5e07d397d92d8e5cf7aee98","name":"Jos\u00e9 Salvador","logo":{"@id":"https:\/\/viajarcomtempo.eu\/#\/schema\/person\/image\/"},"sameAs":["http:\/\/viajarcomtempo.eu"]}]}},"_links":{"self":[{"href":"https:\/\/viajarcomtempo.eu\/index.php?rest_route=\/wp\/v2\/pages\/874","targetHints":{"allow":["GET"]}}],"collection":[{"href":"https:\/\/viajarcomtempo.eu\/index.php?rest_route=\/wp\/v2\/pages"}],"about":[{"href":"https:\/\/viajarcomtempo.eu\/index.php?rest_route=\/wp\/v2\/types\/page"}],"author":[{"embeddable":true,"href":"https:\/\/viajarcomtempo.eu\/index.php?rest_route=\/wp\/v2\/users\/1"}],"replies":[{"embeddable":true,"href":"https:\/\/viajarcomtempo.eu\/index.php?rest_route=%2Fwp%2Fv2%2Fcomments&post=874"}],"version-history":[{"count":2,"href":"https:\/\/viajarcomtempo.eu\/index.php?rest_route=\/wp\/v2\/pages\/874\/revisions"}],"predecessor-version":[{"id":877,"href":"https:\/\/viajarcomtempo.eu\/index.php?rest_route=\/wp\/v2\/pages\/874\/revisions\/877"}],"wp:attachment":[{"href":"https:\/\/viajarcomtempo.eu\/index.php?rest_route=%2Fwp%2Fv2%2Fmedia&parent=874"}],"curies":[{"name":"wp","href":"https:\/\/api.w.org\/{rel}","templated":true}]}}