{"id":904,"date":"2021-02-23T00:02:47","date_gmt":"2021-02-23T00:02:47","guid":{"rendered":"http:\/\/viajarcomtempo.eu\/?page_id=904"},"modified":"2021-03-22T19:23:12","modified_gmt":"2021-03-22T19:23:12","slug":"chaves-3-2","status":"publish","type":"page","link":"https:\/\/viajarcomtempo.eu\/?page_id=904","title":{"rendered":"Santa Marta de Penagui\u00e3o"},"content":{"rendered":"\n<script>\/\/ <![CDATA[\nfunction goBack() { window.history.back() }\n\/\/ ]]><\/script>\n<button onclick=\"goBack()\"><strong>Voltar \u00e0 p\u00e1gina anterior<\/strong><\/button>\n<br><br>\n\n\n\n<div class=\"wp-block-group\"><div class=\"wp-block-group__inner-container is-layout-flow wp-block-group-is-layout-flow\">\n<div class=\"wp-block-columns is-layout-flex wp-container-core-columns-is-layout-8f761849 wp-block-columns-is-layout-flex\">\n<div class=\"wp-block-column is-layout-flow wp-block-column-is-layout-flow\" style=\"flex-basis:100%\">\n<p class=\"wp-block-paragraph\">O Concelho de  Santa Marta de Penagui\u00e3o \u00e9 um pequeno munic\u00edpio, com 69,28 km\u00b2 de \u00e1rea, limitado a norte e leste  pelo  Munic\u00edpio de Vila Real, a sul pelo de Peso da R\u00e9gua e a oeste por Amarante. O primeiro foral foi concedido em 1202 por D. Sancho I<\/p>\n\n\n\n<p class=\"wp-block-paragraph\">Os Castros existentes no concelho provam  a exist\u00eancia de povos do per\u00edodo Neol\u00edtico que deram origem a povoa\u00e7\u00f5es  ainda antes  da cria\u00e7\u00e3o da nacionalidade.<\/p>\n\n\n\n<div class=\"wp-block-group\"><div class=\"wp-block-group__inner-container is-layout-flow wp-block-group-is-layout-flow\">\n<div class=\"wp-block-columns is-layout-flex wp-container-core-columns-is-layout-8f761849 wp-block-columns-is-layout-flex\">\n<div class=\"wp-block-column is-layout-flow wp-block-column-is-layout-flow\" style=\"flex-basis:100%\">\n<figure class=\"wp-block-table is-style-regular\"><table class=\"has-subtle-pale-blue-background-color has-background\"><tbody><tr><td><strong>Site da CM Santa Marta de Penagui\u00e3o<\/strong><\/td><td>https:\/\/www.cm-smpenaguiao.pt\/<\/td><\/tr><tr><td><strong>Posto de Turismo<\/strong><\/td><td>Avenida Primeiro de Maio 21, 5030-477 Santa Marta de Penagui\u00e3o<br><strong>Telefone &#8211;&nbsp;<\/strong>254 828 125 <strong>Mail <\/strong>&#8211; turismo@cmsmpenaguiao.pt<\/td><\/tr><tr><td><strong>Naturais de <strong>Santa Marta de Penagui\u00e3o<\/strong><\/strong><\/td><td> <strong>Penaguienses ou Penaguiotas<\/strong><\/td><\/tr><tr><td><strong>Artesanato<\/strong><\/td><td>Cesteiros e Tanoaria e os trabalho de tape\u00e7aria, rendas e bordados&nbsp;<\/td><\/tr><tr><td><strong>Festas e Romarias<\/strong><\/td><td>Santa Marta no \u00faltimo fim-de-semana de Julho;<br>Nossa Senhora da Guia, no 1\u00ba Domingo de Agosto;<br>S\u00e3o Miguel no dia 29 de Setembro<\/td><\/tr><\/tbody><\/table><\/figure>\n<\/div>\n<\/div>\n<\/div><\/div>\n\n\n\n<p class=\"has-medium-font-size wp-block-paragraph\">Para mais informa\u00e7\u00e3o ver Ficheiro PDF do <a href=\"https:\/\/viajarcomtempo.eu\/wp-content\/uploads\/2021\/02\/SantaMartaPenaguiao.pdf\">Concelho de S<\/a><a rel=\"noreferrer noopener\" href=\"https:\/\/viajarcomtempo.eu\/wp-content\/uploads\/2021\/02\/SantaMartaPenaguiao.pdf\" target=\"_blank\">a<\/a><a href=\"https:\/\/viajarcomtempo.eu\/wp-content\/uploads\/2021\/02\/SantaMartaPenaguiao.pdf\" target=\"_blank\" rel=\"noreferrer noopener\">nta Marta de Penagui\u00e3o<\/a><\/p>\n<\/div>\n<\/div>\n<\/div><\/div>\n\n\n\n<script>\/\/ <![CDATA[\nfunction goBack() { window.history.back() }\n\/\/ ]]><\/script>\n<button onclick=\"goBack()\"><strong>Voltar \u00e0 p\u00e1gina anterior<\/strong><\/button>\n<br><br>\n","protected":false},"excerpt":{"rendered":"<p>Voltar \u00e0 p\u00e1gina anterior O Concelho de Santa Marta de Penagui\u00e3o \u00e9 um pequeno munic\u00edpio, com 69,28 km\u00b2 de \u00e1rea, limitado a norte e leste pelo Munic\u00edpio de Vila Real, a sul pelo de Peso da R\u00e9gua e a oeste por Amarante. O primeiro foral foi concedido em 1202 por D. Sancho I Os Castros [&hellip;]<\/p>\n","protected":false},"author":1,"featured_media":0,"parent":0,"menu_order":0,"comment_status":"closed","ping_status":"closed","template":"fullwidth.php","meta":{"_crdt_document":"","footnotes":""},"class_list":["post-904","page","type-page","status-publish","hentry","eq-blocks"],"yoast_head":"<!-- This site is optimized with the Yoast SEO plugin v27.3 - https:\/\/yoast.com\/product\/yoast-seo-wordpress\/ -->\n<title>Santa Marta de Penagui\u00e3o - Viajar Com Tempo<\/title>\n<meta name=\"robots\" content=\"index, follow, max-snippet:-1, max-image-preview:large, max-video-preview:-1\" \/>\n<link rel=\"canonical\" href=\"https:\/\/viajarcomtempo.eu\/?page_id=904\" \/>\n<meta property=\"og:locale\" content=\"pt_PT\" \/>\n<meta property=\"og:type\" content=\"article\" \/>\n<meta property=\"og:title\" content=\"Santa Marta de Penagui\u00e3o - Viajar Com Tempo\" \/>\n<meta property=\"og:description\" content=\"Voltar \u00e0 p\u00e1gina anterior O Concelho de Santa Marta de Penagui\u00e3o \u00e9 um pequeno munic\u00edpio, com 69,28 km\u00b2 de \u00e1rea, limitado a norte e leste pelo Munic\u00edpio de Vila Real, a sul pelo de Peso da R\u00e9gua e a oeste por Amarante. O primeiro foral foi concedido em 1202 por D. Sancho I Os Castros [&hellip;]\" \/>\n<meta property=\"og:url\" content=\"https:\/\/viajarcomtempo.eu\/?page_id=904\" \/>\n<meta property=\"og:site_name\" content=\"Viajar Com Tempo\" \/>\n<meta property=\"article:modified_time\" content=\"2021-03-22T19:23:12+00:00\" \/>\n<meta name=\"twitter:card\" content=\"summary_large_image\" \/>\n<meta name=\"twitter:label1\" content=\"Tempo estimado de leitura\" \/>\n\t<meta name=\"twitter:data1\" content=\"1 minuto\" \/>\n<script type=\"application\/ld+json\" class=\"yoast-schema-graph\">{\"@context\":\"https:\\\/\\\/schema.org\",\"@graph\":[{\"@type\":\"WebPage\",\"@id\":\"https:\\\/\\\/viajarcomtempo.eu\\\/?page_id=904\",\"url\":\"https:\\\/\\\/viajarcomtempo.eu\\\/?page_id=904\",\"name\":\"Santa Marta de Penagui\u00e3o - Viajar Com Tempo\",\"isPartOf\":{\"@id\":\"https:\\\/\\\/viajarcomtempo.eu\\\/#website\"},\"datePublished\":\"2021-02-23T00:02:47+00:00\",\"dateModified\":\"2021-03-22T19:23:12+00:00\",\"breadcrumb\":{\"@id\":\"https:\\\/\\\/viajarcomtempo.eu\\\/?page_id=904#breadcrumb\"},\"inLanguage\":\"pt-PT\",\"potentialAction\":[{\"@type\":\"ReadAction\",\"target\":[\"https:\\\/\\\/viajarcomtempo.eu\\\/?page_id=904\"]}]},{\"@type\":\"BreadcrumbList\",\"@id\":\"https:\\\/\\\/viajarcomtempo.eu\\\/?page_id=904#breadcrumb\",\"itemListElement\":[{\"@type\":\"ListItem\",\"position\":1,\"name\":\"In\u00edcio\",\"item\":\"https:\\\/\\\/viajarcomtempo.eu\\\/\"},{\"@type\":\"ListItem\",\"position\":2,\"name\":\"Santa Marta de Penagui\u00e3o\"}]},{\"@type\":\"WebSite\",\"@id\":\"https:\\\/\\\/viajarcomtempo.eu\\\/#website\",\"url\":\"https:\\\/\\\/viajarcomtempo.eu\\\/\",\"name\":\"Viajar Com Tempo\",\"description\":\"Roteiros para viajar sem pressa\",\"publisher\":{\"@id\":\"https:\\\/\\\/viajarcomtempo.eu\\\/#\\\/schema\\\/person\\\/2f6c8045b5e07d397d92d8e5cf7aee98\"},\"potentialAction\":[{\"@type\":\"SearchAction\",\"target\":{\"@type\":\"EntryPoint\",\"urlTemplate\":\"https:\\\/\\\/viajarcomtempo.eu\\\/?s={search_term_string}\"},\"query-input\":{\"@type\":\"PropertyValueSpecification\",\"valueRequired\":true,\"valueName\":\"search_term_string\"}}],\"inLanguage\":\"pt-PT\"},{\"@type\":[\"Person\",\"Organization\"],\"@id\":\"https:\\\/\\\/viajarcomtempo.eu\\\/#\\\/schema\\\/person\\\/2f6c8045b5e07d397d92d8e5cf7aee98\",\"name\":\"Jos\u00e9 Salvador\",\"logo\":{\"@id\":\"https:\\\/\\\/viajarcomtempo.eu\\\/#\\\/schema\\\/person\\\/image\\\/\"},\"sameAs\":[\"http:\\\/\\\/viajarcomtempo.eu\"]}]}<\/script>\n<!-- \/ Yoast SEO plugin. -->","yoast_head_json":{"title":"Santa Marta de Penagui\u00e3o - Viajar Com Tempo","robots":{"index":"index","follow":"follow","max-snippet":"max-snippet:-1","max-image-preview":"max-image-preview:large","max-video-preview":"max-video-preview:-1"},"canonical":"https:\/\/viajarcomtempo.eu\/?page_id=904","og_locale":"pt_PT","og_type":"article","og_title":"Santa Marta de Penagui\u00e3o - Viajar Com Tempo","og_description":"Voltar \u00e0 p\u00e1gina anterior O Concelho de Santa Marta de Penagui\u00e3o \u00e9 um pequeno munic\u00edpio, com 69,28 km\u00b2 de \u00e1rea, limitado a norte e leste pelo Munic\u00edpio de Vila Real, a sul pelo de Peso da R\u00e9gua e a oeste por Amarante. O primeiro foral foi concedido em 1202 por D. Sancho I Os Castros [&hellip;]","og_url":"https:\/\/viajarcomtempo.eu\/?page_id=904","og_site_name":"Viajar Com Tempo","article_modified_time":"2021-03-22T19:23:12+00:00","twitter_card":"summary_large_image","twitter_misc":{"Tempo estimado de leitura":"1 minuto"},"schema":{"@context":"https:\/\/schema.org","@graph":[{"@type":"WebPage","@id":"https:\/\/viajarcomtempo.eu\/?page_id=904","url":"https:\/\/viajarcomtempo.eu\/?page_id=904","name":"Santa Marta de Penagui\u00e3o - Viajar Com Tempo","isPartOf":{"@id":"https:\/\/viajarcomtempo.eu\/#website"},"datePublished":"2021-02-23T00:02:47+00:00","dateModified":"2021-03-22T19:23:12+00:00","breadcrumb":{"@id":"https:\/\/viajarcomtempo.eu\/?page_id=904#breadcrumb"},"inLanguage":"pt-PT","potentialAction":[{"@type":"ReadAction","target":["https:\/\/viajarcomtempo.eu\/?page_id=904"]}]},{"@type":"BreadcrumbList","@id":"https:\/\/viajarcomtempo.eu\/?page_id=904#breadcrumb","itemListElement":[{"@type":"ListItem","position":1,"name":"In\u00edcio","item":"https:\/\/viajarcomtempo.eu\/"},{"@type":"ListItem","position":2,"name":"Santa Marta de Penagui\u00e3o"}]},{"@type":"WebSite","@id":"https:\/\/viajarcomtempo.eu\/#website","url":"https:\/\/viajarcomtempo.eu\/","name":"Viajar Com Tempo","description":"Roteiros para viajar sem pressa","publisher":{"@id":"https:\/\/viajarcomtempo.eu\/#\/schema\/person\/2f6c8045b5e07d397d92d8e5cf7aee98"},"potentialAction":[{"@type":"SearchAction","target":{"@type":"EntryPoint","urlTemplate":"https:\/\/viajarcomtempo.eu\/?s={search_term_string}"},"query-input":{"@type":"PropertyValueSpecification","valueRequired":true,"valueName":"search_term_string"}}],"inLanguage":"pt-PT"},{"@type":["Person","Organization"],"@id":"https:\/\/viajarcomtempo.eu\/#\/schema\/person\/2f6c8045b5e07d397d92d8e5cf7aee98","name":"Jos\u00e9 Salvador","logo":{"@id":"https:\/\/viajarcomtempo.eu\/#\/schema\/person\/image\/"},"sameAs":["http:\/\/viajarcomtempo.eu"]}]}},"_links":{"self":[{"href":"https:\/\/viajarcomtempo.eu\/index.php?rest_route=\/wp\/v2\/pages\/904","targetHints":{"allow":["GET"]}}],"collection":[{"href":"https:\/\/viajarcomtempo.eu\/index.php?rest_route=\/wp\/v2\/pages"}],"about":[{"href":"https:\/\/viajarcomtempo.eu\/index.php?rest_route=\/wp\/v2\/types\/page"}],"author":[{"embeddable":true,"href":"https:\/\/viajarcomtempo.eu\/index.php?rest_route=\/wp\/v2\/users\/1"}],"replies":[{"embeddable":true,"href":"https:\/\/viajarcomtempo.eu\/index.php?rest_route=%2Fwp%2Fv2%2Fcomments&post=904"}],"version-history":[{"count":6,"href":"https:\/\/viajarcomtempo.eu\/index.php?rest_route=\/wp\/v2\/pages\/904\/revisions"}],"predecessor-version":[{"id":1035,"href":"https:\/\/viajarcomtempo.eu\/index.php?rest_route=\/wp\/v2\/pages\/904\/revisions\/1035"}],"wp:attachment":[{"href":"https:\/\/viajarcomtempo.eu\/index.php?rest_route=%2Fwp%2Fv2%2Fmedia&parent=904"}],"curies":[{"name":"wp","href":"https:\/\/api.w.org\/{rel}","templated":true}]}}