{"id":962,"date":"2021-02-25T23:06:36","date_gmt":"2021-02-25T23:06:36","guid":{"rendered":"http:\/\/viajarcomtempo.eu\/?page_id=962"},"modified":"2021-02-26T18:05:22","modified_gmt":"2021-02-26T18:05:22","slug":"chaves-3-3","status":"publish","type":"page","link":"https:\/\/viajarcomtempo.eu\/?page_id=962","title":{"rendered":"Peso da R\u00e9gua"},"content":{"rendered":"\n<script>\/\/ <![CDATA[\nfunction goBack() { window.history.back() }\n\/\/ ]]><\/script>\n<button onclick=\"goBack()\"><strong>Voltar \u00e0 p\u00e1gina anterior<\/strong><\/button>\n<br><br>\n\n\n\n<div class=\"wp-block-group\"><div class=\"wp-block-group__inner-container is-layout-flow wp-block-group-is-layout-flow\">\n<div class=\"wp-block-columns is-layout-flex wp-container-core-columns-is-layout-8f761849 wp-block-columns-is-layout-flex\">\n<div class=\"wp-block-column is-layout-flow wp-block-column-is-layout-flow\" style=\"flex-basis:100%\">\n<p class=\"wp-block-paragraph\">O nome de <strong>Peso da R\u00e9gua<\/strong> resulta da jun\u00e7\u00e3o dos nomes das localidades que lhe deram origem. O&nbsp;<strong>Peso<\/strong>&nbsp;situada na encosta e correspondendo \u00e0 parte alta da cidade acua e a&nbsp;<strong>R\u00e9gua<\/strong>, situada nas margens do&nbsp;Douro, correspondendo \u00e0 parte baixa.<\/p>\n\n\n\n<p class=\"wp-block-paragraph\">O concelho, situada no cora\u00e7\u00e3o do Alto Douro Vinhateiro, foi criado em&nbsp;1836&nbsp;e a sua sede elevada a cidade em 1985.<\/p>\n\n\n\n<p class=\"wp-block-paragraph\">Em 1756 o Marqu\u00eas de Pombal mandou delimitar as vinhas do Vale do Douro com marcos de granito (Marcos de Feitoria), criando a primeira regi\u00e3o demarcada e regulamentada&nbsp;do mundo e criou a Companhia Geral das Vinhas do Alto Douro (atual sede do Museu do Douro)<\/p>\n\n\n\n<div class=\"wp-block-group\"><div class=\"wp-block-group__inner-container is-layout-flow wp-block-group-is-layout-flow\">\n<div class=\"wp-block-columns is-layout-flex wp-container-core-columns-is-layout-8f761849 wp-block-columns-is-layout-flex\">\n<div class=\"wp-block-column is-layout-flow wp-block-column-is-layout-flow\" style=\"flex-basis:100%\">\n<figure class=\"wp-block-table is-style-regular\"><table class=\"has-subtle-pale-blue-background-color has-background\"><tbody><tr><td><strong>Site da CM <\/strong>Peso da R\u00e9gua<\/td><td><a href=\"https:\/\/www.cm-pesoregua.pt\/\" target=\"_blank\" rel=\"noreferrer noopener\">https:\/\/www\/cm-pesoregua.pt<\/a><\/td><\/tr><tr><td><strong>Posto de Turismo<\/strong><\/td><td>Rua da Ferreirinha 5051-261 Peso da R\u00e9gua<br><strong>Telefone &#8211;&nbsp;<\/strong>254 312 846 <strong>Mail <\/strong>&#8211; info@visit-douro.com<\/td><\/tr><tr><td><strong>Naturais de Vila Real<\/strong><\/td><td>R<strong>eguense<\/strong>s<strong> <\/strong>&#8211; Tem origem na designa\u00e7\u00e3o da cidade<\/td><\/tr><tr><td><strong>Artesanato<\/strong><\/td><td>Garrafas Rotuladas em estanho, Carro de Bois, Cestos Vindimicos e Barcos Rabelos<\/td><\/tr><tr><td><strong>Festas e Romarias<\/strong><\/td><td><strong>Festa de Nossa Senhora do Socorro<\/strong> &#8211; Meados de Agosto<br><strong>Festa em Honra de S\u00e3o Jo\u00e3o do Rio <\/strong>&#8211; 24 de Junho<\/td><\/tr><\/tbody><\/table><\/figure>\n<\/div>\n<\/div>\n<\/div><\/div>\n\n\n\n<p class=\"has-medium-font-size wp-block-paragraph\">Para mais informa\u00e7\u00e3o ver Ficheiro PDF do <a href=\"https:\/\/viajarcomtempo.eu\/wp-content\/uploads\/2021\/02\/PesoDaRegua.pdf\" target=\"_blank\" rel=\"noreferrer noopener\">Concelho de Peso da R\u00e9gua<\/a><\/p>\n<\/div>\n<\/div>\n<\/div><\/div>\n\n\n\n<script>\/\/ <![CDATA[\nfunction goBack() { window.history.back() }\n\/\/ ]]><\/script>\n<button onclick=\"goBack()\"><strong>Voltar \u00e0 p\u00e1gina anterior<\/strong><\/button>\n<br><br>\n","protected":false},"excerpt":{"rendered":"<p>Voltar \u00e0 p\u00e1gina anterior O nome de Peso da R\u00e9gua resulta da jun\u00e7\u00e3o dos nomes das localidades que lhe deram origem. O&nbsp;Peso&nbsp;situada na encosta e correspondendo \u00e0 parte alta da cidade acua e a&nbsp;R\u00e9gua, situada nas margens do&nbsp;Douro, correspondendo \u00e0 parte baixa. O concelho, situada no cora\u00e7\u00e3o do Alto Douro Vinhateiro, foi criado em&nbsp;1836&nbsp;e a [&hellip;]<\/p>\n","protected":false},"author":1,"featured_media":0,"parent":0,"menu_order":0,"comment_status":"closed","ping_status":"closed","template":"fullwidth.php","meta":{"_crdt_document":"","footnotes":""},"class_list":["post-962","page","type-page","status-publish","hentry","eq-blocks"],"yoast_head":"<!-- This site is optimized with the Yoast SEO plugin v27.3 - https:\/\/yoast.com\/product\/yoast-seo-wordpress\/ -->\n<title>Peso da R\u00e9gua - Viajar Com Tempo<\/title>\n<meta name=\"robots\" content=\"index, follow, max-snippet:-1, max-image-preview:large, max-video-preview:-1\" \/>\n<link rel=\"canonical\" href=\"https:\/\/viajarcomtempo.eu\/?page_id=962\" \/>\n<meta property=\"og:locale\" content=\"pt_PT\" \/>\n<meta property=\"og:type\" content=\"article\" \/>\n<meta property=\"og:title\" content=\"Peso da R\u00e9gua - Viajar Com Tempo\" \/>\n<meta property=\"og:description\" content=\"Voltar \u00e0 p\u00e1gina anterior O nome de Peso da R\u00e9gua resulta da jun\u00e7\u00e3o dos nomes das localidades que lhe deram origem. O&nbsp;Peso&nbsp;situada na encosta e correspondendo \u00e0 parte alta da cidade acua e a&nbsp;R\u00e9gua, situada nas margens do&nbsp;Douro, correspondendo \u00e0 parte baixa. O concelho, situada no cora\u00e7\u00e3o do Alto Douro Vinhateiro, foi criado em&nbsp;1836&nbsp;e a [&hellip;]\" \/>\n<meta property=\"og:url\" content=\"https:\/\/viajarcomtempo.eu\/?page_id=962\" \/>\n<meta property=\"og:site_name\" content=\"Viajar Com Tempo\" \/>\n<meta property=\"article:modified_time\" content=\"2021-02-26T18:05:22+00:00\" \/>\n<meta name=\"twitter:card\" content=\"summary_large_image\" \/>\n<meta name=\"twitter:label1\" content=\"Tempo estimado de leitura\" \/>\n\t<meta name=\"twitter:data1\" content=\"1 minuto\" \/>\n<script type=\"application\/ld+json\" class=\"yoast-schema-graph\">{\"@context\":\"https:\\\/\\\/schema.org\",\"@graph\":[{\"@type\":\"WebPage\",\"@id\":\"https:\\\/\\\/viajarcomtempo.eu\\\/?page_id=962\",\"url\":\"https:\\\/\\\/viajarcomtempo.eu\\\/?page_id=962\",\"name\":\"Peso da R\u00e9gua - Viajar Com Tempo\",\"isPartOf\":{\"@id\":\"https:\\\/\\\/viajarcomtempo.eu\\\/#website\"},\"datePublished\":\"2021-02-25T23:06:36+00:00\",\"dateModified\":\"2021-02-26T18:05:22+00:00\",\"breadcrumb\":{\"@id\":\"https:\\\/\\\/viajarcomtempo.eu\\\/?page_id=962#breadcrumb\"},\"inLanguage\":\"pt-PT\",\"potentialAction\":[{\"@type\":\"ReadAction\",\"target\":[\"https:\\\/\\\/viajarcomtempo.eu\\\/?page_id=962\"]}]},{\"@type\":\"BreadcrumbList\",\"@id\":\"https:\\\/\\\/viajarcomtempo.eu\\\/?page_id=962#breadcrumb\",\"itemListElement\":[{\"@type\":\"ListItem\",\"position\":1,\"name\":\"In\u00edcio\",\"item\":\"https:\\\/\\\/viajarcomtempo.eu\\\/\"},{\"@type\":\"ListItem\",\"position\":2,\"name\":\"Peso da R\u00e9gua\"}]},{\"@type\":\"WebSite\",\"@id\":\"https:\\\/\\\/viajarcomtempo.eu\\\/#website\",\"url\":\"https:\\\/\\\/viajarcomtempo.eu\\\/\",\"name\":\"Viajar Com Tempo\",\"description\":\"Roteiros para viajar sem pressa\",\"publisher\":{\"@id\":\"https:\\\/\\\/viajarcomtempo.eu\\\/#\\\/schema\\\/person\\\/2f6c8045b5e07d397d92d8e5cf7aee98\"},\"potentialAction\":[{\"@type\":\"SearchAction\",\"target\":{\"@type\":\"EntryPoint\",\"urlTemplate\":\"https:\\\/\\\/viajarcomtempo.eu\\\/?s={search_term_string}\"},\"query-input\":{\"@type\":\"PropertyValueSpecification\",\"valueRequired\":true,\"valueName\":\"search_term_string\"}}],\"inLanguage\":\"pt-PT\"},{\"@type\":[\"Person\",\"Organization\"],\"@id\":\"https:\\\/\\\/viajarcomtempo.eu\\\/#\\\/schema\\\/person\\\/2f6c8045b5e07d397d92d8e5cf7aee98\",\"name\":\"Jos\u00e9 Salvador\",\"logo\":{\"@id\":\"https:\\\/\\\/viajarcomtempo.eu\\\/#\\\/schema\\\/person\\\/image\\\/\"},\"sameAs\":[\"http:\\\/\\\/viajarcomtempo.eu\"]}]}<\/script>\n<!-- \/ Yoast SEO plugin. -->","yoast_head_json":{"title":"Peso da R\u00e9gua - Viajar Com Tempo","robots":{"index":"index","follow":"follow","max-snippet":"max-snippet:-1","max-image-preview":"max-image-preview:large","max-video-preview":"max-video-preview:-1"},"canonical":"https:\/\/viajarcomtempo.eu\/?page_id=962","og_locale":"pt_PT","og_type":"article","og_title":"Peso da R\u00e9gua - Viajar Com Tempo","og_description":"Voltar \u00e0 p\u00e1gina anterior O nome de Peso da R\u00e9gua resulta da jun\u00e7\u00e3o dos nomes das localidades que lhe deram origem. O&nbsp;Peso&nbsp;situada na encosta e correspondendo \u00e0 parte alta da cidade acua e a&nbsp;R\u00e9gua, situada nas margens do&nbsp;Douro, correspondendo \u00e0 parte baixa. O concelho, situada no cora\u00e7\u00e3o do Alto Douro Vinhateiro, foi criado em&nbsp;1836&nbsp;e a [&hellip;]","og_url":"https:\/\/viajarcomtempo.eu\/?page_id=962","og_site_name":"Viajar Com Tempo","article_modified_time":"2021-02-26T18:05:22+00:00","twitter_card":"summary_large_image","twitter_misc":{"Tempo estimado de leitura":"1 minuto"},"schema":{"@context":"https:\/\/schema.org","@graph":[{"@type":"WebPage","@id":"https:\/\/viajarcomtempo.eu\/?page_id=962","url":"https:\/\/viajarcomtempo.eu\/?page_id=962","name":"Peso da R\u00e9gua - Viajar Com Tempo","isPartOf":{"@id":"https:\/\/viajarcomtempo.eu\/#website"},"datePublished":"2021-02-25T23:06:36+00:00","dateModified":"2021-02-26T18:05:22+00:00","breadcrumb":{"@id":"https:\/\/viajarcomtempo.eu\/?page_id=962#breadcrumb"},"inLanguage":"pt-PT","potentialAction":[{"@type":"ReadAction","target":["https:\/\/viajarcomtempo.eu\/?page_id=962"]}]},{"@type":"BreadcrumbList","@id":"https:\/\/viajarcomtempo.eu\/?page_id=962#breadcrumb","itemListElement":[{"@type":"ListItem","position":1,"name":"In\u00edcio","item":"https:\/\/viajarcomtempo.eu\/"},{"@type":"ListItem","position":2,"name":"Peso da R\u00e9gua"}]},{"@type":"WebSite","@id":"https:\/\/viajarcomtempo.eu\/#website","url":"https:\/\/viajarcomtempo.eu\/","name":"Viajar Com Tempo","description":"Roteiros para viajar sem pressa","publisher":{"@id":"https:\/\/viajarcomtempo.eu\/#\/schema\/person\/2f6c8045b5e07d397d92d8e5cf7aee98"},"potentialAction":[{"@type":"SearchAction","target":{"@type":"EntryPoint","urlTemplate":"https:\/\/viajarcomtempo.eu\/?s={search_term_string}"},"query-input":{"@type":"PropertyValueSpecification","valueRequired":true,"valueName":"search_term_string"}}],"inLanguage":"pt-PT"},{"@type":["Person","Organization"],"@id":"https:\/\/viajarcomtempo.eu\/#\/schema\/person\/2f6c8045b5e07d397d92d8e5cf7aee98","name":"Jos\u00e9 Salvador","logo":{"@id":"https:\/\/viajarcomtempo.eu\/#\/schema\/person\/image\/"},"sameAs":["http:\/\/viajarcomtempo.eu"]}]}},"_links":{"self":[{"href":"https:\/\/viajarcomtempo.eu\/index.php?rest_route=\/wp\/v2\/pages\/962","targetHints":{"allow":["GET"]}}],"collection":[{"href":"https:\/\/viajarcomtempo.eu\/index.php?rest_route=\/wp\/v2\/pages"}],"about":[{"href":"https:\/\/viajarcomtempo.eu\/index.php?rest_route=\/wp\/v2\/types\/page"}],"author":[{"embeddable":true,"href":"https:\/\/viajarcomtempo.eu\/index.php?rest_route=\/wp\/v2\/users\/1"}],"replies":[{"embeddable":true,"href":"https:\/\/viajarcomtempo.eu\/index.php?rest_route=%2Fwp%2Fv2%2Fcomments&post=962"}],"version-history":[{"count":4,"href":"https:\/\/viajarcomtempo.eu\/index.php?rest_route=\/wp\/v2\/pages\/962\/revisions"}],"predecessor-version":[{"id":974,"href":"https:\/\/viajarcomtempo.eu\/index.php?rest_route=\/wp\/v2\/pages\/962\/revisions\/974"}],"wp:attachment":[{"href":"https:\/\/viajarcomtempo.eu\/index.php?rest_route=%2Fwp%2Fv2%2Fmedia&parent=962"}],"curies":[{"name":"wp","href":"https:\/\/api.w.org\/{rel}","templated":true}]}}